{"id":29665,"date":"2020-01-13T15:53:53","date_gmt":"2020-01-13T15:53:53","guid":{"rendered":"https:\/\/www.mijas.es\/portal\/?page_id=29665"},"modified":"2020-03-06T15:04:27","modified_gmt":"2020-03-06T15:04:27","slug":"antonio-miguel-guillen-ceron","status":"publish","type":"page","link":"https:\/\/www.mijas.es\/portal\/tu-ayuntamiento\/antonio-miguel-guillen-ceron\/","title":{"rendered":"Antonio Miguel Guill\u00e9n Cer\u00f3n"},"content":{"rendered":"\n<figure class=\"wp-block-image\"><img decoding=\"async\" width=\"106\" height=\"156\" src=\"https:\/\/www.mijas.es\/wp-content\/uploads\/2019\/04\/Antonio_Guillen_Ceron.jpg\" alt=\"\" class=\"wp-image-16930\"\/><\/figure>\n\n\n\n<p><strong>Fecha de nacimiento:<\/strong> 31 de agosto de 1960<\/p>\n\n\n\n<p><strong>Formaci\u00f3n acad\u00e9mica:<\/strong> <\/p>\n\n\n\n<p>Postgrado en Planificaci\u00f3n y Gesti\u00f3n Empresarial (UNED). Administrador de Fincas (colegio M\u00e1laga y Melilla).<br>Formador de Formadores (Formador Profesional Ocupacional).<br>Experto en N\u00f3minas y Seguros Sociales (Junta de Andaluc\u00eda).<br>Maestro Industrial Electr\u00f3nica.<br>Idioma: Ingl\u00e9s<\/p>\n\n\n\n<p><strong>Trayectoria profesional:<\/strong> <\/p>\n\n\n\n<p>Poseo una dilatada experiencia profesional de 33 a\u00f1os en empresas del sector privado. Desde 2011 hasta el d\u00eda de hoy, he trabajado como Administrador de Fincas en Marbella y he solicitado Excedencia en mi Empresa para prestar mis servicios a los ciudadanos de Mijas. Desde 1994 a 2010 como Responsable de Tesorer\u00eda e Intervenci\u00f3n en Hotel Byblos Andaluz 5*GL en Mijas. Desde 1986 a 1994 como Jefe de Contabilidad y Director Financiero en dos empresas de Marbella, dedicadas a la Promoci\u00f3n Inmobiliaria, Administraci\u00f3n de Fincas y Complejos Tur\u00edsticos.<\/p>\n\n\n\n<p> <strong>Asesoramiento<\/strong>:  <\/p>\n\n\n\n<p>Presidencia<br>Gabinete de alcald\u00eda<br>Relaciones institucionales<br>Relaciones con Grupos Pol\u00edticos<br>Departamento de turismo<br>Departamento de urbanizaciones  <br>Departamento de extranjeros <\/p>\n\n\n<p><!--EndFragment--><\/p>","protected":false},"excerpt":{"rendered":"<p>Fecha de nacimiento: 31 de agosto de 1960 Formaci\u00f3n acad\u00e9mica: Postgrado en Planificaci\u00f3n y Gesti\u00f3n Empresarial (UNED). Administrador de Fincas (colegio M\u00e1laga y Melilla).Formador de Formadores (Formador Profesional Ocupacional).Experto en N\u00f3minas y Seguros Sociales (Junta de Andaluc\u00eda).Maestro Industrial Electr\u00f3nica.Idioma: Ingl\u00e9s Trayectoria profesional: Poseo una dilatada experiencia profesional de 33 a\u00f1os en empresas del sector privado. [&hellip;]<\/p>\n","protected":false},"author":6,"featured_media":0,"parent":7,"menu_order":0,"comment_status":"closed","ping_status":"closed","template":"","meta":[],"_links":{"self":[{"href":"https:\/\/www.mijas.es\/portal\/wp-json\/wp\/v2\/pages\/29665"}],"collection":[{"href":"https:\/\/www.mijas.es\/portal\/wp-json\/wp\/v2\/pages"}],"about":[{"href":"https:\/\/www.mijas.es\/portal\/wp-json\/wp\/v2\/types\/page"}],"author":[{"embeddable":true,"href":"https:\/\/www.mijas.es\/portal\/wp-json\/wp\/v2\/users\/6"}],"replies":[{"embeddable":true,"href":"https:\/\/www.mijas.es\/portal\/wp-json\/wp\/v2\/comments?post=29665"}],"version-history":[{"count":6,"href":"https:\/\/www.mijas.es\/portal\/wp-json\/wp\/v2\/pages\/29665\/revisions"}],"predecessor-version":[{"id":30397,"href":"https:\/\/www.mijas.es\/portal\/wp-json\/wp\/v2\/pages\/29665\/revisions\/30397"}],"up":[{"embeddable":true,"href":"https:\/\/www.mijas.es\/portal\/wp-json\/wp\/v2\/pages\/7"}],"wp:attachment":[{"href":"https:\/\/www.mijas.es\/portal\/wp-json\/wp\/v2\/media?parent=29665"}],"curies":[{"name":"wp","href":"https:\/\/api.w.org\/{rel}","templated":true}]}}