{"id":29647,"date":"2020-01-13T14:59:25","date_gmt":"2020-01-13T14:59:25","guid":{"rendered":"https:\/\/www.mijas.es\/portal\/?page_id=29647"},"modified":"2020-02-04T11:37:42","modified_gmt":"2020-02-04T11:37:42","slug":"natalia-amanda-ayuso-mustard","status":"publish","type":"page","link":"https:\/\/www.mijas.es\/portal\/tu-ayuntamiento\/natalia-amanda-ayuso-mustard\/","title":{"rendered":"Natalia Amanda Ayuso Mustard"},"content":{"rendered":"\n<figure class=\"wp-block-image\"><img decoding=\"async\" width=\"151\" height=\"151\" src=\"https:\/\/www.mijas.es\/wp-content\/uploads\/2020\/02\/NataliaAyusoPerfil.png\" alt=\"\" class=\"wp-image-29990\" srcset=\"https:\/\/www.mijas.es\/wp-content\/uploads\/2020\/02\/NataliaAyusoPerfil.png 151w, https:\/\/www.mijas.es\/wp-content\/uploads\/2020\/02\/NataliaAyusoPerfil-150x150.png 150w\" sizes=\"(max-width: 151px) 100vw, 151px\" \/><\/figure>\n\n\n\n<p><strong>Fecha de nacimiento:<\/strong> 09\/12\/1971 <\/p>\n\n\n\n<p><strong>Lugar de nacimiento:<\/strong>  M\u00e1laga  <\/p>\n\n\n\n<p><strong>Formaci\u00f3n acad\u00e9mica:<\/strong><\/p>\n\n\n\n<ul><li> Licenciatura en <strong>Derecho<\/strong> por la Universidad de M\u00e1laga (1994).<\/li><li>M\u00e1ster en <strong>Derecho Urban\u00edstico<\/strong> impartido por el Colegio Oficial de           Arquitectos de M\u00e1laga.<\/li><li>M\u00e1ster <strong>Derecho Fiscal y Tributario<\/strong> impartido por el Colegio de           Economistas de M\u00e1laga.         <\/li><li>Cursos de <strong>Urbanismo Practico<\/strong> celebrado en COAAT -Regularizaciones               Urban\u00edsticas, ordenaciones y planificaciones-.<\/li><\/ul>\n\n\n\n<p><strong>Trayectoria profesional:<\/strong> <\/p>\n\n\n\n<p>Abogada en ejercicio perteneciente al Ilustre Colegio de Abogados de        M\u00e1laga, Colegiada 5571. <\/p>\n\n\n\n<p>Titular\/Socio fundador de Despacho de abogados desde 2003, especializado en Derecho Civil, Mercantil, Planificaci\u00f3n fiscal y patrimonial, Derecho Sucesorio Internacional,\u00a0Asesoramiento especifico en Inversiones             Extranjeras, Derecho Inmobiliario y de la Edificaci\u00f3n.<\/p>\n\n\n\n<p>En etapas previas he sido miembro asociado de Bufete de Abogados, he prestado asesoramiento jur\u00eddico a Entidades Financieras sobre interposici\u00f3n de reclamaciones judiciales, ejecuciones, estudios previos y an\u00e1lisis de impagos, redacci\u00f3n de contratos, negociaciones en el \u00e1mbito extra judicial. <\/p>\n\n\n\n<p> <strong>Idiomas<\/strong>: Ingl\u00e9s nativo.<\/p>\n\n\n\n<p> <strong>Asesoramiento<\/strong>: Urbanismo.<\/p>\n","protected":false},"excerpt":{"rendered":"<p>Fecha de nacimiento: 09\/12\/1971 Lugar de nacimiento: M\u00e1laga Formaci\u00f3n acad\u00e9mica: Licenciatura en Derecho por la Universidad de M\u00e1laga (1994). M\u00e1ster en Derecho Urban\u00edstico impartido por el Colegio Oficial de Arquitectos de M\u00e1laga. M\u00e1ster Derecho Fiscal y Tributario impartido por el Colegio de Economistas de M\u00e1laga. Cursos de Urbanismo Practico celebrado en COAAT -Regularizaciones Urban\u00edsticas, ordenaciones [&hellip;]<\/p>\n","protected":false},"author":6,"featured_media":0,"parent":7,"menu_order":0,"comment_status":"closed","ping_status":"closed","template":"","meta":[],"_links":{"self":[{"href":"https:\/\/www.mijas.es\/portal\/wp-json\/wp\/v2\/pages\/29647"}],"collection":[{"href":"https:\/\/www.mijas.es\/portal\/wp-json\/wp\/v2\/pages"}],"about":[{"href":"https:\/\/www.mijas.es\/portal\/wp-json\/wp\/v2\/types\/page"}],"author":[{"embeddable":true,"href":"https:\/\/www.mijas.es\/portal\/wp-json\/wp\/v2\/users\/6"}],"replies":[{"embeddable":true,"href":"https:\/\/www.mijas.es\/portal\/wp-json\/wp\/v2\/comments?post=29647"}],"version-history":[{"count":4,"href":"https:\/\/www.mijas.es\/portal\/wp-json\/wp\/v2\/pages\/29647\/revisions"}],"predecessor-version":[{"id":29992,"href":"https:\/\/www.mijas.es\/portal\/wp-json\/wp\/v2\/pages\/29647\/revisions\/29992"}],"up":[{"embeddable":true,"href":"https:\/\/www.mijas.es\/portal\/wp-json\/wp\/v2\/pages\/7"}],"wp:attachment":[{"href":"https:\/\/www.mijas.es\/portal\/wp-json\/wp\/v2\/media?parent=29647"}],"curies":[{"name":"wp","href":"https:\/\/api.w.org\/{rel}","templated":true}]}}