{"id":29424,"date":"2019-12-13T11:04:56","date_gmt":"2019-12-13T11:04:56","guid":{"rendered":"https:\/\/www.mijas.es\/portal\/?page_id=29424"},"modified":"2019-12-18T14:08:09","modified_gmt":"2019-12-18T14:08:09","slug":"belen-roca-madueno","status":"publish","type":"page","link":"https:\/\/www.mijas.es\/portal\/tu-ayuntamiento\/belen-roca-madueno\/","title":{"rendered":"Bel\u00e9n Roca Madue\u00f1o"},"content":{"rendered":"\n<figure class=\"wp-block-image is-resized\"><img decoding=\"async\" src=\"https:\/\/www.mijas.es\/wp-content\/uploads\/2019\/12\/10-BELEN-ROCA.jpg\" alt=\"\" class=\"wp-image-29426\" width=\"280\" height=\"280\" srcset=\"https:\/\/www.mijas.es\/wp-content\/uploads\/2019\/12\/10-BELEN-ROCA.jpg 900w, https:\/\/www.mijas.es\/wp-content\/uploads\/2019\/12\/10-BELEN-ROCA-150x150.jpg 150w, https:\/\/www.mijas.es\/wp-content\/uploads\/2019\/12\/10-BELEN-ROCA-300x300.jpg 300w, https:\/\/www.mijas.es\/wp-content\/uploads\/2019\/12\/10-BELEN-ROCA-768x768.jpg 768w\" sizes=\"(max-width: 280px) 100vw, 280px\" \/><\/figure>\n\n\n\n<p><strong>Fecha de nacimiento: <\/strong>&nbsp;27.04.1973<\/p>\n\n\n\n<p><strong>Formaci\u00f3n acad\u00e9mica:<\/strong> Bachillerato\ny COU<\/p>\n\n\n\n<p>Ingl\u00e9s\nB1<\/p>\n\n\n\n<p><strong>Trayectoria profesional: <\/strong>A lo largo de su trayectoria profesional ha sido emprendedora\u00a0 y desempe\u00f1ado diversos trabajos como responsable de secci\u00f3n en grandes superficies y en sectores como la hosteler\u00eda o atenci\u00f3n al cliente, especializ\u00e1ndose adem\u00e1s en materias como protocolo y seguridad.<\/p>\n\n\n\n<p><strong>\u00c1reas de asesoramiento<\/strong>: Servicios Sociales, Universidad Popular y Bandas de M\u00fasica<\/p>\n","protected":false},"excerpt":{"rendered":"<p>Fecha de nacimiento: &nbsp;27.04.1973 Formaci\u00f3n acad\u00e9mica: Bachillerato y COU Ingl\u00e9s B1 Trayectoria profesional: A lo largo de su trayectoria profesional ha sido emprendedora\u00a0 y desempe\u00f1ado diversos trabajos como responsable de secci\u00f3n en grandes superficies y en sectores como la hosteler\u00eda o atenci\u00f3n al cliente, especializ\u00e1ndose adem\u00e1s en materias como protocolo y seguridad. \u00c1reas de asesoramiento: [&hellip;]<\/p>\n","protected":false},"author":1,"featured_media":0,"parent":7,"menu_order":0,"comment_status":"closed","ping_status":"closed","template":"page-departamental.php","meta":[],"_links":{"self":[{"href":"https:\/\/www.mijas.es\/portal\/wp-json\/wp\/v2\/pages\/29424"}],"collection":[{"href":"https:\/\/www.mijas.es\/portal\/wp-json\/wp\/v2\/pages"}],"about":[{"href":"https:\/\/www.mijas.es\/portal\/wp-json\/wp\/v2\/types\/page"}],"author":[{"embeddable":true,"href":"https:\/\/www.mijas.es\/portal\/wp-json\/wp\/v2\/users\/1"}],"replies":[{"embeddable":true,"href":"https:\/\/www.mijas.es\/portal\/wp-json\/wp\/v2\/comments?post=29424"}],"version-history":[{"count":3,"href":"https:\/\/www.mijas.es\/portal\/wp-json\/wp\/v2\/pages\/29424\/revisions"}],"predecessor-version":[{"id":29449,"href":"https:\/\/www.mijas.es\/portal\/wp-json\/wp\/v2\/pages\/29424\/revisions\/29449"}],"up":[{"embeddable":true,"href":"https:\/\/www.mijas.es\/portal\/wp-json\/wp\/v2\/pages\/7"}],"wp:attachment":[{"href":"https:\/\/www.mijas.es\/portal\/wp-json\/wp\/v2\/media?parent=29424"}],"curies":[{"name":"wp","href":"https:\/\/api.w.org\/{rel}","templated":true}]}}