{"id":29051,"date":"2019-11-15T12:13:45","date_gmt":"2019-11-15T12:13:45","guid":{"rendered":"https:\/\/www.mijas.es\/portal\/?page_id=29051"},"modified":"2023-05-05T09:05:43","modified_gmt":"2023-05-05T08:05:43","slug":"plan-municipal-de-vivienda-y-suelo-de-mijas","status":"publish","type":"page","link":"https:\/\/www.mijas.es\/portal\/urbanismo\/plan-municipal-de-vivienda-y-suelo-de-mijas\/","title":{"rendered":"PLAN MUNICIPAL DE VIVIENDA Y SUELO DE MIJAS"},"content":{"rendered":"\n<p> Acuerdo  de aprobaci\u00f3n &#8211; <a href=\"http:\/\/www.mijas.es\/wp-content\/uploads\/2011\/06\/PLAN_MUNICIPAL_DE_VIVIENDA_Y_SUELO\/AcuerdoPleno27-10-16AprobDefinitiva.pdf\" target=\"_blank\" rel=\"noreferrer noopener\">Descargar<\/a> (PDF)<\/p>\n\n\n\n<p> Publicaci\u00f3n en el BOP n\u00fam &#8211; <a href=\"http:\/\/www.mijas.es\/wp-content\/uploads\/2011\/06\/PLAN_MUNICIPAL_DE_VIVIENDA_Y_SUELO\/BOP%20n%C3%BAm.%20240%2C%2020-12-16%2C%20Aprob.%20Definitiva.pdf\" target=\"_blank\" rel=\"noreferrer noopener\">Descargar<\/a> (PDF)<\/p>\n\n\n\n<p>PMVS aprobado definitivamente &#8211; <a href=\"https:\/\/www.mijas.es\/wp-content\/uploads\/2011\/06\/PLAN_MUNICIPAL_DE_VIVIENDA_Y_SUELO\/PMVS%20aprobado%20definitivamente.zip\" target=\"_blank\" rel=\"noreferrer noopener\">Descargar<\/a> (Zip)<\/p>\n","protected":false},"excerpt":{"rendered":"<p>Acuerdo de aprobaci\u00f3n &#8211; Descargar (PDF) Publicaci\u00f3n en el BOP n\u00fam &#8211; Descargar (PDF) PMVS aprobado definitivamente &#8211; Descargar (Zip)<\/p>\n","protected":false},"author":1,"featured_media":0,"parent":12090,"menu_order":0,"comment_status":"closed","ping_status":"closed","template":"page-departamental.php","meta":[],"_links":{"self":[{"href":"https:\/\/www.mijas.es\/portal\/wp-json\/wp\/v2\/pages\/29051"}],"collection":[{"href":"https:\/\/www.mijas.es\/portal\/wp-json\/wp\/v2\/pages"}],"about":[{"href":"https:\/\/www.mijas.es\/portal\/wp-json\/wp\/v2\/types\/page"}],"author":[{"embeddable":true,"href":"https:\/\/www.mijas.es\/portal\/wp-json\/wp\/v2\/users\/1"}],"replies":[{"embeddable":true,"href":"https:\/\/www.mijas.es\/portal\/wp-json\/wp\/v2\/comments?post=29051"}],"version-history":[{"count":4,"href":"https:\/\/www.mijas.es\/portal\/wp-json\/wp\/v2\/pages\/29051\/revisions"}],"predecessor-version":[{"id":50288,"href":"https:\/\/www.mijas.es\/portal\/wp-json\/wp\/v2\/pages\/29051\/revisions\/50288"}],"up":[{"embeddable":true,"href":"https:\/\/www.mijas.es\/portal\/wp-json\/wp\/v2\/pages\/12090"}],"wp:attachment":[{"href":"https:\/\/www.mijas.es\/portal\/wp-json\/wp\/v2\/media?parent=29051"}],"curies":[{"name":"wp","href":"https:\/\/api.w.org\/{rel}","templated":true}]}}