{"id":28668,"date":"2019-10-24T11:02:28","date_gmt":"2019-10-24T11:02:28","guid":{"rendered":"https:\/\/www.mijas.es\/portal\/?page_id=28668"},"modified":"2023-07-11T06:32:26","modified_gmt":"2023-07-11T05:32:26","slug":"maria-martin-albarral-2","status":"publish","type":"page","link":"https:\/\/www.mijas.es\/portal\/tu-ayuntamiento\/maria-martin-albarral-2\/","title":{"rendered":"Mar\u00eda Mart\u00edn Albarral"},"content":{"rendered":"\n<figure class=\"wp-block-image is-resized\"><img decoding=\"async\" src=\"https:\/\/www.mijas.es\/wp-content\/uploads\/2019\/10\/MARIA-ALBARRAL.jpg\" alt=\"\" class=\"wp-image-28669\" width=\"185\" height=\"185\" srcset=\"https:\/\/www.mijas.es\/wp-content\/uploads\/2019\/10\/MARIA-ALBARRAL.jpg 900w, https:\/\/www.mijas.es\/wp-content\/uploads\/2019\/10\/MARIA-ALBARRAL-150x150.jpg 150w, https:\/\/www.mijas.es\/wp-content\/uploads\/2019\/10\/MARIA-ALBARRAL-300x300.jpg 300w, https:\/\/www.mijas.es\/wp-content\/uploads\/2019\/10\/MARIA-ALBARRAL-768x768.jpg 768w\" sizes=\"(max-width: 185px) 100vw, 185px\" \/><\/figure>\n\n\n\n<p><strong>Fecha de nacimiento:&nbsp;<\/strong>&nbsp; 27 de marzo de 1982 <\/p>\n\n\n\n<p><strong>Formaci\u00f3n acad\u00e9mica:<\/strong>&nbsp; &nbsp;Licenciada en Periodismo, Universidad de M\u00e1laga (2000\/2004). Doctorado en \u201cNuevos Escenarios en Periodismo\u201d, Universidad de M\u00e1laga (2005\/2007) <\/p>\n\n\n\n<p><strong>Trayectoria profesional:&nbsp;<\/strong> &nbsp;Experiencia tanto en prensa escrita como en radio y televisi\u00f3n. Comienza la trayectoria profesional de becaria en Mijas Comunicaci\u00f3n. Tras esta etapa trabaj\u00f3 de redactora en la empresa de seguimiento de prensa y publicidad, Ceimagen. A\u00f1os m\u00e1s tarde entr\u00f3 como redactora y presentadora en Sohail TV. En el haber profesional se encuentran tambi\u00e9n empresas como La Opini\u00f3n de M\u00e1laga y Radio Costa del Sol. A parte de la experiencia local, ha trabajado a nivel regional en Cadena SER Andaluc\u00eda Centro (delegaci\u00f3n de Antequera) como jefa de informativos con conexiones nacionales en el programa Hoy por Hoy. Por otra parte, ha colaborado con la revista de investigaci\u00f3n Intervi\u00fa. A nivel internacional, y tras un a\u00f1o viviendo en Londres, ha trabajado para la revista cultural brit\u00e1nica Global Arts Central. <\/p>\n\n\n\n<p><strong>Asesoramiento:<\/strong>\u00a0 Prensa Alcald\u00eda <\/p>\n","protected":false},"excerpt":{"rendered":"<p>Fecha de nacimiento:&nbsp;&nbsp; 27 de marzo de 1982 Formaci\u00f3n acad\u00e9mica:&nbsp; &nbsp;Licenciada en Periodismo, Universidad de M\u00e1laga (2000\/2004). Doctorado en \u201cNuevos Escenarios en Periodismo\u201d, Universidad de M\u00e1laga (2005\/2007) Trayectoria profesional:&nbsp; &nbsp;Experiencia tanto en prensa escrita como en radio y televisi\u00f3n. Comienza la trayectoria profesional de becaria en Mijas Comunicaci\u00f3n. Tras esta etapa trabaj\u00f3 de redactora en [&hellip;]<\/p>\n","protected":false},"author":1,"featured_media":0,"parent":7,"menu_order":0,"comment_status":"closed","ping_status":"closed","template":"page-departamental.php","meta":[],"_links":{"self":[{"href":"https:\/\/www.mijas.es\/portal\/wp-json\/wp\/v2\/pages\/28668"}],"collection":[{"href":"https:\/\/www.mijas.es\/portal\/wp-json\/wp\/v2\/pages"}],"about":[{"href":"https:\/\/www.mijas.es\/portal\/wp-json\/wp\/v2\/types\/page"}],"author":[{"embeddable":true,"href":"https:\/\/www.mijas.es\/portal\/wp-json\/wp\/v2\/users\/1"}],"replies":[{"embeddable":true,"href":"https:\/\/www.mijas.es\/portal\/wp-json\/wp\/v2\/comments?post=28668"}],"version-history":[{"count":5,"href":"https:\/\/www.mijas.es\/portal\/wp-json\/wp\/v2\/pages\/28668\/revisions"}],"predecessor-version":[{"id":51347,"href":"https:\/\/www.mijas.es\/portal\/wp-json\/wp\/v2\/pages\/28668\/revisions\/51347"}],"up":[{"embeddable":true,"href":"https:\/\/www.mijas.es\/portal\/wp-json\/wp\/v2\/pages\/7"}],"wp:attachment":[{"href":"https:\/\/www.mijas.es\/portal\/wp-json\/wp\/v2\/media?parent=28668"}],"curies":[{"name":"wp","href":"https:\/\/api.w.org\/{rel}","templated":true}]}}