{"id":28664,"date":"2019-10-24T10:58:25","date_gmt":"2019-10-24T10:58:25","guid":{"rendered":"https:\/\/www.mijas.es\/portal\/?page_id=28664"},"modified":"2019-10-31T08:59:12","modified_gmt":"2019-10-31T08:59:12","slug":"miguel-arribas-valle-2","status":"publish","type":"page","link":"https:\/\/www.mijas.es\/portal\/tu-ayuntamiento\/miguel-arribas-valle-2\/","title":{"rendered":"Jos\u00e9 Miguel Arribas Valle"},"content":{"rendered":"\n<figure class=\"wp-block-image is-resized\"><img decoding=\"async\" src=\"https:\/\/www.mijas.es\/wp-content\/uploads\/2019\/10\/MIGUEL-ARRIBAS-2.jpg\" alt=\"\" class=\"wp-image-28674\" width=\"185\" height=\"185\" srcset=\"https:\/\/www.mijas.es\/wp-content\/uploads\/2019\/10\/MIGUEL-ARRIBAS-2.jpg 900w, https:\/\/www.mijas.es\/wp-content\/uploads\/2019\/10\/MIGUEL-ARRIBAS-2-150x150.jpg 150w, https:\/\/www.mijas.es\/wp-content\/uploads\/2019\/10\/MIGUEL-ARRIBAS-2-300x300.jpg 300w, https:\/\/www.mijas.es\/wp-content\/uploads\/2019\/10\/MIGUEL-ARRIBAS-2-768x768.jpg 768w\" sizes=\"(max-width: 185px) 100vw, 185px\" \/><\/figure>\n\n\n\n<p><strong>Fecha de nacimiento:&nbsp;<\/strong> 7 de mayo de 1977 <\/p>\n\n\n\n<p><strong>Formaci\u00f3n acad\u00e9mica:<\/strong>\u00a0  Ingeniero de Montes e Ingeniero T\u00e9cnico de Obras P\u00fablicas por la Universidad de C\u00f3rdoba (UCO). T\u00e9cnico Superior en Prevenci\u00f3n de Riesgos Laborares en sus tres especialidades. T\u00edtulo de experto en Conservaci\u00f3n y Explotaci\u00f3n de Carreteras por la UCO. Especialista en\u00a0ArcGIS 10 aplicado al Medio Ambiente y estudios relacionados con las energ\u00edas renovables.  <\/p>\n\n\n\n<p><strong>Trayectoria profesional:\u00a0<\/strong>\u00a0  tras finalizar mis estudios de Ingeniero de Montes empec\u00e9 mi carrera profesional en deslindes de montes p\u00fablicos. Posteriormente fui socio trabajador de una empresa de energ\u00edas renovables y proyectos forestales. Tras esto, trabaj\u00e9 como adjunto al Director T\u00e9cnico y como t\u00e9cnico de PRL, Calidad y Medio Ambiente en una empresa de servicios forestales y obra civil. Adem\u00e1s, he realizado trabajos de encargado de obras forestales durante los \u00faltimos tres a\u00f1os. \u00a0 <\/p>\n\n\n\n<p><strong>Asesoramiento:<\/strong>\u00a0  \u00c1reas de obras e infraestructuras.<br>Atenci\u00f3n ciudadana en diferentes \u00e1reas (obras, medio ambiente, parques y jardines.<br>Relaciones con administraciones p\u00fablicas (Fomento, Medio Ambiente).<br>Equipo coordinador de Servicios Operativos\u00a0 <\/p>\n","protected":false},"excerpt":{"rendered":"<p>Fecha de nacimiento:&nbsp; 7 de mayo de 1977 Formaci\u00f3n acad\u00e9mica:\u00a0 Ingeniero de Montes e Ingeniero T\u00e9cnico de Obras P\u00fablicas por la Universidad de C\u00f3rdoba (UCO). T\u00e9cnico Superior en Prevenci\u00f3n de Riesgos Laborares en sus tres especialidades. T\u00edtulo de experto en Conservaci\u00f3n y Explotaci\u00f3n de Carreteras por la UCO. Especialista en\u00a0ArcGIS 10 aplicado al Medio Ambiente [&hellip;]<\/p>\n","protected":false},"author":1,"featured_media":0,"parent":7,"menu_order":0,"comment_status":"closed","ping_status":"closed","template":"page-departamental.php","meta":[],"_links":{"self":[{"href":"https:\/\/www.mijas.es\/portal\/wp-json\/wp\/v2\/pages\/28664"}],"collection":[{"href":"https:\/\/www.mijas.es\/portal\/wp-json\/wp\/v2\/pages"}],"about":[{"href":"https:\/\/www.mijas.es\/portal\/wp-json\/wp\/v2\/types\/page"}],"author":[{"embeddable":true,"href":"https:\/\/www.mijas.es\/portal\/wp-json\/wp\/v2\/users\/1"}],"replies":[{"embeddable":true,"href":"https:\/\/www.mijas.es\/portal\/wp-json\/wp\/v2\/comments?post=28664"}],"version-history":[{"count":4,"href":"https:\/\/www.mijas.es\/portal\/wp-json\/wp\/v2\/pages\/28664\/revisions"}],"predecessor-version":[{"id":28781,"href":"https:\/\/www.mijas.es\/portal\/wp-json\/wp\/v2\/pages\/28664\/revisions\/28781"}],"up":[{"embeddable":true,"href":"https:\/\/www.mijas.es\/portal\/wp-json\/wp\/v2\/pages\/7"}],"wp:attachment":[{"href":"https:\/\/www.mijas.es\/portal\/wp-json\/wp\/v2\/media?parent=28664"}],"curies":[{"name":"wp","href":"https:\/\/api.w.org\/{rel}","templated":true}]}}