{"id":28607,"date":"2019-10-23T10:06:41","date_gmt":"2019-10-23T10:06:41","guid":{"rendered":"https:\/\/www.mijas.es\/portal\/?page_id=28607"},"modified":"2019-10-23T10:15:36","modified_gmt":"2019-10-23T10:15:36","slug":"miguel-arribas-valle","status":"publish","type":"page","link":"https:\/\/www.mijas.es\/portal\/tu-ayuntamiento\/miguel-arribas-valle\/","title":{"rendered":"Miguel Arribas Valle"},"content":{"rendered":"\n<style>\n.profile{\nwidth: 130px;\nfloat:left;\nborder-radius: 20px;\n}\n.profile2{\nmargin-top: 14px;\nwidth: 140px;\nfloat: left;\n}\n.texto{\n  display: inline-grid;\n margin-left: 12px;\n  vertical-align: top;\n}\n.partido{\nmargin-top:40px;\n}\n.redes{\nmargin-top: 100px;\n}\n.fa {\n  padding: 20px;\n  font-size: 30px;\n  width: 55px;\n  text-align: center;\n  text-decoration: none;\n  margin: 5px 2px;\n  border-radius: 50px;\n}\n\n.fa:hover {\n    opacity: 0.7;\n}\n\n#facebook {\n  background: #3B5998;\n  color: white;\n  text-decoration: none;\n}\n\n#twitter {\n  background: #55ACEE;\n  color: white;\ntext-decoration: none;\n}\n\n#linkedin {\n  background: #007bb5;\n  color: white;\ntext-decoration: none;\n}\n\n#youtube {\n  background: #bb0000;\n  color: white;\ntext-decoration: none;\n}\n\n#instagram {\n  background: #be279b;\n  color: white;\n  text-decoration: none;\n}\n#envelope {\n  background: #999899;\n  color: white;\n  text-decoration: none;\n}\n\n<\/style>\n<link rel=\"stylesheet\" href=\"https:\/\/cdnjs.cloudflare.com\/ajax\/libs\/font-awesome\/4.7.0\/css\/font-awesome.min.css\">\n<nav>\n  <div class=\"nav nav-tabs\" id=\"nav-tab\" role=\"tablist\">\n    <a class=\"nav-item nav-link active\" id=\"nav-home-tab\" data-toggle=\"tab\" href=\"#nav-home\" role=\"tab\" aria-controls=\"nav-home\" aria-selected=\"true\">Biograf\u00eda<\/a>\n    <a class=\"nav-item nav-link\" id=\"nav-profile-tab\" data-toggle=\"tab\" href=\"#nav-profile\" role=\"tab\" aria-controls=\"nav-profile\" aria-selected=\"false\">Cargos<\/a>\n<!--\n    <a class=\"nav-item nav-link\" id=\"nav-contact-tab\" data-toggle=\"tab\" href=\"#nav-contact\" role=\"tab\" aria-controls=\"nav-contact\" aria-selected=\"false\">Delegaciones<\/a>\n-->\n  <\/div>\n<\/nav>\n<div class=\"tab-content\" id=\"nav-tabContent\">\n  <div class=\"tab-pane fade show active\" id=\"nav-home\" role=\"tabpanel\" aria-labelledby=\"nav-home-tab\">\n<div>\n<br>\n<img decoding=\"async\" class=\"profile\" src=\"http:\/\/www.mijas.es\/files\/adjuntos\/ayto\/CorporacionMunicipal\/fotos_concejales_psoe_web2019\/todos\/MIGUEL%20ARRIBAS.jpg\"> <\/img>\n<p class=\"texto\"> <b>Fecha de nacimiento:<\/b> <\/p><br>\n<p class=\"texto\"> <b>Lugar de nacimiento:<\/b> <\/p><br>\n<p class=\"texto\"> <b>Formaci\u00f3n acad\u00e9mica:<\/b> <\/p> <br>\n<p class=\"texto\"> <b>Trayectoria profesional:<\/b> <\/p>\n<br>\n<p class=\"texto\"><a href=\"https:\/\/www.mijas.es\/files\/adjuntos\/ayto\/bienes\/2019junio\/Registro Intereses M\u00aa CARMEN GONZALEZ.pdf\">Ver registro de actividades, bienes e intereses<\/a><\/p>\n<div class=\"partido\"><img decoding=\"async\" class=\"profile2\" src=\"https:\/\/www.mijas.es\/wp-content\/uploads\/2019\/04\/logo-ciudadanos.jpg\"><\/img><\/div>\n<\/div>\n<div class=\"redes\">\n<a  href=\"\" target=\"_blank\" id=\"envelope\" class=\"fa fa-envelope\" rel=\"noopener noreferrer\"><\/a>\n<\/div>\n<\/div>\n<div class=\"tab-pane fade\" id=\"nav-profile\" role=\"tabpanel\" aria-labelledby=\"nav-profile-tab\"><td colspan=\"2\" style=\"width: 577px; vertical-align: top;\">\n\t\t\t\t<p style=\"text-align: justify;\">\n\t\t\t\t\t<strong>Cargos<\/strong><\/p>\n\t\t\t\t<ul>\n\t\t\t\t\t<li style=\"text-align: justify;\">\n\t\t\t\t\t\tConcejal de C&#8217;s<\/li>\n\n\t\t\t\t\n\t\t\t\t<\/ul><\/div>\n<!--\n  <div class=\"tab-pane fade\" id=\"nav-contact\" role=\"tabpanel\" aria-labelledby=\"nav-contact-tab\"><p style=\"text-align: justify;\">\n\t\t\t\t\t<strong>Delegaciones<\/strong><\/p>\n\t\t\t\t<ul>\n\t\t\t\t\t\n\t\t\t\t<\/ul><\/div>\n-->\n<\/div>\n","protected":false},"excerpt":{"rendered":"<p>Biograf\u00eda Cargos Fecha de nacimiento: Lugar de nacimiento: Formaci\u00f3n acad\u00e9mica: Trayectoria profesional: Ver registro de actividades, bienes e intereses Cargos Concejal de C&#8217;s<\/p>\n","protected":false},"author":1,"featured_media":0,"parent":7,"menu_order":0,"comment_status":"closed","ping_status":"closed","template":"page-departamental.php","meta":[],"_links":{"self":[{"href":"https:\/\/www.mijas.es\/portal\/wp-json\/wp\/v2\/pages\/28607"}],"collection":[{"href":"https:\/\/www.mijas.es\/portal\/wp-json\/wp\/v2\/pages"}],"about":[{"href":"https:\/\/www.mijas.es\/portal\/wp-json\/wp\/v2\/types\/page"}],"author":[{"embeddable":true,"href":"https:\/\/www.mijas.es\/portal\/wp-json\/wp\/v2\/users\/1"}],"replies":[{"embeddable":true,"href":"https:\/\/www.mijas.es\/portal\/wp-json\/wp\/v2\/comments?post=28607"}],"version-history":[{"count":7,"href":"https:\/\/www.mijas.es\/portal\/wp-json\/wp\/v2\/pages\/28607\/revisions"}],"predecessor-version":[{"id":28623,"href":"https:\/\/www.mijas.es\/portal\/wp-json\/wp\/v2\/pages\/28607\/revisions\/28623"}],"up":[{"embeddable":true,"href":"https:\/\/www.mijas.es\/portal\/wp-json\/wp\/v2\/pages\/7"}],"wp:attachment":[{"href":"https:\/\/www.mijas.es\/portal\/wp-json\/wp\/v2\/media?parent=28607"}],"curies":[{"name":"wp","href":"https:\/\/api.w.org\/{rel}","templated":true}]}}