{"id":28466,"date":"2019-10-21T11:22:56","date_gmt":"2019-10-21T11:22:56","guid":{"rendered":"https:\/\/www.mijas.es\/portal\/?page_id=28466"},"modified":"2019-10-24T11:05:00","modified_gmt":"2019-10-24T11:05:00","slug":"juan-antonio-carrasco","status":"publish","type":"page","link":"https:\/\/www.mijas.es\/portal\/tu-ayuntamiento\/juan-antonio-carrasco\/","title":{"rendered":"Juan Antonio Carrasco"},"content":{"rendered":"\n<figure class=\"wp-block-image is-resized\"><img decoding=\"async\" src=\"https:\/\/www.mijas.es\/wp-content\/uploads\/2019\/10\/9-JUAN-ANTONIO-CARRASCO.jpg\" alt=\"\" class=\"wp-image-28547\" width=\"185\" height=\"185\" srcset=\"https:\/\/www.mijas.es\/wp-content\/uploads\/2019\/10\/9-JUAN-ANTONIO-CARRASCO.jpg 900w, https:\/\/www.mijas.es\/wp-content\/uploads\/2019\/10\/9-JUAN-ANTONIO-CARRASCO-150x150.jpg 150w, https:\/\/www.mijas.es\/wp-content\/uploads\/2019\/10\/9-JUAN-ANTONIO-CARRASCO-300x300.jpg 300w, https:\/\/www.mijas.es\/wp-content\/uploads\/2019\/10\/9-JUAN-ANTONIO-CARRASCO-768x768.jpg 768w\" sizes=\"(max-width: 185px) 100vw, 185px\" \/><\/figure>\n\n\n\n<p><strong>Fecha de nacimiento:<\/strong>  26 de enero de 1962 <\/p>\n\n\n\n<p><strong>Formaci\u00f3n acad\u00e9mica:<\/strong> Formaci\u00f3n&nbsp;Profesional Grado Superior&nbsp;(Especialidad Edificaci\u00f3n y Obras- rama delineaci\u00f3n)<\/p>\n\n\n\n<p><strong>Trayectoria profesional:<\/strong> Ha ejercido a lo largo de su carrera profesional&nbsp;como&nbsp;delineante en varios estudios de arquitectura,&nbsp;ejerciendo entre otros aspectos de&nbsp;encargado de obras de&nbsp;edificaci\u00f3n. Del mismo modo a lo largo de su carrera se ha formado como&nbsp;Docente de&nbsp;Formaci\u00f3n&nbsp;para el Empleo. <\/p>\n\n\n\n<p>Muy involucrado en el\ncuidado y conservaci\u00f3n Secretario de Medio Ambiente y Diseminados del PSOE-\nMijas.<\/p>\n\n\n\n<p><strong>Asesoramiento<\/strong>: Limpieza Viaria, Parques y Jardines, Mercadillos y Empleo. <\/p>\n","protected":false},"excerpt":{"rendered":"<p>Fecha de nacimiento: 26 de enero de 1962 Formaci\u00f3n acad\u00e9mica: Formaci\u00f3n&nbsp;Profesional Grado Superior&nbsp;(Especialidad Edificaci\u00f3n y Obras- rama delineaci\u00f3n) Trayectoria profesional: Ha ejercido a lo largo de su carrera profesional&nbsp;como&nbsp;delineante en varios estudios de arquitectura,&nbsp;ejerciendo entre otros aspectos de&nbsp;encargado de obras de&nbsp;edificaci\u00f3n. Del mismo modo a lo largo de su carrera se ha formado como&nbsp;Docente de&nbsp;Formaci\u00f3n&nbsp;para [&hellip;]<\/p>\n","protected":false},"author":1,"featured_media":0,"parent":7,"menu_order":0,"comment_status":"closed","ping_status":"closed","template":"page-departamental.php","meta":[],"_links":{"self":[{"href":"https:\/\/www.mijas.es\/portal\/wp-json\/wp\/v2\/pages\/28466"}],"collection":[{"href":"https:\/\/www.mijas.es\/portal\/wp-json\/wp\/v2\/pages"}],"about":[{"href":"https:\/\/www.mijas.es\/portal\/wp-json\/wp\/v2\/types\/page"}],"author":[{"embeddable":true,"href":"https:\/\/www.mijas.es\/portal\/wp-json\/wp\/v2\/users\/1"}],"replies":[{"embeddable":true,"href":"https:\/\/www.mijas.es\/portal\/wp-json\/wp\/v2\/comments?post=28466"}],"version-history":[{"count":8,"href":"https:\/\/www.mijas.es\/portal\/wp-json\/wp\/v2\/pages\/28466\/revisions"}],"predecessor-version":[{"id":28678,"href":"https:\/\/www.mijas.es\/portal\/wp-json\/wp\/v2\/pages\/28466\/revisions\/28678"}],"up":[{"embeddable":true,"href":"https:\/\/www.mijas.es\/portal\/wp-json\/wp\/v2\/pages\/7"}],"wp:attachment":[{"href":"https:\/\/www.mijas.es\/portal\/wp-json\/wp\/v2\/media?parent=28466"}],"curies":[{"name":"wp","href":"https:\/\/api.w.org\/{rel}","templated":true}]}}