{"id":28461,"date":"2019-10-21T11:21:02","date_gmt":"2019-10-21T11:21:02","guid":{"rendered":"https:\/\/www.mijas.es\/portal\/?page_id=28461"},"modified":"2019-10-31T14:47:58","modified_gmt":"2019-10-31T14:47:58","slug":"miguel-bao","status":"publish","type":"page","link":"https:\/\/www.mijas.es\/portal\/tu-ayuntamiento\/miguel-bao\/","title":{"rendered":"Miguel Bao Salazar"},"content":{"rendered":"\n<figure class=\"wp-block-image is-resized\"><img decoding=\"async\" src=\"https:\/\/www.mijas.es\/wp-content\/uploads\/2019\/10\/13-MIGUEL-BAO.jpg\" alt=\"Esta imagen tiene un atributo ALT vac\u00edo; su nombre de archivo es 13-MIGUEL-BAO.jpg\" width=\"185\" height=\"185\"\/><\/figure>\n\n\n\n<p><strong>Fecha de nacimiento:<\/strong> 04 de abril de 1978<\/p>\n\n\n\n<p><strong>Formaci\u00f3n acad\u00e9mica:<\/strong> Bachillerato<\/p>\n\n\n\n<p><strong>Trayectoria profesional:<\/strong>  En los \u00faltimos 15 a\u00f1os ha desarrollado su carrera profesional como gestor de ventas en grandes superficies desempe\u00f1ando labores de diversa \u00edndole. Adem\u00e1s ha trabajado como animador tur\u00edstico, promotor de ventas y en el sector de la restauraci\u00f3n.  <\/p>\n\n\n\n<p><strong>Asesoramiento<\/strong>: Apoyo alcald\u00eda y gesti\u00f3n de incidencias  <\/p>\n","protected":false},"excerpt":{"rendered":"<p>Fecha de nacimiento: 04 de abril de 1978 Formaci\u00f3n acad\u00e9mica: Bachillerato Trayectoria profesional: En los \u00faltimos 15 a\u00f1os ha desarrollado su carrera profesional como gestor de ventas en grandes superficies desempe\u00f1ando labores de diversa \u00edndole. Adem\u00e1s ha trabajado como animador tur\u00edstico, promotor de ventas y en el sector de la restauraci\u00f3n. Asesoramiento: Apoyo alcald\u00eda y [&hellip;]<\/p>\n","protected":false},"author":1,"featured_media":0,"parent":7,"menu_order":0,"comment_status":"closed","ping_status":"closed","template":"page-departamental.php","meta":[],"_links":{"self":[{"href":"https:\/\/www.mijas.es\/portal\/wp-json\/wp\/v2\/pages\/28461"}],"collection":[{"href":"https:\/\/www.mijas.es\/portal\/wp-json\/wp\/v2\/pages"}],"about":[{"href":"https:\/\/www.mijas.es\/portal\/wp-json\/wp\/v2\/types\/page"}],"author":[{"embeddable":true,"href":"https:\/\/www.mijas.es\/portal\/wp-json\/wp\/v2\/users\/1"}],"replies":[{"embeddable":true,"href":"https:\/\/www.mijas.es\/portal\/wp-json\/wp\/v2\/comments?post=28461"}],"version-history":[{"count":6,"href":"https:\/\/www.mijas.es\/portal\/wp-json\/wp\/v2\/pages\/28461\/revisions"}],"predecessor-version":[{"id":28833,"href":"https:\/\/www.mijas.es\/portal\/wp-json\/wp\/v2\/pages\/28461\/revisions\/28833"}],"up":[{"embeddable":true,"href":"https:\/\/www.mijas.es\/portal\/wp-json\/wp\/v2\/pages\/7"}],"wp:attachment":[{"href":"https:\/\/www.mijas.es\/portal\/wp-json\/wp\/v2\/media?parent=28461"}],"curies":[{"name":"wp","href":"https:\/\/api.w.org\/{rel}","templated":true}]}}