{"id":28104,"date":"2019-10-02T11:20:15","date_gmt":"2019-10-02T11:20:15","guid":{"rendered":"https:\/\/www.mijas.es\/portal\/?page_id=28104"},"modified":"2024-02-04T17:16:17","modified_gmt":"2024-02-04T16:16:17","slug":"observatorio-de-punta-de-calaburra","status":"publish","type":"page","link":"https:\/\/www.mijas.es\/portal\/observatorio-de-punta-de-calaburra\/","title":{"rendered":"Observatorio Punta de Calaburra"},"content":{"rendered":"\n<p>La Punta de Calaburra es uno de los lugares m\u00e1s destacados de la provincia para la observaci\u00f3n de aves marinas, principalmente durante los periodos de paso y la invernada. Como zona de migraci\u00f3n es una atalaya que nos permite disfrutar de pardelas cenicientas y baleares, alcatraces, p\u00e1galo par\u00e1sito y grande, diferentes especies de gaviotas, charranes patinegro y com\u00fan, fumareles comunes y alcas. Adem\u00e1s, no es dif\u00edcil observar rapaces migradoras que saltan desde este punto al continente africano. Durante la invernada es lugar de visita de correlimos oscuros, uno de los pocos lugares de la provincia en el que puede observarse y el \u00fanico conocido en el que aparece con cierta regularidad. Otras especies frecuentes durante los meses m\u00e1s fr\u00edos son otros lim\u00edcolas, como el chorlitejo grande, vuelvepiedras, ostrero, zarapito trinador y Negr\u00f3n com\u00fan, entre otras.<\/p>\n\n\n\n<figure class=\"wp-block-image is-resized\"><img decoding=\"async\" src=\"https:\/\/www.mijas.es\/wp-content\/uploads\/2019\/10\/faro-1024x576.png\" alt=\"\" class=\"wp-image-28105\" width=\"791\" height=\"444\" srcset=\"https:\/\/www.mijas.es\/wp-content\/uploads\/2019\/10\/faro-1024x576.png 1024w, https:\/\/www.mijas.es\/wp-content\/uploads\/2019\/10\/faro-300x169.png 300w, https:\/\/www.mijas.es\/wp-content\/uploads\/2019\/10\/faro-768x432.png 768w, https:\/\/www.mijas.es\/wp-content\/uploads\/2019\/10\/faro.png 1629w\" sizes=\"(max-width: 791px) 100vw, 791px\" \/><\/figure>\n\n\n\n<p>Destaca tambi\u00e9n porque se trata\nde un punto de inter\u00e9s en la observaci\u00f3n de mam\u00edferos marinos.<\/p>\n\n\n\n<p>Puedes consultar los datos de las observaciones en este mirador en el siguiente <a href=\"https:\/\/www.trektellen.org\/count\/view\/330\/20190914\">enlace<\/a> <\/p>\n\n\n\n<p>Tambi\u00e9n puedes consultar m\u00e1s datos en el <a href=\"http:\/\/www.seomalaga.org\/document\/574.pdf\">enlace<\/a><\/p>\n\n\n\n<iframe src=\"https:\/\/www.google.com\/maps\/embed?pb=!1m18!1m12!1m3!1d3813.714482803277!2d-4.640064437333804!3d36.50733848708358!2m3!1f0!2f0!3f0!3m2!1i1024!2i768!4f13.1!3m3!1m2!1s0xd731de520ef3655%3A0x11d33aaa31f16aca!2sPunta%20de%20Calaburras!5e0!3m2!1ses!2ses!4v1570446706607!5m2!1ses!2ses\" width=\"800\" height=\"450\" frameborder=\"0\" style=\"border:0;\" allowfullscreen=\"\"><\/iframe>\n","protected":false},"excerpt":{"rendered":"<p>La Punta de Calaburra es uno de los lugares m\u00e1s destacados de la provincia para la observaci\u00f3n de aves marinas, principalmente durante los periodos de paso y la invernada. Como zona de migraci\u00f3n es una atalaya que nos permite disfrutar de pardelas cenicientas y baleares, alcatraces, p\u00e1galo par\u00e1sito y grande, diferentes especies de gaviotas, charranes [&hellip;]<\/p>\n","protected":false},"author":1,"featured_media":0,"parent":0,"menu_order":0,"comment_status":"closed","ping_status":"closed","template":"","meta":[],"_links":{"self":[{"href":"https:\/\/www.mijas.es\/portal\/wp-json\/wp\/v2\/pages\/28104"}],"collection":[{"href":"https:\/\/www.mijas.es\/portal\/wp-json\/wp\/v2\/pages"}],"about":[{"href":"https:\/\/www.mijas.es\/portal\/wp-json\/wp\/v2\/types\/page"}],"author":[{"embeddable":true,"href":"https:\/\/www.mijas.es\/portal\/wp-json\/wp\/v2\/users\/1"}],"replies":[{"embeddable":true,"href":"https:\/\/www.mijas.es\/portal\/wp-json\/wp\/v2\/comments?post=28104"}],"version-history":[{"count":6,"href":"https:\/\/www.mijas.es\/portal\/wp-json\/wp\/v2\/pages\/28104\/revisions"}],"predecessor-version":[{"id":53850,"href":"https:\/\/www.mijas.es\/portal\/wp-json\/wp\/v2\/pages\/28104\/revisions\/53850"}],"wp:attachment":[{"href":"https:\/\/www.mijas.es\/portal\/wp-json\/wp\/v2\/media?parent=28104"}],"curies":[{"name":"wp","href":"https:\/\/api.w.org\/{rel}","templated":true}]}}