{"id":28100,"date":"2019-10-02T11:17:36","date_gmt":"2019-10-02T11:17:36","guid":{"rendered":"https:\/\/www.mijas.es\/portal\/?page_id=28100"},"modified":"2024-10-30T12:49:52","modified_gmt":"2024-10-30T11:49:52","slug":"observatorio-mirador-de-las-aguilas","status":"publish","type":"page","link":"https:\/\/www.mijas.es\/portal\/observatorio-mirador-de-las-aguilas\/","title":{"rendered":"Observatorio Mirador de \u00c1guilas"},"content":{"rendered":"\n<p><\/p>\n\n\n\n<p><\/p>\n\n\n\n<p><\/p>\n\n\n\n<p class=\"has-text-align-center\"> Situado en Sierra Alpujata, se trata de una atalaya con muy buena situaci\u00f3n para disfrutar de la migraci\u00f3n de aves planeadoras, principalmente durante el paso postnupcial. <\/p>\n\n\n<div class=\"wp-block-image\">\n<figure class=\"aligncenter is-resized\"><img decoding=\"async\" src=\"https:\/\/www.mijas.es\/wp-content\/uploads\/2019\/10\/Mirador-de-\u00c1guilas3-1024x664.png\" alt=\"\" class=\"wp-image-28102\" width=\"784\" height=\"507\" srcset=\"https:\/\/www.mijas.es\/wp-content\/uploads\/2019\/10\/Mirador-de-\u00c1guilas3-1024x664.png 1024w, https:\/\/www.mijas.es\/wp-content\/uploads\/2019\/10\/Mirador-de-\u00c1guilas3-300x195.png 300w, https:\/\/www.mijas.es\/wp-content\/uploads\/2019\/10\/Mirador-de-\u00c1guilas3-768x498.png 768w\" sizes=\"(max-width: 784px) 100vw, 784px\" \/><\/figure><\/div>\n\n\n<p class=\"has-text-align-center\">Se recomienda su visita durante el periodo de\nmigraci\u00f3n postnupcial, y principalmente durante aquellos d\u00edas en los que\npredomine el viento de poniente, aunque durante la primavera tambi\u00e9n se observa\nmigraci\u00f3n activa. Las especies m\u00e1s frecuentes son los vencejos (p\u00e1lido, com\u00fan y\nreal), abejaruco, gavil\u00e1n, las \u00e1guilas culebrera y calzada, abejero europeo,\nmilano negro, aguilucho lagunero y \u00e1guila pescadora, aunque tambi\u00e9n pueden\nobservarse, cern\u00edcalo primilla, alcot\u00e1n, cig\u00fce\u00f1a negra, buitre leonado y\naguilucho p\u00e1lido, es decir, una muy buena representaci\u00f3n de las especies\neuropeas que usan la zona del estrecho de Gibraltar para cruzar al continente\nafricano<\/p>\n\n\n\n<p class=\"has-text-align-center\">Puedes consultar los datos de las observaciones en este mirador en el siguiente <a href=\"https:\/\/www.trektellen.org\/count\/view\/416\/20190929\">enlace<\/a>.<\/p>\n\n\n\n<p class=\"has-text-align-center\">Si desea conocer la historia de este Mirador, consulte el siguiente <a rel=\"noreferrer noopener\" href=\"https:\/\/www.birdingmalaga.es\/es\/4486\/com1_md3_cd-50808\/el-mirador-de-las-aguilas\" data-type=\"URL\" data-id=\"https:\/\/www.birdingmalaga.es\/es\/4486\/com1_md3_cd-50808\/el-mirador-de-las-aguilas\" target=\"_blank\">enlace<\/a><\/p>\n\n\n\n<iframe src=\"https:\/\/www.google.com\/maps\/embed?pb=!1m18!1m12!1m3!1d3204.2212212737545!2d-4.757387184371191!3d36.57288648816125!2m3!1f0!2f0!3f0!3m2!1i1024!2i768!4f13.1!3m3!1m2!1s0xd72de446a10e961%3A0x248a5642dec39d51!2sMirador%20de%20las%20%C3%81guilas!5e0!3m2!1ses!2ses!4v1570445743586!5m2!1ses!2ses\" width=\"600\" height=\"450\" frameborder=\"0\" style=\"border:0;\" allowfullscreen=\"\"><\/iframe>\n","protected":false},"excerpt":{"rendered":"<p>Situado en Sierra Alpujata, se trata de una atalaya con muy buena situaci\u00f3n para disfrutar de la migraci\u00f3n de aves planeadoras, principalmente durante el paso postnupcial. Se recomienda su visita durante el periodo de migraci\u00f3n postnupcial, y principalmente durante aquellos d\u00edas en los que predomine el viento de poniente, aunque durante la primavera tambi\u00e9n se [&hellip;]<\/p>\n","protected":false},"author":1,"featured_media":0,"parent":0,"menu_order":0,"comment_status":"closed","ping_status":"closed","template":"","meta":[],"_links":{"self":[{"href":"https:\/\/www.mijas.es\/portal\/wp-json\/wp\/v2\/pages\/28100"}],"collection":[{"href":"https:\/\/www.mijas.es\/portal\/wp-json\/wp\/v2\/pages"}],"about":[{"href":"https:\/\/www.mijas.es\/portal\/wp-json\/wp\/v2\/types\/page"}],"author":[{"embeddable":true,"href":"https:\/\/www.mijas.es\/portal\/wp-json\/wp\/v2\/users\/1"}],"replies":[{"embeddable":true,"href":"https:\/\/www.mijas.es\/portal\/wp-json\/wp\/v2\/comments?post=28100"}],"version-history":[{"count":12,"href":"https:\/\/www.mijas.es\/portal\/wp-json\/wp\/v2\/pages\/28100\/revisions"}],"predecessor-version":[{"id":59239,"href":"https:\/\/www.mijas.es\/portal\/wp-json\/wp\/v2\/pages\/28100\/revisions\/59239"}],"wp:attachment":[{"href":"https:\/\/www.mijas.es\/portal\/wp-json\/wp\/v2\/media?parent=28100"}],"curies":[{"name":"wp","href":"https:\/\/api.w.org\/{rel}","templated":true}]}}