{"id":280,"date":"2013-05-18T18:10:12","date_gmt":"2013-05-18T18:10:12","guid":{"rendered":"http:\/\/localhost\/pruebaweb\/?p=280"},"modified":"2019-03-18T12:37:10","modified_gmt":"2019-03-18T12:37:10","slug":"zonas-de-escolarizacion","status":"publish","type":"page","link":"https:\/\/www.mijas.es\/portal\/educacion\/zonas-de-escolarizacion\/","title":{"rendered":"Zonas de Escolarizaci&oacute;n 2015\/2016"},"content":{"rendered":"<p style=\"text-align: justify;\">\n\t<font size=\"2\"><span lang=\"ES-MODERN\"><b><span style=\"font-size: 14pt; color: black\">Municipio: Mijas<\/span><\/b><\/span><\/font><\/p>\n<p style=\"text-align: justify;\">\n\t<b>&nbsp;<\/b><\/p>\n<div style=\"text-align: justify;\">\n\t<b><span style=\"color: black\">ZONA DE LAS LAGUNAS (MIJAS)<\/span><\/b><\/div>\n<div style=\"text-align: justify;\">\n\t<b>&nbsp;<\/b><\/div>\n<div style=\"text-align: justify;\">\n\t<span style=\"font-size: 10pt; color: black\">\u00c1reas lim\u00edtrofes:<\/span><\/div>\n<div style=\"text-align: justify;\">\n\t<b><span style=\"color: black\">\u00c1REA 29070_11<\/span><\/b><\/div>\n<div style=\"text-align: justify;\">\n\t<b><span style=\"color: black\">Tipo de \u00e1rea: Segundo Ciclo de Educaci\u00f3n Infantil \/ Educaci\u00f3n Primaria<\/span><\/b><\/div>\n<div style=\"text-align: justify;\">\n\t<span style=\"font-size: 10pt; color: black\">Centros que imparten Segundo Ciclo de Educaci\u00f3n Infantil \/ Educaci\u00f3n Primaria asociados al \u00e1rea:<\/span><\/div>\n<div style=\"text-align: justify;\">\n\t<span style=\"font-size: 10pt; color: black\">L\u00edmites geogr\u00e1ficos del \u00e1rea:<\/span><\/div>\n<div style=\"text-align: justify;\">\n\t&nbsp;<\/div>\n<div style=\"text-align: justify;\">\n\t<span style=\"font-size: 10pt; color: black\">Mijas (Las Lagunas).<b> <span style=\"color: #ff0000\">C.E.I.P. Ntra. Sra. Virgen de la Pe\u00f1a<\/span> 29007007<\/b><\/span><\/div>\n<div style=\"text-align: justify;\">\n\t<span style=\"font-size: 10pt; color: black\">\u00c1reas lim\u00edtrofes:<\/span><\/div>\n<div style=\"text-align: justify;\">\n\t&nbsp;<\/div>\n<div style=\"text-align: justify;\">\n\t<span style=\"font-size: 10pt; color: black\">Zona limitada por Autov\u00eda-7 Comino Santiago, Calle la Uni\u00f3n, Camino de las Ca\u00f1adas hasta confluencia de la N-340.<\/span><\/div>\n<div style=\"text-align: justify;\">\n\t&nbsp;<\/div>\n<div style=\"text-align: justify;\">\n\t<span style=\"font-size: 8pt; color: gray\">NOTA: Cuando en la definici\u00f3n de l\u00edmite se citen coordenadas X e Y aluden a proyecci\u00f3n UTM, zona 30 N<\/span><\/div>\n<div style=\"text-align: justify;\">\n\t<b><span style=\"font-size: 10pt; color: black\">29070_12 29070_13 29070_17<\/span><\/b><\/div>\n<div style=\"text-align: justify;\">\n\t<b><span style=\"font-size: 10pt; color: black\">29070_22<\/span><\/b><\/div>\n<div style=\"text-align: justify;\">\n\t<b>&nbsp;<\/b><\/div>\n<div style=\"text-align: justify;\">\n\t<span style=\"font-size: 10pt\">Mijas (Las Lagunas).<span style=\"color: #ff0000\"><b> C.E.I.P. Las Ca\u00f1adas<\/b><\/span><b> 29011382<\/b><\/span><\/div>\n<div style=\"text-align: justify;\">\n\t<b>&nbsp;<\/b><\/div>\n<div style=\"text-align: justify;\">\n\t<span style=\"font-size: 10pt; color: black\">L\u00edmites geogr\u00e1ficos del \u00e1rea:<\/span><\/div>\n<div style=\"text-align: justify;\">\n\t&nbsp;<\/div>\n<div style=\"text-align: justify;\">\n\t<span style=\"font-size: 10pt; color: black\">SUR: Carretera Nacional 340 (Autov\u00eda a-7).NORTE: Camino de los Campanales, C\/Larga, C\/Orqu\u00eddea y Camino<\/span><\/div>\n<div style=\"text-align: justify;\">\n\t<span style=\"font-size: 10pt; color: black\">Campales. ESTE: Camino Campanales y limite Geogr\u00e1fico del t\u00e9rmino municipal. OESTE: Avda de Mijas hasta su<\/span><\/div>\n<div style=\"text-align: justify;\">\n\t<span style=\"font-size: 10pt; color: black\">confluencia con el Camino de los Campanales en rotonda \u00abMart\u00edn y P\u00e9rez\u00bb.<\/span><\/div>\n<div style=\"text-align: justify;\">\n\t&nbsp;<\/div>\n<div style=\"text-align: justify;\">\n\t<span style=\"font-size: 8pt; color: gray\">NOTA: Cuando en la definici\u00f3n de l\u00edmite se citen coordenadas X e Y aluden a proyecci\u00f3n UTM, zona 30 N<\/span><\/div>\n<div style=\"text-align: justify;\">\n\t<span style=\"font-size: 10pt; color: black\">29070_11 29070_14 29070_15<br \/>\n<\/span><\/div>\n<div style=\"text-align: justify;\">\n\t&nbsp;<\/div>\n<div style=\"text-align: justify;\">\n\t&nbsp;<\/div>\n<div style=\"text-align: justify;\">\n\t<span style=\"font-size: 10pt\">Mijas (Las Lagunas).<b> <span style=\"color: #ff0000\">C.E.I.P. El Albero <\/span>29601732<\/b><\/span><\/div>\n<div style=\"text-align: justify;\">\n\t<b>&nbsp;<\/b><\/div>\n<div style=\"text-align: justify;\">\n\t<span style=\"font-size: 10pt; color: black\">L\u00edmites geogr\u00e1ficos del \u00e1rea:<\/span><\/div>\n<div style=\"text-align: justify;\">\n\t<b><span style=\"font-size: 10pt; color: black\">Norte: Desde intersecci\u00f3n de C\/R\u00edo Grande con C\/R\u00edo Aguas, v\u00eda sin nombre (impares) hasta su confluencia con C\/R\u00edo Guadalteba, C\/R\u00edo Las Pasadas (pares) hasta confluencia con C\/Azucena, C\/Azucena (impares) hasta cruce con C\/R\u00edo Lanjar\u00f3n, C\/R\u00edo Lanjar\u00f3n (pares) hasta intersecci\u00f3n con C\/Tulip\u00e1n, C\/Tulip\u00e1n (impares) hasta intersecci\u00f3n con Avda Lirios, Avda Lirios (impares) hasta intersecci\u00f3n con C\/Fucsia. Oeste: C\/R\u00edo Tur\u00f3n (pares) hasta su intersecci\u00f3n con C\/R\u00edo Almanzora, C\/R\u00edo Grande (pares) hasta su intersecci\u00f3n con C\/R\u00edo Aguas. <\/span><\/b><\/div>\n<div style=\"text-align: justify;\">\n\t&nbsp;<\/div>\n<div style=\"text-align: justify;\">\n\t<b><span style=\"font-size: 10pt; color: black\">Sur: C\/Ver\u00f3nica(ambos) desde su intersecci\u00f3n con C\/Fucsia en direcci\u00f3n suroeste hasta su intersecci\u00f3n con C\/Margarita y comienzo de Camino Viejo de Co\u00edn, Camino Viejo de Co\u00edn (pares) hasta intersecci\u00f3n con C\/R\u00edo Tur\u00f3n. <\/span><\/b><\/div>\n<div style=\"text-align: justify;\">\n\t&nbsp;<\/div>\n<div style=\"text-align: justify;\">\n\t<b><span style=\"font-size: 10pt; color: black\">Este:C\/Fucsia (impares).<\/span><\/b><\/div>\n<div style=\"text-align: justify;\">\n\t<b>&nbsp;<\/b><\/div>\n<div style=\"text-align: justify;\">\n\t<span style=\"font-size: 8pt; color: gray\">NOTA: Cuando en la definici\u00f3n de l\u00edmite se citen coordenadas X e Y aluden a proyecci\u00f3n UTM, zona 30 N<\/span><\/div>\n<div style=\"text-align: justify;\">\n\t<b><span style=\"font-size: 10pt; color: black\">29070_11 29070_14 29070_17<\/span><\/b><\/div>\n<div style=\"text-align: justify;\">\n\t<b><span style=\"font-size: 10pt; color: black\">29070_22<\/span><\/b><\/div>\n<div style=\"text-align: justify;\">\n\t<b>&nbsp; <\/b><\/div>\n<div style=\"text-align: justify;\">\n\t<b>&nbsp;<\/b><\/div>\n<div style=\"text-align: justify;\">\n\t<span style=\"font-size: 10pt\">Mijas (Las Lagunas).<b> <span style=\"color: #ff0000\">C.E.I.P. Los Campanales <\/span>29602220<\/b><\/span><\/div>\n<div style=\"text-align: justify;\">\n\t<b>&nbsp;<\/b><\/div>\n<div style=\"text-align: justify;\">\n\t<span style=\"font-size: 10pt; color: black\">L\u00edmites geogr\u00e1ficos del \u00e1rea:<\/span><\/div>\n<div style=\"text-align: justify;\">\n\t<b><span style=\"font-size: 10pt; color: black\">Norte: Intersecci\u00f3n de C\/R\u00edo Tamarguillo y comienzo de Camino del Albero con C\/Margarita, Camino del Albero (impares) hasta intersecci\u00f3n con Avda. Mijas, Avda. Mijas, C\/Naranjos, C\/Jacaranda, C\/Abeto, C\/Mar\u00eda Barranco.<\/span><\/b><\/div>\n<div style=\"text-align: justify;\">\n\t&nbsp;<\/div>\n<div style=\"text-align: justify;\">\n\t<b><span style=\"font-size: 10pt; color: black\">Oeste: C\/Margarita (ambos) desde su intersecci\u00f3n con Camino del Albero hasta C\/R\u00edo Pasadas. Sur: C\/R\u00edo Pasadas (impares) desde su intersecci\u00f3n con C\/Margaritas hasta su confluencia con C\/Azucena, C\/Azucena (pares) hasta intersecci\u00f3n con C\/R\u00edo Lanjar\u00f3n, C\/R\u00edo Lanjar\u00f3n (impares) hasta su intersecci\u00f3n con C\/Tulip\u00e1n, C\/Tulip\u00e1n (pares) hasta confluencia con Avda. Lirios, Avda. Lirios (pares) hasta intersecci\u00f3n con Avda. Mijas. Este: Avda de Mijas (impares) desde intersecci\u00f3n con Avda. Lirios hasta intersecci\u00f3n con Camino de Los Campanales.<\/span><\/b><\/div>\n<div style=\"text-align: justify;\">\n\t<b>&nbsp;<\/b><\/div>\n<div style=\"text-align: justify;\">\n\t<span style=\"font-size: 8pt; color: gray\">NOTA: Cuando en la definici\u00f3n de l\u00edmite se citen coordenadas X e Y aluden a proyecci\u00f3n UTM, zona 30 N<\/span><\/div>\n<div style=\"text-align: justify;\">\n\t<b><span style=\"font-size: 10pt; color: black\">29070_12 29070_13 29070_15<\/span><\/b><\/div>\n<div style=\"text-align: justify;\">\n\t<b><span style=\"font-size: 10pt; color: black\">29070_17<\/span><\/b><\/div>\n<div style=\"text-align: justify;\">\n\t<b>&nbsp;<\/b><\/div>\n<div style=\"text-align: justify;\">\n\t<span style=\"font-size: 10pt\">Mijas (Las Lagunas).<span style=\"color: #ff0000\"><b> C.E.I.P. Mar\u00eda Zambrano <\/b><\/span><b>29009144<\/b><\/span><\/div>\n<div style=\"text-align: justify;\">\n\t<span style=\"font-size: 10pt\">Mijas (Las Lagunas).<b> <span style=\"color: #ff0000\">C.E.I.P. Tamixa <\/span>29004614<\/b><\/span><\/div>\n<div style=\"text-align: justify;\">\n\t<span style=\"font-size: 10pt\">Mijas<b>. C.D.P. <span style=\"color: #ff0000\">San Francisco de As\u00eds <\/span>29007044<\/b><\/span><\/div>\n<div style=\"text-align: justify;\">\n\t<b>&nbsp;<\/b><\/div>\n<div style=\"text-align: justify;\">\n\t<span style=\"font-size: 10pt; color: black\">L\u00edmites geogr\u00e1ficos del \u00e1rea:<\/span><\/div>\n<div style=\"text-align: justify;\">\n\t<b><span style=\"font-size: 10pt; color: black\">SUR-ESTE:&nbsp;Partiendo desde su extremo oeste, desde&nbsp;punto x=352179.52 y=4045035.50(tambi\u00e9n identificable como&nbsp;C\/&nbsp;Sin nombre cuarenta, (linea recta (lateral norte) hasta punto x=352692.94 y=4045452.03 en intersecci\u00f3n con C\/R\u00edo Guaro,&nbsp;C\/ R\u00edo&nbsp;Guaro (pares) hasta intersecci\u00f3n&nbsp;con C\/ R\u00edo guadarranque, C\/ R\u00edo Guadarranque (pares), hasta su confluencia con C\/ Rio Tamarguillo, C\/ R\u00edo Tamguillo (impares) hasta confluencia con Camino&nbsp;del Albero, Camino del Albero (pares) hasta punto&nbsp;x=353359.42 y =4045762.78. Desde ese punto, linea recta (laterial oeste) en direcci\u00f3n norte hasta punto&nbsp;x=353271.06 y=4045885.61. Desde ese punto,&nbsp;linea recta hasta x=353434.24 y=4046121.56 (lateral norte, a trav\u00e9s de&nbsp;vial sin nombre ni numeraci\u00f3n) en rotonda de intersecci\u00f3n de&nbsp;Avda. de&nbsp;Mijas con Camino de los Campanales, Camino de los Campanales (pares, lateral norte)hasta intersecci\u00f3n con C\/ Larga, C\/ Larga&nbsp;(impares) hasta intersecci\u00f3n con C\/ Rub\u00ed, C\/ Rub\u00ed (pares) hasta&nbsp;intersecci\u00f3n con Cmaino de los Campanales, Camino de los Campanales (pares) hasta intersecci\u00f3n con Camino de las Ca\u00f1adas y Carretera de Mijas-Fuengirola A-387, Carretera Mijas-Fuengirola A-387 en direcci\u00f3n norte (\u00e1rcen oeste) siguiendo l\u00edmite de t\u00e9rmino municipal (laterial oeste y norte) hasta intersecci\u00f3n con autopista A-7 en X=354903.00 Y=4047513.11. Desde&nbsp;este punto, autopista&nbsp;A-7 hasta su intersecci\u00f3n con autopista AP-7 X=354394.53&nbsp;Y=404813.42 NORTE OESTE:&nbsp;Autopista AP-7 en direcci\u00f3n oeste (\u00e1rcen sur) hasta punto X=352179.52 Y=4045035.50<\/span><\/b><b>&nbsp;<\/b><\/div>\n<div style=\"text-align: justify;\">\n\t<span style=\"font-size: 8pt; color: gray\">NOTA: Cuando en la definici\u00f3n de l\u00edmite se citen coordenadas X e Y aluden a proyecci\u00f3n UTM, zona 30 N<\/span><\/div>\n<div style=\"text-align: justify;\">\n\t<b><span style=\"font-size: 10pt; color: black\">29070_12 29070_14 29070_17<\/span><\/b><\/div>\n<div style=\"text-align: justify;\">\n\t<b><span style=\"font-size: 10pt; color: black\">29070_22<\/span><\/b><\/div>\n<div style=\"text-align: justify;\">\n\t<b>&nbsp;<\/b><\/div>\n<div style=\"text-align: justify;\">\n\t<span style=\"font-size: 10pt\">Mijas (Las Lagunas).<b> <span style=\"color: #ff0000\">C.E.I.P. 29011394&nbsp;<\/span>(nuevo Las Lagunas)<\/b><\/span><\/div>\n<div style=\"text-align: justify;\">\n\t<b>&nbsp;<\/b><\/div>\n<div style=\"text-align: justify;\">\n\t<span style=\"font-size: 10pt; color: black\">L\u00edmites geogr\u00e1ficos del \u00e1rea:<\/span><\/div>\n<div style=\"text-align: justify;\">\n\t<b><span style=\"font-size: 10pt; color: black\">Norte: Desde su extremo oriental, Camino Viejo de Co\u00edn (lateral sur, impares) hasta su intersecci\u00f3n con C\/R\u00edo Tur\u00f3n, C\/R\u00edo Tur\u00f3n (impares) hasta su intersecci\u00f3n con C\/R\u00edoPasadas, C\/R\u00edo Pasadas (impares) hasta su confluencia con<\/span><\/b><\/div>\n<div style=\"text-align: justify;\">\n\t<b><span style=\"font-size: 10pt; color: black\">C\/Margarita, C\/Margarita (ninguno) hasta intersecci\u00f3n con Camino del Albero y C\/R\u00edo Tamarguillo, C\/R\u00edo Tamarguillo (pares) hasta C\/R\u00edo Guadarranque, C\/R\u00edoGuadarranque (impares) hasta intersecci\u00f3n con C\/R\u00edo Guaro, C\/R\u00edo Guaro(impares) hasta intersecci\u00f3n con C\/Sin Nombre Cuarenta. Oeste: L\u00edmite f\u00edsico del R\u00edo Fuengirola (orilla este, margen izquierda). <\/span><\/b><\/div>\n<div style=\"text-align: justify;\">\n\t&nbsp;<\/div>\n<div style=\"text-align: justify;\">\n\t<b><span style=\"font-size: 10pt; color: black\">Sur: L\u00edmite f\u00edsico del R\u00edo Fuengirola (orilla norte, margen izquierda) hasta su intersecci\u00f3n con Camino de la Vega de la Cruz (coincide con l\u00edmite de t\u00e9rmino municipal). Este: Desde extremo sur, Autov\u00eda A-7 en direcci\u00f3n norte (lateral oeste) hasta su intersecci\u00f3n con Camino Viejo de Co\u00edn.<\/span><\/b><\/div>\n<div style=\"text-align: justify;\">\n\t<b>&nbsp;<\/b><\/div>\n<div style=\"text-align: justify;\">\n\t<span style=\"font-size: 8pt; color: gray\">NOTA: Cuando en la definici\u00f3n de l\u00edmite se citen coordenadas X e Y aluden a proyecci\u00f3n UTM, zona 30 N<\/span><\/div>\n<div style=\"text-align: justify;\">\n\t<b><span style=\"font-size: 10pt; color: black\">29070_11 29070_13 29070_14<\/span><\/b><\/div>\n<div style=\"text-align: justify;\">\n\t<b><span style=\"font-size: 10pt; color: black\">29070_15 29070_22<\/span><\/b><\/div>\n<div style=\"text-align: justify;\">\n\t<b>&nbsp;<\/b><\/div>\n<div style=\"text-align: justify;\">\n\t<b>&nbsp;<\/b><\/div>\n<div style=\"text-align: justify;\">\n\t<b><span style=\"color: black\">ZONA DE LA CALA (MIJAS)<\/span><\/b><\/div>\n<div style=\"text-align: justify;\">\n\t<b>&nbsp;<\/b><\/div>\n<div style=\"text-align: justify;\">\n\t<span style=\"font-size: 10pt\">Mijas (El Chaparral).<b> <span style=\"color: #ff0000\">C.E.I.P. Garc\u00eda del Olmo <\/span>29006970<\/b><\/span><\/div>\n<div style=\"text-align: justify;\">\n\t<b>&nbsp;<\/b><\/div>\n<div style=\"text-align: justify;\">\n\t<span style=\"font-size: 10pt; color: black\">L\u00edmites geogr\u00e1ficos del \u00e1rea:<\/span><\/div>\n<div style=\"text-align: justify;\">\n\t&nbsp;<\/div>\n<div style=\"text-align: justify;\">\n\t<b><span style=\"font-size: 10pt; color: black\">Las siguientes zonas y urbanizaciones: Butibamba. Las Mimosas. Urbanizaci\u00f3n El Bombo. Majadilla del Muerto.<\/span><\/b><\/div>\n<div style=\"text-align: justify;\">\n\t<b><span style=\"font-size: 10pt; color: black\">N\u00facleo de la Cala de Mijas delimitado al norte por la autov\u00eda.<\/span><\/b><\/div>\n<div style=\"text-align: justify;\">\n\t<b>&nbsp;<\/b><\/div>\n<div style=\"text-align: justify;\">\n\t<span style=\"font-size: 8pt; color: gray\">NOTA: Cuando en la definici\u00f3n de l\u00edmite se citen coordenadas X e Y aluden a proyecci\u00f3n UTM, zona 30 N<\/span><\/div>\n<div style=\"text-align: justify;\">\n\t<b><span style=\"font-size: 10pt; color: black\">29070_22 29070_23<\/span><\/b><\/div>\n<div style=\"text-align: justify;\">\n\t<b>&nbsp;<\/b><\/div>\n<div style=\"text-align: justify;\">\n\t<span style=\"font-size: 10pt\">Mijas (El Chaparral).<b> <span style=\"color: #ff0000\">C.E.PR. El Chaparral <\/span>29602244<\/b><\/span><\/div>\n<div style=\"text-align: justify;\">\n\t<span style=\"font-size: 10pt\">Mijas (El Chaparral).<b> <span style=\"color: #ff0000\">E.I. Los Claveles <\/span>29002721<\/b><\/span><\/div>\n<div style=\"text-align: justify;\">\n\t<b>&nbsp;<\/b><\/div>\n<div style=\"text-align: justify;\">\n\t<span style=\"font-size: 10pt; color: black\">L\u00edmites geogr\u00e1ficos del \u00e1rea:<\/span><\/div>\n<div style=\"text-align: justify;\">\n\t<b><span style=\"font-size: 10pt; color: black\">Las siguientes zonas y urbanizaciones: Miramar. El Faro. Calypso. Calahonda. Alhamar. La Cala, zona de El<\/span><\/b><\/div>\n<div style=\"text-align: justify;\">\n\t<b><span style=\"font-size: 10pt; color: black\">Limonar. El Chaparral.<\/span><\/b><\/div>\n<div style=\"text-align: justify;\">\n\t<b>&nbsp;<\/b><\/div>\n<div style=\"text-align: justify;\">\n\t<span style=\"font-size: 8pt; color: gray\">NOTA: Cuando en la definici\u00f3n de l\u00edmite se citen coordenadas X e Y aluden a proyecci\u00f3n UTM, zona 30 N<\/span><\/div>\n<div style=\"text-align: justify;\">\n\t<b><span style=\"font-size: 10pt; color: black\">29070_11 29070_13 29070_15<\/span><\/b><\/div>\n<div style=\"text-align: justify;\">\n\t<b><span style=\"font-size: 10pt; color: black\">29070_17 29070_21 29070_23<\/span><\/b><\/div>\n<div style=\"text-align: justify;\">\n\t<b>&nbsp;<\/b><\/div>\n<div style=\"text-align: justify;\">\n\t<span style=\"font-size: 10pt\">Mijas (El Chaparral).<b> <span style=\"color: #ff0000\">C.E.I.P. Jard\u00edn Bot\u00e1nico <\/span>29005931<\/b><\/span><\/div>\n<div style=\"text-align: justify;\">\n\t<b>&nbsp;<\/b><\/div>\n<div style=\"text-align: justify;\">\n\t<span style=\"font-size: 10pt; color: black\">L\u00edmites geogr\u00e1ficos del \u00e1rea:<\/span><\/div>\n<div style=\"text-align: justify;\">\n\t<b><span style=\"font-size: 10pt; color: black\">Las siguientes zonas y urbanizaciones: Torrenueva. Alrededores del Jard\u00edn Bot\u00e1nico. Riviera. Miraflores. El Juncal.<\/span><\/b><\/div>\n<div style=\"text-align: justify;\">\n\t<b><span style=\"font-size: 10pt; color: black\">Delimitaci\u00f3n con el Chaparral, la carretera de Entrerr\u00edos.<\/span><\/b><\/div>\n<div style=\"text-align: justify;\">\n\t<b>&nbsp;<\/b><\/div>\n<div style=\"text-align: justify;\">\n\t<span style=\"font-size: 8pt; color: gray\">NOTA: Cuando en la definici\u00f3n de l\u00edmite se citen coordenadas X e Y aluden a proyecci\u00f3n UTM, zona 30 N<\/span><\/div>\n<div style=\"text-align: justify;\">\n\t<b><span style=\"font-size: 10pt; color: black\">29070_21 29070_22<\/span><\/b><\/div>\n","protected":false},"excerpt":{"rendered":"<p>Municipio: Mijas &nbsp; ZONA DE LAS LAGUNAS (MIJAS) &nbsp; \u00c1reas lim\u00edtrofes: \u00c1REA 29070_11 Tipo de \u00e1rea: Segundo Ciclo de Educaci\u00f3n Infantil \/ Educaci\u00f3n Primaria Centros que imparten Segundo Ciclo de Educaci\u00f3n Infantil \/ Educaci\u00f3n Primaria asociados al \u00e1rea: L\u00edmites geogr\u00e1ficos del \u00e1rea: &nbsp; Mijas (Las Lagunas). C.E.I.P. Ntra. Sra. Virgen de la Pe\u00f1a 29007007 \u00c1reas [&hellip;]<\/p>\n","protected":false},"author":1,"featured_media":12890,"parent":266,"menu_order":0,"comment_status":"closed","ping_status":"open","template":"page-departamental.php","meta":[],"_links":{"self":[{"href":"https:\/\/www.mijas.es\/portal\/wp-json\/wp\/v2\/pages\/280"}],"collection":[{"href":"https:\/\/www.mijas.es\/portal\/wp-json\/wp\/v2\/pages"}],"about":[{"href":"https:\/\/www.mijas.es\/portal\/wp-json\/wp\/v2\/types\/page"}],"author":[{"embeddable":true,"href":"https:\/\/www.mijas.es\/portal\/wp-json\/wp\/v2\/users\/1"}],"replies":[{"embeddable":true,"href":"https:\/\/www.mijas.es\/portal\/wp-json\/wp\/v2\/comments?post=280"}],"version-history":[{"count":2,"href":"https:\/\/www.mijas.es\/portal\/wp-json\/wp\/v2\/pages\/280\/revisions"}],"predecessor-version":[{"id":12804,"href":"https:\/\/www.mijas.es\/portal\/wp-json\/wp\/v2\/pages\/280\/revisions\/12804"}],"up":[{"embeddable":true,"href":"https:\/\/www.mijas.es\/portal\/wp-json\/wp\/v2\/pages\/266"}],"wp:featuredmedia":[{"embeddable":true,"href":"https:\/\/www.mijas.es\/portal\/wp-json\/wp\/v2\/media\/12890"}],"wp:attachment":[{"href":"https:\/\/www.mijas.es\/portal\/wp-json\/wp\/v2\/media?parent=280"}],"curies":[{"name":"wp","href":"https:\/\/api.w.org\/{rel}","templated":true}]}}