{"id":274,"date":"2013-05-18T18:08:31","date_gmt":"2013-05-18T18:08:31","guid":{"rendered":"http:\/\/localhost\/pruebaweb\/?p=274"},"modified":"2022-06-23T14:01:16","modified_gmt":"2022-06-23T13:01:16","slug":"ampas","status":"publish","type":"page","link":"https:\/\/www.mijas.es\/portal\/educacion\/ampas\/","title":{"rendered":"CONTACTO AMPAS"},"content":{"rendered":"\n<p><strong>Contacto AMPAS<\/strong><\/p>\n\n\n<table style=\"margin: auto auto auto -5.65pt; border: 1pt outset silver;\" border=\"1\" width=\"620\" cellspacing=\"1\" cellpadding=\"0\">\n<tbody>\n<tr>\n<td style=\"border: 1pt inset silver; padding: 0.75pt; width: 192px; background: none 0% 0% repeat scroll silver;\" width=\"24%\">\n<div align=\"center\"><strong><span style=\"color: #4d4d4d; font-size: 10pt;\">AMPA<\/span><\/strong><\/div>\n<\/td>\n<td style=\"border: 1pt inset silver; padding: 0.75pt; width: 191px; background-color: transparent;\" width=\"33%\">\n<div align=\"center\"><strong><span style=\"color: #4d4d4d; font-size: 10pt;\">CENTRO<\/span><\/strong><\/div>\n<\/td>\n<td style=\"border: 1pt inset silver; padding: 0.75pt; width: 221px; background-color: transparent;\" valign=\"top\" width=\"41%\">\n<div align=\"center\"><strong><span style=\"color: #4d4d4d; font-size: 10pt;\">CORREO ELECTR\u00d3NICO<\/span><\/strong><\/div>\n<\/td>\n<\/tr>\n<tr>\n<td style=\"border: 1pt inset silver; padding: 0.75pt; width: 192px; background: none 0% 0% repeat scroll white;\" valign=\"top\" width=\"24%\">\n<div><span style=\"font-size: 12px;\"><span style=\"color: #4d4d4d;\">&nbsp;AMPA MONTE MIJAS<\/span><\/span><\/div>\n<\/td>\n<td style=\"border: 1pt inset silver; padding: 0.75pt; width: 191px; background-color: transparent;\" valign=\"top\" width=\"33%\">\n<div style=\"text-align: center;\"><span style=\"font-size: 12px;\"><span style=\"color: #4d4d4d;\">C.E.I.P. SAN SEBASTIAN<\/span><\/span><\/div>\n<\/td>\n<td style=\"border: 1pt inset silver; padding: 0.75pt; width: 221px; background-color: transparent;\" valign=\"top\" width=\"41%\">\n<div><span style=\"font-size: 12px;\"><span style=\"color: #4d4d4d;\"><a href=\"mailto:ampamontemijas@gmail.com\">ampamontemijas@gmail.com<\/a><\/span><\/span><\/div>\n<\/td>\n<\/tr>\n<tr>\n<td style=\"border: 1pt inset silver; padding: 0.75pt; width: 192px; background: none 0% 0% repeat scroll white;\" valign=\"top\" width=\"24%\">\n<div><span style=\"font-size: 12px;\"><span style=\"color: #4d4d4d;\">&nbsp;AMPA FENIX<\/span><\/span><\/div>\n<\/td>\n<td style=\"border: 1pt inset silver; padding: 0.75pt; width: 191px; background-color: transparent;\" valign=\"top\" width=\"33%\">\n<div style=\"text-align: center;\"><span style=\"font-size: 12px;\"><span style=\"color: #4d4d4d;\">C.E.I.P. LAS CA\u00d1ADAS<\/span><\/span><\/div>\n<\/td>\n<td style=\"border: 1pt inset silver; padding: 0.75pt; width: 221px; background-color: transparent;\" valign=\"top\" width=\"41%\">\n<div><span style=\"font-size: 12px;\"><span style=\"color: #4d4d4d;\"><a href=\"mailto:ampafenix@hotmail.es\">apafenix@hotmail.com<\/a><\/span><\/span><\/div>\n<\/td>\n<\/tr>\n<tr>\n<td style=\"border: 1pt inset silver; padding: 0.75pt; width: 192px; background: none 0% 0% repeat scroll white;\" valign=\"top\" width=\"24%\">\n<div><span style=\"font-size: 12px;\"><span style=\"color: #4d4d4d;\">&nbsp;AMPA IBERIA<\/span><\/span><\/div>\n<\/td>\n<td style=\"border: 1pt inset silver; padding: 0.75pt; width: 191px; background-color: transparent;\" valign=\"top\" width=\"33%\">\n<div style=\"text-align: center;\"><span style=\"font-size: 12px;\"><span style=\"color: #4d4d4d;\">C.E.I.P. VIRGEN DE LA PE\u00d1A<\/span><\/span><\/div>\n<\/td>\n<td style=\"border: 1pt inset silver; padding: 0.75pt; width: 221px; background-color: transparent;\" valign=\"top\" width=\"41%\">\n<div><span style=\"font-size: 12px;\"><span style=\"color: #4d4d4d;\"><a href=\"mailto:ampaiberia@yahoo.es\">ampaiberia@yahoo.es<\/a><\/span><\/span><\/div>\n<\/td>\n<\/tr>\n<tr>\n<td style=\"border: 1pt inset silver; padding: 0.75pt; width: 192px; background: none 0% 0% repeat scroll white;\" valign=\"top\" width=\"24%\">\n<div><span style=\"font-size: 12px;\"><span style=\"color: #4d4d4d;\">&nbsp;AMPA VIRGEN DE LA PAZ<\/span><\/span><\/div>\n<\/td>\n<td style=\"border: 1pt inset silver; padding: 0.75pt; width: 191px; background-color: transparent;\" valign=\"top\" width=\"33%\">\n<div style=\"text-align: center;\"><span style=\"font-size: 12px;\"><span style=\"color: #4d4d4d;\">C.E.I.P. EL ALBERO<\/span><\/span><\/div>\n<\/td>\n<td style=\"border: 1pt inset silver; padding: 0.75pt; width: 221px; background-color: transparent;\" valign=\"top\" width=\"41%\">\n<div><span style=\"font-size: 12px;\"><span style=\"color: #4d4d4d;\"><a href=\"mailto:ampavirgendelapaz@hotmail.es\">ampavirgendelapaz@hotmail.es<\/a><\/span><\/span><\/div>\n<\/td>\n<\/tr>\n<tr>\n<td style=\"border: 1pt inset silver; padding: 0.75pt; width: 192px; background: none 0% 0% repeat scroll white;\" valign=\"top\" width=\"24%\">\n<div><span style=\"font-size: 12px;\"><span style=\"color: #4d4d4d;\">&nbsp;AMPA MEDITERRANEO<\/span><\/span><\/div>\n<\/td>\n<td style=\"border: 1pt inset silver; padding: 0.75pt; width: 191px; background-color: transparent;\" valign=\"top\" width=\"33%\">\n<div style=\"text-align: center;\"><span style=\"font-size: 12px;\"><span style=\"color: #4d4d4d;\">C.E.I.P. LOS CAMPANALES<\/span><\/span><\/div>\n<\/td>\n<td style=\"border: 1pt inset silver; padding: 0.75pt; width: 221px; background-color: transparent;\" valign=\"top\" width=\"41%\">\n<div><span style=\"font-size: 12px;\"><span style=\"color: #4d4d4d;\"><span style=\"color: #0000ff;\"><a href=\"mailto:ampacampanales@demijas.es\">ampacampanales@demijas.es<\/a><\/span><\/span><\/span><\/div>\n<\/td>\n<\/tr>\n<tr>\n<td style=\"border: 1pt inset silver; padding: 0.75pt; width: 192px; background: none 0% 0% repeat scroll white;\" valign=\"top\" width=\"24%\">\n<div><span style=\"font-size: 12px;\"><span style=\"color: #4d4d4d;\">AMPA CALIMA<\/span><\/span><\/div>\n<\/td>\n<td style=\"border: 1pt inset silver; padding: 0.75pt; width: 191px; background-color: transparent;\" valign=\"top\" width=\"33%\">\n<div style=\"text-align: center;\"><span style=\"font-size: 12px;\"><span style=\"color: #4d4d4d;\">C.E.I.P. GARCIA DEL OLMO<\/span><\/span><\/div>\n<\/td>\n<td style=\"border: 1pt inset silver; padding: 0.75pt; width: 221px; background-color: transparent;\" valign=\"top\" width=\"41%\">\n<div><span style=\"font-size: 12px;\"><span style=\"color: #4d4d4d;\"><a href=\"mailto:ampacalimagarciadelolmo@gmail.com\">ampacalimagarciadelolmo@gmail.com<\/a><\/span><\/span><\/div>\n<\/td>\n<\/tr>\n<tr>\n<td style=\"border: 1pt inset silver; padding: 0.75pt; width: 192px; background: none 0% 0% repeat scroll white;\" valign=\"top\" width=\"24%\">\n<div><span style=\"font-size: 12px;\"><span style=\"color: #4d4d4d;\">AMPA LIMAPA<\/span><\/span><\/div>\n<\/td>\n<td style=\"border: 1pt inset silver; padding: 0.75pt; width: 191px; background-color: transparent;\" valign=\"top\" width=\"33%\">\n<div style=\"text-align: center;\"><span style=\"font-size: 12px;\"><span style=\"color: #4d4d4d;\">C.E.P. EL CHAPARRAL<\/span><\/span><\/div>\n<\/td>\n<td style=\"border: 1pt inset silver; padding: 0.75pt; width: 221px; background-color: transparent;\" valign=\"top\" width=\"41%\">\n<div><span style=\"font-size: 12px;\"><span style=\"color: #4d4d4d;\"><a href=\"mailto:ampalimapa2007@yahoo.es\">ampalimapa2007@yahoo.es<\/a><\/span><\/span><\/div>\n<\/td>\n<\/tr>\n<tr>\n<td style=\"border: 1pt inset silver; padding: 0.75pt; width: 192px; background: none 0% 0% repeat scroll white;\" valign=\"top\" width=\"24%\">\n<div><span style=\"font-size: 12px;\"><span style=\"color: #4d4d4d;\">AMPA LA DEFENSA<\/span><\/span><\/div>\n<\/td>\n<td style=\"border: 1pt inset silver; padding: 0.75pt; width: 191px; background-color: transparent;\" valign=\"top\" width=\"33%\">\n<div style=\"text-align: center;\"><span style=\"font-size: 12px;\"><span style=\"color: #4d4d4d;\">I.E.S. LAS LAGUNAS<\/span><\/span><\/div>\n<\/td>\n<td style=\"border: 1pt inset silver; padding: 0.75pt; width: 221px; background-color: transparent;\" valign=\"top\" width=\"41%\">\n<div><span style=\"font-size: 12px;\"><span style=\"color: #4d4d4d;\"><a href=\"mailto:ampaladefensa@gmail.com\">ampaladefensa@gmail.com<\/a><\/span><\/span><\/div>\n<\/td>\n<\/tr>\n<tr>\n<td style=\"border: 1pt inset silver; padding: 0.75pt; width: 192px; background: none 0% 0% repeat scroll white;\" valign=\"top\" width=\"24%\">\n<div><span style=\"font-size: 12px;\"><span style=\"color: #4d4d4d;\">AMPA SIERRA MAR<\/span><\/span><\/div>\n<\/td>\n<td style=\"border: 1pt inset silver; padding: 0.75pt; width: 191px; background-color: transparent;\" valign=\"top\" width=\"33%\">\n<div style=\"text-align: center;\"><span style=\"font-size: 12px;\"><span style=\"color: #4d4d4d;\">I.E.S. SIERRA DE MIJAS<\/span><\/span><\/div>\n<\/td>\n<td style=\"border: 1pt inset silver; padding: 0.75pt; width: 221px; background-color: transparent;\" valign=\"top\" width=\"41%\">\n<div><span style=\"font-size: 12px;\"><a href=\"mailto:ampasierramar@iessierrademijas.es\">ampasierramar@iessierrademijas.es<\/a><\/span><\/div>\n<\/td>\n<\/tr>\n<tr>\n<td style=\"border: 1pt inset silver; padding: 0.75pt; width: 192px; background: none 0% 0% repeat scroll white;\" valign=\"top\" width=\"24%\">\n<div><span style=\"font-size: 12px;\"><span style=\"color: #4d4d4d;\">AMPA MIJAS PUEBLO<\/span><\/span><\/div>\n<\/td>\n<td style=\"border: 1pt inset silver; padding: 0.75pt; width: 191px; background-color: transparent;\" valign=\"top\" width=\"33%\">\n<div style=\"text-align: center;\"><span style=\"font-size: 12px;\"><span style=\"color: #4d4d4d;\">I.E.S. VILLA DE MIJAS<\/span><\/span><\/div>\n<\/td>\n<td style=\"border: 1pt inset silver; padding: 0.75pt; width: 221px; background-color: transparent;\" valign=\"top\" width=\"41%\">\n<div><span style=\"font-size: 12px;\"><span style=\"color: #4d4d4d;\"><a href=\"mailto:ampamijaspueblo1@gmail.com\">ampamijaspueblo1@gmail.com<\/a><\/span><\/span><\/div>\n<\/td>\n<\/tr>\n<tr>\n<td style=\"border: 1pt inset silver; padding: 0.75pt; width: 192px; background: none 0% 0% repeat scroll white;\" valign=\"top\" width=\"24%\">\n<div><span style=\"font-size: 12px;\"><span style=\"color: #4d4d4d;\">AMPA EL TORRE\u00d3N<\/span><\/span><\/div>\n<\/td>\n<td style=\"border: 1pt inset silver; padding: 0.75pt; width: 191px; background-color: transparent;\" valign=\"top\" width=\"33%\">\n<div style=\"text-align: center;\"><span style=\"font-size: 12px;\"><span style=\"color: #4d4d4d;\">I.E.S. LA CALA<\/span><\/span><\/div>\n<\/td>\n<td style=\"border: 1pt inset silver; padding: 0.75pt; width: 221px; background-color: transparent;\" valign=\"top\" width=\"41%\">\n<div><span style=\"font-size: 12px;\"><a href=\"mailto:ampaeltorreonieslacala@gmail.com\">ampaeltorreonieslacala@gmail.com<\/a><\/span><\/div>\n<\/td>\n<\/tr>\n<tr>\n<td style=\"border: 1pt inset silver; padding: 0.75pt; width: 192px; background: none 0% 0% repeat scroll white;\" valign=\"top\" width=\"24%\">\n<div><span style=\"font-size: 12px;\"><span style=\"color: #4d4d4d;\">AMPA EL COTO<\/span><\/span><\/div>\n<\/td>\n<td style=\"border: 1pt inset silver; padding: 0.75pt; width: 191px; background-color: transparent;\" valign=\"top\" width=\"33%\">\n<div style=\"text-align: center;\"><span style=\"font-size: 12px;\"><span style=\"color: #4d4d4d;\">COLEGIO SAN FRANCISCO<\/span><\/span><\/div>\n<\/td>\n<td style=\"border: 1pt inset silver; padding: 0.75pt; width: 221px; background-color: transparent;\" valign=\"top\" width=\"41%\">\n<div><span style=\"font-size: 12px;\"><span style=\"color: #4d4d4d;\"><a href=\"mailto:ampaelcoto@gmail.com\">ampaelcoto@gmail.com<\/a><\/span><\/span><\/div>\n<\/td>\n<\/tr>\n<tr>\n<td style=\"border: 1pt inset silver; padding: 0.75pt; width: 192px; background: none 0% 0% repeat scroll white;\" valign=\"top\" width=\"24%\">\n<div><span style=\"font-size: 12px;\"><span style=\"color: #4d4d4d;\">AMPA EL HUERTO DEL LIMONAR<\/span><\/span><\/div>\n<\/td>\n<td style=\"border: 1pt inset silver; padding: 0.75pt; width: 191px; background-color: transparent;\" valign=\"top\" width=\"33%\">\n<div style=\"text-align: center;\"><span style=\"font-size: 12px;\"><span style=\"color: #4d4d4d;\">E.E.I. LOS CLAVELES<\/span><\/span><\/div>\n<\/td>\n<td style=\"border: 1pt inset silver; padding: 0.75pt; width: 221px; background-color: transparent;\" valign=\"top\" width=\"41%\"><a href=\"mailto:ampahuertolimonar@gmail.com\">ampahuertolimonar@gmail.com<\/a><\/td>\n<\/tr>\n<tr>\n<td style=\"border: 1pt inset silver; padding: 0.75pt; width: 192px; background: none 0% 0% repeat scroll white;\" valign=\"top\" width=\"24%\">\n<div><span style=\"font-size: 12px;\"><span style=\"color: #4d4d4d;\">AMPA EL LAGAR DE MIJAS<\/span><\/span><\/div>\n<\/td>\n<td style=\"border: 1pt inset silver; padding: 0.75pt; width: 191px; background-color: transparent;\" valign=\"top\" width=\"33%\">\n<div style=\"text-align: center;\"><span style=\"font-size: 12px;\"><span style=\"color: #4d4d4d;\">C.E.I.P. TAMIXA<\/span><\/span><\/div>\n<\/td>\n<td style=\"border: 1pt inset silver; padding: 0.75pt; width: 221px; background-color: transparent;\" valign=\"top\" width=\"41%\"><a href=\"mailto:ampaellagar@gmail.com\">ampaellagar@gmail.com<\/a><\/td>\n<\/tr>\n<tr>\n<td style=\"border: 1pt inset silver; padding: 0.75pt; width: 192px; background: none 0% 0% repeat scroll white;\" valign=\"top\" width=\"24%\">\n<div><span style=\"font-size: 12px;\"><span style=\"color: #4d4d4d;\">AMPA LA CALA<\/span><\/span><\/div>\n<\/td>\n<td style=\"border: 1pt inset silver; padding: 0.75pt; width: 191px; background-color: transparent;\" valign=\"top\" width=\"33%\">\n<div style=\"text-align: center;\"><span style=\"font-size: 12px;\"><span style=\"color: #4d4d4d;\">I.E.S. TORRE ALMENARA<\/span><\/span><\/div>\n<\/td>\n<td style=\"border: 1pt inset silver; padding: 0.75pt; width: 221px; background-color: transparent;\" valign=\"top\" width=\"41%\">\n<div><span style=\"font-size: 12px;\"><span style=\"color: #4d4d4d;\"><a href=\"mailto:ampalacala@hotmail.com\">ampalacala@hotmail.com<\/a><\/span><\/span><\/div>\n<\/td>\n<\/tr>\n<tr>\n<td style=\"border: 1pt inset silver; padding: 0.75pt; width: 192px; background: none 0% 0% repeat scroll white;\" valign=\"top\" width=\"24%\">\n<div><span style=\"font-size: 12px;\"><span style=\"color: #4d4d4d;\">AMPA TORRENUEVA<\/span><\/span><\/div>\n<\/td>\n<td style=\"border: 1pt inset silver; padding: 0.75pt; width: 191px; background-color: transparent;\" valign=\"top\" width=\"33%\">\n<div style=\"text-align: center;\"><span style=\"font-size: 12px;\"><span style=\"color: #4d4d4d;\">C.E.I.P. JARDIN BOTANICO<\/span><\/span><\/div>\n<\/td>\n<td style=\"border: 1pt inset silver; padding: 0.75pt; width: 221px; background-color: transparent;\" valign=\"top\" width=\"41%\"><a href=\"mailto:ampadetorrenueva@gmail.com\">ampadetorrenueva@gmail.com<\/a><\/td>\n<\/tr>\n<tr>\n<td style=\"border: 1pt inset silver; padding: 0.75pt; width: 192px; background: none 0% 0% repeat scroll white;\" valign=\"top\" width=\"24%\">\n<div><span style=\"font-size: 12px;\"><span style=\"color: #4d4d4d;\">AMPA LOS OLIVOS<\/span><\/span><\/div>\n<\/td>\n<td style=\"border: 1pt inset silver; padding: 0.75pt; width: 191px; background-color: transparent;\" valign=\"top\" width=\"33%\">\n<div style=\"text-align: center;\"><span style=\"font-size: 12px;\"><span style=\"color: #4d4d4d;\">C.E.I.P. MAR\u00cdA ZAMBRANO<\/span><\/span><\/div>\n<\/td>\n<td style=\"border: 1pt inset silver; padding: 0.75pt; width: 221px; background-color: transparent;\" valign=\"top\" width=\"41%\">\n<div><span style=\"font-size: 12px;\"><a href=\"mailto:losolivosampa2007@gmail.com\">losolivosampa2007@gmail.com<\/a><\/span><\/div>\n<\/td>\n<\/tr>\n<tr>\n<td style=\"border: 1pt inset silver; padding: 0.75pt; width: 192px; background: none 0% 0% repeat scroll white;\" valign=\"top\" width=\"24%\">\n<div><span style=\"font-size: 12px;\"><span style=\"color: #4d4d4d;\">AMPA F\u00c1TIMA<\/span><\/span><\/div>\n<\/td>\n<td style=\"border: 1pt inset silver; padding: 0.75pt; width: 191px; background-color: transparent;\" valign=\"top\" width=\"33%\">\n<div style=\"text-align: center;\"><span style=\"font-size: 12px;\">&nbsp;COLEGIO ENTRERRIOS<\/span><\/div>\n<\/td>\n<td style=\"border: 1pt inset silver; padding: 0.75pt; width: 221px; background-color: transparent;\" valign=\"top\" width=\"41%\">\n<div><span style=\"font-size: 12px;\"><a href=\"mailto:ampafatima2013@yahoo.es\">ampafatima2013@yahoo.es<\/a><\/span><\/div>\n<\/td>\n<\/tr>\n<tr>\n<td style=\"border: 1pt inset silver; padding: 0.75pt; width: 192px; background: none 0% 0% repeat scroll white;\" valign=\"top\" width=\"24%\">\n<div><span style=\"font-size: 12px;\"><span style=\"color: #4d4d4d;\">AMPA LAS CARACOLAS<\/span><\/span><\/div>\n<\/td>\n<td style=\"border: 1pt inset silver; padding: 0.75pt; width: 191px; background-color: transparent;\" valign=\"top\" width=\"33%\">\n<div style=\"text-align: center;\"><span style=\"font-size: 12px;\">&nbsp;C.E.I.P. (NUEVO LAS LAGUNAS)<\/span><\/div>\n<\/td>\n<td style=\"border: 1pt inset silver; padding: 0.75pt; width: 221px; background-color: transparent;\" valign=\"top\" width=\"41%\">\n<div><span style=\"font-size: 12px;\"><a href=\"mailto:ampanuevolaslagunas@yahoo.es\">ampanuevolaslagunas@yahoo.es<\/a><\/span><\/div>\n<\/td>\n<\/tr>\n<tr>\n<td style=\"border: 1pt inset silver; padding: 0.75pt; width: 192px; background: none 0% 0% repeat scroll white;\" valign=\"top\" width=\"24%\">\n<div>&nbsp;<\/div>\n<\/td>\n<td style=\"border: 1pt inset silver; padding: 0.75pt; width: 191px; background-color: transparent;\" valign=\"top\" width=\"33%\">\n<div style=\"text-align: center;\">&nbsp;<\/div>\n<\/td>\n<td style=\"border: 1pt inset silver; padding: 0.75pt; width: 221px; background-color: transparent;\" valign=\"top\" width=\"41%\">\n<div>&nbsp;<\/div>\n<\/td>\n<\/tr>\n<\/tbody>\n<\/table>\n\n\n<p><\/p>\n","protected":false},"excerpt":{"rendered":"<p>Contacto AMPAS AMPA CENTRO CORREO ELECTR\u00d3NICO &nbsp;AMPA MONTE MIJAS C.E.I.P. SAN SEBASTIAN ampamontemijas@gmail.com &nbsp;AMPA FENIX C.E.I.P. LAS CA\u00d1ADAS apafenix@hotmail.com &nbsp;AMPA IBERIA C.E.I.P. VIRGEN DE LA PE\u00d1A ampaiberia@yahoo.es &nbsp;AMPA VIRGEN DE LA PAZ C.E.I.P. EL ALBERO ampavirgendelapaz@hotmail.es &nbsp;AMPA MEDITERRANEO C.E.I.P. LOS CAMPANALES ampacampanales@demijas.es AMPA CALIMA C.E.I.P. GARCIA DEL OLMO ampacalimagarciadelolmo@gmail.com AMPA LIMAPA C.E.P. EL CHAPARRAL ampalimapa2007@yahoo.es [&hellip;]<\/p>\n","protected":false},"author":1,"featured_media":12890,"parent":266,"menu_order":0,"comment_status":"closed","ping_status":"open","template":"page-departamental.php","meta":[],"_links":{"self":[{"href":"https:\/\/www.mijas.es\/portal\/wp-json\/wp\/v2\/pages\/274"}],"collection":[{"href":"https:\/\/www.mijas.es\/portal\/wp-json\/wp\/v2\/pages"}],"about":[{"href":"https:\/\/www.mijas.es\/portal\/wp-json\/wp\/v2\/types\/page"}],"author":[{"embeddable":true,"href":"https:\/\/www.mijas.es\/portal\/wp-json\/wp\/v2\/users\/1"}],"replies":[{"embeddable":true,"href":"https:\/\/www.mijas.es\/portal\/wp-json\/wp\/v2\/comments?post=274"}],"version-history":[{"count":11,"href":"https:\/\/www.mijas.es\/portal\/wp-json\/wp\/v2\/pages\/274\/revisions"}],"predecessor-version":[{"id":46694,"href":"https:\/\/www.mijas.es\/portal\/wp-json\/wp\/v2\/pages\/274\/revisions\/46694"}],"up":[{"embeddable":true,"href":"https:\/\/www.mijas.es\/portal\/wp-json\/wp\/v2\/pages\/266"}],"wp:featuredmedia":[{"embeddable":true,"href":"https:\/\/www.mijas.es\/portal\/wp-json\/wp\/v2\/media\/12890"}],"wp:attachment":[{"href":"https:\/\/www.mijas.es\/portal\/wp-json\/wp\/v2\/media?parent=274"}],"curies":[{"name":"wp","href":"https:\/\/api.w.org\/{rel}","templated":true}]}}