{"id":27379,"date":"2019-08-07T09:06:41","date_gmt":"2019-08-07T09:06:41","guid":{"rendered":"https:\/\/www.mijas.es\/portal\/?page_id=27379"},"modified":"2021-08-12T15:56:41","modified_gmt":"2021-08-12T14:56:41","slug":"biodiversidad-en-el-litoral","status":"publish","type":"page","link":"https:\/\/www.mijas.es\/portal\/medio-ambiente\/biodiversidad-en-el-litoral\/","title":{"rendered":"Biodiversidad en el Litoral"},"content":{"rendered":"\n<style> \ntable {\n           width:100%;\n       }\n<\/style>\n\n<table class=\"wp-block-table\" border=\"1\" bordercolor=\"#DFDFDF\"><tbody><tr><td>  <strong>Biodiversidad Litoral<\/strong><br> <a rel=\"noreferrer noopener\" href=\"https:\/\/www.mijas.es\/files\/adjuntos\/Playas\/Biodiversidad2015\/carteles Especies Protegidas.pdf\" target=\"_blank\">Especies protegidas<\/a> <br><a target=\"_blank\" rel=\"noreferrer noopener\" href=\"https:\/\/www.mijas.es\/files\/adjuntos\/Playas\/Biodiversidad2015\/mesa interpretativa Arenales Costeros.pdf\">Arenales Costeros<\/a> <br><a target=\"_blank\" rel=\"noreferrer noopener\" href=\"https:\/\/www.mijas.es\/files\/adjuntos\/Playas\/Biodiversidad2015\/mesa interpretativa Cabos Rocosos.pdf\">Cabos Rocosos<\/a> <br><a target=\"_blank\" rel=\"noreferrer noopener\" href=\"https:\/\/www.mijas.es\/files\/adjuntos\/Playas\/Biodiversidad2015\/mesa interpretativa Cet\u00e1ceos en el Mar de Albor\u00e1n.pdf\">Cet\u00e1ceos en el Mar de Albor\u00e1n<\/a> <br><a target=\"_blank\" rel=\"noreferrer noopener\" href=\"https:\/\/www.mijas.es\/files\/adjuntos\/Playas\/Biodiversidad2015\/mesa interpretativa Charcas Intermareales.pdf\">Charcas Intermareales<\/a> <br><a target=\"_blank\" rel=\"noreferrer noopener\" href=\"https:\/\/www.mijas.es\/files\/adjuntos\/Playas\/Biodiversidad2015\/mesa interpretativa Cursos Fluviales.pdf\">Cursos Fluviales<\/a> <br><a target=\"_blank\" rel=\"noreferrer noopener\" href=\"https:\/\/www.mijas.es\/files\/adjuntos\/Playas\/Biodiversidad2015\/mesa interpretativa Dunas Mediterr\u00e1neas.pdf\">Dunas Mediterr\u00e1neas<\/a> <br><a target=\"_blank\" rel=\"noreferrer noopener\" href=\"https:\/\/www.mijas.es\/files\/adjuntos\/Playas\/Biodiversidad2015\/mesa interpretativa Enclaves Ornitol\u00f3gicos.pdf\">Enclaves Ornitol\u00f3gicos<\/a> <br><a target=\"_blank\" rel=\"noreferrer noopener\" href=\"https:\/\/www.mijas.es\/files\/adjuntos\/Playas\/Biodiversidad2015\/mesa interpretativa Praderas de Faner\u00f3gamas Marinas.pdf\">Praderas de Faner\u00f3gamas Marinas<\/a> <br><a target=\"_blank\" href=\"https:\/\/www.mijas.es\/wp-content\/uploads\/2021\/08\/Biodiversidad-en-el-Roquedo-Litoral.pdf\" rel=\"noopener\">Roquedo de la zona litoral de Mijas<\/a><\/td><\/tr><\/tbody><\/table>\n","protected":false},"excerpt":{"rendered":"<p>Biodiversidad Litoral Especies protegidas Arenales Costeros Cabos Rocosos Cet\u00e1ceos en el Mar de Albor\u00e1n Charcas Intermareales Cursos Fluviales Dunas Mediterr\u00e1neas Enclaves Ornitol\u00f3gicos Praderas de Faner\u00f3gamas Marinas Roquedo de la zona litoral de Mijas<\/p>\n","protected":false},"author":1,"featured_media":0,"parent":12115,"menu_order":0,"comment_status":"closed","ping_status":"closed","template":"page-departamental.php","meta":[],"_links":{"self":[{"href":"https:\/\/www.mijas.es\/portal\/wp-json\/wp\/v2\/pages\/27379"}],"collection":[{"href":"https:\/\/www.mijas.es\/portal\/wp-json\/wp\/v2\/pages"}],"about":[{"href":"https:\/\/www.mijas.es\/portal\/wp-json\/wp\/v2\/types\/page"}],"author":[{"embeddable":true,"href":"https:\/\/www.mijas.es\/portal\/wp-json\/wp\/v2\/users\/1"}],"replies":[{"embeddable":true,"href":"https:\/\/www.mijas.es\/portal\/wp-json\/wp\/v2\/comments?post=27379"}],"version-history":[{"count":5,"href":"https:\/\/www.mijas.es\/portal\/wp-json\/wp\/v2\/pages\/27379\/revisions"}],"predecessor-version":[{"id":42291,"href":"https:\/\/www.mijas.es\/portal\/wp-json\/wp\/v2\/pages\/27379\/revisions\/42291"}],"up":[{"embeddable":true,"href":"https:\/\/www.mijas.es\/portal\/wp-json\/wp\/v2\/pages\/12115"}],"wp:attachment":[{"href":"https:\/\/www.mijas.es\/portal\/wp-json\/wp\/v2\/media?parent=27379"}],"curies":[{"name":"wp","href":"https:\/\/api.w.org\/{rel}","templated":true}]}}