{"id":27373,"date":"2019-08-07T09:00:35","date_gmt":"2019-08-07T09:00:35","guid":{"rendered":"https:\/\/www.mijas.es\/portal\/?page_id=27373"},"modified":"2019-08-07T10:43:03","modified_gmt":"2019-08-07T10:43:03","slug":"apuntes-sobre-flora-y-fauna","status":"publish","type":"page","link":"https:\/\/www.mijas.es\/portal\/medio-ambiente\/apuntes-sobre-flora-y-fauna\/","title":{"rendered":"Apuntes sobre Flora y Fauna"},"content":{"rendered":"\n<p><strong>La Sierra de Mijas.<br>Una visi\u00f3n naturalista.<\/strong><\/p>\n\n\n\n<p>La&nbsp;<strong>Sierra de Mijas<\/strong>&nbsp;es un cord\u00f3n monta\u00f1oso calizo que discurre paralelo a la costa, conformando un balc\u00f3n natural sobre el Mediterr\u00e1neo de gran biodiversidad.<\/p>\n\n\n\n<p>La Villa de Mijas se enclava a pie de esta hermosa sierra, que constituye el verdadero pulm\u00f3n verde de la Costa del Sol y un claro ejemplo de Ecosistema Mediterr\u00e1neo.<\/p>\n\n\n\n<p>En latitudes bajas y medias de este macizo, encontramos un extenso pinar repoblado a mediados del siglo XX, acompa\u00f1ado de&nbsp;<strong>algarrobos<\/strong>&nbsp;(Ceratonia siliqua) y&nbsp;<strong>acebuches<\/strong>&nbsp;(Olea europaea var. sylvestris), importante fuente de alimento para&nbsp;<strong>carboneros<\/strong>&nbsp;(Parus major),&nbsp;<strong>petirrojos<\/strong>&nbsp;(Erithacus rubecula),&nbsp;<strong>piquituertos<\/strong>&nbsp;(Loxia curvirostra) y&nbsp;<strong>herrerillos<\/strong>&nbsp;(Parus caeruleus), entre otros, que se refugian en estos bosques. Caminando por cualquiera de las m\u00faltiples sendas y veredas que recorren este enclave natural, se perciben los inconfundibles olores y fragancias del matorral abierto y de poco porte que se desarrolla bajo la cubierta arb\u00f3rea.&nbsp;<strong>Tomillo andaluz<\/strong>&nbsp;(Thymbra capitata),&nbsp;<strong>romero<\/strong>&nbsp;(Rosmarinus officinalis),&nbsp;<strong>almoraduz<\/strong>(Thymus mastichina),&nbsp;<strong>matagallo<\/strong>&nbsp;(Phlomis purpurea),&nbsp;<strong>cantueso<\/strong>&nbsp;(Lavandula stoechas),&nbsp;<strong>rua<\/strong>(Ruta chalepensis),&nbsp;<strong>hinojo<\/strong>&nbsp;(Foeniculum vulgare),&nbsp;<strong>gordolobo<\/strong>&nbsp;(Verbascum giganteum),&nbsp;<strong>palmito<\/strong>(Chamaerops humilis),&nbsp;<strong>esparto<\/strong>&nbsp;(Stipa tenacissima)\u2026 son especies que nunca han faltado en las despensas de nuestros abuelos, pues tradicionalmente han sido fuente de innumerables&nbsp;<em><strong>remedios caseros<\/strong><\/em>&nbsp;para diversas dolencias en virtud de sus propiedades curativas.<\/p>\n\n\n\n<p>Formando parte del pastizal y en los claros de bosque, se puede observar una de las familias m\u00e1s evolucionadas del Reino Vegetal, las&nbsp;<strong>Orqu\u00eddeas<\/strong>, que junto a los&nbsp;<em><strong>endemismos vegetales<\/strong><\/em>que se desarrollan debido a las particularidades geol\u00f3gicas y climatol\u00f3gicas de esta sierra, constituyen la principal riqueza bot\u00e1nica de la misma.<\/p>\n\n\n\n<p>Ya en las proximidades del Pico Mijas, que con sus 1.150 m. sobre el nivel del mar es un observatorio excepcional de toda la provincia, podemos hablar de t\u00fa a t\u00fa con&nbsp;<strong>Cern\u00edcalos<\/strong>(Falco tinnunculus),&nbsp;<strong>\u00c1guilas Reales<\/strong>&nbsp;(Aquila chrysaetos) y&nbsp;<strong>Calzadas<\/strong>&nbsp;(Hieraaetus pennatus), en un marco donde el estrato arb\u00f3reo es dominado por la encina, en cuyo tronco, vive la&nbsp;<strong>Gineta<\/strong>&nbsp;(Genetta genetta) esperando pacientemente a que un despistado&nbsp;<strong>Lir\u00f3n careto<\/strong>(Eliomys quercinus) pase por su \u00e1rea de campeo y cazarlo antes que el&nbsp;<strong>B\u00faho real<\/strong>&nbsp;(Bubo bubo). La&nbsp;<strong>encina<\/strong>&nbsp;(Quercus rotundifolia) se acompa\u00f1a de un matorral denso y arbustivo compuesto de&nbsp;<strong>coscoja<\/strong>&nbsp;(Quercus coccifera),&nbsp;<strong>lentisco<\/strong>&nbsp;(Pistacia lentiscus),&nbsp;<strong>enebro<\/strong>&nbsp;(Juniperus oxycedrus),&nbsp;<strong>cornicabra<\/strong>&nbsp;(Pistacia terebinthus),&nbsp;<strong>torvizco<\/strong>&nbsp;(Daphne gnidium) y&nbsp;<strong>jaras<\/strong>&nbsp;(Cistus sp.).<\/p>\n\n\n\n<p>Terminaremos nuestro paseo ya anocheciendo, y quiz\u00e1s, oigamos el rodar de piedras ca\u00f1ada abajo desprendidas tras el \u00e1gil apoyo de la&nbsp;<strong>Cabra Mont\u00e9s<\/strong>&nbsp;(Capra pyrenaica hispanica), en su habitual desplazamiento nocturno en busca de agua.<\/p>\n\n\n\n<p>Ya en nuestro destino, tendremos la sensaci\u00f3n de haber recorrido una sierra viva, que late, y ese latir, hace que respiremos profundamente aisl\u00e1ndonos de nuestra ajetreada vida cotidiana. <\/p>\n\n\n\n<p>Textos y fotograf\u00edas vegetaci\u00f3n:&nbsp;<strong>Francisco J. P\u00e9rez S\u00e1nchez<\/strong><\/p>\n\n\n\n<p>Fotograf\u00edas fauna:\u00a0<strong>Cristian F. Rueda<\/strong><\/p>\n\n\n\n<ul class=\"wp-block-gallery columns-3 is-cropped\"><li class=\"blocks-gallery-item\"><figure><img decoding=\"async\" width=\"200\" height=\"150\" src=\"https:\/\/www.mijas.es\/wp-content\/uploads\/2019\/06\/a6_1_2_1_a.jpg\" alt=\"\" data-id=\"24986\" data-link=\"https:\/\/www.mijas.es\/portal\/medio-ambiente\/gestion-flora-y-fauna\/a6_1_2_1_a\/\" class=\"wp-image-24986\"\/><\/figure><\/li><li class=\"blocks-gallery-item\"><figure><img decoding=\"async\" width=\"200\" height=\"150\" src=\"https:\/\/www.mijas.es\/wp-content\/uploads\/2019\/06\/a6_1_2_2_a.jpg\" alt=\"\" data-id=\"24987\" data-link=\"https:\/\/www.mijas.es\/portal\/medio-ambiente\/gestion-flora-y-fauna\/a6_1_2_2_a\/\" class=\"wp-image-24987\"\/><\/figure><\/li><li class=\"blocks-gallery-item\"><figure><img decoding=\"async\" width=\"200\" height=\"150\" src=\"https:\/\/www.mijas.es\/wp-content\/uploads\/2019\/06\/a6_1_2_3_a.jpg\" alt=\"\" data-id=\"24988\" data-link=\"https:\/\/www.mijas.es\/portal\/medio-ambiente\/gestion-flora-y-fauna\/a6_1_2_3_a\/\" class=\"wp-image-24988\"\/><\/figure><\/li><li class=\"blocks-gallery-item\"><figure><img decoding=\"async\" width=\"200\" height=\"150\" src=\"https:\/\/www.mijas.es\/wp-content\/uploads\/2019\/06\/a6_1_2_4_a.jpg\" alt=\"\" data-id=\"24989\" data-link=\"https:\/\/www.mijas.es\/portal\/medio-ambiente\/gestion-flora-y-fauna\/a6_1_2_4_a\/\" class=\"wp-image-24989\"\/><\/figure><\/li><li class=\"blocks-gallery-item\"><figure><img decoding=\"async\" width=\"200\" height=\"150\" src=\"https:\/\/www.mijas.es\/wp-content\/uploads\/2019\/06\/a6_1_2_5_a.jpg\" alt=\"\" data-id=\"24990\" data-link=\"https:\/\/www.mijas.es\/portal\/medio-ambiente\/gestion-flora-y-fauna\/a6_1_2_5_a\/\" class=\"wp-image-24990\"\/><\/figure><\/li><li class=\"blocks-gallery-item\"><figure><img decoding=\"async\" width=\"200\" height=\"150\" src=\"https:\/\/www.mijas.es\/wp-content\/uploads\/2019\/06\/a6_1_2_6_a.jpg\" alt=\"\" data-id=\"24991\" data-link=\"https:\/\/www.mijas.es\/portal\/medio-ambiente\/gestion-flora-y-fauna\/a6_1_2_6_a\/\" class=\"wp-image-24991\"\/><\/figure><\/li><li class=\"blocks-gallery-item\"><figure><img decoding=\"async\" width=\"200\" height=\"132\" src=\"https:\/\/www.mijas.es\/wp-content\/uploads\/2019\/06\/a6_1_2_Cantahueso_a.jpg\" alt=\"\" data-id=\"24992\" data-link=\"https:\/\/www.mijas.es\/portal\/medio-ambiente\/gestion-flora-y-fauna\/a6_1_2_cantahueso_a\/\" class=\"wp-image-24992\"\/><\/figure><\/li><li class=\"blocks-gallery-item\"><figure><img decoding=\"async\" width=\"200\" height=\"130\" src=\"https:\/\/www.mijas.es\/wp-content\/uploads\/2019\/06\/a6_1_2_Coscoja_a.jpg\" alt=\"\" data-id=\"24993\" data-link=\"https:\/\/www.mijas.es\/portal\/medio-ambiente\/gestion-flora-y-fauna\/a6_1_2_coscoja_a\/\" class=\"wp-image-24993\"\/><\/figure><\/li><li class=\"blocks-gallery-item\"><figure><img decoding=\"async\" width=\"200\" height=\"132\" src=\"https:\/\/www.mijas.es\/wp-content\/uploads\/2019\/06\/a6_1_2_Encina_a.jpg\" alt=\"\" data-id=\"24994\" data-link=\"https:\/\/www.mijas.es\/portal\/medio-ambiente\/gestion-flora-y-fauna\/a6_1_2_encina_a\/\" class=\"wp-image-24994\"\/><\/figure><\/li><li class=\"blocks-gallery-item\"><figure><img decoding=\"async\" width=\"200\" height=\"131\" src=\"https:\/\/www.mijas.es\/wp-content\/uploads\/2019\/06\/a6_1_2_Erizo_a.jpg\" alt=\"\" data-id=\"24995\" data-link=\"https:\/\/www.mijas.es\/portal\/medio-ambiente\/gestion-flora-y-fauna\/a6_1_2_erizo_a\/\" class=\"wp-image-24995\"\/><\/figure><\/li><li class=\"blocks-gallery-item\"><figure><img decoding=\"async\" width=\"200\" height=\"132\" src=\"https:\/\/www.mijas.es\/wp-content\/uploads\/2019\/06\/a6_1_2_Esparto_a.jpg\" alt=\"\" data-id=\"24996\" data-link=\"https:\/\/www.mijas.es\/portal\/medio-ambiente\/gestion-flora-y-fauna\/a6_1_2_esparto_a\/\" class=\"wp-image-24996\"\/><\/figure><\/li><li class=\"blocks-gallery-item\"><figure><img decoding=\"async\" width=\"200\" height=\"134\" src=\"https:\/\/www.mijas.es\/wp-content\/uploads\/2019\/06\/a6_1_2_Lentisco_a.jpg\" alt=\"\" data-id=\"24997\" data-link=\"https:\/\/www.mijas.es\/portal\/medio-ambiente\/gestion-flora-y-fauna\/a6_1_2_lentisco_a\/\" class=\"wp-image-24997\"\/><\/figure><\/li><li class=\"blocks-gallery-item\"><figure><img decoding=\"async\" width=\"149\" height=\"200\" src=\"https:\/\/www.mijas.es\/wp-content\/uploads\/2019\/06\/a6_1_2_Linaria_a.jpg\" alt=\"\" data-id=\"24998\" data-link=\"https:\/\/www.mijas.es\/portal\/medio-ambiente\/gestion-flora-y-fauna\/a6_1_2_linaria_a\/\" class=\"wp-image-24998\"\/><\/figure><\/li><li class=\"blocks-gallery-item\"><figure><img decoding=\"async\" width=\"200\" height=\"130\" src=\"https:\/\/www.mijas.es\/wp-content\/uploads\/2019\/06\/a6_1_2_Manzanilla_a.jpg\" alt=\"\" data-id=\"24999\" data-link=\"https:\/\/www.mijas.es\/portal\/medio-ambiente\/gestion-flora-y-fauna\/a6_1_2_manzanilla_a\/\" class=\"wp-image-24999\"\/><\/figure><\/li><li class=\"blocks-gallery-item\"><figure><img decoding=\"async\" width=\"147\" height=\"200\" src=\"https:\/\/www.mijas.es\/wp-content\/uploads\/2019\/06\/a6_1_2_Matagallo_a.jpg\" alt=\"\" data-id=\"25000\" data-link=\"https:\/\/www.mijas.es\/portal\/medio-ambiente\/gestion-flora-y-fauna\/a6_1_2_matagallo_a\/\" class=\"wp-image-25000\"\/><\/figure><\/li><li class=\"blocks-gallery-item\"><figure><img decoding=\"async\" width=\"134\" height=\"200\" src=\"https:\/\/www.mijas.es\/wp-content\/uploads\/2019\/06\/a6_1_2_Mimosa_a.jpg\" alt=\"\" data-id=\"25001\" data-link=\"https:\/\/www.mijas.es\/portal\/medio-ambiente\/gestion-flora-y-fauna\/a6_1_2_mimosa_a\/\" class=\"wp-image-25001\"\/><\/figure><\/li><li class=\"blocks-gallery-item\"><figure><img decoding=\"async\" width=\"200\" height=\"131\" src=\"https:\/\/www.mijas.es\/wp-content\/uploads\/2019\/06\/a6_1_2_Raton_de_campo_a.jpg\" alt=\"\" data-id=\"25002\" data-link=\"https:\/\/www.mijas.es\/portal\/medio-ambiente\/gestion-flora-y-fauna\/a6_1_2_raton_de_campo_a\/\" class=\"wp-image-25002\"\/><\/figure><\/li><li class=\"blocks-gallery-item\"><figure><img decoding=\"async\" width=\"200\" height=\"132\" src=\"https:\/\/www.mijas.es\/wp-content\/uploads\/2019\/06\/a6_1_2_Tomillo_a.jpg\" alt=\"\" data-id=\"25003\" data-link=\"https:\/\/www.mijas.es\/portal\/medio-ambiente\/gestion-flora-y-fauna\/a6_1_2_tomillo_a\/\" class=\"wp-image-25003\"\/><\/figure><\/li><\/ul>\n","protected":false},"excerpt":{"rendered":"<p>La Sierra de Mijas.Una visi\u00f3n naturalista. La&nbsp;Sierra de Mijas&nbsp;es un cord\u00f3n monta\u00f1oso calizo que discurre paralelo a la costa, conformando un balc\u00f3n natural sobre el Mediterr\u00e1neo de gran biodiversidad. La Villa de Mijas se enclava a pie de esta hermosa sierra, que constituye el verdadero pulm\u00f3n verde de la Costa del Sol y un claro [&hellip;]<\/p>\n","protected":false},"author":1,"featured_media":0,"parent":12115,"menu_order":0,"comment_status":"closed","ping_status":"closed","template":"page-departamental.php","meta":[],"_links":{"self":[{"href":"https:\/\/www.mijas.es\/portal\/wp-json\/wp\/v2\/pages\/27373"}],"collection":[{"href":"https:\/\/www.mijas.es\/portal\/wp-json\/wp\/v2\/pages"}],"about":[{"href":"https:\/\/www.mijas.es\/portal\/wp-json\/wp\/v2\/types\/page"}],"author":[{"embeddable":true,"href":"https:\/\/www.mijas.es\/portal\/wp-json\/wp\/v2\/users\/1"}],"replies":[{"embeddable":true,"href":"https:\/\/www.mijas.es\/portal\/wp-json\/wp\/v2\/comments?post=27373"}],"version-history":[{"count":3,"href":"https:\/\/www.mijas.es\/portal\/wp-json\/wp\/v2\/pages\/27373\/revisions"}],"predecessor-version":[{"id":27377,"href":"https:\/\/www.mijas.es\/portal\/wp-json\/wp\/v2\/pages\/27373\/revisions\/27377"}],"up":[{"embeddable":true,"href":"https:\/\/www.mijas.es\/portal\/wp-json\/wp\/v2\/pages\/12115"}],"wp:attachment":[{"href":"https:\/\/www.mijas.es\/portal\/wp-json\/wp\/v2\/media?parent=27373"}],"curies":[{"name":"wp","href":"https:\/\/api.w.org\/{rel}","templated":true}]}}