{"id":273,"date":"2013-05-18T18:08:17","date_gmt":"2013-05-18T18:08:17","guid":{"rendered":"http:\/\/localhost\/pruebaweb\/?p=273"},"modified":"2024-09-10T09:10:18","modified_gmt":"2024-09-10T08:10:18","slug":"institutos","status":"publish","type":"page","link":"https:\/\/www.mijas.es\/portal\/educacion\/institutos\/","title":{"rendered":"Institutos"},"content":{"rendered":"<div style=\"text-align: left;\"><b><u><span style=\"color: navy; font-size: 14pt;\">ZONA DE LAS LAGUNAS<\/span><\/u><\/b><\/div>\n<div><\/div>\n<div style=\"text-align: left;\"><img decoding=\"async\" class=\"alignnone size-full wp-image-36367\" src=\"https:\/\/www.mijas.es\/wp-content\/uploads\/2021\/04\/IES-Vega-de-Mijas.jpg\" alt=\"\" width=\"225\" height=\"163\" \/><\/div>\n<div style=\"text-align: left;\"><strong><span style=\"color: black; font-size: 13.5pt;\">I.E.S. VEGA DE MIJAS<\/span><\/strong><\/div>\n<div style=\"text-align: left;\"><b> <\/b><span style=\"color: black; font-size: 9pt;\"><span style=\"color: black; font-size: 9pt;\"><a href=\"mailto:29007329.averroes@juntadeandalucia.es\"><span style=\"color: #4d4d4d; font-size: 10pt;\">29007329.edu@juntadeandalucia.es<\/span><\/a><\/span><\/span><\/div>\n<ul>\n<li><span style=\"color: black; font-size: 10pt;\">Direcci\u00f3n: <\/span>Antonio Garc\u00eda Moreno s\/n<\/li>\n<li><span style=\"color: black; font-size: 10pt;\"><span style=\"color: black; font-size: 10pt;\">Las Lagunas Mijas-costa (29651)<\/span><\/span><\/li>\n<li><a href=\"https:\/\/www.arcgis.com\/apps\/View\/index.html?appid=e5dcaa11dc7e4617a134ee814c4b75c5\"><strong>Ver Mapa (pinche aqu\u00ed)<\/strong><\/a><\/li>\n<li>Tef: 951 268 758<\/li>\n<li><span style=\"color: black; font-size: 10pt;\"><span style=\"color: black; font-size: 10pt;\">Niveles: De 1\u00ba a 4\u00ba de la \u00a0ESO, 1\u00ba de Bachillerato, Aula de necesidades especificas (autismo) y Ciclos Formativos:<\/span><\/span>\n<ul>\n<li>Grado Medio:\n<ul>\n<li>Sistemas Microinform\u00e1ticos y Redes.<\/li>\n<\/ul>\n<\/li>\n<li>Grado Superior:\n<ul>\n<li>Desarrollo Aplicaciones Web.<\/li>\n<li>Gu\u00edas informaci\u00f3n y Asistencia Tur\u00edstica.<\/li>\n<li>Agencias de Viajes y Gesti\u00f3n de Eventos.<\/li>\n<\/ul>\n<\/li>\n<\/ul>\n<\/li>\n<li>Unidades: 28<\/li>\n<li>N\u00ba alumnos: 821<\/li>\n<li>Servicios: Transporte Escolar, Plan de apertura de Centro (comedor y actividades extraescolares) y Centro Biling\u00fce.<\/li>\n<li>C\u00f3digo: 29007329<\/li>\n<\/ul>\n<div style=\"text-align: left;\"><\/div>\n<div style=\"text-align: left;\"><strong><span style=\"color: black; font-size: 13.5pt;\">I.E.S. LAS LAGUNAS<br \/>\n<\/span><\/strong><\/div>\n<div style=\"text-align: left;\"><span style=\"color: black; font-size: 9pt;\">\u00a0<a href=\"mailto:29700709.averroes@juntadeandalucia.es\"><strong><span style=\"color: #4d4d4d; font-size: 10pt;\">29700709.edu@juntadeandalucia.es<\/span><\/strong><\/a><\/span><\/div>\n<div style=\"text-align: left;\"><\/div>\n<ul>\n<li><span style=\"color: black; font-size: 10pt;\"><span style=\"color: black; font-size: 10pt;\">Cmno. Del Albero, s\/n. Las Lagunas (Mijas Costa). <\/span><\/span><\/li>\n<li><a href=\"https:\/\/www.arcgis.com\/apps\/View\/index.html?appid=ee87cd033a1744a48e03d815416b865e\"><strong>Ver Mapa (pinche aqu\u00ed)<\/strong><\/a><\/li>\n<li>Tef: 952477363.<\/li>\n<li>Niveles: De 1\u00ba a 4\u00ba de la \u00a0ESO,1\u00ba y 2\u00ba \u00a0Bachillerato y PCPI (auxiliar de comercial y almacen)<\/li>\n<li>Unidades: 34<\/li>\n<li>N\u00ba Alumnos: 973<\/li>\n<li>Servicios: Transporte Escolar<\/li>\n<li>C\u00f3digo: 29700709<\/li>\n<\/ul>\n<div><img decoding=\"async\" class=\"alignnone size-full wp-image-36374\" src=\"https:\/\/www.mijas.es\/wp-content\/uploads\/2021\/04\/IES-Sierra-de-Mijas.jpg\" alt=\"\" width=\"232\" height=\"114\" \/><\/div>\n<div style=\"text-align: left;\"><strong><span style=\"color: black; font-size: 13.5pt;\">I.E.S. SIERRA\u00a0 DE\u00a0 MIJAS <\/span><\/strong><\/div>\n<div style=\"text-align: left;\"><span style=\"color: black; font-size: 9pt;\"><span style=\"color: black; font-size: 9pt;\"><strong><span style=\"color: #4d4d4d; font-size: 10pt;\"><a href=\"mailto:29700023.averroes@juntadeandalucia.es\">29700023.edu@juntadeandalucia.es<\/a><\/span><\/strong><\/span><\/span><\/div>\n<ul>\n<li style=\"text-align: left;\"><span style=\"color: black; font-size: 10pt;\"><span style=\"color: black; font-size: 10pt;\">C\/ Rio Las Pasadas, s\/n. Las Lagunas (Mijas Costa). <\/span><\/span><\/li>\n<li style=\"text-align: left;\">Tef: 951 26 98 60<\/li>\n<li style=\"text-align: left;\">Niveles: ESO, Bachillerato, ESPA (Educaci\u00f3n Secundaria Personas <span style=\"font-size: inherit;\">Adultas), PCPI (Auxiliar Inform\u00e1tica), Ciclos Formativos:<\/span>\n<ul>\n<li style=\"text-align: left;\"><span style=\"font-size: inherit;\">Grado Medio:<\/span>\n<ul>\n<li style=\"text-align: left;\"><span style=\"font-size: inherit;\">Actividades F\u00edsico Deportivas en el Medio Natural<\/span><\/li>\n<\/ul>\n<\/li>\n<li style=\"text-align: left;\"><span style=\"font-size: inherit;\"><span style=\"font-size: inherit;\">\u00a0Grado Superior:<\/span><\/span>\n<ul>\n<li style=\"text-align: left;\"><span style=\"font-size: inherit;\"><span style=\"color: black; font-size: 10pt;\"><span style=\"color: black; font-size: 10pt;\">Animaci\u00f3n Actividades F\u00edsico Deportivas<\/span><\/span>-Unidades:\u00a02<br \/>\n<\/span><\/li>\n<\/ul>\n<\/li>\n<\/ul>\n<\/li>\n<li>N\u00ba Unidades: 44<\/li>\n<li>N\u00ba Alumnos: 1400<\/li>\n<li>Servicios: Transporte escolar, Centro TIC, Centro Biling\u00fce, Plan de Apertura de Centro (comedor) y \u00a0Escuelas Deportivas.<\/li>\n<li>C\u00f3digo: 29700023<\/li>\n<li><a href=\"https:\/\/www.arcgis.com\/apps\/View\/index.html?appid=9f7fdf52004e46d3935797da1d26fac8\"><strong>Ver Mapa (pinche aqu\u00ed)<\/strong><\/a><\/li>\n<\/ul>\n<div style=\"margin-bottom: 12pt; text-align: left;\"><\/div>\n<div style=\"text-align: left;\"><b><span style=\"color: black; font-size: 13.5pt;\">COLEGIO SAN FRANCISCO DE ASIS<\/span><\/b><\/div>\n<div style=\"text-align: left;\">administracion@colegiosanfranciscodeasis.com<\/div>\n<div style=\"text-align: left;\">\n<ul>\n<li><a href=\"https:\/\/www.arcgis.com\/apps\/View\/index.html?appid=ee87cd033a1744a48e03d815416b865e\"><strong>Ver Mapa (pinche aqu\u00ed)<\/strong><\/a><\/li>\n<li>\n<div style=\"margin-bottom: 0cm;\">Plaza Maite Alc\u00e1zar Zambrano Urbanizaci\u00f3n El Coto (Mijas Costa)<\/div>\n<\/li>\n<li>\n<div style=\"margin-bottom: 0cm;\"><span style=\"color: black; font-size: 10pt;\">Tef. 952 47 34 24 Fax 952 47 68 03<\/span><\/div>\n<\/li>\n<li>\n<div style=\"margin-bottom: 0cm;\"><span style=\"color: black; font-size: 10pt;\">Oferta Educativa:<\/span><\/div>\n<ul>\n<li>\n<div style=\"margin-bottom: 0cm;\"><span style=\"color: black; font-size: 10pt;\">Segundo Ciclo Educaci\u00f3n Infantil<\/span><\/div>\n<\/li>\n<li>\n<div style=\"margin-bottom: 0cm;\"><span style=\"color: black; font-size: 10pt;\">Primaria<\/span><\/div>\n<\/li>\n<li>\n<div style=\"margin-bottom: 0cm;\"><span style=\"color: black; font-size: 10pt;\">Secundaria<\/span><\/div>\n<\/li>\n<\/ul>\n<\/li>\n<li>\n<div style=\"margin-bottom: 0cm;\"><span style=\"color: black; font-size: 10pt;\">N\u00ba de unidades ESO: 8<\/span><\/div>\n<\/li>\n<li>\n<div style=\"margin-bottom: 0cm;\">N\u00ba de alumnos: 275 alumnos<\/div>\n<\/li>\n<li>\n<div style=\"margin-bottom: 0cm;\">N\u00ba de unidades Bachiller: 4<\/div>\n<\/li>\n<li>\n<div style=\"margin-bottom: 0cm;\"><span style=\"color: black; font-size: 10pt;\">N\u00ba de alumnos: 100<\/span><\/div>\n<\/li>\n<li>\n<div style=\"margin-bottom: 0cm;\"><span style=\"color: black; font-size: 10pt;\">Servicios:<\/span><\/div>\n<ul>\n<li>\n<div style=\"margin-bottom: 0cm;\">Escuela Elemental de M\u00fasica<\/div>\n<\/li>\n<li>\n<div style=\"margin-bottom: 0cm;\">Escuela Deportiva<\/div>\n<\/li>\n<li>\n<div style=\"margin-bottom: 0cm;\">Servicio de Comedor<\/div>\n<\/li>\n<li>\n<div style=\"margin-bottom: 0cm;\">Actividades Extraescolares<\/div>\n<\/li>\n<li>\n<div style=\"margin-bottom: 0cm;\">Aula Matinal<\/div>\n<\/li>\n<li>\n<div style=\"margin-bottom: 0cm;\">Escuela de Padres<\/div>\n<\/li>\n<li>\n<div style=\"margin-bottom: 0cm;\">Centro Preparador Ex\u00e1menes Cambridge<\/div>\n<\/li>\n<\/ul>\n<\/li>\n<li>\n<div style=\"margin-bottom: 0cm;\"><span style=\"color: black; font-size: 10pt;\">C\u00f3digo: 29007044<\/span><\/div>\n<\/li>\n<\/ul>\n<div style=\"margin-bottom: 0cm;\"><span style=\"color: black; font-size: 10pt;\">\u00a0<\/span><\/div>\n<\/div>\n<div style=\"text-align: left;\"><\/div>\n<div><\/div>\n<div><\/div>\n<div style=\"text-align: justify;\"><b><b><u><span style=\"color: navy; font-size: 14pt;\">ZONA DE MIJAS PUEBLO<\/span><\/u><\/b><\/b><\/div>\n<div><\/div>\n<div><img decoding=\"async\" class=\"alignnone size-full wp-image-36375\" src=\"https:\/\/www.mijas.es\/wp-content\/uploads\/2021\/04\/IES-Villa-de-Mijas.jpg\" alt=\"\" width=\"240\" height=\"242\" srcset=\"https:\/\/www.mijas.es\/wp-content\/uploads\/2021\/04\/IES-Villa-de-Mijas.jpg 240w, https:\/\/www.mijas.es\/wp-content\/uploads\/2021\/04\/IES-Villa-de-Mijas-150x150.jpg 150w\" sizes=\"(max-width: 240px) 100vw, 240px\" \/><\/div>\n<div style=\"text-align: justify;\"><strong><span style=\"color: black; font-size: 13.5pt;\">I.E.S VILLA DE MIJAS<\/span><\/strong><br \/>\n<b> <\/b><br \/>\n<span style=\"color: black; font-size: 9pt;\"> <a href=\"mailto:29701121.edu@juntadeandalucia.es\"><strong><span style=\"color: #4d4d4d; font-size: 10pt;\">29701121.edu@juntadeandalucia.es<\/span><\/strong><\/a><\/span><br \/>\n<b> <\/b><\/div>\n<div style=\"text-align: justify;\"><span style=\"color: black; font-size: 10pt;\"> <a href=\"mailto:iesvillademijas@gmail.com\"><span style=\"color: #4d4d4d;\">iesvillademijas@gmail.com<\/span><\/a><\/span><\/div>\n<div><\/div>\n<div>\n<ul>\n<li><strong><a href=\"https:\/\/www.arcgis.com\/apps\/View\/index.html?appid=2f004a6697a241c78d6655dc89ad3ca4\">Ver Mapa (pinche aqu\u00ed)<\/a><\/strong><\/li>\n<li>Urb. Los Naranjos, s\/n. Mijas Pueblo.<\/li>\n<li>Tef: 951 26 95 60 \u2013 600 141 360<\/li>\n<li>Niveles:1\u00ba a 4\u00ba \u00a0ESO y PCPI (Inform\u00e1tica)<\/li>\n<li>Unidades: 13<\/li>\n<li>N\u00ba Alumnos: 290<\/li>\n<li>Servicios: Transporte Escolar, Centro TIC y Deporte en la Escuela<\/li>\n<li>C\u00f3digos: 29701121<\/li>\n<\/ul>\n<\/div>\n<div style=\"text-align: justify;\"><b><b><u><span style=\"color: navy; font-size: 14pt;\">ZONA DE LA CALA<\/span><\/u><\/b><\/b><\/div>\n<div><\/div>\n<div><img decoding=\"async\" class=\"alignnone size-full wp-image-36377\" src=\"https:\/\/www.mijas.es\/wp-content\/uploads\/2021\/04\/IES-Torre-Almenara.jpg\" alt=\"\" width=\"218\" height=\"208\" \/><\/div>\n<div style=\"text-align: justify;\"><strong><span style=\"color: black; font-size: 13.5pt;\">I.E.S TORRE ALMENARA<\/span><\/strong><\/div>\n<div style=\"text-align: justify;\"><a style=\"font-size: 9pt;\" href=\"mailto:29004109.averroes@juntadeandalucia.es\"><span style=\"color: #4d4d4d; font-size: 10pt;\">29004109.edu@juntadeandalucia.es<\/span><\/a><\/div>\n<div style=\"margin-bottom: 12pt; text-align: justify;\">\n<ul>\n<li><span style=\"color: black; font-size: 10pt;\">Urb. El Limonar s\/n. La Cala (Mijas Costa)<\/span><\/li>\n<li><strong><a href=\"https:\/\/www.arcgis.com\/apps\/View\/index.html?appid=f3236ebb44ce42c899cedbbec1b53e38\">Ver Mapa (pinche aqu\u00ed)<\/a><\/strong><\/li>\n<li>Tef: 951 269986<\/li>\n<li>Niveles: ESO, 1\u00ba Y 2\u00ba DE PCPI ( Auxiliar en operaciones de acabado y pintura)<\/li>\n<li>Unidades: 19 ESO y 2 FPB<\/li>\n<li>N\u00ba Alumnos: 554<\/li>\n<li>Servicios: Transporte Escolar, Plan de Apertura (comedor) Programa PARCES, Centro Biling\u00fce y Centro TIC.<\/li>\n<li>C\u00f3digo: 29004109<\/li>\n<\/ul>\n<\/div>\n<div style=\"text-align: justify;\"><img decoding=\"async\" class=\"alignnone size-full wp-image-36379\" src=\"https:\/\/www.mijas.es\/wp-content\/uploads\/2021\/04\/IES-La-Cala-de-Mijas.jpg\" alt=\"\" width=\"290\" height=\"207\" \/><\/div>\n<div style=\"text-align: justify;\"><strong><span style=\"color: black; font-size: 13.5pt;\">\u00a0I.E.S. LA CALA<\/span><\/strong><\/div>\n<div style=\"text-align: justify;\"><a href=\"mailto:direccion@ieslacala.com\">direccion@ieslacala.com<\/a><\/div>\n<ul>\n<li><span style=\"color: black; font-size: 10pt;\">Direcci\u00f3n: Arbolete n\u00ba 9 La Cala ( Mijas Costa).<\/span><\/li>\n<li>Tef: 951269538.<\/li>\n<li><strong><a href=\"https:\/\/www.arcgis.com\/apps\/View\/index.html?appid=cf95f51a50da4a5284906cff3c77724e\">Ver Mapa (pinche aqu\u00ed)<\/a><\/strong><\/li>\n<li>Niveles:1\u00ba a 4\u00ba de la \u00a0ESO, Bachillerato Ciencia y Tecnolog\u00eda y Humanidad y Ciencias Sociales, Biling\u00fce.<\/li>\n<li>Unidades: 15<\/li>\n<li>N\u00ba Alumnos: 450<\/li>\n<li>Servicios: Transporte Escolar, Plan de apertura (comedor) Escuela Espacio de Paz y TIC.<\/li>\n<li>C\u00f3digo<strong>: <\/strong>29701431<\/li>\n<\/ul>\n","protected":false},"excerpt":{"rendered":"<p>ZONA DE LAS LAGUNAS I.E.S. VEGA DE MIJAS 29007329.edu@juntadeandalucia.es Direcci\u00f3n: Antonio Garc\u00eda Moreno s\/n Las Lagunas Mijas-costa (29651) Ver Mapa (pinche aqu\u00ed) Tef: 951 268 758 Niveles: De 1\u00ba a 4\u00ba de la \u00a0ESO, 1\u00ba de Bachillerato, Aula de necesidades especificas (autismo) y Ciclos Formativos: Grado Medio: Sistemas Microinform\u00e1ticos y Redes. Grado Superior: Desarrollo Aplicaciones [&hellip;]<\/p>\n","protected":false},"author":1,"featured_media":12890,"parent":266,"menu_order":0,"comment_status":"closed","ping_status":"open","template":"page-departamental.php","meta":[],"_links":{"self":[{"href":"https:\/\/www.mijas.es\/portal\/wp-json\/wp\/v2\/pages\/273"}],"collection":[{"href":"https:\/\/www.mijas.es\/portal\/wp-json\/wp\/v2\/pages"}],"about":[{"href":"https:\/\/www.mijas.es\/portal\/wp-json\/wp\/v2\/types\/page"}],"author":[{"embeddable":true,"href":"https:\/\/www.mijas.es\/portal\/wp-json\/wp\/v2\/users\/1"}],"replies":[{"embeddable":true,"href":"https:\/\/www.mijas.es\/portal\/wp-json\/wp\/v2\/comments?post=273"}],"version-history":[{"count":35,"href":"https:\/\/www.mijas.es\/portal\/wp-json\/wp\/v2\/pages\/273\/revisions"}],"predecessor-version":[{"id":58427,"href":"https:\/\/www.mijas.es\/portal\/wp-json\/wp\/v2\/pages\/273\/revisions\/58427"}],"up":[{"embeddable":true,"href":"https:\/\/www.mijas.es\/portal\/wp-json\/wp\/v2\/pages\/266"}],"wp:featuredmedia":[{"embeddable":true,"href":"https:\/\/www.mijas.es\/portal\/wp-json\/wp\/v2\/media\/12890"}],"wp:attachment":[{"href":"https:\/\/www.mijas.es\/portal\/wp-json\/wp\/v2\/media?parent=273"}],"curies":[{"name":"wp","href":"https:\/\/api.w.org\/{rel}","templated":true}]}}