{"id":272,"date":"2013-05-18T18:08:05","date_gmt":"2013-05-18T18:08:05","guid":{"rendered":"http:\/\/localhost\/pruebaweb\/?p=272"},"modified":"2025-10-17T08:15:02","modified_gmt":"2025-10-17T07:15:02","slug":"colegios","status":"publish","type":"page","link":"https:\/\/www.mijas.es\/portal\/educacion\/colegios\/","title":{"rendered":"Colegios"},"content":{"rendered":"\n<div style=\"overflow-x:auto;\">\n<div class=\"itemHeader\">\n<h2 class=\"itemTitle\">Zona de Las Lagunas<\/h2>\n<\/div>\n<div class=\"itemBody\">\n<div class=\"itemFullText\"><img decoding=\"async\" src=\"https:\/\/www.mijas.es\/wp-content\/uploads\/2021\/04\/CEIP-Las-Canadas.jpg\" alt=\"\" class=\"wp-image-31099\"\/>\n<h5>C.E.I.P. Las Ca\u00f1adas<\/h5>\n<ul>\n<li><strong>Direcci\u00f3n:<\/strong> C\/ Palomar, n\u00ba 9. Las Lagunas (Mijas Costa)<\/li>\n<li><strong>Tel\u00e9fono: <\/strong>951 26 98 31<\/li>\n<li><strong>Fax: <\/strong>951 26 98 30<\/li>\n<li><strong>E-mail: <\/strong><span id=\"cloak4674\"><a href=\"mailto:29011382.edu@juntadeandalucia.es\">29011382.edu@juntadeandalucia.es<\/a><\/span><\/li>\n<li><strong>C\u00f3digo:<\/strong> 29011382<\/li>\n<li><strong><a href=\"https:\/\/www.arcgis.com\/apps\/View\/index.html?appid=cabe29d505e5418091d67e29882ac8a1\n\">Ver Mapa(pinche aqu\u00ed)<\/a><\/strong><\/li>\n<li><strong>N\u00ba de Unidades:&nbsp;<\/strong>35<\/li>\n<li><strong>N\u00aa de Alumnos:&nbsp;<\/strong>900<\/li>\n<li><strong>Oferta Educativa:<\/strong>\n<ul>\n<li>Segundo Ciclo de Educaci\u00f3n Infantil<\/li>\n<li>Primaria<\/li>\n<li>Pedagog\u00eda Terap\u00e9utica<\/li>\n<li>Logopeda<\/li>\n<\/ul>\n<\/li>\n<li><strong>Servicios:<\/strong>\n<ul>\n<li>Plan de apertura de Centro (aula matinal, comedor y actividades extraescolares)<\/li>\n<li>Transporte escolar<\/li>\n<\/ul>\n<\/li>\n<\/ul>\n\n<img decoding=\"async\" src=\"https:\/\/www.mijas.es\/wp-content\/uploads\/2021\/04\/CEIP-Virgen-de-la-Pena.jpg\" alt=\"\" class=\"wp-image-31099\"\/>\n<h5>C.E.I.P. VIRGEN DE LA PE\u00d1A<\/h5>\n<div>\n<ul>\n<li><strong>Direcci\u00f3n:<\/strong> C\/ Virgen de F\u00e1tima s\/n. Las Lagunas (Mijas Costa)<\/li>\n<li><strong>Tel\u00e9fono:<\/strong> 951 26 98 01<\/li>\n<li><strong>E-mail:<\/strong>&nbsp;<span id=\"cloak11110\"><a href=\"mailto:29007007.averroes@juntadeandalucia.es\">29007007.edu@juntadeandalucia.es<\/a><\/span><\/li>\n<li><strong>C\u00f3digo:<\/strong> 29007007<\/li>\n<li><strong><a href=\"https:\/\/www.arcgis.com\/apps\/View\/index.html?appid=2544152441664b4881fb85074a48f2dc\n\">Ver Mapa(pinche aqu\u00ed)<\/a><\/strong><\/li>\n<li><strong>N\u00ba de unidades:<\/strong> 28<\/li>\n<li><strong>N\u00ba de alumnos:<\/strong> 724<\/li>\n<li><strong>Oferta Educativa:<\/strong>\n<ul>\n<li>Segundo Ciclo Educaci\u00f3n Infantil<\/li>\n<li>Primaria<\/li>\n<li>Pedagog\u00eda Terap\u00e9utica<\/li>\n<li>Logopeda<\/li>\n<\/ul>\n<\/li>\n<li><strong>Servicios:<\/strong>\n<ul>\n<li>Plan de apertura de Centro (aula matinal, comedor y actividades extra escolares)<\/li>\n<li>Transporte escolar<\/li>\n<li>Centro Biling\u00fce<\/li>\n<\/ul>\n<\/li>\n<\/ul>\n<\/div>\n<div>&nbsp;<\/div>\n<div>\n\n<img decoding=\"async\" src=\"https:\/\/www.mijas.es\/wp-content\/uploads\/2021\/04\/CEIP-El-Albero.jpg\" alt=\"\" class=\"wp-image-31099\"\/>\n<h5>C.E.I.P. El Albero<\/h5>\n<div>\n<div>\n<ul>\n<li><strong>Direcci\u00f3n:<\/strong> Avd de los Lirios s\/n. Las Lagunas (Mijas Costa)<\/li>\n<li><strong>Tel\u00e9fono:<\/strong> 951 26 98 99<\/li>\n<li><strong>E-mail:<\/strong>&nbsp;<span id=\"cloak44822\"><a href=\"mailto:29601732.averroes@juntadeandalucia.es\">29601732.edu@juntadeandalucia.es<\/a><\/span><\/li>\n<li><strong>C\u00f3digo:<\/strong> 29601732<\/li>\n<li><strong><a href=\"https:\/\/www.arcgis.com\/apps\/View\/index.html?appid=1c57132ce87e46ad874fbf7c91f97a8b\">Ver Mapa(pinche aqu\u00ed)<\/a><\/strong><\/li>\n<li><strong>N\u00ba de unidades:<\/strong> 3<\/li>\n<li><strong>N\u00ba de alumnos:<\/strong> 700<\/li>\n<li>Oferta Educativa:\n<ul>\n<li>Segundo Ciclo Educaci\u00f3n Infantil<\/li>\n<li>Primaria<\/li>\n<li>Unidad Educaci\u00f3n Especial<\/li>\n<li>Logopeda<\/li>\n<\/ul>\n<\/li>\n<li><strong>Servicios:<\/strong>\n<ul>\n<li>Plan de apertura de Centro (aula matinal, comedor y actividades extra escolares)<\/li>\n<li>Transporte escolar<\/li>\n<\/ul>\n<\/li>\n<\/ul>\n<\/div>\n<\/div>\n<p><strong><\/strong><\/p>\n\n<img decoding=\"async\" src=\"https:\/\/www.mijas.es\/wp-content\/uploads\/2021\/04\/CEIP-Los-Campanalesj.pg_.jpg\" alt=\"\" class=\"wp-image-31099\"\/>\n<h5>C.E.I.P. Los Campanales<\/h5>\n<ul>\n<li><strong>Direcci\u00f3n:<\/strong> Camino del Albero s\/n. Las Lagunas (Mijas Costa)<\/li>\n<li><strong>Tel\u00e9fono:<\/strong> 951 26 98 46 &#8211; 600 141 353<\/li>\n<li><strong>E-mail: <\/strong><span id=\"cloak48985\"><a href=\"mailto:loscampanales@gmail.com\">loscampanales@gmail.com<\/a><\/span><\/li>\n<li><strong>C\u00f3digo:<\/strong> 29602220<\/li>\n<li><strong><a href=\"https:\/\/www.arcgis.com\/apps\/View\/index.html?appid=c8e3294752ae4225a1eed929f87d506e\n\">Ver Mapa(pinche aqu\u00ed)<\/a><\/strong><\/li>\n<li><strong>N\u00ba de unidades: <\/strong>21<\/li>\n<li><strong>N\u00aa de alumnos:<\/strong> 500<\/li>\n<li><strong>Oferta Educativa:<\/strong>\n<ul>\n<li>Segundo Ciclo Educaci\u00f3n Infantil<\/li>\n<li>Primaria<\/li>\n<li>Unidad Educaci\u00f3n Especial de Autismo<\/li>\n<li>Logopeda<\/li>\n<\/ul>\n<\/li>\n<li><strong>Servicios:<\/strong>\n<ul>\n<li>Plan de apertura de Centro (aula matinal, comedor y actividades extra escolares)<\/li>\n<\/ul>\n<\/li>\n<\/ul>\n<p><\/p>\n<\/div>\n\n<img decoding=\"async\" src=\"https:\/\/www.mijas.es\/wp-content\/uploads\/2021\/04\/CEIP-Tamixa.jpg\" alt=\"\" class=\"wp-image-31099\"\/>\n<h5>C.E.I.P. Tamixa<\/h5>\n<ul>\n<li><strong>Direcci\u00f3n:<\/strong> C\/Vicente Aleixandre s\/n. Las Lagunas (Mijas Costa)<\/li>\n<li><strong>Tel\u00e9fono: <\/strong>951 26 95 46<\/li>\n<li><strong>E-mail:<\/strong> <span id=\"cloak50000\"><a href=\"mailto:colegio@ceiptamixa.com\">colegio@ceiptamixa.com<\/a><\/span><\/li>\n<li><strong>C\u00f3digo:&nbsp;<\/strong>29004614<\/li>\n<li><strong><a href=\"https:\/\/www.arcgis.com\/apps\/View\/index.html?appid=0b5d7c78e4314e98b763077ec9ba5b0a\n\">Ver Mapa(pinche aqu\u00ed)<\/a><\/strong><\/li>\n<li><strong>N\u00aa de unidades: <\/strong>27<\/li>\n<li><strong>N\u00aa de alumnos:<\/strong> 650<\/li>\n<li><strong>Oferta Educativa:<\/strong>\n<ul>\n<li>Segundo Ciclo Educaci\u00f3n Infantil<\/li>\n<li>Primaria<\/li>\n<li>Logopeda<\/li>\n<\/ul>\n<\/li>\n<li><strong>Servicios:<\/strong>\n<ul>\n<li>Plan de apertura de Centro (aula matinal, comedor y actividades extra escolares)<\/li>\n<li>Centro Biling\u00fce<\/li>\n<\/ul>\n<\/li>\n<\/ul>\n<p><\/p>\n<div>&nbsp;<\/div>\n\n<img decoding=\"async\" src=\"https:\/\/www.mijas.es\/wp-content\/uploads\/2021\/04\/CEIP-Maria-Zambrano.jpg\" alt=\"\" class=\"wp-image-31099\"\/>\n<div><b>C.E.I.P. MAR\u00cdA ZAMBRANO<\/b><\/div>\n<div><span id=\"cloak88816\"><a href=\"mailto:29009144.averroes@juntadeandalucia.es\">29009144.edu@juntadeandalucia.es<\/a><\/span>&nbsp;<p><\/p>\n<\/div>\n<div>\n<ul>\n<li>\n<div>C\/ Vicente Aleixandre 3 . Las Lagunas (Mijas Costa)<\/div>\n<\/li>\n<li>\n<div>Tef. 951 26 86 57 <\/div>\n<\/li>\n<li>\n<div>Oferta Educativa:<\/div>\n<ul>\n<li>\n<div>Segundo Ciclo Educaci\u00f3n Infantil<\/div>\n<\/li>\n<li>\n<div>Primaria<\/div>\n<\/li>\n<li>\n<div>Unidad Educaci\u00f3n Especial de Autismo<\/div>\n<\/li>\n<li>\n<div>Logopeda<\/div>\n<\/li>\n<\/ul>\n<\/li>\n<li><strong><a href=\"https:\/\/www.arcgis.com\/apps\/View\/index.html?appid=0b5d7c78e4314e98b763077ec9ba5b0a\n\">Ver Mapa(pinche aqu\u00ed)<\/a><\/strong><\/li>\n<li>\n<div>N\u00ba de unidades: 25<\/div>\n<\/li>\n<li>\n<div>N\u00ba de alumnos: 625<\/div>\n<\/li>\n<li>\n<div>Servicios:<\/div>\n<ul>\n<li>\n<div>Plan de apertura de Centro (aula matinal, comedor y actividades extra escolares)<\/div>\n<\/li>\n<li>\n<div>Centro Biling\u00fce<\/div>\n<\/li>\n<\/ul>\n<\/li>\n<li>\n<div>C\u00f3digo: 29009144<\/div>\n<\/li>\n<\/ul>\n<div>&nbsp;<\/div>\n<\/div>\n<div>&nbsp;<\/div>\n<div><b>&nbsp;<\/b><br>\n\n<img decoding=\"async\" src=\"https:\/\/www.mijas.es\/wp-content\/uploads\/2021\/04\/CEIP-Indira-Gandhi.jpg\" alt=\"\" class=\"wp-image-31099\"\/><br>\n<b>C.E.I.P. INDIRA GANDHI<\/b><\/div>\n<div><span id=\"cloak33473\"><a href=\"mailto:29009144.edu@juntadeandalucia.es\">29011394.edu@juntadeandalucia.es<\/a><\/span><\/div>\n<div>&nbsp;<\/div>\n<div>\n<ul>\n<li>\n<div>Avda. AMPA Las Caracolas, Las Lagunas, Mijas Costa<\/div>\n<\/li>\n<li>\n<div>Tef. 647 752 810 <\/div>\n<\/li>\n\n<li><strong><a href=\"https:\/\/www.arcgis.com\/apps\/View\/index.html?appid=5de03368d80843fab4e6b06363635268\n\">Ver Mapa(pinche aqu\u00ed)<\/a><\/strong><\/li>\n<div>Oferta Educativa:<ul>\n<li>\n<div>Segundo Ciclo Educaci\u00f3n Infantil<\/div>\n<\/li>\n<li>\n<div>Primaria<\/div>\n<\/li>\n<li>\n<div>Logopeda<\/div>\n<\/li>\n<\/ul><\/div>\n\n\n<li>\n<div>N\u00ba de unidades: 24<\/div>\n<\/li>\n<li>\n<div>N\u00ba de alumnos: 609<\/div>\n<\/li>\n<li>\n<div>Servicios:<\/div>\n<ul>\n<li>\n<div>Plan de apertura de Centro (aula matinal, comedor y actividades extra escolares), se prestan en el CEIP Tamixa.<\/div>\n<\/li>\n<\/ul>\n<\/li>\n<li>\n<div>C\u00f3digo: 29011394<\/div>\n<\/li>\n<\/ul>\n<div><\/div>\n<div>&nbsp;<\/div>\n<\/div>\n<div>&nbsp;<\/div>\n\n\n<div><b>COLEGIO SAN FRANCISCO DE ASIS<\/b><\/div>\n<div><span id=\"cloak9598\"><a href=\"mailto:administracion@colegiosanfranciscodeasis.com\">administracion@colegiosanfranciscodeasis.com<\/a><\/span><\/div>\n<div>\n<ul>\n<li>\n<div>Plaza Maite Alc\u00e1zar Zambrano Urbanizaci\u00f3n El Coto (Mijas Costa)<\/div>\n<\/li>\n<li><strong><a href=\"https:\/\/www.arcgis.com\/apps\/View\/index.html?appid=0b5d7c78e4314e98b763077ec9ba5b0a\n\">Ver Mapa(pinche aqu\u00ed)<\/a><\/strong><\/li>\n<li>\n<div>Tef. 952 47 34 24 Fax 952 47 68 03<\/div>\n<\/li>\n<li>\n<div>Oferta Educativa:<\/div>\n<ul>\n<li>\n<div>Segundo Ciclo Educaci\u00f3n Infantil<\/div>\n<\/li>\n<li>\n<div>Primaria<\/div>\n<\/li>\n<li>\n<div>Secundaria<\/div>\n<\/li>\n<\/ul>\n<\/li>\n<li>\n<div>N\u00ba de unidades ESO: 8<\/div>\n<\/li>\n<li>\n<div>N\u00ba de alumnos: 275 alumnos<\/div>\n<\/li>\n<li>\n<div>N\u00ba de unidades Bachiller: 4<\/div>\n<\/li>\n<li>\n<div>N\u00ba de alumnos: 100<\/div>\n<\/li>\n<li>\n<div>Servicios:<\/div>\n<ul>\n<li>\n<div>Escuela Elemental de M\u00fasica<\/div>\n<\/li>\n<li>\n<div>Escuela Deportiva<\/div>\n<\/li>\n<li>\n<div>Servicio de Comedor<\/div>\n<\/li>\n<li>\n<div>Actividades Extraescolares<\/div>\n<\/li>\n<li>\n<div>Aula Matinal<\/div>\n<\/li>\n<li>\n<div>Escuela de Padres<\/div>\n<\/li>\n<li>\n<div>Centro Preparador Ex\u00e1menes Cambridge<\/div>\n<\/li>\n<\/ul>\n<\/li>\n<li>\n<div>C\u00f3digo: 29007044<\/div>\n<\/li>\n<\/ul>\n<div><\/div>\n<\/div>\n<div>&nbsp;<\/div>\n<div>&nbsp;<\/div>\n<div><b><u>ZONA&nbsp;DE MIJAS PUEBLO<\/u><\/b><\/div>\n<div><b>&nbsp;<\/b><\/div>\n<img decoding=\"async\" src=\"https:\/\/www.mijas.es\/wp-content\/uploads\/2021\/04\/CEIP-San-Sebastian.jpg\" alt=\"\" class=\"wp-image-31099\"\/>\n<div><b>C.E.I.P. SAN SEBASTI\u00c1N<\/b><\/div>\n<div><b><span id=\"cloak52916\"><a href=\"mailto:29007019.averroes@juntadeandalucia.es\">29007019.edu@juntadeandalucia.es<\/a><\/span><\/b><\/div>\n<div>\n<ul>\n<li>\n<div>Avd de M\u00e9jico s\/n. Mijas Pueblo<\/div>\n<\/li>\n<li>\n<div>Tef. 951 26 98 03 \u2013 951 26 98 04 \u2013 670 94 97 32<\/div>\n<\/li>\n<li>\n<div> 9:00 A 14:00 D\u00edas Lectivos, Aula matinal a partir de las 7:30, Comedor desde las 14:00 A 15:45<\/div>\n<\/li>\n<li><strong><a href=\"https:\/\/www.arcgis.com\/apps\/View\/index.html?appid=a6c545a8f7024cc1888492efde406a28\n\">Ver Mapa(pinche aqu\u00ed)<\/a><\/strong><\/li>\n<li>\n<div>Oferta Educativa:<\/div>\n<ul>\n<li>\n<div>Segundo Ciclo Educaci\u00f3n Infantil<\/div>\n<\/li>\n<li>\n<div>Primaria<\/div>\n<\/li>\n<li>\n<div>Unidad de Educaci\u00f3n Especial.<\/div>\n<\/li>\n<li>\n<div>Logopeda<\/div>\n<\/li>\n<\/ul>\n<\/li>\n<li>\n<div>N\u00ba de unidades: 23<\/div>\n<\/li>\n<li>\n<div>N\u00ba de alumnos: 468<\/div>\n<\/li>\n<li>\n<div>Servicios:<\/div>\n<ul>\n<li>\n<div>Plan de apertura de Centro (aula matinal, comedor y actividades extra escolares)<\/div>\n<\/li>\n<li>\n<div>Transporte escolar.<\/div>\n<\/li>\n<\/ul>\n<\/li>\n<li>\n<div>C\u00f3digo: 29007019<\/div>\n<\/li>\n<li>\n<div>Servicios: aula matinal, comedor escolar, transporte escolar, este curso no han salido debido a la falta de usuarios para mantener grupos burbuja.<\/div>\n<\/li>\n<\/ul>\n<div><\/div>\n<\/div>\n<div><b>&nbsp;<\/b><\/div>\n<div><strong><u>ZONA&nbsp;DE LA CALA<\/u><\/strong><\/div>\n<div><strong>&nbsp;<\/strong><\/div>\n<img decoding=\"async\" src=\"https:\/\/www.mijas.es\/wp-content\/uploads\/2021\/04\/EDU-Los-Claveles.jpg\" alt=\"\" class=\"wp-image-31099\"\/>\n<div><strong>Escuela Infantil LOS CLAVELES<\/strong><\/div>\n<div>&nbsp;&nbsp;&nbsp;&nbsp;&nbsp;&nbsp;&nbsp;&nbsp;&nbsp;&nbsp;&nbsp;&nbsp;&nbsp;&nbsp;&nbsp;&nbsp;&nbsp;&nbsp;&nbsp;&nbsp;&nbsp;&nbsp;&nbsp;&nbsp;&nbsp;&nbsp;&nbsp;&nbsp;&nbsp;&nbsp;<span id=\"cloak79838\"><a href=\"mailto:29002721.averroes@juntadeandalucia.es\"><strong>29002721.edu@juntadeandalucia.es<\/strong><\/a><\/span><\/div>\n<div>\n<p>&nbsp;&nbsp;&#8211;<\/p>\n<ul>\n<li>\n<div>C\/ POMELO 9, Urb Los Claveles. La Cala (Mijas Costa)<\/div>\n<\/li>\n<li>\n<div>Tef. 951 26 95 36 \u2013 671 566 970<\/div>\n<\/li>\n<li>\n<div>Oferta Educativa:<\/div>\n<ul>\n<li>\n<div>Segundo Ciclo Educaci\u00f3n Infantil<\/div>\n<\/li>\n<li>\n<div>Logopeda<\/div>\n<\/li>\n<\/ul>\n<\/li>\n<li>\n<div>N\u00ba de unidades: 10<\/div>\n<\/li>\n<li>\n<div>N\u00ba de alumnos: 251<\/div>\n<\/li>\n<li>\n<div>Servicios:<\/div>\n<ul>\n<li>\n<div>Plan de apertura de Centro (aula matinal, comedor y actividades extra escolares)<\/div>\n<\/li>\n<li>\n<div>Transporte escolar.<\/div>\n<\/li>\n<\/ul>\n<\/li>\n<li>\n<div>C\u00f3digo: 29002721<\/div>\n<\/li>\n<\/ul>\n<\/div>\n<div>&nbsp;<\/div>\n<div>&nbsp;<\/div>\n<div><b>&nbsp;<\/b><\/div>\n<div><b>&nbsp;<\/b><\/div>\n<div>&nbsp;<\/div>\n<img decoding=\"async\" src=\"https:\/\/www.mijas.es\/wp-content\/uploads\/2021\/04\/CEIP-Jardin-Botanico.jpg\" alt=\"\" class=\"wp-image-31099\"\/>\n<div><b>C.E.I.P. JARD\u00cdN BOT\u00c1NICO<\/b><\/div>\n<div><b><span id=\"cloak77987\"><a href=\"mailto:29005931.edu@juntadeandalucia.es\">29005931.edu@juntadeandalucia.es<\/a><\/span><\/b><\/div>\n<div>\n<ul>\n<li>\n<div>Urb Jard\u00edn Botanico. La Cala (Mijas Costa)<\/div>\n<\/li>\n<li>\n<div>Tef. 951 26 85 55 \u2013 600 140 018<\/div>\n<\/li>\n<li><strong><a href=\"https:\/\/www.arcgis.com\/apps\/View\/index.html?appid=a6c545a8f7024cc1888492efde406a28\n\">Ver Mapa(pinche aqu\u00ed)<\/a><\/strong><\/li>\n<li>\n<div>Oferta Educativa:<\/div>\n<ul>\n<li>\n<div>Segundo Ciclo Educaci\u00f3n Infantil<\/div>\n<\/li>\n<li>\n<div>Educaci\u00f3n Primaria<\/div>\n<\/li>\n<li>\n<div>Unidad Educaci\u00f3n Especial de Autismo.<\/div>\n<\/li>\n<li>\n<div>Logopeda<\/div>\n<\/li>\n<\/ul>\n<\/li>\n<li>\n<div>N\u00ba de unidades: 26<\/div>\n<\/li>\n<li>\n<div>N\u00ba de alumnos: 584<\/div>\n<\/li>\n<li>\n<div>Servicios:<\/div>\n<ul>\n<li>\n<div>Plan de apertura de Centro (aula matinal, comedor y actividades extra escolares)<\/div>\n<\/li>\n<li>\n<div>Transporte escolar.<\/div>\n<\/li>\n<\/ul>\n<\/li>\n<li>\n<div>C\u00f3digo: 29005931<\/div>\n<\/li>\n<\/ul>\n<\/div>\n<div>\n<p><\/p>\n<p>&nbsp;<\/p>\n<\/div>\n<div>&nbsp;<\/div>\n<div>&nbsp;<\/div>\n<img decoding=\"async\" src=\"https:\/\/www.mijas.es\/wp-content\/uploads\/2021\/04\/CEIP-El-Olmo.jpg\" alt=\"\" class=\"wp-image-31099\"\/>\n<div><b>C.E.I.P. GARC\u00edA DEL OLMO<\/b><\/div>\n<div><b><span id=\"cloak71278\"><a href=\"mailto:secretariaceipelolmo@gmail.com\">secretariaceipelolmo@gmail.com<\/a><\/span><\/b><\/div>\n<div>\n<ul>\n<li>\n<div>C\/ Cartama s\/n . La Cala (Mijas Costa)<\/div>\n<\/li>\n<li>\n<div>Tef. 951 26 85 13 <\/div>\n<\/li>\n<li><strong><a href=\"https:\/\/www.arcgis.com\/apps\/View\/index.html?appid=fbea3e0fcec44c2aa92efe984ef7c3c7\">Ver Mapa(pinche aqu\u00ed)<\/a><\/strong><\/li>\n<li>\n<div>Oferta Educativa:<\/div>\n<ul>\n<li>\n<div>Segundo Ciclo Educaci\u00f3n Infantil<\/div>\n<\/li>\n<li>\n<div>Educaci\u00f3n Primaria<\/div>\n<\/li>\n<li>\n<div>Logopeda<\/div>\n<\/li>\n<\/ul>\n<\/li>\n<li>\n<div>N\u00ba de unidades: 24<\/div>\n<\/li>\n<li>\n<div>N\u00ba de alumnos: 713<\/div>\n<\/li>\n<li>\n<div>Servicios:<\/div>\n<ul>\n<li>\n<div>Plan de apertura de Centro (aula matinal, comedor y actividades extra escolares)<\/div>\n<\/li>\n<li>\n<div>Transporte escolar.<\/div>\n<\/li>\n<li>\n<div>Centro Biling\u00fce<\/div>\n<\/li>\n<\/ul>\n<\/li>\n<li>\n<div>C\u00f3digo: 29006970<\/div>\n<\/li>\n<\/ul>\n<div><\/div>\n<\/div>\n<div>\n<img decoding=\"async\" src=\"https:\/\/www.mijas.es\/wp-content\/uploads\/2021\/04\/CEPR-El-Chaparral.jpg\" alt=\"\" class=\"wp-image-31099\"\/>\n<p><b>C.E.PR. EL CHAPARRAL<\/b><\/p>\n<\/div>\n<div><b><span id=\"cloak79487\"><a href=\"mailto:secre.chaparral@gmail.com\">secre.chaparral@gmail.com<\/a><\/span><\/b><\/div>\n<div>\n<ul>\n<li>\n<div>Urb. El Limonar 61 . La Cala (Mijas Costa)<\/div>\n<\/li>\n<li>\n<div>Tef. 951 26 86 48\/47 <\/div>\n<\/li>\n<li><strong><a href=\"https:\/\/www.arcgis.com\/apps\/View\/index.html?appid=4901ae000a414ec5a9e72696bd81c44b\n\">Ver Mapa(pinche aqu\u00ed)<\/a><\/strong><\/li>\n<li>\n<div>Oferta Educativa:<\/div>\n<ul>\n<li>\n<div>Educaci\u00f3n Primaria<\/div>\n<\/li>\n<li>\n<div>Logopeda<\/div>\n<\/li>\n<\/ul>\n<\/li>\n<li>\n<div>N\u00ba de unidades: 16<\/div>\n<\/li>\n<li>\n<div>N\u00ba de alumnos: 403<\/div>\n<\/li>\n<li>\n<div>Servicios:<\/div>\n<ul>\n<li>\n<div>Plan de apertura de Centro (aula matinal, comedor y actividades extra escolares)<\/div>\n<\/li>\n<li>\n<div>Transporte escolar.<\/div>\n<\/li>\n<li>\n<div>Centro Biling\u00fce<\/div>\n<\/li>\n<\/ul>\n<\/li>\n<li>\n<div>C\u00f3digo: 29602244<\/div>\n<\/li>\n<\/ul>\n<div>\n<p><\/p>\n<\/div>\n<\/div>\n<div>&nbsp;<\/div>\n<div><b><u>ZONA RURAL<\/u><\/b>&nbsp;<p><\/p>\n<\/div>\n<img decoding=\"async\" src=\"https:\/\/www.mijas.es\/wp-content\/uploads\/2021\/04\/Escuela-Rural-Entrerrios.jpg\" alt=\"\" class=\"wp-image-31099\"\/>\n<div><b>ESCUELA RURAL ENTRERRIOS<\/b><\/div>\n<ul>\n<li>\n<div>Email: <span id=\"cloak66839\"><a href=\"mailto:secretaria.guadalhorce@fundacionvictoria.edu.es\">secretaria.guadalhorce@fundacionvictoria.edu.es<\/a><\/span><\/div>\n<\/li>\n<li>\n<div>Entrerrios buz\u00f3n 63(Junto Albergue Municipal) Mijas<\/div>\n<\/li>\n<li>\n<div>Tef. 638489098<\/div>\n<\/li>\n<li><strong><a href=\"https:\/\/www.arcgis.com\/apps\/View\/index.html?appid=830371bcf0fa41928189c7e296d187c4\">Ver Mapa(pinche aqu\u00ed)<\/a><\/strong><\/li>\n<li>\n<div>Oferta Educativa:<\/div>\n<ul>\n<li>\n<div>Segundo Ciclo Educaci\u00f3n Infantil<\/div>\n<\/li>\n<li>\n<div>Primaria<\/div>\n<\/li>\n<\/ul>\n<\/li>\n<li>\n<div>N\u00ba de unidades: 2<\/div>\n<\/li>\n<li>\n<div>N\u00ba de alumnos: 30<\/div>\n<\/li>\n<li>\n<div>Servicios:<\/div>\n<ul>\n<li>\n<div>Centro Concertado<\/div>\n<\/li>\n<\/ul>\n<\/li>\n<li>\n<div>C\u00f3digo: 29006994<\/div>\n<\/li>\n<\/ul>\n<p><\/p>\n<\/div>\n<\/div>\n<\/div>\n\n\n\n<p><\/p>\n","protected":false},"excerpt":{"rendered":"<p>Zona de Las Lagunas C.E.I.P. Las Ca\u00f1adas Direcci\u00f3n: C\/ Palomar, n\u00ba 9. Las Lagunas (Mijas Costa) Tel\u00e9fono: 951 26 98 31 Fax: 951 26 98 30 E-mail: 29011382.edu@juntadeandalucia.es C\u00f3digo: 29011382 Ver Mapa(pinche aqu\u00ed) N\u00ba de Unidades:&nbsp;35 N\u00aa de Alumnos:&nbsp;900 Oferta Educativa: Segundo Ciclo de Educaci\u00f3n Infantil Primaria Pedagog\u00eda Terap\u00e9utica Logopeda Servicios: Plan de apertura de [&hellip;]<\/p>\n","protected":false},"author":1,"featured_media":12890,"parent":266,"menu_order":0,"comment_status":"closed","ping_status":"open","template":"page-departamental.php","meta":[],"_links":{"self":[{"href":"https:\/\/www.mijas.es\/portal\/wp-json\/wp\/v2\/pages\/272"}],"collection":[{"href":"https:\/\/www.mijas.es\/portal\/wp-json\/wp\/v2\/pages"}],"about":[{"href":"https:\/\/www.mijas.es\/portal\/wp-json\/wp\/v2\/types\/page"}],"author":[{"embeddable":true,"href":"https:\/\/www.mijas.es\/portal\/wp-json\/wp\/v2\/users\/1"}],"replies":[{"embeddable":true,"href":"https:\/\/www.mijas.es\/portal\/wp-json\/wp\/v2\/comments?post=272"}],"version-history":[{"count":54,"href":"https:\/\/www.mijas.es\/portal\/wp-json\/wp\/v2\/pages\/272\/revisions"}],"predecessor-version":[{"id":62478,"href":"https:\/\/www.mijas.es\/portal\/wp-json\/wp\/v2\/pages\/272\/revisions\/62478"}],"up":[{"embeddable":true,"href":"https:\/\/www.mijas.es\/portal\/wp-json\/wp\/v2\/pages\/266"}],"wp:featuredmedia":[{"embeddable":true,"href":"https:\/\/www.mijas.es\/portal\/wp-json\/wp\/v2\/media\/12890"}],"wp:attachment":[{"href":"https:\/\/www.mijas.es\/portal\/wp-json\/wp\/v2\/media?parent=272"}],"curies":[{"name":"wp","href":"https:\/\/api.w.org\/{rel}","templated":true}]}}