{"id":26924,"date":"2019-07-18T12:30:52","date_gmt":"2019-07-18T12:30:52","guid":{"rendered":"https:\/\/www.mijas.es\/portal\/?page_id=26924"},"modified":"2025-06-11T07:48:01","modified_gmt":"2025-06-11T06:48:01","slug":"tablon-de-anuncios-y-edictos","status":"publish","type":"page","link":"https:\/\/www.mijas.es\/portal\/tablon-de-anuncios-y-edictos\/","title":{"rendered":"Tabl\u00f3n de Anuncios y Edictos"},"content":{"rendered":"\n<a href=\"https:\/\/mijas.sedelectronica.es\/board\">Acceso al Accede aqu\u00ed al Tabl\u00f3n de Anuncios y Edictos Electr\u00f3nicos<\/a>\n","protected":false},"excerpt":{"rendered":"<p>Acceso al Accede aqu\u00ed al Tabl\u00f3n de Anuncios y Edictos Electr\u00f3nicos<\/p>\n","protected":false},"author":1,"featured_media":0,"parent":0,"menu_order":0,"comment_status":"closed","ping_status":"closed","template":"","meta":[],"_links":{"self":[{"href":"https:\/\/www.mijas.es\/portal\/wp-json\/wp\/v2\/pages\/26924"}],"collection":[{"href":"https:\/\/www.mijas.es\/portal\/wp-json\/wp\/v2\/pages"}],"about":[{"href":"https:\/\/www.mijas.es\/portal\/wp-json\/wp\/v2\/types\/page"}],"author":[{"embeddable":true,"href":"https:\/\/www.mijas.es\/portal\/wp-json\/wp\/v2\/users\/1"}],"replies":[{"embeddable":true,"href":"https:\/\/www.mijas.es\/portal\/wp-json\/wp\/v2\/comments?post=26924"}],"version-history":[{"count":4,"href":"https:\/\/www.mijas.es\/portal\/wp-json\/wp\/v2\/pages\/26924\/revisions"}],"predecessor-version":[{"id":61578,"href":"https:\/\/www.mijas.es\/portal\/wp-json\/wp\/v2\/pages\/26924\/revisions\/61578"}],"wp:attachment":[{"href":"https:\/\/www.mijas.es\/portal\/wp-json\/wp\/v2\/media?parent=26924"}],"curies":[{"name":"wp","href":"https:\/\/api.w.org\/{rel}","templated":true}]}}