{"id":267,"date":"2013-05-18T18:06:35","date_gmt":"2013-05-18T18:06:35","guid":{"rendered":"http:\/\/localhost\/pruebaweb\/?p=267"},"modified":"2020-03-12T12:00:28","modified_gmt":"2020-03-12T12:00:28","slug":"actualidad","status":"publish","type":"page","link":"https:\/\/www.mijas.es\/portal\/educacion\/actualidad\/","title":{"rendered":"Actualidad"},"content":{"rendered":"<table border=\"1\" width=\"100%\" cellspacing=\"1\" cellpadding=\"1\">\n<tbody>\n<tr>\n<td><strong>FECHA<\/strong><\/td>\n<td><strong>NOTICIA<\/strong><\/td>\n<td><strong>PDF<\/strong><\/td>\n<\/tr>\n<tr>\n<td>12 Marzo 2020<\/td>\n<td>Presentaci\u00f3n de solicitudes de admisi\u00f3n para la escuela<br \/>\ninfantil municipal Mijas-Pueblo Curso 2020-2021<\/td>\n<td><a href=\"http:\/\/www.mijas.es\/wp-content\/uploads\/2020\/03\/ANUNCIO%20COMPLETO-SOLICITUD%20DE%20PLAZA%20MIJAS-PUEBLO.%20CURSO%202020-21.pdf\">Descargar<\/a><\/td>\n<\/tr>\n<tr>\n<td>13 Mayo 2019<\/td>\n<td>SOLICITUD DE ADMISI\u00d3N: ESCUELA INFANTIL MIJAS-PUEBLO CURSO 2019\/2020<\/td>\n<td><a href=\"https:\/\/www.mijas.es\/files\/adjuntos\/educacion\/2019\/solicitud plaza 19-20.pdf\">Descargar<\/a><\/td>\n<\/tr>\n<tr>\n<td>2 Septiemb<\/td>\n<td>Arrancan las obras del Colegio Indira Gandhi<\/td>\n<td><a href=\"https:\/\/www.mijas.es\/files\/adjuntos\/Arrancan_las_obras_del_Colegio_Indira_Gandhi.pdf\">Descargar<\/a><\/td>\n<\/tr>\n<tr>\n<td>16 Septiem<\/td>\n<td>Una vuelta al cole con m\u00e1s alumnos<\/td>\n<td><a href=\"https:\/\/www.mijas.es\/files\/adjuntos\/Una_vuelta_al_cole_con_ms_alumnos.pdf\" target=\"_blank\" rel=\"noopener noreferrer\">Descargar<\/a><\/td>\n<\/tr>\n<tr>\n<td>23 Septiem<\/td>\n<td>La escuela de adultos de Mijas Pueblo ya est\u00e1 en funcionamiento<\/td>\n<td><a href=\"https:\/\/www.mijas.es\/files\/adjuntos\/La_Escuela_de_Adultos_Mijas_Pueblo_ya_est_en_funcionamiento.pdf\" target=\"_blank\" rel=\"noopener noreferrer\">Descargar<\/a><\/td>\n<\/tr>\n<tr>\n<td>23 Septiem<\/td>\n<td>Que la vuelta al cole no se convierta en una pesadilla<\/td>\n<td><a href=\"https:\/\/www.mijas.es\/files\/adjuntos\/Que_la_vuelta_al_cole_no_se_convierta_en_una_pesadilla.pdf\" target=\"_blank\" rel=\"noopener noreferrer\">Descargar<\/a><\/td>\n<\/tr>\n<tr>\n<td>30 Septiem<\/td>\n<td>Colocan la primera piedra del Indira Gandhi<\/td>\n<td><a href=\"https:\/\/www.mijas.es\/files\/adjuntos\/Primera_piedra_Indira_Gandhi.pdf\" target=\"_blank\" rel=\"noopener noreferrer\">Descargar<\/a><\/td>\n<\/tr>\n<tr>\n<td>7 Octubre<\/td>\n<td>Educaci\u00f3n recuerda a la Junta las necesidades educativas de Mijas<\/td>\n<td><a href=\"https:\/\/www.mijas.es\/files\/adjuntos\/Educacin_recuerda_a_la_Junta_las_necesidades_educativas_de_Mijas.pdf\" target=\"_blank\" rel=\"noopener noreferrer\">Descargar<\/a><\/td>\n<\/tr>\n<tr>\n<td>7 Octubre<\/td>\n<td>D\u00eda mundial del docente<\/td>\n<td><a href=\"https:\/\/www.mijas.es\/files\/adjuntos\/Dia_mundial_del_docente.pdf\" target=\"_blank\" rel=\"noopener noreferrer\">Descargar<\/a><\/td>\n<\/tr>\n<tr>\n<td>28 Octubre<\/td>\n<td>Educaci\u00f3n duplicar\u00e1 las ayudas al material escolar para el curso 16\/17<\/td>\n<td><a href=\"https:\/\/www.mijas.es\/files\/adjuntos\/Educacin_duplicar_las_ayudas_al_material_escolar_para_el_curso_2016_2017.pdf\" target=\"_blank\" rel=\"noopener noreferrer\">Descargar<\/a><\/td>\n<\/tr>\n<tr>\n<td>4 Noviem<\/td>\n<td>La Junta incluye la redacci\u00f3n del proyecto del nuevo instituto de Las Lagunas en los presupuestos del 2017<\/td>\n<td><a href=\"https:\/\/www.mijas.es\/files\/adjuntos\/La_Junta_incluye_la_redaccion_del_proyecto_del_nuevo_instituto_en_Las_Lagunas_en_los_presupuestos_del_2017.pdf\" target=\"_blank\" rel=\"noopener noreferrer\">Descargar<\/a><\/td>\n<\/tr>\n<tr>\n<td>4 Noviem<\/td>\n<td>Consejo Escolar Municipal<\/td>\n<td><a href=\"https:\/\/www.mijas.es\/files\/adjuntos\/Consejo_Escolar_Municipal.pdf\" target=\"_blank\" rel=\"noopener noreferrer\">Descargar<\/a><\/td>\n<\/tr>\n<tr>\n<td>4 Noviem<\/td>\n<td>Mijas quiere acabar con el absentismo escolar<\/td>\n<td><a href=\"https:\/\/www.mijas.es\/files\/adjuntos\/Mijas_quiere_acabar_con_el_absentismo_escolar.pdf\" target=\"_blank\" rel=\"noopener noreferrer\">Descargar<\/a><\/td>\n<\/tr>\n<tr>\n<td>18 Noviem<\/td>\n<td>El consistorio cede equipos inform\u00e1ticos para los escolares del Municipio<\/td>\n<td><a href=\"https:\/\/www.mijas.es\/files\/adjuntos\/El_consistorio_cede_equipos_informticos_para_los_escolares_del_municipio.pdf\" target=\"_blank\" rel=\"noopener noreferrer\">Descargar<\/a><\/td>\n<\/tr>\n<tr>\n<td>18 Noviem<\/td>\n<td>Renta B\u00e1sica incorpora trabajadores en colegios<\/td>\n<td><a href=\"https:\/\/www.mijas.es\/files\/adjuntos\/Renta_bsica_incorporar_trabajadores_en_los_colegios.pdf\" target=\"_blank\" rel=\"noopener noreferrer\">Descargar<\/a><\/td>\n<\/tr>\n<tr>\n<td>2 Diciem<\/td>\n<td>Los centros educativos contar\u00e1n con vigilancia durante las noches<\/td>\n<td><a href=\"https:\/\/www.mijas.es\/files\/adjuntos\/Los_centros_educativos_contarn_con_vigilancia_durante_las_noches.pdf\">Descargar<\/a><\/td>\n<\/tr>\n<tr>\n<td>2 Diciem<\/td>\n<td>El Albero celebra 30 a\u00f1os de educaci\u00f3n de calidad en Mijas<\/td>\n<td><a href=\"https:\/\/www.mijas.es\/files\/adjuntos\/El_Albero_celebra_30_aos_de_educacin_de_calidad_en_Mijas.pdf\" target=\"_blank\" rel=\"noopener noreferrer\">Descargar<\/a><\/td>\n<\/tr>\n<\/tbody>\n<\/table>\n<table style=\"width: 100%;\" border=\"1\" cellspacing=\"1\" cellpadding=\"1\">\n<tbody>\n<tr>\n<td style=\"width: 91px; text-align: center;\"><strong>FECHA<\/strong><\/td>\n<td style=\"width: 379px; text-align: center;\"><strong>NOTICIA<\/strong><\/td>\n<td style=\"width: 58px; text-align: center;\"><strong>PDF<\/strong><\/td>\n<\/tr>\n<tr>\n<td style=\"width: 91px; text-align: center;\">2 Septiemb<\/td>\n<td style=\"width: 379px; text-align: center;\">Arrancan las obras del Colegio Indira Gandhi<\/td>\n<td style=\"width: 58px; text-align: center;\"><a href=\"https:\/\/www.mijas.es\/files\/adjuntos\/Arrancan_las_obras_del_Colegio_Indira_Gandhi.pdf\">Descargar<\/a><\/td>\n<\/tr>\n<tr>\n<td style=\"width: 91px; text-align: center;\">16 Septiem<\/td>\n<td style=\"width: 379px; text-align: center;\">Una vuelta al cole con m\u00e1s alumnos<\/td>\n<td style=\"width: 58px; text-align: center;\"><a href=\"https:\/\/www.mijas.es\/files\/adjuntos\/Una_vuelta_al_cole_con_ms_alumnos.pdf\" target=\"_blank\" rel=\"noopener noreferrer\">Descargar<\/a><\/td>\n<\/tr>\n<tr>\n<td style=\"width: 91px; text-align: center;\">23 Septiem<\/td>\n<td style=\"width: 379px; text-align: center;\">La escuela de adultos de Mijas Pueblo ya est\u00e1 en funcionamiento<\/td>\n<td style=\"width: 58px; text-align: center;\"><a href=\"https:\/\/www.mijas.es\/files\/adjuntos\/La_Escuela_de_Adultos_Mijas_Pueblo_ya_est_en_funcionamiento.pdf\" target=\"_blank\" rel=\"noopener noreferrer\">Descargar<\/a><\/td>\n<\/tr>\n<tr>\n<td style=\"width: 91px; text-align: center;\">23 Septiem<\/td>\n<td style=\"width: 379px; text-align: center;\">Que la vuelta al cole no se convierta en una pesadilla<\/td>\n<td style=\"width: 58px; text-align: center;\"><a href=\"https:\/\/www.mijas.es\/files\/adjuntos\/Que_la_vuelta_al_cole_no_se_convierta_en_una_pesadilla.pdf\" target=\"_blank\" rel=\"noopener noreferrer\">Descargar<\/a><\/td>\n<\/tr>\n<tr>\n<td style=\"width: 91px; text-align: center;\">30 Septiem<\/td>\n<td style=\"width: 379px; text-align: center;\">Colocan la primera piedra del Indira Gandhi<\/td>\n<td style=\"width: 58px; text-align: center;\"><a href=\"https:\/\/www.mijas.es\/files\/adjuntos\/Primera_piedra_Indira_Gandhi.pdf\" target=\"_blank\" rel=\"noopener noreferrer\">Descargar<\/a><\/td>\n<\/tr>\n<tr>\n<td style=\"width: 91px; text-align: center;\">7 Octubre<\/td>\n<td style=\"width: 379px; text-align: center;\">Educaci\u00f3n recuerda a la Junta las necesidades educativas de Mijas<\/td>\n<td style=\"width: 58px; text-align: center;\"><a href=\"https:\/\/www.mijas.es\/files\/adjuntos\/Educacin_recuerda_a_la_Junta_las_necesidades_educativas_de_Mijas.pdf\" target=\"_blank\" rel=\"noopener noreferrer\">Descargar<\/a><\/td>\n<\/tr>\n<tr>\n<td style=\"width: 91px; text-align: center;\">7 Octubre<\/td>\n<td style=\"width: 379px; text-align: center;\">D\u00eda mundial del docente<\/td>\n<td style=\"width: 58px; text-align: center;\"><a href=\"https:\/\/www.mijas.es\/files\/adjuntos\/Dia_mundial_del_docente.pdf\" target=\"_blank\" rel=\"noopener noreferrer\">Descargar<\/a><\/td>\n<\/tr>\n<tr>\n<td style=\"width: 91px; text-align: center;\">28 Octubre<\/td>\n<td style=\"width: 379px; text-align: center;\">Educaci\u00f3n duplicar\u00e1 las ayudas al material escolar para el curso 16\/17<\/td>\n<td style=\"width: 58px; text-align: center;\"><a href=\"https:\/\/www.mijas.es\/files\/adjuntos\/Educacin_duplicar_las_ayudas_al_material_escolar_para_el_curso_2016_2017.pdf\" target=\"_blank\" rel=\"noopener noreferrer\">Descargar<\/a><\/td>\n<\/tr>\n<tr>\n<td style=\"width: 91px; text-align: center;\">4 Noviem<\/td>\n<td style=\"width: 379px; text-align: center;\">La Junta incluye la redacci\u00f3n del proyecto del nuevo instituto de Las Lagunas en los presupuestos del 2017<\/td>\n<td style=\"width: 58px; text-align: center;\"><a href=\"files\/adjuntos\/La_Junta_incluye_la_redaccion_del_proyecto_del_nuevo_instituto_en_Las_Lagunas_en_los_presupuestos_del_2017.pdf\" target=\"_blank\" rel=\"noopener noreferrer\">Descargar<\/a><\/td>\n<\/tr>\n<tr>\n<td style=\"width: 91px; text-align: center;\">4 Noviem<\/td>\n<td style=\"width: 379px; text-align: center;\">Consejo Escolar Municipal<\/td>\n<td style=\"width: 58px; text-align: center;\"><a href=\"https:\/\/www.mijas.es\/files\/adjuntos\/Consejo_Escolar_Municipal.pdf\" target=\"_blank\" rel=\"noopener noreferrer\">Descargar<\/a><\/td>\n<\/tr>\n<tr>\n<td style=\"width: 91px; text-align: center;\">4 Noviem<\/td>\n<td style=\"width: 379px; text-align: center;\">Mijas quiere acabar con el absentismo escolar<\/td>\n<td style=\"width: 58px; text-align: center;\"><a href=\"https:\/\/www.mijas.es\/files\/adjuntos\/Mijas_quiere_acabar_con_el_absentismo_escolar.pdf\" target=\"_blank\" rel=\"noopener noreferrer\">Descargar<\/a><\/td>\n<\/tr>\n<tr>\n<td style=\"width: 91px; text-align: center;\">18 Noviem<\/td>\n<td style=\"width: 379px; text-align: center;\">El consistorio cede equipos inform\u00e1ticos para los escolares del Municipio<\/td>\n<td style=\"width: 58px; text-align: center;\"><a href=\"https:\/\/www.mijas.es\/files\/adjuntos\/El_consistorio_cede_equipos_informticos_para_los_escolares_del_municipio.pdf\" target=\"_blank\" rel=\"noopener noreferrer\">Descargar<\/a><\/td>\n<\/tr>\n<tr>\n<td style=\"width: 91px; text-align: center;\">18 Noviem<\/td>\n<td style=\"width: 379px; text-align: center;\">Renta B\u00e1sica incorpora trabajadores en colegios<\/td>\n<td style=\"width: 58px; text-align: center;\"><a href=\"https:\/\/www.mijas.es\/files\/adjuntos\/Renta_bsica_incorporar_trabajadores_en_los_colegios.pdf\" target=\"_blank\" rel=\"noopener noreferrer\">Descargar<\/a><\/td>\n<\/tr>\n<tr>\n<td style=\"width: 91px; text-align: center;\">2 Diciem<\/td>\n<td style=\"width: 379px; text-align: center;\">Los centros educativos contar\u00e1n con vigilancia durante las noches<\/td>\n<td style=\"width: 58px; text-align: center;\"><a href=\"https:\/\/www.mijas.es\/files\/adjuntos\/Los_centros_educativos_contarn_con_vigilancia_durante_las_noches.pdf\">Descargar<\/a><\/td>\n<\/tr>\n<tr>\n<td style=\"width: 91px; text-align: center;\">2 Diciem<\/td>\n<td style=\"width: 379px; text-align: center;\">El Albero celebra 30 a\u00f1os de educaci\u00f3n de calidad en Mijas<\/td>\n<td style=\"width: 58px; text-align: center;\"><a href=\"https:\/\/www.mijas.es\/files\/adjuntos\/El_Albero_celebra_30_aos_de_educacin_de_calidad_en_Mijas.pdf\" target=\"_blank\" rel=\"noopener noreferrer\">Descargar<\/a><\/td>\n<\/tr>\n<\/tbody>\n<\/table>\n<p style=\"text-align: justify;\">\n","protected":false},"excerpt":{"rendered":"<p>FECHA NOTICIA PDF 12 Marzo 2020 Presentaci\u00f3n de solicitudes de admisi\u00f3n para la escuela infantil municipal Mijas-Pueblo Curso 2020-2021 Descargar 13 Mayo 2019 SOLICITUD DE ADMISI\u00d3N: ESCUELA INFANTIL MIJAS-PUEBLO CURSO 2019\/2020 Descargar 2 Septiemb Arrancan las obras del Colegio Indira Gandhi Descargar 16 Septiem Una vuelta al cole con m\u00e1s alumnos Descargar 23 Septiem La [&hellip;]<\/p>\n","protected":false},"author":1,"featured_media":12890,"parent":266,"menu_order":0,"comment_status":"closed","ping_status":"open","template":"page-departamental.php","meta":[],"_links":{"self":[{"href":"https:\/\/www.mijas.es\/portal\/wp-json\/wp\/v2\/pages\/267"}],"collection":[{"href":"https:\/\/www.mijas.es\/portal\/wp-json\/wp\/v2\/pages"}],"about":[{"href":"https:\/\/www.mijas.es\/portal\/wp-json\/wp\/v2\/types\/page"}],"author":[{"embeddable":true,"href":"https:\/\/www.mijas.es\/portal\/wp-json\/wp\/v2\/users\/1"}],"replies":[{"embeddable":true,"href":"https:\/\/www.mijas.es\/portal\/wp-json\/wp\/v2\/comments?post=267"}],"version-history":[{"count":10,"href":"https:\/\/www.mijas.es\/portal\/wp-json\/wp\/v2\/pages\/267\/revisions"}],"predecessor-version":[{"id":30457,"href":"https:\/\/www.mijas.es\/portal\/wp-json\/wp\/v2\/pages\/267\/revisions\/30457"}],"up":[{"embeddable":true,"href":"https:\/\/www.mijas.es\/portal\/wp-json\/wp\/v2\/pages\/266"}],"wp:featuredmedia":[{"embeddable":true,"href":"https:\/\/www.mijas.es\/portal\/wp-json\/wp\/v2\/media\/12890"}],"wp:attachment":[{"href":"https:\/\/www.mijas.es\/portal\/wp-json\/wp\/v2\/media?parent=267"}],"curies":[{"name":"wp","href":"https:\/\/api.w.org\/{rel}","templated":true}]}}