{"id":266,"date":"2013-05-18T18:06:17","date_gmt":"2013-05-18T18:06:17","guid":{"rendered":"http:\/\/localhost\/pruebaweb\/?p=266"},"modified":"2019-07-15T10:48:06","modified_gmt":"2019-07-15T10:48:06","slug":"educacion","status":"publish","type":"page","link":"https:\/\/www.mijas.es\/portal\/educacion\/","title":{"rendered":"Departamento de Educaci\u00f3n"},"content":{"rendered":"\n<p>La Educaci\u00f3n, un derecho fundamental.<\/p>\n\n\n\n<p>La educaci\u00f3n es un  derecho primordial del programa  de este equipo de gobierno. Entendemos que es el medio para lograr una sociedad m\u00e1s justa y el \u00fanico medio para permitir mejorar la situaci\u00f3n social de las personas, en base a su voluntad, val\u00eda y esfuerzo. De ah\u00ed que dediquemos un gran esfuerzo econ\u00f3mico a garantizar una educaci\u00f3n p\u00fablica de calidad y ofrecer ayudas econ\u00f3micas a las familias, dentro de los m\u00e1rgenes que la legislaci\u00f3n sobre las administraciones locales impone.<\/p>\n\n\n\n<p>Desde esta concejal\u00eda queremos cumplir con las obligaciones de mantenimiento y conservaci\u00f3n de los centros educativos, pero queremos ir m\u00e1s all\u00e1. Pretendemos ofrecer a la direcci\u00f3n de los centros y familias un apoyo y ayuda para solucionar problemas como el bullying, anorexia, dependencias tecnol\u00f3gicas, etc\u2026<br>Al mismo tiempo ofrecemos  alternativas  culturales, poniendo a disposici\u00f3n  de los centros educativos las infraestructuras y servicios municipales.<\/p>\n\n\n\n<p>Dado el car\u00e1cter biling\u00fce de la mayor\u00eda de nuestros centros, vamos a  explorar posibilidades de intercambios europeos dentro de los programas Erasmus.  <br>Basamos nuestra direcci\u00f3n pol\u00edtica en la declaraci\u00f3n de los Derechos Humanos, en la Constituci\u00f3n Espa\u00f1ola y en el informe de la UNESCO sobre la Educaci\u00f3n para el siglo XXI, del cual se desprenden estos conceptos:<\/p>\n\n\n\n<p>\u201cLa educaci\u00f3n a lo largo de la vida se basa en cuatro pilares: aprender a conocer, aprender a hacer, aprender a vivir juntos, aprender a ser.<br>La educaci\u00f3n a lo largo de la vida conduce directamente a la noci\u00f3n de sociedad educativa, es decir, una sociedad en la que se ofrecen m\u00faltiples posibilidades de aprender, tanto en la escuela como en la vida econ\u00f3mica, social y cultural\u201d<\/p>\n\n\n\n<p>Declaraci\u00f3n Universal de los Derechos Humanos &#8211; <a aria-label=\" (abre en una nueva pesta\u00f1a)\" href=\"https:\/\/www.mijas.es\/portal\/declaracion-universal-de-los-derechos-humanos\/\" target=\"_blank\" rel=\"noreferrer noopener\">Art\u00edculos 26 y 27<\/a><\/p>\n\n\n\n<p>La Constituci\u00f3n Espa\u00f1ola de 1978 &#8211; <a aria-label=\" (abre en una nueva pesta\u00f1a)\" href=\"https:\/\/www.mijas.es\/portal\/constitucion-espanola-de-1978\/\" target=\"_blank\" rel=\"noreferrer noopener\">Art\u00edculo 27<\/a><\/p>\n\n\n\n<h4 class=\"wp-block-heading\">Departamento Municipal de Educaci\u00f3n<\/h4>\n\n\n\n<ul><li><strong>Direcci\u00f3n:&nbsp;<\/strong>Calle Rio Adra, 25, 29651 Las Lagunas, Mijas, M\u00e1laga <\/li><li><strong>Tel\u00e9fono:<\/strong>  952 59 36 44 <\/li><li><strong>E-mail:<\/strong>  <a href=\"mailto:educacion@mijas.es\">educacion@mijas.es<\/a> <\/li><\/ul>\n","protected":false},"excerpt":{"rendered":"<p>La Educaci\u00f3n, un derecho fundamental. La educaci\u00f3n es un derecho primordial del programa de este equipo de gobierno. Entendemos que es el medio para lograr una sociedad m\u00e1s justa y el \u00fanico medio para permitir mejorar la situaci\u00f3n social de las personas, en base a su voluntad, val\u00eda y esfuerzo. De ah\u00ed que dediquemos un [&hellip;]<\/p>\n","protected":false},"author":1,"featured_media":12890,"parent":0,"menu_order":0,"comment_status":"closed","ping_status":"open","template":"page-departamental.php","meta":[],"_links":{"self":[{"href":"https:\/\/www.mijas.es\/portal\/wp-json\/wp\/v2\/pages\/266"}],"collection":[{"href":"https:\/\/www.mijas.es\/portal\/wp-json\/wp\/v2\/pages"}],"about":[{"href":"https:\/\/www.mijas.es\/portal\/wp-json\/wp\/v2\/types\/page"}],"author":[{"embeddable":true,"href":"https:\/\/www.mijas.es\/portal\/wp-json\/wp\/v2\/users\/1"}],"replies":[{"embeddable":true,"href":"https:\/\/www.mijas.es\/portal\/wp-json\/wp\/v2\/comments?post=266"}],"version-history":[{"count":6,"href":"https:\/\/www.mijas.es\/portal\/wp-json\/wp\/v2\/pages\/266\/revisions"}],"predecessor-version":[{"id":26721,"href":"https:\/\/www.mijas.es\/portal\/wp-json\/wp\/v2\/pages\/266\/revisions\/26721"}],"wp:featuredmedia":[{"embeddable":true,"href":"https:\/\/www.mijas.es\/portal\/wp-json\/wp\/v2\/media\/12890"}],"wp:attachment":[{"href":"https:\/\/www.mijas.es\/portal\/wp-json\/wp\/v2\/media?parent=266"}],"curies":[{"name":"wp","href":"https:\/\/api.w.org\/{rel}","templated":true}]}}