{"id":26562,"date":"2019-07-10T15:20:24","date_gmt":"2019-07-10T15:20:24","guid":{"rendered":"https:\/\/www.mijas.es\/portal\/?page_id=26562"},"modified":"2021-03-23T14:45:26","modified_gmt":"2021-03-23T13:45:26","slug":"maria-carmen-gonzalez-rios","status":"publish","type":"page","link":"https:\/\/www.mijas.es\/portal\/tu-ayuntamiento\/maria-carmen-gonzalez-rios\/","title":{"rendered":"Mar\u00eda Carmen Gonz\u00e1lez R\u00edos"},"content":{"rendered":"\n<style>\n.profile{\nwidth: 130px;\nfloat:left;\nborder-radius: 20px;\n}\n.profile2{\nmargin-top: 14px;\nwidth: 140px;\nfloat: left;\n}\n.texto{\n  display: inline-grid;\n margin-left: 12px;\n  vertical-align: top;\n}\n.partido{\nmargin-top:40px;\n}\n.redes{\nmargin-top: 100px;\n}\n.fa {\n  padding: 20px;\n  font-size: 30px;\n  width: 55px;\n  text-align: center;\n  text-decoration: none;\n  margin: 5px 2px;\n  border-radius: 50px;\n}\n\n.fa:hover {\n    opacity: 0.7;\n}\n\n#facebook {\n  background: #3B5998;\n  color: white;\n  text-decoration: none;\n}\n\n#twitter {\n  background: #55ACEE;\n  color: white;\ntext-decoration: none;\n}\n\n#linkedin {\n  background: #007bb5;\n  color: white;\ntext-decoration: none;\n}\n\n#youtube {\n  background: #bb0000;\n  color: white;\ntext-decoration: none;\n}\n\n#instagram {\n  background: #be279b;\n  color: white;\n  text-decoration: none;\n}\n#envelope {\n  background: #999899;\n  color: white;\n  text-decoration: none;\n}\n\n<\/style>\n<link rel=\"stylesheet\" href=\"https:\/\/cdnjs.cloudflare.com\/ajax\/libs\/font-awesome\/4.7.0\/css\/font-awesome.min.css\">\n<nav>\n  <div class=\"nav nav-tabs\" id=\"nav-tab\" role=\"tablist\">\n    <a class=\"nav-item nav-link active\" id=\"nav-home-tab\" data-toggle=\"tab\" href=\"#nav-home\" role=\"tab\" aria-controls=\"nav-home\" aria-selected=\"true\">Biograf\u00eda<\/a>\n    <a class=\"nav-item nav-link\" id=\"nav-profile-tab\" data-toggle=\"tab\" href=\"#nav-profile\" role=\"tab\" aria-controls=\"nav-profile\" aria-selected=\"false\">Cargos<\/a>\n<!--\n    <a class=\"nav-item nav-link\" id=\"nav-contact-tab\" data-toggle=\"tab\" href=\"#nav-contact\" role=\"tab\" aria-controls=\"nav-contact\" aria-selected=\"false\">Delegaciones<\/a>\n-->\n  <\/div>\n<\/nav>\n<div class=\"tab-content\" id=\"nav-tabContent\">\n  <div class=\"tab-pane fade show active\" id=\"nav-home\" role=\"tabpanel\" aria-labelledby=\"nav-home-tab\">\n<div>\n<br>\n<img decoding=\"async\" class=\"profile\" src=\"http:\/\/www.mijas.es\/files\/adjuntos\/ayto\/CorporacionMunicipal\/fotos_concejales_psoe_web2019\/todos\/MARIA%20DEL%20CARMEN%20GONZALEZ.jpg\"> <\/img>\n<p class=\"texto\"> <b>Fecha de nacimiento:<\/b> 21 de agosto de 1973<\/p><br>\n<p class=\"texto\"> <b>Lugar de nacimiento:<\/b> Antequera (M\u00e1laga)<\/p><br><br>\n<p class=\"texto\"> <b>Formaci\u00f3n acad\u00e9mica:<\/b>&#8211; Licenciada en CC. Econ\u00f3micas y Empresariales por la Universidad de M\u00e1laga<br>\n&#8211; T\u00e9cnico en An\u00e1lisis Contable y Financiero<br>\n&#8211; T\u00e9cnico Superior en Prevenci\u00f3n de Riesgos Laborales<br>\n&#8211; C.P. Docencia de la Formaci\u00f3n Profesional para el Empleo<br>\n <\/p> <br>\n<p class=\"texto\"> <b>Trayectoria profesional:<\/b> Ha ejercido como economista durante 12 a\u00f1os, desarrollando su profesi\u00f3n tanto en empresas de diferentes sectores como por cuenta propia. En el a\u00f1o 2008 tom\u00f3 contacto con el \u00e1mbito de la docencia, desarrollando desde entonces acciones formativas para empresas e impartiendo clases en diversos centros de estudios superiores. <br><br>\n\n<b>Bibliograf\u00eda:<\/b> Autora de contenidos en colaboraci\u00f3n con varias editoriales, contando con publicaciones como: \u201cMarketing y plan de negocio de la microempresa\u201d (2015), \u201cProyecto y viabilidad del negocio o microempresa\u201d (2015), \u201cPlan General de Contabilidad\u201d (2018),  \u201cRegistros contables\u201d (2019) o \u201cGesti\u00f3n de la documentaci\u00f3n de constituci\u00f3n y contrataci\u00f3n en la empresa\u201d (2019).\n<\/p>\n<br>\n<p class=\"texto\"><a target=\"_blank\" href=\"http:\/\/www.mijas.es\/wp-content\/uploads\/2021\/01\/REGISTRO%20INTERESES%202020%20M%C2%AA%20CARMEN%20GONZALEZ.pdf\" rel=\"noopener noreferrer\">Ver registro de actividades, bienes e intereses<\/a><\/p>\n<div class=\"partido\"><img decoding=\"async\" class=\"profile2\" src=\"https:\/\/www.mijas.es\/wp-content\/uploads\/2019\/04\/logo-ciudadanos.jpg\"><\/img><\/div>\n<\/div>\n<div class=\"redes\">\n<a href=\"mailto:mariadelcarmen.gonzalez@mijas.es?Subject=Consulta\" target=\"_blank\" id=\"envelope\" class=\"fa fa-envelope\" rel=\"noopener noreferrer\"><\/a>\n<\/div>\n<\/div>\n<div class=\"tab-pane fade\" id=\"nav-profile\" role=\"tabpanel\" aria-labelledby=\"nav-profile-tab\"><td colspan=\"2\" style=\"width: 577px; vertical-align: top;\">\n\t\t\t\t<p style=\"text-align: justify;\">\n\t\t\t\t\t<strong>Cargos<\/strong><\/p>\n\t\t\t\t<ul>\n\t\t\t\t\t<li style=\"text-align: justify;\">\n\t\t\t\t\t\tConcejala de C&#8217;s<\/li>\n<li style=\"text-align: justify;\">\n\t\t\t\t\t\tDrogodependencia<\/li>\n<li style=\"text-align: justify;\">\n\t\t\t\t\t\tSanidad<\/li>\n<li style=\"text-align: justify;\">\n\t\t\t\t\t\tCementerio<\/li>\n<li style=\"text-align: justify;\">\n\t\t\t\t\t\tConsumo<\/li>\n<li style=\"text-align: justify;\">\n\t\t\t\t\t\tAnimales Dom\u00e9sticos<\/li>\n<li style=\"text-align: justify;\">\n\t\t\t\t\t\tArchivo Municipal<\/li>\n\t\t\t\t\n\t\t\t\t<\/ul><\/div>\n<!--\n  <div class=\"tab-pane fade\" id=\"nav-contact\" role=\"tabpanel\" aria-labelledby=\"nav-contact-tab\"><p style=\"text-align: justify;\">\n\t\t\t\t\t<strong>Delegaciones<\/strong><\/p>\n\t\t\t\t<ul>\n\t\t\t\t\t\n\t\t\t\t<\/ul><\/div>\n-->\n<\/div>\n","protected":false},"excerpt":{"rendered":"<p>Biograf\u00eda Cargos Fecha de nacimiento: 21 de agosto de 1973 Lugar de nacimiento: Antequera (M\u00e1laga) Formaci\u00f3n acad\u00e9mica:&#8211; Licenciada en CC. Econ\u00f3micas y Empresariales por la Universidad de M\u00e1laga &#8211; T\u00e9cnico en An\u00e1lisis Contable y Financiero &#8211; T\u00e9cnico Superior en Prevenci\u00f3n de Riesgos Laborales &#8211; C.P. Docencia de la Formaci\u00f3n Profesional para el Empleo Trayectoria profesional: [&hellip;]<\/p>\n","protected":false},"author":4,"featured_media":0,"parent":7,"menu_order":0,"comment_status":"closed","ping_status":"closed","template":"page-departamental.php","meta":[],"_links":{"self":[{"href":"https:\/\/www.mijas.es\/portal\/wp-json\/wp\/v2\/pages\/26562"}],"collection":[{"href":"https:\/\/www.mijas.es\/portal\/wp-json\/wp\/v2\/pages"}],"about":[{"href":"https:\/\/www.mijas.es\/portal\/wp-json\/wp\/v2\/types\/page"}],"author":[{"embeddable":true,"href":"https:\/\/www.mijas.es\/portal\/wp-json\/wp\/v2\/users\/4"}],"replies":[{"embeddable":true,"href":"https:\/\/www.mijas.es\/portal\/wp-json\/wp\/v2\/comments?post=26562"}],"version-history":[{"count":17,"href":"https:\/\/www.mijas.es\/portal\/wp-json\/wp\/v2\/pages\/26562\/revisions"}],"predecessor-version":[{"id":35164,"href":"https:\/\/www.mijas.es\/portal\/wp-json\/wp\/v2\/pages\/26562\/revisions\/35164"}],"up":[{"embeddable":true,"href":"https:\/\/www.mijas.es\/portal\/wp-json\/wp\/v2\/pages\/7"}],"wp:attachment":[{"href":"https:\/\/www.mijas.es\/portal\/wp-json\/wp\/v2\/media?parent=26562"}],"curies":[{"name":"wp","href":"https:\/\/api.w.org\/{rel}","templated":true}]}}