{"id":26532,"date":"2019-07-10T13:30:37","date_gmt":"2019-07-10T13:30:37","guid":{"rendered":"https:\/\/www.mijas.es\/portal\/?page_id=26532"},"modified":"2025-10-09T11:51:58","modified_gmt":"2025-10-09T10:51:58","slug":"natalia-maria-martinez-gomez","status":"publish","type":"page","link":"https:\/\/www.mijas.es\/portal\/tu-ayuntamiento\/natalia-maria-martinez-gomez\/","title":{"rendered":"Natalia Mar\u00eda Mart\u00ednez G\u00f3mez"},"content":{"rendered":"\n<style>\n.profile{\nwidth: 130px;\nfloat:left;\nborder-radius: 12px;\n}\n.profile2{\nmargin-top: 14px;\nwidth: 100px;\nfloat: left;\n}\n.texto{\n  display: inline-grid;\n margin-left: 12px;\n  vertical-align: top;\n}\n.partido{\nmargin-top:6px;\n}\n.redes{\nmargin-top: 20px;\n}\n.fa {\n  padding: 20px;\n  font-size: 30px;\n  width: 55px;\n  text-align: center;\n  text-decoration: none;\n  margin: 5px 2px;\n  border-radius: 50px;\n}\n\n.fa:hover {\n    opacity: 0.7;\n}\n\n#facebook {\n  background: #3B5998;\n  color: white;\n  text-decoration: none;\n}\n\n#twitter {\n  background: #55ACEE;\n  color: white;\ntext-decoration: none;\n}\n\n#linkedin {\n  background: #007bb5;\n  color: white;\ntext-decoration: none;\n}\n\n#youtube {\n  background: #bb0000;\n  color: white;\ntext-decoration: none;\n}\n\n#instagram {\n  background: #be279b;\n  color: white;\n  text-decoration: none;\n}\n#envelope {\n  background: #999899;\n  color: white;\n  text-decoration: none;\n}\n\n<\/style>\n<link rel=\"stylesheet\" href=\"https:\/\/cdnjs.cloudflare.com\/ajax\/libs\/font-awesome\/4.7.0\/css\/font-awesome.min.css\">\n<nav>\n  <div class=\"nav nav-tabs\" id=\"nav-tab\" role=\"tablist\">\n    <!--<a class=\"nav-item nav-link active\" id=\"nav-home-tab\" data-toggle=\"tab\" href=\"#nav-home\" role=\"tab\" aria-controls=\"nav-home\" aria-selected=\"true\">Biograf\u00eda<\/a>-->\n    <a class=\"nav-item nav-link active\" id=\"nav-profile-tab\" data-toggle=\"tab\" href=\"#nav-profile\" role=\"tab\" aria-controls=\"nav-profile\" aria-selected=\"false\">Perfil<\/a>\n  <\/div>\n<\/nav>\n<!--<div class=\"tab-content\" id=\"nav-tabContent\">\n  <div class=\"tab-pane fade show active\" id=\"nav-home\" role=\"tabpanel\" aria-labelledby=\"nav-home-tab\">\n<div>\n<br>\n<img decoding=\"async\" class=\"profile\" src=\"http:\/\/www.mijas.es\/files\/adjuntos\/ayto\/CorporacionMunicipal\/fotos_concejales_psoe_web2019\/todos\/NATALIA%20MARTINEZ.jpg\"> \n<p class=\"texto\"> <b>Fecha de nacimiento:<\/b> 30\/04\/1984 <\/p><br>\n<p class=\"texto\"> <b>Lugar de nacimiento:<\/b> M\u00e1laga <\/p><br><br>\n<p class=\"texto\"> <b>Formaci\u00f3n acad\u00e9mica:<\/b> -\tCurso estudios en el IES Sierra de Mijas. <br>\n-\tT\u00e9cnica especialista  en peluquer\u00eda y estilismo.<br>\n-\tCurso en prevenci\u00f3n de la violencia de g\u00e9nero por la consultora Concilia2<br>\n-\tCurso de conciliaci\u00f3n y corresponsabilidad por la consultora Concilia2<br>\n-\tTaller de  igualdad con perspectiva de g\u00e9nero por la escuela \u00c1gora de formaci\u00f3n feminista.<br>\n-\tTaller de diversidad sexual por la consultora Diferencia2\n <\/p> <br>\n<p class=\"texto\"> <b>Trayectoria profesional:<\/b> Joven emprendedora con m\u00e1s de una d\u00e9cada al frente de su empresa ubicada en Mijas, conoce de primera mano las necesidades y demandas del comercio local. <br>\n\nHa desempe\u00f1ado su carrera en el municipio centr\u00e1ndose en los \u00faltimos a\u00f1os en el asesoramiento para la mejora del tejido comercial, as\u00ed como en la defensa de la igualdad y el feminismo.<br>\n\nHa sido secretaria general de las juventudes socialistas de Mijas y actualmente es la secretaria de igualdad y equidad del PSOE.\n\n<\/p>\n<br>-->\n\n<div class=\"tab-pane fade row  show\" id=\"nav-profile\" role=\"tabpanel\" aria-labelledby=\"nav-profile-tab\">\n\t\t\t\t<!--<p style=\"text-align: justify;\">\n\t\t\t\t\t<strong>Cargos<\/strong><\/p>-->\n<div class=\"col-md-3\">\n<img decoding=\"async\" class=\"\" width=\"100%\" src=\"https:\/\/www.mijas.es\/wp-content\/uploads\/2023\/06\/PSOE%2006%20NATALIA%20MARI%CC%81A%20MARTI%CC%81NEZ%20GO%CC%81MEZ.jpg\">\n<\/div>\n<div class=\"col-md-9 p-3\">\n\n<h4><u>Cargos<\/u><\/h4>\n<div style=\"float:right\"><img decoding=\"async\" width=\"80px\" data-src=\"https:\/\/www.mijas.es\/wp-content\/uploads\/2019\/04\/alogo_psoe.gif\" class=\"profile2 lazyloaded\" src=\"https:\/\/www.mijas.es\/wp-content\/uploads\/2019\/04\/alogo_psoe.gif\"><noscript><img decoding=\"async\" class=\"profile2 lazy\" src=\"data:image\/svg+xml,%3Csvg%20xmlns='http:\/\/www.w3.org\/2000\/svg'%20viewBox='0%200%2080%2080'%3E%3C\/svg%3E\" data-src=\"https:\/\/www.mijas.es\/wp-content\/uploads\/2019\/04\/alogo_psoe.gif\" width=\"80px\"><\/noscript><\/div>\n\t<ul>\n\t  <li style=\"text-align: justify;\">\n\t\t\t\t\t\tConcejala de PSOE<\/li>\n\n\t\t\t\t<\/ul>\n<h4><u>Formacion<\/u><\/h4>\n<ul>\n\t  <li style=\"text-align: justify;\">\n\t\t\t\t\t\t<\/li>\n\t\t\t\t<\/ul>\n<h4><u>Contacto<\/u><\/h4>\n\n<a href=\"mailto:natalia.martinez@mijas.es?Subject=Consulta\" target=\"_blank\" id=\"envelope\" class=\"fa fa-envelope\" rel=\"noopener noreferrer\"><\/a> <a href=\"natalia.martinez@mijas.es?Subject=Consulta\" target=\"_blank\" rel=\"noopener noreferrer\">natalia.martinez@mijas.es<\/a>\n<\/ul>\n<h4><u>Retribuciones<\/u><\/h4>\n<ul>\n\t  <li style=\"text-align: justify;\">\n\t\t\t\t\t\t27.074 \u20ac\n<\/ul>\n\n<hr>\n\n<p class=\"texto\"><a href=\"https:\/\/www.mijas.es\/wp-content\/uploads\/2023\/06\/6_NATALIA_MARTINEZ_GOMEZ.pdf\" target=\"_blank\" rel=\"noopener\">Ver registro de actividades, bienes e intereses 2023<\/a><\/p>\n\n<hr>\n\n<p class=\"texto\"><a href=\"https:\/\/www.mijas.es\/wp-content\/uploads\/2025\/10\/20251008_REGISTRO%20INTERESES%20NATALIA%20MARTINEZ.pdf\" target=\"_blank\" rel=\"noopener\">Ver registro de actividades, bienes e intereses 2024<\/a><\/p>\n\n<hr>\n<\/div>\n","protected":false},"excerpt":{"rendered":"<p>Perfil Cargos Concejala de PSOE Formacion Contacto natalia.martinez@mijas.es Retribuciones 27.074 \u20ac Ver registro de actividades, bienes e intereses 2023 Ver registro de actividades, bienes e intereses 2024<\/p>\n","protected":false},"author":4,"featured_media":0,"parent":7,"menu_order":0,"comment_status":"closed","ping_status":"closed","template":"page-departamental.php","meta":[],"_links":{"self":[{"href":"https:\/\/www.mijas.es\/portal\/wp-json\/wp\/v2\/pages\/26532"}],"collection":[{"href":"https:\/\/www.mijas.es\/portal\/wp-json\/wp\/v2\/pages"}],"about":[{"href":"https:\/\/www.mijas.es\/portal\/wp-json\/wp\/v2\/types\/page"}],"author":[{"embeddable":true,"href":"https:\/\/www.mijas.es\/portal\/wp-json\/wp\/v2\/users\/4"}],"replies":[{"embeddable":true,"href":"https:\/\/www.mijas.es\/portal\/wp-json\/wp\/v2\/comments?post=26532"}],"version-history":[{"count":21,"href":"https:\/\/www.mijas.es\/portal\/wp-json\/wp\/v2\/pages\/26532\/revisions"}],"predecessor-version":[{"id":62398,"href":"https:\/\/www.mijas.es\/portal\/wp-json\/wp\/v2\/pages\/26532\/revisions\/62398"}],"up":[{"embeddable":true,"href":"https:\/\/www.mijas.es\/portal\/wp-json\/wp\/v2\/pages\/7"}],"wp:attachment":[{"href":"https:\/\/www.mijas.es\/portal\/wp-json\/wp\/v2\/media?parent=26532"}],"curies":[{"name":"wp","href":"https:\/\/api.w.org\/{rel}","templated":true}]}}