{"id":252,"date":"2013-05-18T16:48:01","date_gmt":"2013-05-18T16:48:01","guid":{"rendered":"http:\/\/localhost\/pruebaweb\/?p=252"},"modified":"2022-04-18T16:06:15","modified_gmt":"2022-04-18T15:06:15","slug":"red-de-senderos-autoguiados","status":"publish","type":"page","link":"https:\/\/www.mijas.es\/portal\/medio-ambiente\/red-de-senderos-autoguiados\/","title":{"rendered":"Red de Senderos Autoguiados"},"content":{"rendered":"<p class=\"xd\" align=\"justify\"><span style=\"color: #000000; font-family: Verdana; font-size: small;\"><span class=\"xd\"><a href=\"https:\/\/www.mijas.es\/files\/adjuntos\/medioambiente\/aRed_Senderos_Mijas_baja.pdf\" target=\"_blank\" rel=\"noopener noreferrer\"><span style=\"font-family: Verdana; font-size: small;\">La Red de Senderos autoguiados<\/span><\/a><span style=\"font-family: Verdana; font-size: small;\"> ofrece al visitante la posibilidad de conocer el entorno natural de Mijas, a trav\u00e9s de una serie de itinerarios se\u00f1alizados que recorren la vertiente sur de la sierra y cuyo punto de partida es El Mirador de Mijas Pueblo.<\/span><\/span><\/span><\/p>\n<p class=\"xd\" align=\"justify\">\n<\/p><p class=\"xd\" align=\"justify\"><span style=\"color: #000000; font-family: Verdana; font-size: small;\">Mediante paneles interpretativos instalados a lo largo de los senderos se aporta tambi\u00e9n informaci\u00f3n de car\u00e1cter natural, cultural y etnol\u00f3gico.<\/span><\/p>\n<p class=\"xd\"><span style=\"color: #000000; font-family: Verdana; font-size: small;\">Y recuerda:<\/span><\/p>\n<ul>\n<li>\n<p class=\"xd\"><span style=\"color: #000000; font-family: Verdana; font-size: small;\">No enciendas fuego<\/span><\/p>\n<\/li>\n<li>\n<p class=\"xd\"><span style=\"color: #000000; font-family: Verdana; font-size: small;\">Respeta la flora y la fauna<\/span><\/p>\n<\/li>\n<li>\n<p class=\"xd\"><span style=\"color: #000000; font-family: Verdana; font-size: small;\">El ruido es contaminaci\u00f3n<\/span><\/p>\n<\/li>\n<li>\n<p class=\"xd\"><span style=\"color: #000000; font-family: Verdana; font-size: small;\">No abandones los senderos<\/span><\/p>\n<\/li>\n<li>\n<p class=\"xd\"><span style=\"color: #000000; font-family: Verdana; font-size: small;\">Transporta tus basuras y depositalas posteriormente en el contenedor adecuado<\/span><\/p>\n<\/li>\n<li>\n<p class=\"xd\"><span style=\"color: #000000; font-family: Verdana; font-size: small;\">Atenci\u00f3n a los restos biodegradables. En la naturaleza son \u00abBiodesagradables\u00bb<\/span><\/p>\n<\/li>\n<li>\n<p class=\"xd\"><span style=\"color: #000000; font-family: Verdana; font-size: small;\">Comunica r\u00e1pidamente cualquier incidencia al tel\u00e9fono de emergencia 112<\/span><\/p>\n<\/li>\n<\/ul>\n<p class=\"xd\" style=\"text-align: center;\"><span style=\"color: #000000; font-family: Verdana; font-size: small;\"><img decoding=\"async\" style=\"width: 500px; height: 83px;\" src=\"https:\/\/www.mijas.es\/files\/imagen\/medio-ambiente\/aiconosMambiente.jpg\" alt=\"iconos medioambiente\"><\/span><\/p>\n<p align=\"justify\"><span style=\"color: #000000; font-size: small;\">Adem\u00e1s, si practicas deportes de monta\u00f1a consulta el <\/span><a href=\"https:\/\/www.mijas.es\/files\/adjuntos\/medioambiente\/aDecalogo_montanero_sostenible.pdf\" target=\"_blank\" rel=\"noopener noreferrer\"><span style=\"font-size: small;\">Dec\u00e1logo del Monta\u00f1ero Sostenible<\/span><\/a><\/p>\n<p align=\"justify\"><a href=\"https:\/\/www.mijas.es\/wp-content\/uploads\/2021\/09\/DISFRUTA%20SIN%20DEJAR%20HUELLA.pdf\" target=\"_blank\" rel=\"noopener\"><strong>DISFRUTA SIN DEJAR HUELLA<\/strong><\/a><\/p>\n<p align=\"center\">Plano de los senderos (para agrandar hacer click en la imagen)<\/p>\n<p align=\"center\">Red de senderos y sus caracter\u00edsticas&nbsp; &#8211;&nbsp; <strong><a href=\"https:\/\/www.mijas.es\/wp-content\/uploads\/2022\/04\/SENDEROS%20RENOVADOS.kmz\" target=\"_blank\" rel=\"noopener\">Ver Senderos<\/a> (Archivo KMZ)<\/strong><\/p>\n<p align=\"center\"><a href=\"https:\/\/www.mijas.es\/wp-content\/uploads\/2022\/04\/NUEVO-CARTEL-SENDEROS-2048x1668.jpg\"><img decoding=\"async\" class=\"alignnone wp-image-45813 \" src=\"https:\/\/www.mijas.es\/wp-content\/uploads\/2022\/04\/NUEVO-CARTEL-SENDEROS-1024x834.jpg\" alt=\"\" width=\"405\" height=\"330\" srcset=\"https:\/\/www.mijas.es\/wp-content\/uploads\/2022\/04\/NUEVO-CARTEL-SENDEROS-1024x834.jpg 1024w, https:\/\/www.mijas.es\/wp-content\/uploads\/2022\/04\/NUEVO-CARTEL-SENDEROS-300x244.jpg 300w, https:\/\/www.mijas.es\/wp-content\/uploads\/2022\/04\/NUEVO-CARTEL-SENDEROS-768x626.jpg 768w, https:\/\/www.mijas.es\/wp-content\/uploads\/2022\/04\/NUEVO-CARTEL-SENDEROS-1536x1251.jpg 1536w, https:\/\/www.mijas.es\/wp-content\/uploads\/2022\/04\/NUEVO-CARTEL-SENDEROS-2048x1668.jpg 2048w\" sizes=\"(max-width: 405px) 100vw, 405px\" \/><\/a><\/p>\n<p align=\"center\">\n<\/p><p align=\"center\"><span style=\"color: #ff0000; font-family: Arial; font-size: medium;\"><strong>Es necesario y recomendable llevar agua en cantidad suficiente, calzado apropiado, ropa de abrigo, gorra y protector solar. Inf\u00f3rmese de la predicci\u00f3n meteorol\u00f3gica.<\/strong><\/span><\/p>\n<p align=\"center\">\n<\/p><p align=\"center\"><\/p>\n\n\n<!--<iframe width=\"900px\" height=\"440px\" src=\"https:\/\/www.arcgis.com\/apps\/Profile\/index.html?appid=cd42de0ac9ab4cceae656e82b05f752e\" frameborder=\"0\" scrolling=\"no\"><\/iframe>-->\n","protected":false},"excerpt":{"rendered":"<p>La Red de Senderos autoguiados ofrece al visitante la posibilidad de conocer el entorno natural de Mijas, a trav\u00e9s de una serie de itinerarios se\u00f1alizados que recorren la vertiente sur de la sierra y cuyo punto de partida es El Mirador de Mijas Pueblo. Mediante paneles interpretativos instalados a lo largo de los senderos se [&hellip;]<\/p>\n","protected":false},"author":1,"featured_media":0,"parent":12115,"menu_order":0,"comment_status":"closed","ping_status":"open","template":"page-departamental.php","meta":[],"_links":{"self":[{"href":"https:\/\/www.mijas.es\/portal\/wp-json\/wp\/v2\/pages\/252"}],"collection":[{"href":"https:\/\/www.mijas.es\/portal\/wp-json\/wp\/v2\/pages"}],"about":[{"href":"https:\/\/www.mijas.es\/portal\/wp-json\/wp\/v2\/types\/page"}],"author":[{"embeddable":true,"href":"https:\/\/www.mijas.es\/portal\/wp-json\/wp\/v2\/users\/1"}],"replies":[{"embeddable":true,"href":"https:\/\/www.mijas.es\/portal\/wp-json\/wp\/v2\/comments?post=252"}],"version-history":[{"count":25,"href":"https:\/\/www.mijas.es\/portal\/wp-json\/wp\/v2\/pages\/252\/revisions"}],"predecessor-version":[{"id":45822,"href":"https:\/\/www.mijas.es\/portal\/wp-json\/wp\/v2\/pages\/252\/revisions\/45822"}],"up":[{"embeddable":true,"href":"https:\/\/www.mijas.es\/portal\/wp-json\/wp\/v2\/pages\/12115"}],"wp:attachment":[{"href":"https:\/\/www.mijas.es\/portal\/wp-json\/wp\/v2\/media?parent=252"}],"curies":[{"name":"wp","href":"https:\/\/api.w.org\/{rel}","templated":true}]}}