{"id":248,"date":"2013-05-18T16:47:00","date_gmt":"2013-05-18T16:47:00","guid":{"rendered":"http:\/\/localhost\/pruebaweb\/?p=248"},"modified":"2023-09-18T08:30:36","modified_gmt":"2023-09-18T07:30:36","slug":"programa-municipal","status":"publish","type":"page","link":"https:\/\/www.mijas.es\/portal\/medio-ambiente\/programa-municipal\/","title":{"rendered":"Programa Municipal"},"content":{"rendered":"<p><!--\n\n<p style=\"text-align: justify;\">El \u00c1rea de Medio Ambiente del Ayuntamiento de Mijas presenta cada a\u00f1o un Programa Municipal de Actividades de Educaci\u00f3n Ambiental dirigido tanto a los centros educativos como a otros colectivos sociales. En cada edici\u00f3n se incorporan algunas novedades en cuanto a las actividades propuestas as\u00ed como los destinatarios que pueden beneficiarse de las mismas.<\/p>\n\n\n\n\n<p style=\"text-align: justify;\">Para conocer m\u00e1s detalladamente el contenido de las actividades medioambientales, los destinatarios o el calendario en que se llevan a cabo, puede consultar o descargar el archivo PDF de cada edici\u00f3n as\u00ed como la hoja de solicitud.<\/p>\n\n\n\n\n<p style=\"text-align: justify;\">Esperamos que las propuestas sean de vuestro inter\u00e9s, especialmente a los que est\u00e1is implicados en tareas docentes. En cualquier caso, pueden enviar al \u00c1rea de Medio ambiente todas aquellas sugerencias que teng\u00e1is encaminadas a mejorar la planificaci\u00f3n o el desarrollo de las mismas.<\/p>\n\n--><\/p>\n\n\n<h4 class=\"wp-block-heading\"><strong>Actividades\/Campa\u00f1as\/Jornadas<\/strong><\/h4>\n\n\n\n<p>D\u00eda Internacional Libre de Bolsas de Pl\u00e1stico (<a href=\"http:\/\/www.mijas.es\/wp-content\/uploads\/2020\/07\/dia%20sin%20bolsa.pdf\">descargar PDF<\/a>)<\/p>\n\n\n\n<p>No le Eches el Guante (<a href=\"http:\/\/www.mijas.es\/wp-content\/uploads\/2020\/05\/No-Le-Eches-Un-Guante.pdf\">descargar PDF<\/a>)<\/p>\n\n\n\n<p>Censo Municipal de Nidos (<a href=\"http:\/\/www.mijas.es\/wp-content\/uploads\/2020\/04\/CARTEL%20campa%C3%B1a%20gol-avi-ven-GECOR.pdf\">descargar PDF<\/a>)<\/p>\n\n\n\n<p> Jornadas de Biodiversidad (<a href=\"https:\/\/www.mijas.es\/files\/adjuntos\/medioambiente\/PONENCIAS_JORNADA_BIODIVERSIDAD_MIJAS_2018.pdf\">descargar PDF<\/a>) <\/p>\n\n\n\n<p> Anidando bajo tu Tejado (<a href=\"http:\/\/www.mijas.es\/files\/adjuntos\/medioambiente\/jornadas\/GOLONDRINA%20COM%C3%9AN.%20Anidando%20Bajo%20Tu%20Tejado.pdf\">descargar PDF<\/a>) <\/p>\n\n\n\n<p> Chorlitejo Patinegro, Ave del a\u00f1o 2019 SeoBirdlife<strong><em> <\/em><\/strong>(<a href=\"http:\/\/www.mijas.es\/files\/adjuntos\/medioambiente\/jornadas\/CHORLITEJO%20PATINEGRO%2C%20Ave%20del%20A%C3%B1o%202019%20SEOBirdLife.pdf\">descargar PDF<\/a>)<\/p>\n\n\n\n<p>Nuestro Compromiso con el Reciclaje\/How to Recicle in Mijas (<a href=\"https:\/\/www.mijas.es\/wp-content\/uploads\/2023\/09\/NUESTRO%20COMPROMISO%20RECICLAJE%20(A3).pdf\" target=\"_blank\" rel=\"noreferrer noopener\">Descargar PDF<\/a> \/ <a href=\"https:\/\/www.mijas.es\/wp-content\/uploads\/2023\/09\/HOW%20TO%20RECICLE%20IN%20MIJAS%20(A3).pdf\" target=\"_blank\" rel=\"noreferrer noopener\">Download PDF<\/a>)<\/p>\n","protected":false},"excerpt":{"rendered":"<p>Actividades\/Campa\u00f1as\/Jornadas D\u00eda Internacional Libre de Bolsas de Pl\u00e1stico (descargar PDF) No le Eches el Guante (descargar PDF) Censo Municipal de Nidos (descargar PDF) Jornadas de Biodiversidad (descargar PDF) Anidando bajo tu Tejado (descargar PDF) Chorlitejo Patinegro, Ave del a\u00f1o 2019 SeoBirdlife (descargar PDF) Nuestro Compromiso con el Reciclaje\/How to Recicle in Mijas (Descargar PDF \/ [&hellip;]<\/p>\n","protected":false},"author":1,"featured_media":0,"parent":12115,"menu_order":0,"comment_status":"closed","ping_status":"open","template":"page-departamental.php","meta":[],"_links":{"self":[{"href":"https:\/\/www.mijas.es\/portal\/wp-json\/wp\/v2\/pages\/248"}],"collection":[{"href":"https:\/\/www.mijas.es\/portal\/wp-json\/wp\/v2\/pages"}],"about":[{"href":"https:\/\/www.mijas.es\/portal\/wp-json\/wp\/v2\/types\/page"}],"author":[{"embeddable":true,"href":"https:\/\/www.mijas.es\/portal\/wp-json\/wp\/v2\/users\/1"}],"replies":[{"embeddable":true,"href":"https:\/\/www.mijas.es\/portal\/wp-json\/wp\/v2\/comments?post=248"}],"version-history":[{"count":18,"href":"https:\/\/www.mijas.es\/portal\/wp-json\/wp\/v2\/pages\/248\/revisions"}],"predecessor-version":[{"id":51961,"href":"https:\/\/www.mijas.es\/portal\/wp-json\/wp\/v2\/pages\/248\/revisions\/51961"}],"up":[{"embeddable":true,"href":"https:\/\/www.mijas.es\/portal\/wp-json\/wp\/v2\/pages\/12115"}],"wp:attachment":[{"href":"https:\/\/www.mijas.es\/portal\/wp-json\/wp\/v2\/media?parent=248"}],"curies":[{"name":"wp","href":"https:\/\/api.w.org\/{rel}","templated":true}]}}