{"id":247,"date":"2013-05-18T16:46:44","date_gmt":"2013-05-18T16:46:44","guid":{"rendered":"http:\/\/localhost\/pruebaweb\/?p=247"},"modified":"2019-05-21T10:58:23","modified_gmt":"2019-05-21T10:58:23","slug":"educacion-ambiental","status":"publish","type":"page","link":"https:\/\/www.mijas.es\/portal\/medio-ambiente\/educacion-ambiental\/","title":{"rendered":"Educaci&oacute;n Ambiental"},"content":{"rendered":"\n<p align=\"center\"><img decoding=\"async\" src=\"https:\/\/www.mijas.es\/files\/imagen\/medio-ambiente\/educaciom_ambiental.jpg\"> <\/a><\/p>\n<p style=\"text-align: justify;\">La preocupaci\u00f3n por el medio ambiente es una constante compartida por la mayor parte de los ciudadanos y ciudadanas. Es por ello que para afrontar la problem\u00e1tica ambiental, que en la actualidad tiene ya un car\u00e1cter global, se han ido matizando y conformando las estrategias de desarrollo de la educaci\u00f3n ambiental. En este contexto, la educaci\u00f3n ambiental tiene como objetivo implicar a los ciudadanos y ciudadanas en la resoluci\u00f3n de la crisis ambiental y social que afecta al planeta actuando desde lo local. Una problem\u00e1tica que no s\u00f3lo afecta al medio f\u00edsico o biol\u00f3gico, sino que tiene una importante componente social, que condiciona el estilo de vida y el desarrollo de las personas que habitan un municipio.<\/p>\n<p style=\"text-align: justify;\">Durante los \u00faltimos a\u00f1os, el Ayuntamiento de Mijas ha adquirido diversos compromisos ambientales, adhiri\u00e9ndose a diferentes iniciativas cuya funci\u00f3n \u00faltima es la incorporaci\u00f3n de numerosos principios y recomendaciones ambientales dentro de los procesos de gesti\u00f3n municipal. Cabe destacar entre ellos el proceso de implantaci\u00f3n de la Agenda 21 Local en la que Mijas est\u00e1 inmersa y que ha generado ya una serie de documentos t\u00e9cnicos que ocupan hoy un importante peso en la planificaci\u00f3n ambiental del municipio.<\/p>\n<p style=\"text-align: justify;\">En este sentido el Plan de Educaci\u00f3n Ambiental establece una serie de objetivos tales como:<\/p>\n<p><strong>&#8211;<\/strong> Diversificar la oferta medioambiental a la comunidad educativa.<br><strong>&#8211;<\/strong> Dise\u00f1ar y Planificar nuevas actividades en funci\u00f3n de los destinatarios.<br><strong>&#8211;<\/strong> Especializar monitores ambientales.<br><strong>&#8211;<\/strong> Elaborar nuevos materiales did\u00e1cticos y mejorar la calidad en los ya existentes.<br><strong>&#8211;<\/strong> Optimizar los materiales y recursos municipales.<br><strong>&#8211;<\/strong> Fomentar la participaci\u00f3n ciudadana en los programas medioambientales como alternativa de ocio.<br><strong>&#8211;<\/strong> Introducir un proceso de mejora continua en la Educaci\u00f3n Ambiental de Mijas<\/p>\n<p style=\"text-align: justify;\">Para el desempe\u00f1o de las actividades de Educaci\u00f3n Ambiental incluidas en el mismo se recurre a todo tipo de metodolog\u00edas: Charlas \u00bb Presentaciones; Talleres; Itinerarios interpretativos; Exposiciones; Jornadas y Seminarios; Teatro \u00bb Gui\u00f1ol; Concursos y Premios; Voluntariado Ambiental, etc.<\/p>\n<p style=\"text-align: justify;\">El \u00c1rea de Medio Ambiente cuenta desde el a\u00f1o 2006 con un Educador Ambiental, un nuevo recurso que ha favorecido el incremento de participantes en las actividades y programas de educaci\u00f3n ambiental, multiplic\u00e1ndose por 7 en los \u00faltimos tres a\u00f1os. Se ha conseguido mantener una programaci\u00f3n estable dedicada a los Centros Educativos de Mijas, lo que ha supuesto una sustancial diversificaci\u00f3n en la tipolog\u00eda y tem\u00e1tica de las actividades medioambientales, triplic\u00e1ndose con respecto a los a\u00f1os precedentes. La diversidad y estabilidad de estas actividades medioambientales ha trascendido m\u00e1s all\u00e1 de lo puramente local y colectivos procedentes de otros municipios lim\u00edtrofes se hacen eco de ellas y adem\u00e1s en algunos casos incluso solicitan participar en las mismas. Es por ello que nos afirmamos en lo siguiente:<\/p>\n<p style=\"text-align: justify;\">La Educaci\u00f3n Ambiental en el \u00e1mbito local es fundamental, y de ah\u00ed los objetivos marcados por el Plan Municipal de Educaci\u00f3n Ambiental. Para ello, y as\u00ed lo manifiestan t\u00e9cnicos y especialistas en esta materia, es necesario contar con la figura de un educador ambiental que pueda dise\u00f1ar y organizar campa\u00f1as de concienciaci\u00f3n y sensibilizaci\u00f3n as\u00ed como establecer toda la programaci\u00f3n de actividades medioambientales dirigidas a los diferentes colectivos sociales.<\/p>\n<p style=\"text-align: justify;\">Ya en 2008 El Programa Municipal de actividades de Educaci\u00f3n Ambiental dirigido a los Centros Educativos de Mijas contaba con la valoraci\u00f3n \u00abmuy positiva\u00bb del Consejo Escolar Municipal en sesi\u00f3n de fecha 23\/06\/08, que lo defin\u00eda adem\u00e1s \u00abcomo ejemplo de coordinaci\u00f3n entre el Ayuntamiento de Mijas y los Centros Educativos, as\u00ed como de planificaci\u00f3n\u00bb.<\/p>\n<p style=\"text-align: justify;\">EL PLAN MUNICIPAL DE EDUCACI\u00d3N AMBIENTAL DE MIJAS ha sido galardonado en 2009, en la modalidad de Buenas Pr\u00e1cticas Locales, en los IX PREMIOS PROVINCIALES DE MEDIO AMBIENTE \u00abPUEBLOS Y CIUDADES HACIA LA SOSTENIBILIDAD\u00bb de la Excma. Diputaci\u00f3n de M\u00e1laga.<\/p>\n","protected":false},"excerpt":{"rendered":"<p>La preocupaci\u00f3n por el medio ambiente es una constante compartida por la mayor parte de los ciudadanos y ciudadanas. Es por ello que para afrontar la problem\u00e1tica ambiental, que en la actualidad tiene ya un car\u00e1cter global, se han ido matizando y conformando las estrategias de desarrollo de la educaci\u00f3n ambiental. En este contexto, la [&hellip;]<\/p>\n","protected":false},"author":1,"featured_media":14396,"parent":12115,"menu_order":0,"comment_status":"closed","ping_status":"open","template":"page-departamental.php","meta":[],"_links":{"self":[{"href":"https:\/\/www.mijas.es\/portal\/wp-json\/wp\/v2\/pages\/247"}],"collection":[{"href":"https:\/\/www.mijas.es\/portal\/wp-json\/wp\/v2\/pages"}],"about":[{"href":"https:\/\/www.mijas.es\/portal\/wp-json\/wp\/v2\/types\/page"}],"author":[{"embeddable":true,"href":"https:\/\/www.mijas.es\/portal\/wp-json\/wp\/v2\/users\/1"}],"replies":[{"embeddable":true,"href":"https:\/\/www.mijas.es\/portal\/wp-json\/wp\/v2\/comments?post=247"}],"version-history":[{"count":3,"href":"https:\/\/www.mijas.es\/portal\/wp-json\/wp\/v2\/pages\/247\/revisions"}],"predecessor-version":[{"id":22991,"href":"https:\/\/www.mijas.es\/portal\/wp-json\/wp\/v2\/pages\/247\/revisions\/22991"}],"up":[{"embeddable":true,"href":"https:\/\/www.mijas.es\/portal\/wp-json\/wp\/v2\/pages\/12115"}],"wp:featuredmedia":[{"embeddable":true,"href":"https:\/\/www.mijas.es\/portal\/wp-json\/wp\/v2\/media\/14396"}],"wp:attachment":[{"href":"https:\/\/www.mijas.es\/portal\/wp-json\/wp\/v2\/media?parent=247"}],"curies":[{"name":"wp","href":"https:\/\/api.w.org\/{rel}","templated":true}]}}