{"id":24524,"date":"2019-06-05T13:36:07","date_gmt":"2019-06-05T13:36:07","guid":{"rendered":"https:\/\/www.mijas.es\/portal\/?page_id=24524"},"modified":"2024-03-05T11:05:46","modified_gmt":"2024-03-05T10:05:46","slug":"movilidad-urbana","status":"publish","type":"page","link":"https:\/\/www.mijas.es\/portal\/movilidad-urbana\/","title":{"rendered":"Departamento Movilidad Urbana"},"content":{"rendered":"\n<p>Bienvenidos al Departamento de Movilidad Urbana en el que podr\u00e1s consultar los diferentes servicios:<\/p>\n\n\n\n<div class=\"col-sm-6\">\n <div class=\"card\">\n      <div class=\"card-body\" style=\"text-align:center\">\n        <span>\n        <a href=\"https:\/\/www.mijas.es\/portal\/servicios-municipales\/transporte-y-movilidad\/\"><i class=\"fas fa-bus fa-2x\" style=\"color:#3691d4\"><\/i><\/a>\n        <\/span>\n        <h3 class=\"card-title\"><a href=\"https:\/\/www.mijas.es\/portal\/transporte-y-movilidad\/\">Movilidad Urbana<\/a><\/h3>\n      \n<ul style=\"list-style:circle; text-align:left; margin-left:10px;  padding:0px;\">\n\n<li><a href=\"https:\/\/www.mijas.es\/portal\/servicios-municipales\/localizacion-de-taxis\/\">TAXI<\/a><\/li>\n<li><a href=\"https:\/\/www.mijas.es\/portal\/servicios-municipales\/normativa-transporte\/\">Normativa \u2013 Transporte<\/a><\/li>\n<li><a href=\"https:\/\/www.mijas.es\/portal\/servicios-municipales\/solicitudes-transporte\/\">Solicitudes \u2013 Taxi<\/a><\/li>\n<li><a href=\"https:\/\/www.mijas.es\/portal\/servicios-municipales\/tarifas-taxi\/\">Tarifas TAXI<\/a><\/li>\n<li><a href=\"https:\/\/www.mijas.es\/portal\/servicios-municipales\/tablon-de-anuncios-de-transportes\/\">Tabl\u00f3n de anuncios de transportes<\/a><\/li>\n<li><a href=\"https:\/\/www.mijas.es\/portal\/servicios-municipales\/paradas\/\">Paradas<\/a><\/li>\n<li><a href=\"https:\/\/www.mijas.es\/portal\/servicios-municipales\/localizacion-de-taxis\/\">Localizaci\u00f3n de Taxis<\/a><\/li>\n<li><a href=\"https:\/\/www.mijas.es\/portal\/servicios-municipales\/autobuses\/\">Transporte en Autob\u00fas<\/a><\/li>\n<li><a href=\"https:\/\/www.mijas.es\/portal\/servicios-municipales\/movilidad\/\">Movilidad<\/a><\/li>\n<li><a href=\"https:\/\/www.mijas.es\/portal\/servicios-municipales\/bus-lanzadera\/\">Otros Servicios<\/a><\/li>\n<li><a href=\"https:\/\/www.mijas.es\/portal\/aparcamientos-para-personas-con-movilidad-reducida-pmr\/\">Aparcamientos Para Personas Con Movilidad Reducida (PMR)<\/a><\/li>\n\n\n<\/ul>\n      <\/div>\n    <\/div>\n  <\/div><\/p>\n","protected":false},"excerpt":{"rendered":"<p>Bienvenidos al Departamento de Movilidad Urbana en el que podr\u00e1s consultar los diferentes servicios: Movilidad Urbana TAXI Normativa \u2013 Transporte Solicitudes \u2013 Taxi Tarifas TAXI Tabl\u00f3n de anuncios de transportes Paradas Localizaci\u00f3n de Taxis Transporte en Autob\u00fas Movilidad Otros Servicios Aparcamientos Para Personas Con Movilidad Reducida (PMR)<\/p>\n","protected":false},"author":4,"featured_media":10694,"parent":0,"menu_order":0,"comment_status":"closed","ping_status":"closed","template":"page-departamental.php","meta":[],"_links":{"self":[{"href":"https:\/\/www.mijas.es\/portal\/wp-json\/wp\/v2\/pages\/24524"}],"collection":[{"href":"https:\/\/www.mijas.es\/portal\/wp-json\/wp\/v2\/pages"}],"about":[{"href":"https:\/\/www.mijas.es\/portal\/wp-json\/wp\/v2\/types\/page"}],"author":[{"embeddable":true,"href":"https:\/\/www.mijas.es\/portal\/wp-json\/wp\/v2\/users\/4"}],"replies":[{"embeddable":true,"href":"https:\/\/www.mijas.es\/portal\/wp-json\/wp\/v2\/comments?post=24524"}],"version-history":[{"count":19,"href":"https:\/\/www.mijas.es\/portal\/wp-json\/wp\/v2\/pages\/24524\/revisions"}],"predecessor-version":[{"id":53996,"href":"https:\/\/www.mijas.es\/portal\/wp-json\/wp\/v2\/pages\/24524\/revisions\/53996"}],"wp:featuredmedia":[{"embeddable":true,"href":"https:\/\/www.mijas.es\/portal\/wp-json\/wp\/v2\/media\/10694"}],"wp:attachment":[{"href":"https:\/\/www.mijas.es\/portal\/wp-json\/wp\/v2\/media?parent=24524"}],"curies":[{"name":"wp","href":"https:\/\/api.w.org\/{rel}","templated":true}]}}