{"id":243,"date":"2013-05-18T16:45:22","date_gmt":"2013-05-18T16:45:22","guid":{"rendered":"http:\/\/localhost\/pruebaweb\/?p=243"},"modified":"2019-05-21T10:41:57","modified_gmt":"2019-05-21T10:41:57","slug":"agenda-21-local","status":"publish","type":"page","link":"https:\/\/www.mijas.es\/portal\/medio-ambiente\/agenda-21-local\/","title":{"rendered":"Agenda 21 Local"},"content":{"rendered":"\n<div class=\"wp-block-image\"><figure class=\"alignleft\"><img decoding=\"async\" src=\"https:\/\/www.mijas.es\/files\/imagen\/medio-ambiente\/aSin_titulo1.jpg\" alt=\"Agenda 21 Local\"\/><\/figure><\/div>\n\n\n\n<p>El proceso de Agenda 21 de Mijas, se enmarca dentro de una serie de iniciativas a nivel internacional, estatal, regional y local que tienen una directriz b\u00e1sica y un objetivo com\u00fan: la creaci\u00f3n de toda una serie de instrumentos o herramientas de <strong>PLANIFICACI\u00d3N<\/strong> y <strong>GESTI\u00d3N<\/strong> encaminadas a tratar de forma <strong>INTEGRADA<\/strong> y <strong>CONSENSUADA<\/strong> las problem\u00e1ticas ambientales asociadas a las actividades humanas desde lo local buscando transformar lo global, de modo que como resultado se obtenga una actuaci\u00f3n de la humanidad enfocada hacia la sostenibilidad.<\/p>\n\n\n\n<p>El Ayuntamiento de Mijas formaliza en Junio de 2002 su adhesi\u00f3n al Programa de Sostenibilidad Ambiental<strong> \u00abCIUDAD 21\u00bb<\/strong> junto a 110 municipios andaluces, perteneciendo pues a la primera \u00abhornada\u00bb de los mismos que comienzan la elaboraci\u00f3n de su propia Agenda 21 Local.<\/p>\n\n\n\n<p>La Agenda 21 de Mijas ha generado una serie de documentos de vital importancia para la consecuci\u00f3n de los objetivos citados. Este proceso, ha contado con la participaci\u00f3n ciudadana a trav\u00e9s de jornadas, reuniones y mesas de trabajo en las que han asistido todos aquellos colectivos y personas interesadas en colaborar en la resoluci\u00f3n de la problem\u00e1tica ambiental actual.<\/p>\n\n\n\n<p>Los documentos elaborados en el marco del proceso de Agenda 21 de Mijas, aprobados por el Ayuntamiento Pleno en sesi\u00f3n de fecha 27\/11\/09, pueden ser consultados en el enlace correspondiente. <\/p>\n","protected":false},"excerpt":{"rendered":"<p>El proceso de Agenda 21 de Mijas, se enmarca dentro de una serie de iniciativas a nivel internacional, estatal, regional y local que tienen una directriz b\u00e1sica y un objetivo com\u00fan: la creaci\u00f3n de toda una serie de instrumentos o herramientas de PLANIFICACI\u00d3N y GESTI\u00d3N encaminadas a tratar de forma INTEGRADA y CONSENSUADA las problem\u00e1ticas [&hellip;]<\/p>\n","protected":false},"author":1,"featured_media":0,"parent":12115,"menu_order":0,"comment_status":"closed","ping_status":"open","template":"page-departamental.php","meta":[],"_links":{"self":[{"href":"https:\/\/www.mijas.es\/portal\/wp-json\/wp\/v2\/pages\/243"}],"collection":[{"href":"https:\/\/www.mijas.es\/portal\/wp-json\/wp\/v2\/pages"}],"about":[{"href":"https:\/\/www.mijas.es\/portal\/wp-json\/wp\/v2\/types\/page"}],"author":[{"embeddable":true,"href":"https:\/\/www.mijas.es\/portal\/wp-json\/wp\/v2\/users\/1"}],"replies":[{"embeddable":true,"href":"https:\/\/www.mijas.es\/portal\/wp-json\/wp\/v2\/comments?post=243"}],"version-history":[{"count":4,"href":"https:\/\/www.mijas.es\/portal\/wp-json\/wp\/v2\/pages\/243\/revisions"}],"predecessor-version":[{"id":22971,"href":"https:\/\/www.mijas.es\/portal\/wp-json\/wp\/v2\/pages\/243\/revisions\/22971"}],"up":[{"embeddable":true,"href":"https:\/\/www.mijas.es\/portal\/wp-json\/wp\/v2\/pages\/12115"}],"wp:attachment":[{"href":"https:\/\/www.mijas.es\/portal\/wp-json\/wp\/v2\/media?parent=243"}],"curies":[{"name":"wp","href":"https:\/\/api.w.org\/{rel}","templated":true}]}}