{"id":24244,"date":"2019-05-29T14:06:53","date_gmt":"2019-05-29T14:06:53","guid":{"rendered":"https:\/\/www.mijas.es\/portal\/?page_id=24244"},"modified":"2019-05-29T14:06:53","modified_gmt":"2019-05-29T14:06:53","slug":"rafael-luis-gonzalez-becerra","status":"publish","type":"page","link":"https:\/\/www.mijas.es\/portal\/rafael-luis-gonzalez-becerra\/","title":{"rendered":"Rafael Luis Gonz\u00e1lez Becerra"},"content":{"rendered":"\n<style>\n.profile{\nwidth: 108px;\nfloat:left;\nborder-radius: 12px;\n}\n.profile2{\nmargin-top: 14px;\nwidth: 70px;\nfloat: left;\n}\n.texto{\n  display: inline-grid;\n margin-left: 12px;\n  vertical-align: top;\n}\n.partido{\nmargin-top:6px;\n}\n.redes{\nmargin-top: 108px;\n}\n.fa {\n  padding: 20px;\n  font-size: 30px;\n  width: 55px;\n  text-align: center;\n  text-decoration: none;\n  margin: 5px 2px;\n  border-radius: 50px;\n}\n\n.fa:hover {\n    opacity: 0.7;\n}\n\n#facebook {\n  background: #3B5998;\n  color: white;\n  text-decoration: none;\n}\n\n#twitter {\n  background: #55ACEE;\n  color: white;\ntext-decoration: none;\n}\n\n#linkedin {\n  background: #007bb5;\n  color: white;\ntext-decoration: none;\n}\n\n#youtube {\n  background: #bb0000;\n  color: white;\ntext-decoration: none;\n}\n\n#instagram {\n  background: #be279b;\n  color: white;\n  text-decoration: none;\n}\n#envelope {\n  background: #999899;\n  color: white;\n  text-decoration: none;\n}\n\n<\/style>\n<link rel=\"stylesheet\" href=\"https:\/\/cdnjs.cloudflare.com\/ajax\/libs\/font-awesome\/4.7.0\/css\/font-awesome.min.css\">\n<nav>\n  <div class=\"nav nav-tabs\" id=\"nav-tab\" role=\"tablist\">\n    <a class=\"nav-item nav-link active\" id=\"nav-home-tab\" data-toggle=\"tab\" href=\"#nav-home\" role=\"tab\" aria-controls=\"nav-home\" aria-selected=\"true\">Biograf\u00eda<\/a>\n  <\/div>\n<\/nav>\n<div class=\"tab-content\" id=\"nav-tabContent\">\n  <div class=\"tab-pane fade show active\" id=\"nav-home\" role=\"tabpanel\" aria-labelledby=\"nav-home-tab\">\n<div>\n<br>\n<img decoding=\"async\" class=\"profile\" src=\"https:\/\/www.mijas.es\/wp-content\/uploads\/2019\/05\/profile-man.png\"> <\/img>\n<p class=\"texto\"> <b>Formaci\u00f3n acad\u00e9mica:<\/b> Bachiller (Homologaci\u00f3n) \n<\/p> <br>\n<br>\n<p class=\"texto\"> <b>Trayectoria profesional:<\/b>\n 20 a\u00f1os de Servicio en Ayuntamiento de Mijas.\n<ul>\n    <li>SS.OO: 16 a\u00f1os<\/li>\n    <li>Recaudaci\u00f3n: 4 a\u00f1os<\/li>\n<\/ul>\nPersonal Laboral Fijo.<br>\nActualmente: Alcald\u00eda.\n<\/p><br><br>\n<\/div>\n<\/div>\n<\/div>\n","protected":false},"excerpt":{"rendered":"<p>Biograf\u00eda Formaci\u00f3n acad\u00e9mica: Bachiller (Homologaci\u00f3n) Trayectoria profesional: 20 a\u00f1os de Servicio en Ayuntamiento de Mijas. SS.OO: 16 a\u00f1os Recaudaci\u00f3n: 4 a\u00f1os Personal Laboral Fijo. Actualmente: Alcald\u00eda.<\/p>\n","protected":false},"author":4,"featured_media":0,"parent":0,"menu_order":0,"comment_status":"closed","ping_status":"closed","template":"","meta":[],"_links":{"self":[{"href":"https:\/\/www.mijas.es\/portal\/wp-json\/wp\/v2\/pages\/24244"}],"collection":[{"href":"https:\/\/www.mijas.es\/portal\/wp-json\/wp\/v2\/pages"}],"about":[{"href":"https:\/\/www.mijas.es\/portal\/wp-json\/wp\/v2\/types\/page"}],"author":[{"embeddable":true,"href":"https:\/\/www.mijas.es\/portal\/wp-json\/wp\/v2\/users\/4"}],"replies":[{"embeddable":true,"href":"https:\/\/www.mijas.es\/portal\/wp-json\/wp\/v2\/comments?post=24244"}],"version-history":[{"count":1,"href":"https:\/\/www.mijas.es\/portal\/wp-json\/wp\/v2\/pages\/24244\/revisions"}],"predecessor-version":[{"id":24246,"href":"https:\/\/www.mijas.es\/portal\/wp-json\/wp\/v2\/pages\/24244\/revisions\/24246"}],"wp:attachment":[{"href":"https:\/\/www.mijas.es\/portal\/wp-json\/wp\/v2\/media?parent=24244"}],"curies":[{"name":"wp","href":"https:\/\/api.w.org\/{rel}","templated":true}]}}