{"id":24225,"date":"2019-05-29T13:25:53","date_gmt":"2019-05-29T13:25:53","guid":{"rendered":"https:\/\/www.mijas.es\/portal\/?page_id=24225"},"modified":"2019-05-29T13:25:53","modified_gmt":"2019-05-29T13:25:53","slug":"constitucion-espanola-de-1978","status":"publish","type":"page","link":"https:\/\/www.mijas.es\/portal\/constitucion-espanola-de-1978\/","title":{"rendered":"Constituci\u00f3n espa\u00f1ola de 1978"},"content":{"rendered":"\n<p>\n\tLa Constituci\u00f3n espa\u00f1ola de 1978<\/p>\n\n\n\n<p>\n\tT\u00edtulo I. De los derechos y deberes fundamentales<\/p>\n\n\n\n<p>\n\tCap\u00edtulo segundo. Derechos y libertades<\/p>\n\n\n\n<p>\n\tSecci\u00f3n 1.\u00aa De los derechos fundamentales y de las libertades p\u00fablicas<\/p>\n\n\n\n<p>\n\tArt\u00edculo 27<br>\n\tTodos tienen el derecho a la educaci\u00f3n. Se reconoce la libertad de ense\u00f1anza.<br>\n\tLa educaci\u00f3n tendr\u00e1 por objeto el pleno desarrollo de la personalidad \nhumana en el respeto a los principios democr\u00e1ticos de convivencia y a \nlos derechos y libertades fundamentales.<br>\n\tLos poderes p\u00fablicos garantizan el derecho que asiste a los padres para\n que sus hijos reciban la formaci\u00f3n religiosa y moral que est\u00e9 de \nacuerdo con sus propias convicciones.<br>\n\tLa ense\u00f1anza b\u00e1sica es obligatoria y gratuita.<br>\n\tLos poderes p\u00fablicos garantizan el derecho de todos a la educaci\u00f3n, \nmediante una programaci\u00f3n general de la ense\u00f1anza, con participaci\u00f3n \nefectiva de todos los sectores afectados y la creaci\u00f3n de centros \ndocentes.<br>\n\tSe reconoce a las personas f\u00edsicas y jur\u00eddicas la libertad de creaci\u00f3n de<br>\n\tcentros docentes, dentro del respeto a los principios constitucionales.<br>\n\tLos profesores, los padres y, en su caso, los alumnos intervendr\u00e1n en \nel control y gesti\u00f3n de todos los centros sostenidos por la \nAdministraci\u00f3n con fondos p\u00fablicos, en los t\u00e9rminos que la ley \nestablezca.<br>\n\tLos poderes p\u00fablicos inspeccionar\u00e1n y homologar\u00e1n el sistema educativo para garantizar el cumplimiento de las leyes.<br>\n\tLos poderes p\u00fablicos ayudar\u00e1n a los centros docentes que re\u00fanan los requisitos que la ley establezca.&nbsp;<\/p>\n","protected":false},"excerpt":{"rendered":"<p>La Constituci\u00f3n espa\u00f1ola de 1978 T\u00edtulo I. De los derechos y deberes fundamentales Cap\u00edtulo segundo. Derechos y libertades Secci\u00f3n 1.\u00aa De los derechos fundamentales y de las libertades p\u00fablicas Art\u00edculo 27 Todos tienen el derecho a la educaci\u00f3n. Se reconoce la libertad de ense\u00f1anza. La educaci\u00f3n tendr\u00e1 por objeto el pleno desarrollo de la personalidad [&hellip;]<\/p>\n","protected":false},"author":4,"featured_media":0,"parent":0,"menu_order":0,"comment_status":"closed","ping_status":"closed","template":"page-departamental.php","meta":[],"_links":{"self":[{"href":"https:\/\/www.mijas.es\/portal\/wp-json\/wp\/v2\/pages\/24225"}],"collection":[{"href":"https:\/\/www.mijas.es\/portal\/wp-json\/wp\/v2\/pages"}],"about":[{"href":"https:\/\/www.mijas.es\/portal\/wp-json\/wp\/v2\/types\/page"}],"author":[{"embeddable":true,"href":"https:\/\/www.mijas.es\/portal\/wp-json\/wp\/v2\/users\/4"}],"replies":[{"embeddable":true,"href":"https:\/\/www.mijas.es\/portal\/wp-json\/wp\/v2\/comments?post=24225"}],"version-history":[{"count":1,"href":"https:\/\/www.mijas.es\/portal\/wp-json\/wp\/v2\/pages\/24225\/revisions"}],"predecessor-version":[{"id":24226,"href":"https:\/\/www.mijas.es\/portal\/wp-json\/wp\/v2\/pages\/24225\/revisions\/24226"}],"wp:attachment":[{"href":"https:\/\/www.mijas.es\/portal\/wp-json\/wp\/v2\/media?parent=24225"}],"curies":[{"name":"wp","href":"https:\/\/api.w.org\/{rel}","templated":true}]}}