{"id":24223,"date":"2019-05-29T13:20:31","date_gmt":"2019-05-29T13:20:31","guid":{"rendered":"https:\/\/www.mijas.es\/portal\/?page_id=24223"},"modified":"2019-05-29T13:20:31","modified_gmt":"2019-05-29T13:20:31","slug":"declaracion-universal-de-los-derechos-humanos","status":"publish","type":"page","link":"https:\/\/www.mijas.es\/portal\/declaracion-universal-de-los-derechos-humanos\/","title":{"rendered":"Declaraci\u00f3n Universal de los Derechos Humanos"},"content":{"rendered":"\n<p>\n\tDeclaraci\u00f3n Universal de los Derechos Humanos<\/p>\n\n\n\n<p>\n\t<br>\n\tArt\u00edculo 26<br>\n\tToda persona tiene derecho a la educaci\u00f3n. La educaci\u00f3n debe ser \ngratuita, al menos en lo concerniente a la instrucci\u00f3n elemental y \nfundamental. La instrucci\u00f3n elemental ser\u00e1 obligatoria. La instrucci\u00f3n \nt\u00e9cnica y profesional habr\u00e1 de ser generalizada; el acceso a los \nestudios superiores ser\u00e1 igual para todos, en funci\u00f3n de los m\u00e9ritos \nrespectivos.<br>\n\tLa educaci\u00f3n tendr\u00e1 por objeto el pleno desarrollo de la personalidad \nhumana y el fortalecimiento del respeto a los derechos humanos y a las \nlibertades fundamentales; favorecer\u00e1 la comprensi\u00f3n, la tolerancia y la \namistad entre todas las naciones y todos los grupos \u00e9tnicos o \nreligiosos, y promover\u00e1 el desarrollo de las actividades de las Naciones\n Unidas para el mantenimiento de la paz.<br>\n\tLos padres tendr\u00e1n derecho preferente a escoger el tipo de educaci\u00f3n que habr\u00e1 de darse a sus hijos.<\/p>\n\n\n\n<p>\n\t<br>\n\tArt\u00edculo 27<br>\n\tToda persona tiene derecho a tomar parte libremente en la vida cultural\n de la comunidad, a gozar de las artes y a participar en el progreso \ncient\u00edfico y en los beneficios que de \u00e9l resulten.<br>\n\tToda persona tiene derecho a la protecci\u00f3n de los intereses morales y \nmateriales que le correspondan por raz\u00f3n de las producciones \ncient\u00edficas, literarias o art\u00edsticas de que sea autora.<\/p>\n","protected":false},"excerpt":{"rendered":"<p>Declaraci\u00f3n Universal de los Derechos Humanos Art\u00edculo 26 Toda persona tiene derecho a la educaci\u00f3n. La educaci\u00f3n debe ser gratuita, al menos en lo concerniente a la instrucci\u00f3n elemental y fundamental. La instrucci\u00f3n elemental ser\u00e1 obligatoria. La instrucci\u00f3n t\u00e9cnica y profesional habr\u00e1 de ser generalizada; el acceso a los estudios superiores ser\u00e1 igual para todos, [&hellip;]<\/p>\n","protected":false},"author":4,"featured_media":0,"parent":0,"menu_order":0,"comment_status":"closed","ping_status":"closed","template":"page-departamental.php","meta":[],"_links":{"self":[{"href":"https:\/\/www.mijas.es\/portal\/wp-json\/wp\/v2\/pages\/24223"}],"collection":[{"href":"https:\/\/www.mijas.es\/portal\/wp-json\/wp\/v2\/pages"}],"about":[{"href":"https:\/\/www.mijas.es\/portal\/wp-json\/wp\/v2\/types\/page"}],"author":[{"embeddable":true,"href":"https:\/\/www.mijas.es\/portal\/wp-json\/wp\/v2\/users\/4"}],"replies":[{"embeddable":true,"href":"https:\/\/www.mijas.es\/portal\/wp-json\/wp\/v2\/comments?post=24223"}],"version-history":[{"count":1,"href":"https:\/\/www.mijas.es\/portal\/wp-json\/wp\/v2\/pages\/24223\/revisions"}],"predecessor-version":[{"id":24224,"href":"https:\/\/www.mijas.es\/portal\/wp-json\/wp\/v2\/pages\/24223\/revisions\/24224"}],"wp:attachment":[{"href":"https:\/\/www.mijas.es\/portal\/wp-json\/wp\/v2\/media?parent=24223"}],"curies":[{"name":"wp","href":"https:\/\/api.w.org\/{rel}","templated":true}]}}