{"id":23784,"date":"2019-05-23T14:02:03","date_gmt":"2019-05-23T14:02:03","guid":{"rendered":"https:\/\/www.mijas.es\/portal\/?page_id=23784"},"modified":"2019-05-23T14:06:39","modified_gmt":"2019-05-23T14:06:39","slug":"historico-de-ayudas","status":"publish","type":"page","link":"https:\/\/www.mijas.es\/portal\/educacion\/historico-de-ayudas\/","title":{"rendered":"Hist\u00f3rico de ayudas"},"content":{"rendered":"\n<p><strong>Ayudas para la adquisici\u00f3n de material did\u00e1ctico curso escolar 2017\/2018<\/strong><\/p>\n\n\n\n<ul><li>Bases&nbsp;\u2013&nbsp;<a href=\"https:\/\/www.mijas.es\/files\/adjuntos\/educacion\/ayudaMaterial17-18\/1__BASES_REGULADORAS_REGISTRADAS.pdf\" target=\"_blank\" rel=\"noreferrer noopener\">Descargar<\/a>&nbsp;(PDF)<\/li><li>Anuncio BOPMA&nbsp;\u2013&nbsp;<a href=\"https:\/\/www.mijas.es\/files\/adjuntos\/educacion\/ayudaMaterial17-18\/2__PUBLICACIN_BOP_CONVOCATORIA.pdf\" target=\"_blank\" rel=\"noreferrer noopener\">Descargar<\/a>&nbsp;(PDF)<\/li><li>Anuncio de la convocatoria&nbsp;\u2013&nbsp;<a href=\"https:\/\/www.mijas.es\/files\/adjuntos\/educacion\/ayudaMaterial17-18\/3__Anuncio_Convocatoria_Rect.pdf\" target=\"_blank\" rel=\"noreferrer noopener\">Descargar<\/a>&nbsp;(PDF)<\/li><li>Convocatoria&nbsp;\u2013&nbsp;<a href=\"https:\/\/www.mijas.es\/files\/adjuntos\/educacion\/ayudaMaterial17-18\/4__CONVOCATORIA_FIRMADA.pdf\" target=\"_blank\" rel=\"noreferrer noopener\">Descargar<\/a>&nbsp;(PDF)<\/li><li>Anexo I (Modelo de solicitud)&nbsp;\u2013&nbsp;<a href=\"https:\/\/www.mijas.es\/files\/adjuntos\/educacion\/ayudaMaterial17-18\/5__MODELO_SOLICITUD_ANEXO_I.pdf\" target=\"_blank\" rel=\"noreferrer noopener\">Descargar<\/a>&nbsp;(PDF)<\/li><li>Anexo II (Memoria actuaciones justificativa)&nbsp;\u2013&nbsp;<a href=\"https:\/\/www.mijas.es\/files\/adjuntos\/educacion\/ayudaMaterial17-18\/6__ANEXO_II_MEMORIA_ACTUACIN_JUSTIFICATIVA.pdf\" target=\"_blank\" rel=\"noreferrer noopener\">Descargar<\/a>&nbsp;(PDF)<\/li><li>Anexo III (Memoria econ\u00f3mica justificativa)&nbsp;\u2013&nbsp;<a href=\"https:\/\/www.mijas.es\/files\/adjuntos\/educacion\/ayudaMaterial17-18\/7__ANEXO_III_MEMORIA_ACTUACIN_ECONOMICA.pdf\" target=\"_blank\" rel=\"noreferrer noopener\">Descargar<\/a>&nbsp;(PDF)<\/li><\/ul>\n\n\n\n<p>Resolucion provisional y listados de la concesi\u00f3n de ayudas al material did\u00e1ctico 17-18<\/p>\n\n\n\n<ul><li>Propuesta de acuerdo provisional de la comisi\u00f3n de valoraci\u00f3n \u2013&nbsp;<a href=\"https:\/\/www.mijas.es\/files\/adjuntos\/educacion\/ayudaMaterial17-18\/ACTA_COM_VALORACIN.pdf\" target=\"_blank\" rel=\"noreferrer noopener\">Descargar&nbsp;<\/a>(PDF)<\/li><li>Escrito de Listados provisionales \u2013&nbsp;<a href=\"https:\/\/www.mijas.es\/files\/adjuntos\/educacion\/ayudaMaterial17-18\/ESCRITO_LISTADOS.pdf\" target=\"_blank\" rel=\"noreferrer noopener\">Descargar&nbsp;<\/a>(PDF)<\/li><li>Admitidas Educacion Especial \u2013&nbsp;<a href=\"https:\/\/www.mijas.es\/files\/adjuntos\/educacion\/ayudaMaterial17-18\/ADMITIDAS_ED_ESPECIAL.pdf\" target=\"_blank\" rel=\"noreferrer noopener\">Descargar&nbsp;<\/a>(PDF)<\/li><li>Admitidas Infantil \u2013&nbsp;<a href=\"https:\/\/www.mijas.es\/files\/adjuntos\/educacion\/ayudaMaterial17-18\/ADMITIDAS_INFANTIL.pdf\" target=\"_blank\" rel=\"noreferrer noopener\">Descargar&nbsp;<\/a>(PDF)<\/li><li>Admitidas Primaria \u2013&nbsp;<a href=\"https:\/\/www.mijas.es\/files\/adjuntos\/educacion\/ayudaMaterial17-18\/ADMITIDAS_PRIMARIA.pdf\" target=\"_blank\" rel=\"noreferrer noopener\">Descargar&nbsp;<\/a>(PDF)<\/li><li>Admitidas Secundaria \u2013&nbsp;<a href=\"https:\/\/www.mijas.es\/files\/adjuntos\/educacion\/ayudaMaterial17-18\/ADMITIDAS_SECUNDARIA.pdf\" target=\"_blank\" rel=\"noreferrer noopener\">Descargar&nbsp;<\/a>(PDF)<\/li><li>Denegadas Infantil \u2013&nbsp;<a href=\"https:\/\/www.mijas.es\/files\/adjuntos\/educacion\/ayudaMaterial17-18\/DENEGADAS_INFANTIL.pdf\" target=\"_blank\" rel=\"noreferrer noopener\">Descargar&nbsp;<\/a>(PDF)<\/li><li>Denegadas Primaria \u2013&nbsp;<a href=\"https:\/\/www.mijas.es\/files\/adjuntos\/educacion\/ayudaMaterial17-18\/DENEGADAS_PRIMARIA.pdf\" target=\"_blank\" rel=\"noreferrer noopener\">Descargar&nbsp;<\/a>(PDF)<\/li><li>Denegadas Secundaria y Otras \u2013&nbsp;<a href=\"https:\/\/www.mijas.es\/files\/adjuntos\/educacion\/ayudaMaterial17-18\/DENEGADAS_SECUNDARIA_Y_OTRAS.pdf\" target=\"_blank\" rel=\"noreferrer noopener\">Descargar&nbsp;<\/a>(PDF)<\/li><\/ul>\n\n\n\n<p>Resolucion Listados definitivos de la concesi\u00f3n de ayudas al material did\u00e1ctico 17-18\u00a0\u2013\u00a0<a rel=\"noreferrer noopener\" href=\"https:\/\/www.mijas.es\/files\/adjuntos\/educacion\/LISTADOS_PARA_PUBLICACION.pdf\" target=\"_blank\">Descargar<\/a>\u00a0(PDF)<br><\/p>\n\n\n\n<p><strong>Ayudas para la adquisici\u00f3n de material did\u00e1ctico curso escolar 2016\/2017<\/strong><\/p>\n\n\n\n<ul><li>Listados definitivos \u2013&nbsp;<a href=\"https:\/\/www.mijas.es\/files\/adjuntos\/educacion\/2017\/LISTADO_DEFINITIVO_CURSO_16-17.pdf\" target=\"_blank\" rel=\"noreferrer noopener\">Descargar<\/a>&nbsp;(PDF)<\/li><li>Propuesto de acuerdo provisional de la Comisi\u00f3n de Valoraci\u00f3n \u2013&nbsp;<a href=\"https:\/\/www.mijas.es\/files\/Propuesta_de_Acuerdo_Provisional_Comision_de_Valoracin.pdf\" target=\"_blank\" rel=\"noreferrer noopener\">Descargar<\/a>&nbsp;(PDF)<\/li><li>Listados provisionales material did\u00e1ctico curso 2016\/2017 \u2013&nbsp;<a href=\"https:\/\/www.mijas.es\/files\/Listados_provisionales_material_didctico_curso_2016-2017.pdf\" target=\"_blank\" rel=\"noreferrer noopener\">Descargar<\/a>&nbsp;(PDF)<\/li><li>Anuncio de la convocatoria \u2013&nbsp;<a href=\"https:\/\/www.mijas.es\/files\/adjuntos\/educacion\/2017\/Anuncio_Convocatoria.pdf\" target=\"_blank\" rel=\"noreferrer noopener\">Descargar<\/a>&nbsp;(PDF)<\/li><li>Anuncio BOPMA \u2013&nbsp;<a href=\"https:\/\/www.mijas.es\/files\/adjuntos\/educacion\/2017\/Anuncio_BOPMA_Convocatoria.pdf\" target=\"_blank\" rel=\"noreferrer noopener\">Descargar<\/a>&nbsp;(PDF)<\/li><li>Convocatoria \u2013&nbsp;<a href=\"https:\/\/www.mijas.es\/files\/adjuntos\/educacion\/2017\/Convocatoria.pdf\" target=\"_blank\" rel=\"noreferrer noopener\">Descargar<\/a>&nbsp;(PDF)<\/li><li>Bases de la convocatoria \u2013&nbsp;<a href=\"https:\/\/www.mijas.es\/files\/adjuntos\/educacion\/2017\/Bases_Concesin_de_Ayudas_Material_Didctico.pdf\" target=\"_blank\" rel=\"noreferrer noopener\">Descargar<\/a>&nbsp;(PDF)<\/li><li>Anexo I (Modelo de solicitud) \u2013&nbsp;<a href=\"https:\/\/www.mijas.es\/files\/adjuntos\/educacion\/2017\/Anexo_I.pdf\" target=\"_blank\" rel=\"noreferrer noopener\">Descargar<\/a>&nbsp;(PDF)<\/li><li>Anexo II (Memoria de actuaci\u00f3n justificativa) \u2013&nbsp;<a href=\"https:\/\/www.mijas.es\/files\/adjuntos\/educacion\/2017\/Anexo_II.pdf\" target=\"_blank\" rel=\"noreferrer noopener\">Descargar<\/a>&nbsp;(PDF)<\/li><li>Anexo III (Memoria econ\u00f3mica justificativa) \u2013&nbsp;<a href=\"https:\/\/www.mijas.es\/files\/adjuntos\/educacion\/2017\/Anexo_III.pdf\" target=\"_blank\" rel=\"noreferrer noopener\">Descargar<\/a>&nbsp;(PDF)<\/li><\/ul>\n\n\n\n<p><br><\/p>\n","protected":false},"excerpt":{"rendered":"<p>Ayudas para la adquisici\u00f3n de material did\u00e1ctico curso escolar 2017\/2018 Bases&nbsp;\u2013&nbsp;Descargar&nbsp;(PDF) Anuncio BOPMA&nbsp;\u2013&nbsp;Descargar&nbsp;(PDF) Anuncio de la convocatoria&nbsp;\u2013&nbsp;Descargar&nbsp;(PDF) Convocatoria&nbsp;\u2013&nbsp;Descargar&nbsp;(PDF) Anexo I (Modelo de solicitud)&nbsp;\u2013&nbsp;Descargar&nbsp;(PDF) Anexo II (Memoria actuaciones justificativa)&nbsp;\u2013&nbsp;Descargar&nbsp;(PDF) Anexo III (Memoria econ\u00f3mica justificativa)&nbsp;\u2013&nbsp;Descargar&nbsp;(PDF) Resolucion provisional y listados de la concesi\u00f3n de ayudas al material did\u00e1ctico 17-18 Propuesta de acuerdo provisional de la comisi\u00f3n de valoraci\u00f3n [&hellip;]<\/p>\n","protected":false},"author":4,"featured_media":0,"parent":266,"menu_order":0,"comment_status":"closed","ping_status":"closed","template":"page-departamental.php","meta":[],"_links":{"self":[{"href":"https:\/\/www.mijas.es\/portal\/wp-json\/wp\/v2\/pages\/23784"}],"collection":[{"href":"https:\/\/www.mijas.es\/portal\/wp-json\/wp\/v2\/pages"}],"about":[{"href":"https:\/\/www.mijas.es\/portal\/wp-json\/wp\/v2\/types\/page"}],"author":[{"embeddable":true,"href":"https:\/\/www.mijas.es\/portal\/wp-json\/wp\/v2\/users\/4"}],"replies":[{"embeddable":true,"href":"https:\/\/www.mijas.es\/portal\/wp-json\/wp\/v2\/comments?post=23784"}],"version-history":[{"count":3,"href":"https:\/\/www.mijas.es\/portal\/wp-json\/wp\/v2\/pages\/23784\/revisions"}],"predecessor-version":[{"id":23788,"href":"https:\/\/www.mijas.es\/portal\/wp-json\/wp\/v2\/pages\/23784\/revisions\/23788"}],"up":[{"embeddable":true,"href":"https:\/\/www.mijas.es\/portal\/wp-json\/wp\/v2\/pages\/266"}],"wp:attachment":[{"href":"https:\/\/www.mijas.es\/portal\/wp-json\/wp\/v2\/media?parent=23784"}],"curies":[{"name":"wp","href":"https:\/\/api.w.org\/{rel}","templated":true}]}}