{"id":23763,"date":"2019-05-23T13:39:25","date_gmt":"2019-05-23T13:39:25","guid":{"rendered":"https:\/\/www.mijas.es\/portal\/?page_id=23763"},"modified":"2022-03-15T15:49:17","modified_gmt":"2022-03-15T14:49:17","slug":"ayudas-para-la-adquisicion-de-material-didactico-curso-escolar-2018-2019","status":"publish","type":"page","link":"https:\/\/www.mijas.es\/portal\/educacion\/ayudas-para-la-adquisicion-de-material-didactico-curso-escolar-2018-2019\/","title":{"rendered":"Ayudas para la adquisici\u00f3n de material did\u00e1ctico curso escolar"},"content":{"rendered":"\n<p><strong>Ayudas para la adquisici\u00f3n de material did\u00e1ctico curso escolar 2020\/2021<\/strong><\/p>\n\n\n\n<ul><li>Consulta P\u00fablica Previa &#8211; <a href=\"http:\/\/www.mijas.es\/wp-content\/uploads\/2020\/11\/CONSULTA%20P%C3%9ABLICA%20REGISTRADA.pdf\">Descargar<\/a><\/li><li>Anteproyecto Regulador Ordenanza &#8211; <a href=\"http:\/\/www.mijas.es\/wp-content\/uploads\/2021\/02\/ANTEPROYECTO%20REG.%20ORDENANZAS%20MATERIAL%20DID%C3%81CTICO.pdf\" target=\"_blank\" rel=\"noreferrer noopener\">Descargar<\/a><\/li><\/ul>\n\n\n\n<p><strong>Ayudas para la adquisici\u00f3n de material did\u00e1ctico curso escolar 2019\/2020<\/strong><\/p>\n\n\n\n<p>Listados Provisionales de Solicitudes Admitidas  <\/p>\n\n\n\n<ul><li>Listado Provisional de Solicitudes Admitidas &#8211; <a rel=\"noreferrer noopener\" href=\"https:\/\/www.mijas.es\/wp-content\/uploads\/2020\/11\/PROPUESTA-REG.-DE-ACUERDO-PROVISIONAL-DE-LA-COMISION-DE-VALORACION-2.pdf\" target=\"_blank\">Descargar <\/a><\/li><\/ul>\n\n\n\n<p>Listado Provisional de Subsanaciones <\/p>\n\n\n\n<ul><li>LISTADOS PROVISIONALES CONCESION DE AYUDAS MATERIAL DIDACTICO 2029-2020 &#8211;<a rel=\"noreferrer noopener\" href=\"https:\/\/www.mijas.es\/wp-content\/uploads\/2020\/11\/LISTADOS-PROVISIONALES-CONCESION-DE-AYUDAS-MATERIAL-DIDACTICO-2029-2020.pdf\" target=\"_blank\">Descargar<\/a><\/li><li>LISTADO PROVISIONAL SOLCITUDES ADMITIDAS EDUCACION INFANTIL &#8211; <a rel=\"noreferrer noopener\" href=\"https:\/\/www.mijas.es\/wp-content\/uploads\/2020\/11\/LISTADO-PROVISIONAL-SOLCITUDES-ADMITIDAS-EDUCACION-INFANTIL.pdf\" target=\"_blank\">Descargar<\/a><\/li><li>LISTADO PROVISIONAL SOLICITUDES CON INCIDENCIAS Y PENDIENTES DE SUBSANAR EDUCACION INFANTIL &#8211; <a rel=\"noreferrer noopener\" href=\"https:\/\/www.mijas.es\/wp-content\/uploads\/2020\/11\/LISTADO-PROVISIONAL-SOLICITUDES-CON-INCIDENCIAS-Y-PENDIENTES-DE-SUBSANAR-EDUCACION-INFANTIL.pdf\" target=\"_blank\">Descargar<\/a><\/li><li>LISTADO PROVISIONAL SOLICITUDES ADMITIDAS EDUCACION PRIMARIA &#8211; <a rel=\"noreferrer noopener\" href=\"https:\/\/www.mijas.es\/wp-content\/uploads\/2020\/11\/LISTADO-PROVISIONAL-SOLICITUDES-ADMITIDAS-EDUCACION-PRIMARIA.pdf\" target=\"_blank\">Descargar<\/a><\/li><li>LISTADO PROVISIONAL SOLICITUDES ADMITIDAS E.S.O &#8211; <a rel=\"noreferrer noopener\" href=\"https:\/\/www.mijas.es\/wp-content\/uploads\/2020\/11\/LISTADO-PROVISIONAL-SOLICITUDES-ADMITIDAS-E.S.O.pdf\" target=\"_blank\">Descargar<\/a><\/li><li>LISTADO PROVISIONAL SOLICITUDES CON INCIDENCIAS Y PENDIENTES DE SUBSANAR E.S.O. Y F.P.B &#8211; <a rel=\"noreferrer noopener\" href=\"https:\/\/www.mijas.es\/wp-content\/uploads\/2020\/11\/LISTADO-PROVISIONAL-SOLICITUDES-CON-INCIDENCIAS-Y-PENDIENTES-DE-SUBSANAR-E.S.O.-Y-F.P.B.pdf\" target=\"_blank\">Descargar<\/a><\/li><li>LISTADO PROVISIONAL SOLICITUDES CON INCIDENCIAS Y PENDIENTES DE SUBSANAR EDUCACI\u00d3N PRIMARIA &#8211; <a href=\"https:\/\/www.mijas.es\/wp-content\/uploads\/2020\/11\/LISTADO-PROVISIONAL-SOLICITUDES-CON-INCIDENCIAS-Y-PENDIENTES-DE-SUBSANAR-EDUCACION-PRIMARIA.pdf\" target=\"_blank\" rel=\"noreferrer noopener\">Descargar<\/a><\/li><\/ul>\n\n\n\n<p><\/p>\n\n\n\n<ul><li>Anuncio BOPMA. &#8211; <a href=\"http:\/\/www.mijas.es\/wp-content\/uploads\/2020\/06\/PUBLICACI%C3%93N%20BOPMA.pdf\">Descargar<\/a><\/li><li> Anuncio Convocatoria.  &#8211; <a href=\"http:\/\/www.mijas.es\/wp-content\/uploads\/2020\/06\/3.-%20Anuncio%20Convocatoria%20para%20enviar%20a%20publicar.pdf\">Descargar<\/a> <\/li><li> Convocatoria.  &#8211; <a href=\"http:\/\/www.mijas.es\/wp-content\/uploads\/2020\/06\/CONVOCATORIA%20DE%20BECAS%20DE%20MATERIAL%20DIDACTICO.pdf\">Descargar<\/a> <\/li><li>  Modelo de solicitud (ANEXO I).  &#8211; <a href=\"http:\/\/www.mijas.es\/wp-content\/uploads\/2020\/06\/ANEXO%20I%20MODELO%20DE%20SOLICITUD.pdf\">Descargar <\/a><\/li><li>  Memoria de actuaci\u00f3n justificativa (ANEXO II).  &#8211; <a href=\"http:\/\/www.mijas.es\/wp-content\/uploads\/2020\/06\/1.D.-%20ANEXO%20II%20MEMORIA%20ACTUACI%C3%93N%20JUSTIFICATIVA.pdf\">Descargar<\/a> <\/li><li>  Memoria de actuaci\u00f3n econ\u00f3mica ( ANEXO III).    &#8211; <a href=\"http:\/\/www.mijas.es\/wp-content\/uploads\/2020\/06\/1.E.-%20ANEXO%20III%20MEMORIA%20ACTUACI%C3%93N%20ECONOMICA.pdf\">Descargar<\/a>           <\/li><li> Propuesta de Acuerdo Provisional de la Comisi\u00f3n de  Valoraci\u00f3n de la Convocatoria de Ayudas de material did\u00e1ctico &#8211; <a rel=\"noreferrer noopener\" href=\"http:\/\/www.mijas.es\/wp-content\/uploads\/2020\/11\/PROPUESTA%20REG.%20DE%20ACUERDO%20PROVISIONAL%20DE%20LA%20COMISI%C3%93N%20DE%20VALORACI%C3%93N.pdf\" target=\"_blank\">Descargar<\/a><br>              <\/li><\/ul>\n\n\n\n<p><strong>Ayudas para la adquisici\u00f3n de material did\u00e1ctico curso escolar 2018\/2019<\/strong><\/p>\n\n\n\n<ul><li> Listado definitivo de solicitudes admitidas (FIRMADA) &#8211; <a href=\"http:\/\/www.mijas.es\/files\/adjuntos\/educacion\/ayudamaterial_19_20\/LISTADO%20DEFINITIVO%20ACEPTADAS%20FIRMADO.pdf\">Descargar<\/a> (PDF)<\/li><li> Listado definitivo de solicitudes denegadas (FIRMADA) &#8211; <a href=\"http:\/\/www.mijas.es\/files\/adjuntos\/educacion\/ayudamaterial_19_20\/LISTADO%20DEFINITIVO%20DENEGADAS%20FIRMADO.pdf\">Descargar<\/a> (PDF)  <\/li><li>Escrito con listados firmado &#8211; <a href=\"http:\/\/www.mijas.es\/files\/adjuntos\/educacion\/ayudamaterial_19_20\/Escrito%20con%20listados%20firmado.pdf\">Descargar<\/a> (PDF) <\/li><li>Listado provisional de solicitudes admitidas (FIRMADA) &#8211; <a href=\"http:\/\/www.mijas.es\/files\/adjuntos\/educacion\/ayudamaterial_19_20\/LISTADO%20PROVISIONAL%20ADMITIDAS%20221019%20FIRMADA.pdf\">Descargar<\/a> (PDF)<\/li><li> Listado provisional de solicitudes denegadas (FIRMADA) &#8211; <a href=\"http:\/\/www.mijas.es\/files\/adjuntos\/educacion\/ayudamaterial_19_20\/LISTADO%20PROVISIONAL%20DENEGADAS%20221019%20FIRMADA.pdf\">Descargar<\/a> (PDF) <\/li><li>Concesi\u00f3n de ayudas remisi\u00f3n &#8211; <a aria-label=\" (abre en una nueva pesta\u00f1a)\" href=\"http:\/\/www.mijas.es\/files\/adjuntos\/educacion\/ayudamaterial_19_20\/OFICIO%20REMISI%C3%93N%20LISTADO%202.pdf\">Descargar<\/a> (PDF)<\/li><li>Bases&nbsp;\u2013&nbsp;<a aria-label=\" (abre en una nueva pesta\u00f1a)\" rel=\"noreferrer noopener\" href=\"https:\/\/www.mijas.es\/files\/adjuntos\/educacion\/ayudaMaterial18-19\/Bases_Concesi\u00f3n_de_Ayudas_Material_Did\u00e1ctico.pdf\" target=\"_blank\">Descargar<\/a>&nbsp;(PDF)<\/li><li>Anuncio BOPMA&nbsp;\u2013&nbsp;<a rel=\"noreferrer noopener\" aria-label=\" (abre en una nueva pesta\u00f1a)\" href=\"https:\/\/www.mijas.es\/files\/adjuntos\/educacion\/ayudaMaterial18-19\/Publicaci\u00f3n_convocatoria_BOPMA.pdf\" target=\"_blank\">Descargar<\/a>&nbsp;(PDF)<\/li><li>Anuncio de la convocatoria&nbsp;\u2013&nbsp;<a rel=\"noreferrer noopener\" aria-label=\" (abre en una nueva pesta\u00f1a)\" href=\"https:\/\/www.mijas.es\/files\/adjuntos\/educacion\/ayudaMaterial18-19\/anuncio-convocatoria-corregido.pdf\" target=\"_blank\">Descargar<\/a>&nbsp;(PDF)<\/li><li>Convocatoria&nbsp;\u2013&nbsp;<a rel=\"noreferrer noopener\" aria-label=\" (abre en una nueva pesta\u00f1a)\" href=\"https:\/\/www.mijas.es\/files\/adjuntos\/educacion\/ayudaMaterial18-19\/1_CONVOCATORIA.pdf\" target=\"_blank\">Descargar<\/a>&nbsp;(PDF)<\/li><li>Anexo I (Modelo de solicitud)&nbsp;\u2013&nbsp;<a rel=\"noreferrer noopener\" aria-label=\" (abre en una nueva pesta\u00f1a)\" href=\"https:\/\/www.mijas.es\/files\/adjuntos\/educacion\/ayudaMaterial18-19\/1_ MODELO_SOLICITUD_ANEXO_I.pdf\" target=\"_blank\">Descargar<\/a>&nbsp;(PDF)<\/li><li>Anexo II (Memoria actuaciones justificativa)&nbsp;\u2013&nbsp;<a rel=\"noreferrer noopener\" href=\"https:\/\/www.mijas.es\/files\/adjuntos\/educacion\/ayudaMaterial18-19\/1_ANEXO_II_MEMORIA_ACTUACI\u00d3N_JUSTIFICATIVA.pdf\" target=\"_blank\">Descargar<\/a>&nbsp;(PDF)<\/li><li>Anexo III (Memoria econ\u00f3mica justificativa)&nbsp;\u2013&nbsp;<a rel=\"noreferrer noopener\" href=\"https:\/\/www.mijas.es\/files\/adjuntos\/educacion\/ayudaMaterial18-19\/1_ANEXO_III_MEMORIA_ACTUACI\u00d3N_ECONOMICA.pdf\" target=\"_blank\">Descargar<\/a>&nbsp;(PDF)<\/li><li>Concesi\u00f3n de ayudas &#8211; <a rel=\"noreferrer noopener\" href=\"http:\/\/www.mijas.es\/files\/adjuntos\/educacion\/2019\/material\/Escrito%20concesi%C3%B3n%20de%20ayudas%20para%20la%20adquisici%C3%B3n%20de%20material%20did%C3%A1ctico.pdf\" target=\"_blank\">Descargar<\/a>(PDF)<\/li><li>Lista pendiente de subsanaci\u00f3n &#8211; <a rel=\"noopener noreferrer\" href=\"http:\/\/www.mijas.es\/files\/adjuntos\/educacion\/2019\/material\/Listado%20pendiente%20de%20subsanaci%C3%B3n.pdf\" target=\"_blank\">Descargar<\/a> (PDF)<\/li><li>Listado provisional de solicitudes admitidas de Ed. Infantil  &#8211; <a rel=\"noreferrer noopener\" href=\"http:\/\/www.mijas.es\/files\/adjuntos\/educacion\/2019\/material\/Listado%20provisional%20de%20solicitudes%20admitidas%20de%20Ed.%20Infantil.pdf\" target=\"_blank\">Descargar <\/a>(PDF)<\/li><li>Listado provisional de solicitudes admitidas de Ed. Primaria &#8211; <a rel=\"noreferrer noopener\" href=\"http:\/\/www.mijas.es\/files\/adjuntos\/educacion\/2019\/material\/Listado%20provisional%20de%20solicitudes%20admitidas%20de%20Ed.%20Primaria.pdf\" target=\"_blank\">Descargar<\/a>(PDF)<\/li><li>Listado provisional de solicitudes admitidas de Ed. Secundaria &#8211; <a href=\"http:\/\/www.mijas.es\/files\/adjuntos\/educacion\/2019\/material\/Listado%20provisional%20de%20solicitudes%20admitidas%20de%20secundaria.pdf\" target=\"_blank\" rel=\"noopener noreferrer\">Descargar<\/a> (PDF) <\/li><\/ul>\n\n\n\n<p><\/p>\n","protected":false},"excerpt":{"rendered":"<p>Ayudas para la adquisici\u00f3n de material did\u00e1ctico curso escolar 2020\/2021 Consulta P\u00fablica Previa &#8211; Descargar Anteproyecto Regulador Ordenanza &#8211; Descargar Ayudas para la adquisici\u00f3n de material did\u00e1ctico curso escolar 2019\/2020 Listados Provisionales de Solicitudes Admitidas Listado Provisional de Solicitudes Admitidas &#8211; Descargar Listado Provisional de Subsanaciones LISTADOS PROVISIONALES CONCESION DE AYUDAS MATERIAL DIDACTICO 2029-2020 &#8211;Descargar [&hellip;]<\/p>\n","protected":false},"author":4,"featured_media":0,"parent":266,"menu_order":0,"comment_status":"closed","ping_status":"closed","template":"page-departamental.php","meta":[],"_links":{"self":[{"href":"https:\/\/www.mijas.es\/portal\/wp-json\/wp\/v2\/pages\/23763"}],"collection":[{"href":"https:\/\/www.mijas.es\/portal\/wp-json\/wp\/v2\/pages"}],"about":[{"href":"https:\/\/www.mijas.es\/portal\/wp-json\/wp\/v2\/types\/page"}],"author":[{"embeddable":true,"href":"https:\/\/www.mijas.es\/portal\/wp-json\/wp\/v2\/users\/4"}],"replies":[{"embeddable":true,"href":"https:\/\/www.mijas.es\/portal\/wp-json\/wp\/v2\/comments?post=23763"}],"version-history":[{"count":32,"href":"https:\/\/www.mijas.es\/portal\/wp-json\/wp\/v2\/pages\/23763\/revisions"}],"predecessor-version":[{"id":45469,"href":"https:\/\/www.mijas.es\/portal\/wp-json\/wp\/v2\/pages\/23763\/revisions\/45469"}],"up":[{"embeddable":true,"href":"https:\/\/www.mijas.es\/portal\/wp-json\/wp\/v2\/pages\/266"}],"wp:attachment":[{"href":"https:\/\/www.mijas.es\/portal\/wp-json\/wp\/v2\/media?parent=23763"}],"curies":[{"name":"wp","href":"https:\/\/api.w.org\/{rel}","templated":true}]}}