{"id":2313,"date":"2013-06-30T18:29:49","date_gmt":"2013-06-30T18:29:49","guid":{"rendered":"http:\/\/localhost\/pruebaweb\/?p=2313"},"modified":"2019-10-24T11:15:16","modified_gmt":"2019-10-24T11:15:16","slug":"reparaciones-de-emergencia","status":"publish","type":"page","link":"https:\/\/www.mijas.es\/portal\/reparaciones-de-emergencia\/","title":{"rendered":"Reparaciones de Emergencia"},"content":{"rendered":"<p style=\"text-align: justify\">\n\tEsta solicitud, est\u00e1 indicada exclusivamente para aquellos trabajos de reparaci\u00f3n que supongan una emergencia por seguridad. Mediante esta solicitud, usted comunica a este Ayuntamiento que va a realizar Obras de Reparaci\u00f3n de Emergencias. Deber\u00e1 de indicar en el siguiente formulario los siguientes datos:<\/p>\n<p style=\"text-align: justify\">\n\t1. Datos del Responsable<br \/>\n2. Datos del Representante si Procede<br \/>\n3. Exponga los trabajos a realizar y en que consiste las reparaciones<br \/>\n4. Direcci\u00f3n donde se dispone a realizar dichas reparaciones.<\/p>\n<p style=\"text-align: justify\">\n\t<strong>Caso de necesitar ocupaci\u00f3n de v\u00eda p\u00fablica ser\u00e1 necesario tramitar la pertinente autorizaci\u00f3n en el Departamento correspondiente.<\/strong><\/p>\n<p style=\"text-align: justify\">\n\t<strong>Caso de que no se trate de reparaci\u00f3n de emergencia, se deber\u00e1 solicitar licencia de obras, inici\u00e1ndose procedimiento sancionador en los casos en que se inicie obras sin licencia<br \/>\n&nbsp;<\/strong><\/p>\n<p style=\"text-align: justify\">\n\t<a href=\"https:\/\/sede.mijas.es\/eParticipa\/Products\/Carpeta\/Public\/Requests\/InetReqPublic.aspx\" typeid=\"39278&amp;AppScope=CIUDADANO&quot;\" target=\"_blank\" rel=\"noopener noreferrer\">Acceso a la Solicitud<\/a><\/p>\n","protected":false},"excerpt":{"rendered":"<p>Esta solicitud, est\u00e1 indicada exclusivamente para aquellos trabajos de reparaci\u00f3n que supongan una emergencia por seguridad. Mediante esta solicitud, usted comunica a este Ayuntamiento que va a realizar Obras de Reparaci\u00f3n de Emergencias. Deber\u00e1 de indicar en el siguiente formulario los siguientes datos: 1. Datos del Responsable 2. Datos del Representante si Procede 3. Exponga [&hellip;]<\/p>\n","protected":false},"author":1,"featured_media":12675,"parent":0,"menu_order":0,"comment_status":"closed","ping_status":"open","template":"page-departamental.php","meta":[],"_links":{"self":[{"href":"https:\/\/www.mijas.es\/portal\/wp-json\/wp\/v2\/pages\/2313"}],"collection":[{"href":"https:\/\/www.mijas.es\/portal\/wp-json\/wp\/v2\/pages"}],"about":[{"href":"https:\/\/www.mijas.es\/portal\/wp-json\/wp\/v2\/types\/page"}],"author":[{"embeddable":true,"href":"https:\/\/www.mijas.es\/portal\/wp-json\/wp\/v2\/users\/1"}],"replies":[{"embeddable":true,"href":"https:\/\/www.mijas.es\/portal\/wp-json\/wp\/v2\/comments?post=2313"}],"version-history":[{"count":3,"href":"https:\/\/www.mijas.es\/portal\/wp-json\/wp\/v2\/pages\/2313\/revisions"}],"predecessor-version":[{"id":28684,"href":"https:\/\/www.mijas.es\/portal\/wp-json\/wp\/v2\/pages\/2313\/revisions\/28684"}],"wp:featuredmedia":[{"embeddable":true,"href":"https:\/\/www.mijas.es\/portal\/wp-json\/wp\/v2\/media\/12675"}],"wp:attachment":[{"href":"https:\/\/www.mijas.es\/portal\/wp-json\/wp\/v2\/media?parent=2313"}],"curies":[{"name":"wp","href":"https:\/\/api.w.org\/{rel}","templated":true}]}}