{"id":21233,"date":"2018-12-10T12:43:57","date_gmt":"2018-12-10T12:43:57","guid":{"rendered":"https:\/\/www.mijas.es\/?p=21233"},"modified":"2018-12-10T12:43:57","modified_gmt":"2018-12-10T12:43:57","slug":"iv-certamen-literario-afam","status":"publish","type":"page","link":"https:\/\/www.mijas.es\/portal\/iv-certamen-literario-afam\/","title":{"rendered":"IV Certamen Literario AFAM"},"content":{"rendered":"<p>\n\tCon el fin de fomentar la creaci\u00f3n y difusi\u00f3n literaria, alentar la creatividad escrita de nuestra poblaci\u00f3n, el fomento de la lectura y la iniciativa en la b\u00fasqueda de crear nuevos espacios para la cultura en el \u00e1mbito de las letras, la Delegaci\u00f3n de Cultura del Excmo. Ayuntamiento de Mijas convoca el IV Certamen Literario Asociaci\u00f3n de Familiares de Enfermos de Alzheimer de Mijas (AFAM).<\/p>\n<ul>\n<li>\n\t\tBases &#8211; <a href=\"files\/adjuntos\/cultura\/certameafam\/ivafam\/Bases_Certamen_Alzheimer_2018.pdf\" target=\"_blank\">Descargar<\/a> (PDF)<\/li>\n<\/ul>\n<p>\n\t&nbsp;<\/p>\n<p>\n\t<strong>ACTA DEL JURADO<\/strong><\/p>\n<p>\n\tReunido en la Villa de Mijas a los cinco d\u00edas del mes de diciembre de dos mil dieciocho, el Jurado del IV Certamen Literario de la Asociaci\u00f3n de Familiares de Enfermos de Alzheimer de Mijas, compuesto por:<\/p>\n<p>\n\tPresidente: Hip\u00f3lito Zapico Baraga\u00f1o, Concejal de Cultura<\/p>\n<p>\n\tJurado:<br \/>\n\t&#8211; Mar\u00eda Rosario Cabello Porras, Profesora de Universidad<br \/>\n\t&#8211; Azahara Iglesias Garc\u00eda, Profesora de Escritura Creativa. Universidad Popular de Mijas<br \/>\n\t&#8211; M\u00aa Carmen L\u00f3pez Guti\u00e9rrez, Psic\u00f3loga<\/p>\n<p>\n\tSecretarios: Francisco Guti\u00e9rrez Gonz\u00e1lez y \u00d3scar Camacho Palmero<\/p>\n<p>\n\tTras la lectura y valoraci\u00f3n de las 54 cartas recibidas de las diferentes categor\u00edas deciden otorgar los premios a las siguientes cartas, por su originalidad, estilo y contenido:<\/p>\n<p>\n\t<strong>Categor\u00eda A<\/strong> (Hasta 12 a\u00f1os de edad)&#8230;&#8230;&#8230;&#8230;&#8230;&#8230;&#8230;..Total&#8230;.. 4 cartas<\/p>\n<p>\n\t1er Premio. Carta n\u00ba 1 de Daniel Prados G\u00e1lvez, procedente de Salobre\u00f1a (Granada). &#8211; <a href=\"files\/adjuntos\/cultura\/certameafam\/ivafam\/La_memoria_del_corazn_Daniel_Prados_Glvez_Categora_A.pdf\" target=\"_blank\">Descargar<\/a> (PDF)<br \/>\n\tMenci\u00f3n de Honor Carta n\u00ba 4 de Mercedes S\u00e1nchez P\u00e9rez, procedente de Asturias.<\/p>\n<p>\n\t<strong>Categor\u00eda B<\/strong> (De 13 a 18 a\u00f1os)&#8230;&#8230;&#8230;&#8230;&#8230;&#8230;&#8230;&#8230;&#8230;..Total&#8230;.. 9 cartas<\/p>\n<p>\n\t1er Premio. Carta n\u00ba 7 de Pelayo Castro del Valle, procedente de Asturias. &#8211; <a href=\"files\/adjuntos\/cultura\/certameafam\/ivafam\/Querida_Mam_Pelayo_Castro_del_Valle_Categora_B.pdf\" target=\"_blank\">Descargar<\/a> (PDF)<br \/>\n\tMenci\u00f3n de Honor Carta n\u00ba 1 de M\u00aa del Roc\u00edo Angulo Dorado, procedente de Camas (Sevilla).<\/p>\n<p>\n\t<strong>Categor\u00eda C<\/strong> (Mayores de 18 a\u00f1os)&#8230;&#8230;&#8230;&#8230;&#8230;&#8230;&#8230;&#8230;Total&#8230;.. 41 cartas<\/p>\n<p>\n\t1er Premio. Carta n\u00ba 7 de Francisco Rodr\u00edguez Borlado-Milla, procedente de Gij\u00f3n.&nbsp; &#8211; <a href=\"files\/adjuntos\/cultura\/certameafam\/ivafam\/LA_VISITA_Francisco_Rodrguez_Borlado_Categora_C.pdf\" target=\"_blank\">Descargar<\/a> (PDF)<br \/>\n\tMenci\u00f3n de Honor Carta n\u00ba 20 de Mar\u00eda Concepci\u00f3n S\u00e1nchez S\u00e1nchez, procedente de Salamanca.<br \/>\n\tMenci\u00f3n de Honor Carta n\u00ba 22 de C\u00e9sar Gil Feito, procedente de Granada. &nbsp;<\/p>\n<p><\/p>\n","protected":false},"excerpt":{"rendered":"<p>Con el fin de fomentar la creaci\u00f3n y difusi\u00f3n literaria, alentar la creatividad escrita de nuestra poblaci\u00f3n, el fomento de la lectura y la iniciativa en la b\u00fasqueda de crear nuevos espacios para la cultura en el \u00e1mbito de las letras, la Delegaci\u00f3n de Cultura del Excmo. Ayuntamiento de Mijas convoca el IV Certamen Literario [&hellip;]<\/p>\n","protected":false},"author":1,"featured_media":0,"parent":0,"menu_order":0,"comment_status":"closed","ping_status":"open","template":"","meta":[],"_links":{"self":[{"href":"https:\/\/www.mijas.es\/portal\/wp-json\/wp\/v2\/pages\/21233"}],"collection":[{"href":"https:\/\/www.mijas.es\/portal\/wp-json\/wp\/v2\/pages"}],"about":[{"href":"https:\/\/www.mijas.es\/portal\/wp-json\/wp\/v2\/types\/page"}],"author":[{"embeddable":true,"href":"https:\/\/www.mijas.es\/portal\/wp-json\/wp\/v2\/users\/1"}],"replies":[{"embeddable":true,"href":"https:\/\/www.mijas.es\/portal\/wp-json\/wp\/v2\/comments?post=21233"}],"version-history":[{"count":0,"href":"https:\/\/www.mijas.es\/portal\/wp-json\/wp\/v2\/pages\/21233\/revisions"}],"wp:attachment":[{"href":"https:\/\/www.mijas.es\/portal\/wp-json\/wp\/v2\/media?parent=21233"}],"curies":[{"name":"wp","href":"https:\/\/api.w.org\/{rel}","templated":true}]}}