{"id":191,"date":"2013-05-03T13:31:14","date_gmt":"2013-05-03T13:31:14","guid":{"rendered":"http:\/\/localhost\/pruebaweb\/?p=191"},"modified":"2023-04-28T08:33:06","modified_gmt":"2023-04-28T07:33:06","slug":"patrimonio-paleontologico","status":"publish","type":"page","link":"https:\/\/www.mijas.es\/portal\/patrimonio-historico\/patrimonio-paleontologico\/","title":{"rendered":"Patrimonio Paleontol\u00f3gico"},"content":{"rendered":"\n<p>El t\u00e9rmino municipal de Mijas cuenta hasta ahora con varios yacimientos  paleontol\u00f3gicos, todos ellos vinculados a un periodo geol\u00f3gico: el Plioceno, periodo que tiene entre 3 y 5 millones de a\u00f1os de antig\u00fcedad. <\/p>\n\n\n\n<figure class=\"wp-block-image size-large\"><img decoding=\"async\" src=\"https:\/\/www.mijas.es\/wp-content\/uploads\/2012\/05\/FosilesPliocenoMarinoMijas.jpg\" alt=\"F\u00f3siles del Plioceno\"\/><figcaption class=\"wp-element-caption\">F\u00f3siles del Plioceno de Mijas<\/figcaption><\/figure>\n\n\n\n<p>Durante ese periodo la l\u00ednea costera mije\u00f1a se encontraba bastante m\u00e1s  hacia el interior (en algunos lugares m\u00e1s de tres kil\u00f3metros), cubriendo  el mar zonas como La Loma, Pajares, Campanales, La Cala, El Coto y  hasta zonas de El Hornillo, zonas que ahora reconocemos por el tipo de  suelo que las cubren y que muchos conocen como \u201calbero\u201d, el cual se  corresponde con los fondos marinos de aquella \u00e9poca en los que se  encuentran los yacimientos del Plioceno marino, que actualmente podemos  observar cortados por la autopista AP-7 en los alrededores de su cruce  con la carretera de Mijas a Fuengirola. <\/p>\n\n\n\n<p>Los principales yacimientos paleontol\u00f3gicos, por su concentraci\u00f3n de  f\u00f3siles marinos, conocidos hasta ahora en nuestro municipio, se  localizan en los alrededores del arroyo de Pajares en su zona sur y en los alrededores del camino de Campanales, siendo de menor importancia  los existentes en La Cala o en los m\u00e1rgenes del arroyo de la Manzanilla. <\/p>\n\n\n\n<figure class=\"wp-block-image size-large\"><img decoding=\"async\" src=\"https:\/\/www.mijas.es\/wp-content\/uploads\/2012\/05\/FustiariaMijensis.jpg\" alt=\"Fustiaria Mijensis\"\/><figcaption class=\"wp-element-caption\">Fustiaria Mijensis<\/figcaption><\/figure>\n\n\n\n<p>En esos yacimientos se han localizado hasta ahora cerca de 200 especies  de invertebrados, desde ostras a corales pasando por los crust\u00e1ceos, e  incluso, a pesar de tratarse de fondos marinos, restos \u00f3seos de  mam\u00edferos terrestres, posiblemente de un rinoceronte y un b\u00f3vido, que  seguramente fueron arrastrados hasta ese antiguo mar por los arroyos que  exist\u00edan en aquellos momentos. Algunos de esos yacimientos son  considerados como de los m\u00e1s importantes de la provincia de M\u00e1laga y uno  de los moluscos localizados en ellos es \u00fanico en el mundo y se le ha  dado el nombre de nuestro municipio; se trata de un peque\u00f1o molusco del  g\u00e9nero fustiaria de unos 5 cm de longitud y que ha sido bautizado por los paleont\u00f3logos que lo han estudiado con el nombre cient\u00edfico de fustiaria mijensis.<\/p>\n\n\n\n<p>El entorno natural de aquellos momentos era muy diferente al actual: en  la costa exist\u00eda un mar de poca profundidad de tipo tropical, con  manglares, corales, etc., mientras que en tierra exist\u00eda una fauna de  mam\u00edferos que se asemejar\u00eda a la actual de lugares de \u00c1frica central:  rinocerontes, elefantes, hienas, gacelas, etc., junto a otros animales ya desaparecidos como los tigres de dientes de sable, en momentos en que el ser humano a\u00fan no hab\u00eda hecho su aparici\u00f3n. <\/p>\n","protected":false},"excerpt":{"rendered":"<p>El t\u00e9rmino municipal de Mijas cuenta hasta ahora con varios yacimientos paleontol\u00f3gicos, todos ellos vinculados a un periodo geol\u00f3gico: el Plioceno, periodo que tiene entre 3 y 5 millones de a\u00f1os de antig\u00fcedad. Durante ese periodo la l\u00ednea costera mije\u00f1a se encontraba bastante m\u00e1s hacia el interior (en algunos lugares m\u00e1s de tres kil\u00f3metros), cubriendo [&hellip;]<\/p>\n","protected":false},"author":1,"featured_media":14654,"parent":172,"menu_order":0,"comment_status":"closed","ping_status":"open","template":"page-departamental.php","meta":[],"_links":{"self":[{"href":"https:\/\/www.mijas.es\/portal\/wp-json\/wp\/v2\/pages\/191"}],"collection":[{"href":"https:\/\/www.mijas.es\/portal\/wp-json\/wp\/v2\/pages"}],"about":[{"href":"https:\/\/www.mijas.es\/portal\/wp-json\/wp\/v2\/types\/page"}],"author":[{"embeddable":true,"href":"https:\/\/www.mijas.es\/portal\/wp-json\/wp\/v2\/users\/1"}],"replies":[{"embeddable":true,"href":"https:\/\/www.mijas.es\/portal\/wp-json\/wp\/v2\/comments?post=191"}],"version-history":[{"count":5,"href":"https:\/\/www.mijas.es\/portal\/wp-json\/wp\/v2\/pages\/191\/revisions"}],"predecessor-version":[{"id":50208,"href":"https:\/\/www.mijas.es\/portal\/wp-json\/wp\/v2\/pages\/191\/revisions\/50208"}],"up":[{"embeddable":true,"href":"https:\/\/www.mijas.es\/portal\/wp-json\/wp\/v2\/pages\/172"}],"wp:featuredmedia":[{"embeddable":true,"href":"https:\/\/www.mijas.es\/portal\/wp-json\/wp\/v2\/media\/14654"}],"wp:attachment":[{"href":"https:\/\/www.mijas.es\/portal\/wp-json\/wp\/v2\/media?parent=191"}],"curies":[{"name":"wp","href":"https:\/\/api.w.org\/{rel}","templated":true}]}}