{"id":190,"date":"2013-05-03T13:26:58","date_gmt":"2013-05-03T13:26:58","guid":{"rendered":"http:\/\/localhost\/pruebaweb\/?p=190"},"modified":"2023-04-28T08:31:19","modified_gmt":"2023-04-28T07:31:19","slug":"yacimiento-romano-de-finca-acebedo","status":"publish","type":"page","link":"https:\/\/www.mijas.es\/portal\/patrimonio-historico\/yacimiento-romano-de-finca-acebedo\/","title":{"rendered":"Yacimiento Romano de Finca Acebedo"},"content":{"rendered":"\n<h4 class=\"wp-block-heading\"> EVOLUCI\u00d3N HIST\u00d3RICO-CULTURAL DEL YACIMIENTO<\/h4>\n\n\n\n<figure class=\"wp-block-table table table-bordered\"><table class=\"has-fixed-layout\"><tbody><tr><th>Periodo Hist\u00f3rico<\/th><th>Estructuras<\/th><\/tr><tr><td>Edad del Hierro II &#8211; P\u00fanico<\/td><td>Restos Materiales<\/td><\/tr><tr><td>\u00c9poca romana<\/td><td>Conserveras<\/td><\/tr><tr><td> \u00c9poca romana <\/td><td>Funerar\u00edas<\/td><\/tr><tr><td> \u00c9poca romana <\/td><td>Termas<\/td><\/tr><tr><td> \u00c9poca romana <\/td><td>Villa<\/td><\/tr><tr><td>Edad Media<\/td><td>Restos Materiales<\/td><\/tr><\/tbody><\/table><\/figure>\n\n\n\n<p>Situado en los bajos del Cementerio de San Cayetano, este yacimiento fue  localizado con motivo de la construcci\u00f3n de dicho cementerio y excavado  entre los a\u00f1os 1990 y 1991, localiz\u00e1ndose una villa romana de gran  extensi\u00f3n, de explotaci\u00f3n agraria e industrial que estuvo ubicada en las  proximidades de la ciudad romana de Suel. <\/p>\n\n\n\n<p>El yacimiento se extiende por una llanura que ocupa parte del \u00e1rea de  inundaci\u00f3n del r\u00edo Fuengirola, en la vertiente meridional de una peque\u00f1a  elevaci\u00f3n donde en su d\u00eda se encontraba el cortijo que le dio su  nombre.<\/p>\n\n\n\n<p>De la zona excavada sobresalen los restos de dos habitaciones que  actuaban de hipocausto (sistema de calefacci\u00f3n que se usaba en las  termas romanas, formado por un doble suelo por el que discurr\u00eda una  corriente de aire caliente procedente de una habitaci\u00f3n con un horno) y  una pileta de grandes dimensiones. Igualmente se localizaron dos tumbas  de una necr\u00f3polis cercana al yacimiento. <\/p>\n\n\n\n<figure class=\"wp-block-image is-resized\"><img decoding=\"async\" src=\"https:\/\/www.mijas.es\/wp-content\/uploads\/2012\/05\/YacimientoFincaAcebedo1Mijas.jpg\" alt=\"Yacimiento Finca Acebedo\" width=\"100%\" height=\"100%\"\/><\/figure>\n\n\n\n<p>Los materiales localizados alcanzan una antig\u00fcedad de m\u00e1s de 2.100 a\u00f1os,  desde la \u00e9poca p\u00fanica hasta la medieval, aunque el momento de ocupaci\u00f3n  m\u00e1s importante es el romano. <\/p>\n\n\n\n<p>Este yacimiento arqueol\u00f3gico debi\u00f3 de tener una gran importancia por su  cercan\u00eda a la ciudad romana de Suel, no localizada hasta la fecha y que  se encontraba en la desembocadura del r\u00edo llamado Suel en \u00e9poca antigua y  ahora Fuengirola. <\/p>\n\n\n\n<figure class=\"wp-block-image is-resized\"><img decoding=\"async\" src=\"https:\/\/www.mijas.es\/wp-content\/uploads\/2012\/05\/YacimientoFincaAcebedo2Mijas.jpg\" alt=\"Yacimiento Finca Acebedo\" width=\"100%\" height=\"100%\"\/><\/figure>\n\n\n\n<p>Pero es necesario que nos remontemos 2.000 a\u00f1os atr\u00e1s y conozcamos como  era el entorno del yacimiento en aquellos momentos. Gracias a los  estudios realizados en la d\u00e9cada de los ochenta del siglo pasado por el  Instituto Alem\u00e1n de Arqueolog\u00eda, podemos reconstruir aproximadamente  como era la costa hace dos milenios: todo el espacio que actualmente  ocupa el r\u00edo Fuengirola desde su desembocadura actual hasta el Cortijo  del Ahogadero, era un gran estuario marino, por lo que el yacimiento se  situ\u00f3 muy cercano a la antigua l\u00ednea costera, es decir, el mar llegaba  hasta sus puertas. <\/p>\n\n\n\n<p>El Marques de Valdeflores en el siglo XVIII situaba las ruinas de Suel  en el campillo del Val de Suel (valle del r\u00edo Suel), a un cuarto de  legua (1.500 metros) del castillo de la Fuengirola, donde encontr\u00f3 un  acueducto con una inscripci\u00f3n latina hoy desaparecida. Esos 1.500 metros  es la distancia exacta que hay entre el castillo de Fuengirola y el  yacimiento romano de Finca Acebedo, donde en la actualidad tambi\u00e9n  existe un acueducto que quiz\u00e1s podr\u00eda tratarse del localizado por Valdeflores. <\/p>\n\n\n\n<p>Tambi\u00e9n de este yacimiento procede un ara funeraria donde aparece un  nombre femenino, Aemilia Aemiliana Suelinata, es decir, indicando que  era de Suel, lo que corrobora la cercan\u00eda de este yacimiento a la citada  ciudad romana.<\/p>\n\n\n\n<iframe src=\"https:\/\/www.google.com\/maps\/embed?pb=!1m18!1m12!1m3!1d3205.9799486896595!2d-4.646837877195661!3d36.530478121677056!2m3!1f0!2f0!3f0!3m2!1i1024!2i768!4f13.1!3m3!1m2!1s0x0%3A0x0!2zMzbCsDMxJzUyLjYiTiA0wrAzOCczOS44Ilc!5e0!3m2!1ses!2ses!4v1547208967213\" style=\"border:0; margin-bottom: 20px\" allowfullscreen=\"\" width=\"100%\" height=\"450\" frameborder=\"0\"><\/iframe>\n","protected":false},"excerpt":{"rendered":"<p>EVOLUCI\u00d3N HIST\u00d3RICO-CULTURAL DEL YACIMIENTO Periodo Hist\u00f3rico Estructuras Edad del Hierro II &#8211; P\u00fanico Restos Materiales \u00c9poca romana Conserveras \u00c9poca romana Funerar\u00edas \u00c9poca romana Termas \u00c9poca romana Villa Edad Media Restos Materiales Situado en los bajos del Cementerio de San Cayetano, este yacimiento fue localizado con motivo de la construcci\u00f3n de dicho cementerio y excavado entre [&hellip;]<\/p>\n","protected":false},"author":1,"featured_media":14654,"parent":172,"menu_order":0,"comment_status":"closed","ping_status":"open","template":"page-departamental.php","meta":[],"_links":{"self":[{"href":"https:\/\/www.mijas.es\/portal\/wp-json\/wp\/v2\/pages\/190"}],"collection":[{"href":"https:\/\/www.mijas.es\/portal\/wp-json\/wp\/v2\/pages"}],"about":[{"href":"https:\/\/www.mijas.es\/portal\/wp-json\/wp\/v2\/types\/page"}],"author":[{"embeddable":true,"href":"https:\/\/www.mijas.es\/portal\/wp-json\/wp\/v2\/users\/1"}],"replies":[{"embeddable":true,"href":"https:\/\/www.mijas.es\/portal\/wp-json\/wp\/v2\/comments?post=190"}],"version-history":[{"count":9,"href":"https:\/\/www.mijas.es\/portal\/wp-json\/wp\/v2\/pages\/190\/revisions"}],"predecessor-version":[{"id":50207,"href":"https:\/\/www.mijas.es\/portal\/wp-json\/wp\/v2\/pages\/190\/revisions\/50207"}],"up":[{"embeddable":true,"href":"https:\/\/www.mijas.es\/portal\/wp-json\/wp\/v2\/pages\/172"}],"wp:featuredmedia":[{"embeddable":true,"href":"https:\/\/www.mijas.es\/portal\/wp-json\/wp\/v2\/media\/14654"}],"wp:attachment":[{"href":"https:\/\/www.mijas.es\/portal\/wp-json\/wp\/v2\/media?parent=190"}],"curies":[{"name":"wp","href":"https:\/\/api.w.org\/{rel}","templated":true}]}}