{"id":185,"date":"2013-05-03T11:00:56","date_gmt":"2013-05-03T11:00:56","guid":{"rendered":"http:\/\/localhost\/pruebaweb\/?p=185"},"modified":"2023-04-28T09:40:15","modified_gmt":"2023-04-28T08:40:15","slug":"molinos-batanes-y-trapiches","status":"publish","type":"page","link":"https:\/\/www.mijas.es\/portal\/patrimonio-historico\/molinos-batanes-y-trapiches\/","title":{"rendered":"Molinos, Batanes y Trapiches"},"content":{"rendered":"\n<p>El principio de funcionamiento de los tres es el mismo: aprovechar la fuerza motriz del agua que se conduc\u00eda por una acequia o cauz hacia un \u201ccubo\u201d, pozo de secci\u00f3n circular y ca\u00edda vertical o inclinada que hacia aumentar la presi\u00f3n del agua y que se situaba a mayor altura que el edifico que albergaba el ingenio mec\u00e1nico, dirigi\u00e9ndola hacia una b\u00f3veda o \u201cc\u00e1rcavo\u201d situada bajo el mismo, donde la presi\u00f3n del agua hac\u00eda mover el \u201crodezno\u201d, conjunto de elementos mec\u00e1nicos que usaban la energ\u00eda producida por la fuerza de la ca\u00edda del agua, para mover las piezas que serv\u00edan para moler, triturar o comprimir. Desde el c\u00e1rcavo el agua segu\u00eda su curso hacia otro molino, bat\u00e1n, etc. o hacia las huertas.<\/p>\n\n\n<div class=\"wp-block-image\">\n<figure class=\"aligncenter size-large\"><img decoding=\"async\" src=\"https:\/\/www.mijas.es\/wp-content\/uploads\/2012\/05\/MolinodeHuertaAlta.jpg\" alt=\"Molino de Huerta Alta\"\/><figcaption class=\"wp-element-caption\">C\u00e1rcavo o b\u00f3veda del Molino de Huerta Alta<\/figcaption><\/figure><\/div>\n\n\n<p>Los molinos hidr\u00e1ulicos ya fueron descritos en el siglo I de nuestra era por el arquitecto e ingeniero romano Vitrubio y, como ocurre con todo el Patrimonio Hidr\u00e1ulico, se difundieron de forma generalizada por los \u00e1rabes durante la Edad Media. En Mijas, gracias a su abundancia de agua, han sido innumerables los molinos que han existido a lo largo de la historia.<\/p>\n\n\n\n<p>Los m\u00e1s antiguos conocidos son de \u00c9poca Medieval y aparecen citados en los Repartimientos de los Reyes Cat\u00f3licos, concretamente cuatro: tres ubicados en Osunilla conserv\u00e1ndose en la actualidad la estructura de uno de ellos en el interior de una vivienda privada y otro situado bajo la antigua Fuente de la Higuera, actualmente desaparecido.<\/p>\n\n\n\n<p>A mediados del siglo XVIII exist\u00edan en Mijas 15 molinos en funcionamiento, la mayor\u00eda de ellos en la zona oriental del municipio (Osunilla, Pajares y Corralejos). Ejemplos de molinos, todos sin uso o en ruinas, son el molino de Rasc\u00f3n, el del Cura, la Molinilla, de Escalona, de Corralejos, de Huerta Alta, de Arriba y de Abajo, el Molinillo, etc.<\/p>\n\n\n\n<div class=\"wp-block-image\"><figure class=\"aligncenter is-resized\"><img decoding=\"async\" src=\"https:\/\/www.mijas.es\/wp-content\/uploads\/2012\/05\/MolinodeAbajo.jpg\" alt=\"Molino de Abajo\" width=\"527\" height=\"349\"\/><figcaption>Molino de Abajo<\/figcaption><\/figure><\/div>\n\n\n\n<p>Los batanes son m\u00e1s recientes que los molinos y serv\u00edan para la fabricaci\u00f3n de papel. La fuerza del agua hacia mover unos mazos de madera que bat\u00edan una mezcla de agua y trapos de lino y c\u00e1\u00f1amo dentro de unas pilas de piedra sobre una base met\u00e1lica, con lo que se obten\u00eda una pasta que luego se colaba sobre una malla donde se adher\u00edan las fibras que luego se separaban y se secaban obteni\u00e9ndose el papel.<\/p>\n\n\n\n<p>La mayor\u00eda de los m\u00e1s de 15 batanes que llegaron a funcionar en Mijas fueron de papel de estraza, aunque alguno de ellos fabric\u00f3 papel blanco como el de Santa Rita, cuyas pilas de batir se encuentran depositadas en la sede del Archivo Hist\u00f3rico Municipal. Los batanes mije\u00f1os funcionaron desde finales del siglo XVII hasta finales del XIX, aunque algunos resurgieron de forma puntual a mediados del XX.<\/p>\n\n\n\n<p>Adem\u00e1s del citado bat\u00e1n de Santa Rita, en Mijas funcionaron, entro otros, los siguientes batanes: la Batana, el Hormiguero, el Ca\u00f1averal, la Cueva, Nuestra Se\u00f1ora de la Victoria, etc.<\/p>\n\n\n<div class=\"wp-block-image\">\n<figure class=\"aligncenter size-large\"><img decoding=\"async\" src=\"https:\/\/www.mijas.es\/wp-content\/uploads\/2012\/05\/BatandeSantaRita.jpg\" alt=\"Bat\u00e1n de Santa Rita\"\/><figcaption class=\"wp-element-caption\">Pila del Bat\u00e1n de Santa Rita<\/figcaption><\/figure><\/div>\n\n\n<p>Los trapiches se usaron para la extracci\u00f3n del jugo de la ca\u00f1a de az\u00facar. En este caso el agua se usaba para mover unas ruedas que aplastaban las ca\u00f1as para la extracci\u00f3n de su jugo, que luego era tratado para obtener el az\u00facar.<\/p>\n\n\n\n<p>En Mijas solo tenemos constancia de la existencia de un trapiche en la zona de Entrerr\u00edos, el cual tuvo una vida muy corta pues fue construido a mediados del siglo XVII y en 1773 ya solo quedaban sus cimientos. Este trapiche utilizaba como fuerza motriz el agua del r\u00edo de Oj\u00e9n y para su transporte se construyeron dos acueductos que todav\u00eda se conservan, uno de ellos en uso y en el que se puede ver la fecha de 1644 en una placa sobre su arcada principal.<\/p>\n\n\n\n<div class=\"wp-block-image\"><figure class=\"aligncenter is-resized\"><img decoding=\"async\" src=\"https:\/\/www.mijas.es\/wp-content\/uploads\/2012\/05\/acueductodelTrapichedeEnterrrios.jpg\" alt=\"Acueducto del Trapiche Entrerr\u00edos\" width=\"512\" height=\"339\"\/><figcaption>Restos del acueducto del Trapiche de Entrerr\u00edos<\/figcaption><\/figure><\/div>\n\n\n\n<div class=\"wp-block-image\"><figure class=\"aligncenter is-resized\"><img decoding=\"async\" src=\"https:\/\/www.mijas.es\/wp-content\/uploads\/2012\/05\/MolinodeCorralejos.jpg\" alt=\"Molino de Corralejos\" width=\"514\" height=\"340\"\/><figcaption>Ruinas del Molino de Corralejos<\/figcaption><\/figure><\/div>\n","protected":false},"excerpt":{"rendered":"<p>El principio de funcionamiento de los tres es el mismo: aprovechar la fuerza motriz del agua que se conduc\u00eda por una acequia o cauz hacia un \u201ccubo\u201d, pozo de secci\u00f3n circular y ca\u00edda vertical o inclinada que hacia aumentar la presi\u00f3n del agua y que se situaba a mayor altura que el edifico que albergaba [&hellip;]<\/p>\n","protected":false},"author":1,"featured_media":14654,"parent":172,"menu_order":0,"comment_status":"closed","ping_status":"open","template":"page-departamental.php","meta":[],"_links":{"self":[{"href":"https:\/\/www.mijas.es\/portal\/wp-json\/wp\/v2\/pages\/185"}],"collection":[{"href":"https:\/\/www.mijas.es\/portal\/wp-json\/wp\/v2\/pages"}],"about":[{"href":"https:\/\/www.mijas.es\/portal\/wp-json\/wp\/v2\/types\/page"}],"author":[{"embeddable":true,"href":"https:\/\/www.mijas.es\/portal\/wp-json\/wp\/v2\/users\/1"}],"replies":[{"embeddable":true,"href":"https:\/\/www.mijas.es\/portal\/wp-json\/wp\/v2\/comments?post=185"}],"version-history":[{"count":9,"href":"https:\/\/www.mijas.es\/portal\/wp-json\/wp\/v2\/pages\/185\/revisions"}],"predecessor-version":[{"id":50231,"href":"https:\/\/www.mijas.es\/portal\/wp-json\/wp\/v2\/pages\/185\/revisions\/50231"}],"up":[{"embeddable":true,"href":"https:\/\/www.mijas.es\/portal\/wp-json\/wp\/v2\/pages\/172"}],"wp:featuredmedia":[{"embeddable":true,"href":"https:\/\/www.mijas.es\/portal\/wp-json\/wp\/v2\/media\/14654"}],"wp:attachment":[{"href":"https:\/\/www.mijas.es\/portal\/wp-json\/wp\/v2\/media?parent=185"}],"curies":[{"name":"wp","href":"https:\/\/api.w.org\/{rel}","templated":true}]}}