{"id":184,"date":"2013-05-03T10:57:59","date_gmt":"2013-05-03T10:57:59","guid":{"rendered":"http:\/\/localhost\/pruebaweb\/?p=184"},"modified":"2023-04-28T09:33:41","modified_gmt":"2023-04-28T08:33:41","slug":"galerias-de-captacion-o-minas","status":"publish","type":"page","link":"https:\/\/www.mijas.es\/portal\/patrimonio-historico\/galerias-de-captacion-o-minas\/","title":{"rendered":"Galer\u00edas de captaci\u00f3n o minas"},"content":{"rendered":"\n<p>No existir\u00eda Patrimonio Hidr\u00e1ulico sin el agua y parte de ese patrimonio lo forman precisamente las estructuras que se construyeron para la captaci\u00f3n de la misma. Ya hemos hablado de los pozos realizados mediante una excavaci\u00f3n vertical y hoy hablaremos de las excavaciones horizontales o galer\u00edas de captaci\u00f3n, conocidas tambi\u00e9n como \u201cqanats\u201d o minas de agua.<\/p>\n\n\n\n<p>Estos t\u00faneles, al igual que en los pozos, se construyen para alcanzar las vetas de las aguas subterr\u00e1neas y son elaborados con una ligera pendiente hacia el exterior, lo que permite la extracci\u00f3n del agua por efecto de la gravedad. En ocasiones la galer\u00eda excavada se prolonga hacia el exterior mediante una acequia con paredes de piedra y con cubiertas de diversos tipos; con ello se evita la colmataci\u00f3n de dicha acequia si la galer\u00eda de captaci\u00f3n alcanzaba el exterior en una zona con taludes.<\/p>\n\n\n\n<p>El origen de este tipo de galer\u00edas se remonta a \u00e9poca romana, aunque fueron los \u00e1rabes los que las desarrollaron y difundieron en un ampl\u00edsimo territorio. En Ir\u00e1n se estiman que existen unos 20.000 sistemas de \u201cqanats\u201d que a\u00fan hoy en d\u00eda alcanzan una longitud total de unos 100.000 km.<\/p>\n\n\n\n<p>Las t\u00e9cnicas constructivas romana y \u00e1rabe se han mantenido hasta la actualidad: galer\u00edas que captan las filtraciones con una planta arborescente o cruciforme, que no se revisten si el terreno lo permite, en \u201clomo de caballo\u201d, o m\u00e1s frecuentemente revestidas de ladrillo o losas de piedra, con cubiertas de medio punto o b\u00f3vedas adinteladas.<\/p>\n\n\n\n<p>En Mijas existen varios ejemplos de estas galer\u00edas de captaci\u00f3n, las m\u00e1s monumentales y conocidas en el entorno de Mijas y de Osunilla, aunque la bajada de los niveles fre\u00e1ticos ha provocado que, salvo en \u00e9pocas de abundantes lluvias, ya no se produzca en ellas la captaci\u00f3n de agua. Son las siguientes:<\/p>\n\n\n\n<h3 class=\"wp-block-heading\">Mina del Nacimiento<\/h3>\n\n\n<div class=\"wp-block-image\">\n<figure class=\"aligncenter size-large\"><img decoding=\"async\" src=\"https:\/\/www.mijas.es\/wp-content\/uploads\/2012\/05\/MinadelNacimiento.jpg\" alt=\"Mina del Nacimiento\"\/><\/figure><\/div>\n\n\n<p>Tambi\u00e9n conocida como Nacimiento Nuevo o Andaluvio, se encuentra en Osunilla y es la de car\u00e1cter m\u00e1s monumental de las existentes. Con una longitud de m\u00e1s de cien metros presenta varios tramos con un marcado car\u00e1cter monumental con diversos tipos de cubiertas (b\u00f3vedas de medio punto, adinteladas planas, adinteladas a dos aguas, etc.) y alturas que alcanzan casi los 6 m, presentando una anchura media de unos 40 cm en el tramo sur, dimensi\u00f3n que se ve ampliada hacia la parte m\u00e1s profunda. Su cronolog\u00eda es de \u00e9poca medieval con reconstrucciones y ampliaciones de \u00e9poca moderna.<\/p>\n\n\n\n<iframe src=\"https:\/\/www.google.com\/maps\/embed?pb=!1m18!1m12!1m3!1d3202.9598579910444!2d-4.626192047609252!3d36.60327582932481!2m3!1f0!2f0!3f0!3m2!1i1024!2i768!4f13.1!3m3!1m2!1s0x0%3A0x0!2zMzbCsDM2JzEyLjAiTiA0wrAzNycyNi41Ilc!5e0!3m2!1ses!2ses!4v1547801480960\" style=\"border:0; margin-bottom: 20px\" allowfullscreen=\"\" width=\"100%\" height=\"450\" frameborder=\"0\"><\/iframe>\n\n\n\n<h3 class=\"wp-block-heading\">Mina del Barrio<\/h3>\n\n\n<div class=\"wp-block-image\">\n<figure class=\"aligncenter size-large\"><img decoding=\"async\" src=\"https:\/\/www.mijas.es\/wp-content\/uploads\/2012\/05\/MinadelBarrio.jpg\" alt=\"Mina del Barrio\"\/><\/figure><\/div>\n\n\n<p>Ubicada en el Barrio de Santa Ana de Mijas pueblo, probablemente se realiz\u00f3 para conducir al exterior el agua que discurr\u00eda por el interior de la Cueva del Agua, ya que la galer\u00eda se conect\u00f3 directamente con esta y posteriormente se fue ampliando en busca de nuevas vetas de agua. Los materiales (m\u00e1rmoles) que se extrajeron de la galer\u00eda durante su construcci\u00f3n, se depositaron en el interior de la cueva natural hasta su colmataci\u00f3n. Sirvi\u00f3, entre otros usos, para suministrar agua a la antigua Fuente de los Siete Ca\u00f1os. Es de \u00e9poca moderna.<\/p>\n\n\n\n<iframe src=\"https:\/\/www.google.com\/maps\/embed?pb=!1m18!1m12!1m3!1d3203.3069746281967!2d-4.645445065951926!3d36.59491510154578!2m3!1f0!2f0!3f0!3m2!1i1024!2i768!4f13.1!3m3!1m2!1s0x0%3A0x0!2zMzbCsDM1JzQyLjIiTiA0wrAzOCczNC4zIlc!5e0!3m2!1ses!2ses!4v1547801664167\" style=\"border:0; margin-bottom: 20px\" allowfullscreen=\"\" width=\"100%\" height=\"450\" frameborder=\"0\"><\/iframe>\n\n\n\n<h3 class=\"wp-block-heading\">Mina Nueva del Barrio<\/h3>\n\n\n<div class=\"wp-block-image\">\n<figure class=\"aligncenter size-large\"><img decoding=\"async\" src=\"https:\/\/www.mijas.es\/wp-content\/uploads\/2012\/05\/MinaNuevadelBarrio.jpg\" alt=\"Mina Nueva del Barrio\"\/><\/figure><\/div>\n\n\n<p>Est\u00e1 situada a la salida de Mijas por el Barrio de Santa Ana junto al antiguo Camino de Oj\u00e9n; de ella parte una acequia que abastece a una alberca aleda\u00f1a y a un antiguo lavadero-abrevadero. Este sistema hidr\u00e1ulico fue muy utilizado hasta que la bajada de los niveles fre\u00e1ticos sec\u00f3 la mina, aunque en los a\u00f1os de abundancia de lluvias el agua vuelve a surgir de la misma. No se encuentra revestida siendo todo su recorrido en \u201clomo de caballo\u201d. Fue construida durante el pasado siglo.<\/p>\n\n\n\n<iframe src=\"https:\/\/www.google.com\/maps\/embed?pb=!1m18!1m12!1m3!1d3203.3253617278847!2d-4.648835884960222!3d36.59447217999149!2m3!1f0!2f0!3f0!3m2!1i1024!2i768!4f13.1!3m3!1m2!1s0x0%3A0x0!2zMzbCsDM1JzQwLjEiTiA0wrAzOCc0Ny45Ilc!5e0!3m2!1ses!2ses!4v1547802134593\" style=\"border:0; margin-bottom: 20px\" allowfullscreen=\"\" width=\"100%\" height=\"450\" frameborder=\"0\"><\/iframe>\n","protected":false},"excerpt":{"rendered":"<p>No existir\u00eda Patrimonio Hidr\u00e1ulico sin el agua y parte de ese patrimonio lo forman precisamente las estructuras que se construyeron para la captaci\u00f3n de la misma. Ya hemos hablado de los pozos realizados mediante una excavaci\u00f3n vertical y hoy hablaremos de las excavaciones horizontales o galer\u00edas de captaci\u00f3n, conocidas tambi\u00e9n como \u201cqanats\u201d o minas de [&hellip;]<\/p>\n","protected":false},"author":1,"featured_media":14654,"parent":172,"menu_order":0,"comment_status":"closed","ping_status":"open","template":"page-departamental.php","meta":[],"_links":{"self":[{"href":"https:\/\/www.mijas.es\/portal\/wp-json\/wp\/v2\/pages\/184"}],"collection":[{"href":"https:\/\/www.mijas.es\/portal\/wp-json\/wp\/v2\/pages"}],"about":[{"href":"https:\/\/www.mijas.es\/portal\/wp-json\/wp\/v2\/types\/page"}],"author":[{"embeddable":true,"href":"https:\/\/www.mijas.es\/portal\/wp-json\/wp\/v2\/users\/1"}],"replies":[{"embeddable":true,"href":"https:\/\/www.mijas.es\/portal\/wp-json\/wp\/v2\/comments?post=184"}],"version-history":[{"count":4,"href":"https:\/\/www.mijas.es\/portal\/wp-json\/wp\/v2\/pages\/184\/revisions"}],"predecessor-version":[{"id":50228,"href":"https:\/\/www.mijas.es\/portal\/wp-json\/wp\/v2\/pages\/184\/revisions\/50228"}],"up":[{"embeddable":true,"href":"https:\/\/www.mijas.es\/portal\/wp-json\/wp\/v2\/pages\/172"}],"wp:featuredmedia":[{"embeddable":true,"href":"https:\/\/www.mijas.es\/portal\/wp-json\/wp\/v2\/media\/14654"}],"wp:attachment":[{"href":"https:\/\/www.mijas.es\/portal\/wp-json\/wp\/v2\/media?parent=184"}],"curies":[{"name":"wp","href":"https:\/\/api.w.org\/{rel}","templated":true}]}}