{"id":183,"date":"2013-05-03T10:52:29","date_gmt":"2013-05-03T10:52:29","guid":{"rendered":"http:\/\/localhost\/pruebaweb\/?p=183"},"modified":"2023-04-28T09:23:15","modified_gmt":"2023-04-28T08:23:15","slug":"acueductos","status":"publish","type":"page","link":"https:\/\/www.mijas.es\/portal\/patrimonio-historico\/acueductos\/","title":{"rendered":"Acueductos"},"content":{"rendered":"\n<p>Aunque la palabra \u201cacueducto\u201d designa a una conducci\u00f3n artificial de agua que sirve para transportarla desde su lugar de origen hasta el de su aprovechamiento, generalmente denominamos as\u00ed a las arcadas o puentes sobre los que pasan esas conducciones para poder salvar una depresi\u00f3n del terreno. Estos ya eran conocidos y usados por las civilizaciones del Pr\u00f3ximo Oriente, pero fueron los romanos los que desarrollaron las t\u00e9cnicas y los materiales que har\u00edan que los acueductos se convirtieran en uno de los mayores logros de la arquitectura civil romana, algunos de los cuales han perdurado hasta la actualidad, como en el caso del Acueducto de Segovia en Espa\u00f1a o el Pont du Gard en Francia.<\/p>\n\n\n\n<p>En Mijas, aunque de \u00e9pocas m\u00e1s recientes, a\u00fan perduran varios ejemplos de acueductos, algunos de una gran importancia, tanto por su estructura arquitect\u00f3nica como por su contribuci\u00f3n en el desarrollo econ\u00f3mico mije\u00f1o de \u00e9pocas pasadas, pues dieron vida a numerosos molinos, batanes, etc. y posibilitaron el riego de extensas zonas alejadas de los afloramientos de agua.<\/p>\n\n\n\n<h3 class=\"wp-block-heading\">Acueducto del Trapiche<\/h3>\n\n\n\n<figure class=\"wp-block-image size-large\"><img decoding=\"async\" src=\"https:\/\/www.mijas.es\/wp-content\/uploads\/2012\/05\/AcueductodelTrapiche.jpg\" alt=\"Acueducto del Trapiche\"\/><\/figure>\n\n\n\n<p>Este acueducto, ubicado en Entrerr\u00edos y cercano al desaparecido Caser\u00edo del Trapiche, fue construido en 1644 tal como se\u00f1ala una placa situada en su arcada principal y conduc\u00eda el agua tomada del r\u00edo de Oj\u00e9n hasta un trapiche (f\u00e1brica de az\u00facar) situado en sus inmediaciones, el cual tuvo una corta existencia pues ya se encontraba en ruinas a finales del siglo XVIII. M\u00e1s tarde la acequia se prolong\u00f3 hasta el Cortijo de la Rata, junto al r\u00edo de las Pasadas. En la actualidad a\u00fan se haya en uso.<\/p>\n\n\n\n<iframe src=\"https:\/\/www.google.com\/maps\/embed?pb=!1m18!1m12!1m3!1d3205.1528063392593!2d-4.708624421391192!3d36.54708492209098!2m3!1f0!2f0!3f0!3m2!1i1024!2i768!4f13.1!3m3!1m2!1s0x0%3A0x0!2zMzbCsDMyJzQ5LjYiTiA0wrA0MicyMy41Ilc!5e0!3m2!1ses!2ses!4v1547726862968\" style=\"border:0; margin-bottom: 20px\" allowfullscreen=\"\" width=\"100%\" height=\"450\" frameborder=\"0\"><\/iframe>\n\n\n\n<h3 class=\"wp-block-heading\">Acueducto de La Matanza<\/h3>\n\n\n\n<figure class=\"wp-block-image size-large\"><img decoding=\"async\" src=\"https:\/\/www.mijas.es\/wp-content\/uploads\/2012\/05\/AcueductodelaMatanza.jpg\" alt=\"Acueducto de La Matanza\"\/><\/figure>\n\n\n\n<p>Est\u00e1 situado en Entrerr\u00edos en las cercan\u00edas de la Casa de la Matanza y tambi\u00e9n es conocido con el nombre de \u201cLa Matriche\u201d. Serv\u00eda para transportar el agua recogida en el arroyo del Laurel y est\u00e1 formado por una veintena de arcadas. En la actualidad no se encuentra en uso y presenta un tramo derrumbado en el que se dice exist\u00eda una placa con la fecha de 1644, misma fecha que la del Acueducto del Trapiche.<\/p>\n\n\n\n<iframe src=\"https:\/\/www.google.com\/maps\/embed?pb=!1m18!1m12!1m3!1d4993.897426878577!2d-4.733143552136218!3d36.56138141975781!2m3!1f0!2f0!3f0!3m2!1i1024!2i768!4f13.1!3m3!1m2!1s0x0%3A0x0!2zMzbCsDMzJzM4LjEiTiA0wrA0Myc0Ny4yIlc!5e0!3m2!1ses!2ses!4v1547727544087\" style=\"border:0; margin-bottom: 20px\" allowfullscreen=\"\" width=\"100%\" height=\"450\" frameborder=\"0\"><\/iframe>\n\n\n\n<h3 class=\"wp-block-heading\">Acueducto del Molinillo<\/h3>\n\n\n\n<figure class=\"wp-block-image size-large\"><img decoding=\"async\" src=\"https:\/\/www.mijas.es\/wp-content\/uploads\/2012\/05\/AcueductodelMolinillo.jpg\" alt=\"Acueducto del Molinillo\"\/><\/figure>\n\n\n\n<p>Tambi\u00e9n en Entrerr\u00edos, en la actualidad conduce el agua del r\u00edo de Las Pasadas para su uso en el riego y la condujo hasta hace pocos a\u00f1os para su uso en el molino del mismo nombre. Fue modificado y sobreelevado para presentar su aspecto actual a mediados del siglo pasado. En la actualidad se encuentra en uso.<\/p>\n\n\n\n<iframe src=\"https:\/\/www.google.com\/maps\/embed?pb=!1m18!1m12!1m3!1d2694.410910662178!2d-4.723683720375606!3d36.573093650043944!2m3!1f0!2f0!3f0!3m2!1i1024!2i768!4f13.1!3m3!1m2!1s0x0%3A0x0!2zMzbCsDM0JzI0LjUiTiA0wrA0MycyMS4xIlc!5e0!3m2!1ses!2ses!4v1547728020839\" style=\"border:0; margin-bottom: 20px\" allowfullscreen=\"\" width=\"100%\" height=\"450\" frameborder=\"0\"><\/iframe>\n\n\n\n<h3 class=\"wp-block-heading\">Acueducto de Osunilla<\/h3>\n\n\n\n<figure class=\"wp-block-image size-large\"><img decoding=\"async\" src=\"https:\/\/www.mijas.es\/wp-content\/uploads\/2012\/05\/AcueductodeOsunilla.jpg\" alt=\"Acueducto de Osunilla\"\/><\/figure>\n\n\n\n<p>Ubicado como su nombre indica en Osunilla, tambi\u00e9n es conocido como acueducto del Nacimiento Nuevo o Andaluvio. Forma parte de un sistema de ingenier\u00eda hidr\u00e1ulica compuesto por una mina y una acequia exterior que siguiendo las curvas de nivel, cruza el arroyo de Las Grajas por este acueducto de tres arcos, el \u00faltimo de los cuales se encuentra actualmente hundido. Este acueducto es de \u00c9poca Moderna y al sur del mismo se pueden observar los restos de un acueducto m\u00e1s antiguo, quiz\u00e1s de \u00c9poca Medieval y contempor\u00e1neo a la construcci\u00f3n de la mina que presenta algunos tramos con car\u00e1cter monumental. No se encuentra en uso.<\/p>\n\n\n\n<iframe src=\"https:\/\/www.google.com\/maps\/embed?pb=!1m18!1m12!1m3!1d800.7506743848691!2d-4.625985170741227!3d36.60224407538035!2m3!1f0!2f0!3f0!3m2!1i1024!2i768!4f13.1!3m3!1m2!1s0xd72e3ef5db0387d%3A0x50cf9d2dced2c73a!2sacueducto+del+nacimiento!5e0!3m2!1ses!2ses!4v1547728345195\" style=\"border:0; margin-bottom: 20px\" allowfullscreen=\"\" width=\"100%\" height=\"450\" frameborder=\"0\"><\/iframe>\n\n\n\n<h3 class=\"wp-block-heading\">Acueducto del Molino de Arriba<\/h3>\n\n\n\n<figure class=\"wp-block-image size-large\"><img decoding=\"async\" src=\"https:\/\/www.mijas.es\/wp-content\/uploads\/2012\/05\/AcueductodelMolinodeArriba.jpg\" alt=\"Acueducto del Molino de Arriba\"\/><\/figure>\n\n\n\n<p>En el interior de una propiedad privada donde se ubicaba el antiguo molino conocido como \u201cde Arriba\u201d, a la entrada de Las Lomas, se localizan los restos de un acueducto que sirvi\u00f3 para salvar un camino y elevar el agua procedente de la fuente de Las Pavitas hasta el cubo del citado molino. Se conservan dos arcadas de este acueducto de aspecto imponente. No se encuentra en uso.<\/p>\n\n\n\n<iframe src=\"https:\/\/www.google.com\/maps\/embed?pb=!1m18!1m12!1m3!1d800.4469868658152!2d-4.630838870741242!3d36.59812327543791!2m3!1f0!2f0!3f0!3m2!1i1024!2i768!4f13.1!3m3!1m2!1s0x0%3A0x0!2zMzbCsDM1JzUzLjIiTiA0wrAzNyc0OS4xIlc!5e0!3m2!1ses!2ses!4v1547728611193\" style=\"border:0; margin-bottom: 20px\" allowfullscreen=\"\" width=\"100%\" height=\"450\" frameborder=\"0\"><\/iframe>\n\n\n\n<h3 class=\"wp-block-heading\">Acueducto de Acebedo<\/h3>\n\n\n\n<figure class=\"wp-block-image size-large\"><img decoding=\"async\" src=\"https:\/\/www.mijas.es\/wp-content\/uploads\/2012\/05\/AcueductodeAcebedo.jpg\" alt=\"Acueducto de Acebedo\"\/><\/figure>\n\n\n\n<p>Este acueducto, situado junto al yacimiento arqueol\u00f3gico de la Villa Romana de Finca Acebedo, es muy probablemente el mencionado en documentos del siglo XVIII vinculado a la aparici\u00f3n de una inscripci\u00f3n de \u00e9poca romana. En la actualidad sirve de linde entre las parcelas que forman el citado yacimiento arqueol\u00f3gico ubicado en el interior del cementerio de San Cayetano y la estaci\u00f3n depuradora de aguas residuales de Cerros del \u00c1guila. No se encuentra en uso en la actualidad.<\/p>\n\n\n\n<iframe src=\"https:\/\/www.google.com\/maps\/embed?pb=!1m18!1m12!1m3!1d3205.9458192827024!2d-4.646419284192635!3d36.531301490488346!2m3!1f0!2f0!3f0!3m2!1i1024!2i768!4f13.1!3m3!1m2!1s0x0%3A0x0!2zMzbCsDMxJzUyLjciTiA0wrAzOCczOS4yIlc!5e0!3m2!1ses!2ses!4v1547728763863\" style=\"border:0; margin-bottom: 20px\" allowfullscreen=\"\" width=\"100%\" height=\"450\" frameborder=\"0\"><\/iframe>\n","protected":false},"excerpt":{"rendered":"<p>Aunque la palabra \u201cacueducto\u201d designa a una conducci\u00f3n artificial de agua que sirve para transportarla desde su lugar de origen hasta el de su aprovechamiento, generalmente denominamos as\u00ed a las arcadas o puentes sobre los que pasan esas conducciones para poder salvar una depresi\u00f3n del terreno. Estos ya eran conocidos y usados por las civilizaciones [&hellip;]<\/p>\n","protected":false},"author":1,"featured_media":14654,"parent":172,"menu_order":0,"comment_status":"closed","ping_status":"open","template":"page-departamental.php","meta":[],"_links":{"self":[{"href":"https:\/\/www.mijas.es\/portal\/wp-json\/wp\/v2\/pages\/183"}],"collection":[{"href":"https:\/\/www.mijas.es\/portal\/wp-json\/wp\/v2\/pages"}],"about":[{"href":"https:\/\/www.mijas.es\/portal\/wp-json\/wp\/v2\/types\/page"}],"author":[{"embeddable":true,"href":"https:\/\/www.mijas.es\/portal\/wp-json\/wp\/v2\/users\/1"}],"replies":[{"embeddable":true,"href":"https:\/\/www.mijas.es\/portal\/wp-json\/wp\/v2\/comments?post=183"}],"version-history":[{"count":4,"href":"https:\/\/www.mijas.es\/portal\/wp-json\/wp\/v2\/pages\/183\/revisions"}],"predecessor-version":[{"id":50226,"href":"https:\/\/www.mijas.es\/portal\/wp-json\/wp\/v2\/pages\/183\/revisions\/50226"}],"up":[{"embeddable":true,"href":"https:\/\/www.mijas.es\/portal\/wp-json\/wp\/v2\/pages\/172"}],"wp:featuredmedia":[{"embeddable":true,"href":"https:\/\/www.mijas.es\/portal\/wp-json\/wp\/v2\/media\/14654"}],"wp:attachment":[{"href":"https:\/\/www.mijas.es\/portal\/wp-json\/wp\/v2\/media?parent=183"}],"curies":[{"name":"wp","href":"https:\/\/api.w.org\/{rel}","templated":true}]}}