{"id":182,"date":"2013-05-03T10:52:07","date_gmt":"2013-05-03T10:52:07","guid":{"rendered":"http:\/\/localhost\/pruebaweb\/?p=182"},"modified":"2019-04-09T10:01:00","modified_gmt":"2019-04-09T10:01:00","slug":"patrimonio-hidraulico","status":"publish","type":"page","link":"https:\/\/www.mijas.es\/portal\/patrimonio-historico\/patrimonio-hidraulico\/","title":{"rendered":"Patrimonio Hidr\u00e1ulico"},"content":{"rendered":"\n<p>Desde que el fara\u00f3n egipcio Amenemhat III construy\u00f3 en el siglo XIX a.C. la primer red de regad\u00edo conocida, una presa en el lago Moeris junto a una extensa red de canales de riego, las infraestructuras hidr\u00e1ulicas fueron desarroll\u00e1ndose y extendi\u00e9ndose a lo largo del tiempo, construy\u00e9ndose minas, acequias, acueductos, albercas, pozos, norias, etc., que sirvieron tanto para la extracci\u00f3n como para el transporte del agua a sus diversos destinos donde era usada y aprovechada.<\/p>\n\n\n\n<p>Esos sistemas hidr\u00e1ulicos llegaron a nuestras tierras ya desde la antig\u00fcedad y la riqueza y abundancia de agua con que hist\u00f3ricamente cont\u00f3 Mijas, propici\u00f3 su desarrollo para aprovecharla tanto como fuerza motriz para actividades industriales en molinos o batanes, como para su uso por la poblaci\u00f3n o en el regad\u00edo de campos y huertas de nuestro amplio t\u00e9rmino municipal. Pero el abandono paulatino desde mediados del pasado siglo de las actividades agr\u00edcolas tradicionales y de las industriales ligadas al aprovechamiento del agua, ha provocado el consiguiente abandono de toda esa infraestructura hidr\u00e1ulica que, salvo contados casos en los que sigue en uso, se encuentra en la actualidad necesitada de su recuperaci\u00f3n y puesta en valor, para poder preservar ese \u201cpatrimonio hidr\u00e1ulico\u201d que forma parte tan importante de nuestro pasado.<\/p>\n","protected":false},"excerpt":{"rendered":"<p>Desde que el fara\u00f3n egipcio Amenemhat III construy\u00f3 en el siglo XIX a.C. la primer red de regad\u00edo conocida, una presa en el lago Moeris junto a una extensa red de canales de riego, las infraestructuras hidr\u00e1ulicas fueron desarroll\u00e1ndose y extendi\u00e9ndose a lo largo del tiempo, construy\u00e9ndose minas, acequias, acueductos, albercas, pozos, norias, etc., que [&hellip;]<\/p>\n","protected":false},"author":1,"featured_media":14654,"parent":172,"menu_order":0,"comment_status":"closed","ping_status":"open","template":"page-departamental.php","meta":[],"_links":{"self":[{"href":"https:\/\/www.mijas.es\/portal\/wp-json\/wp\/v2\/pages\/182"}],"collection":[{"href":"https:\/\/www.mijas.es\/portal\/wp-json\/wp\/v2\/pages"}],"about":[{"href":"https:\/\/www.mijas.es\/portal\/wp-json\/wp\/v2\/types\/page"}],"author":[{"embeddable":true,"href":"https:\/\/www.mijas.es\/portal\/wp-json\/wp\/v2\/users\/1"}],"replies":[{"embeddable":true,"href":"https:\/\/www.mijas.es\/portal\/wp-json\/wp\/v2\/comments?post=182"}],"version-history":[{"count":2,"href":"https:\/\/www.mijas.es\/portal\/wp-json\/wp\/v2\/pages\/182\/revisions"}],"predecessor-version":[{"id":12101,"href":"https:\/\/www.mijas.es\/portal\/wp-json\/wp\/v2\/pages\/182\/revisions\/12101"}],"up":[{"embeddable":true,"href":"https:\/\/www.mijas.es\/portal\/wp-json\/wp\/v2\/pages\/172"}],"wp:featuredmedia":[{"embeddable":true,"href":"https:\/\/www.mijas.es\/portal\/wp-json\/wp\/v2\/media\/14654"}],"wp:attachment":[{"href":"https:\/\/www.mijas.es\/portal\/wp-json\/wp\/v2\/media?parent=182"}],"curies":[{"name":"wp","href":"https:\/\/api.w.org\/{rel}","templated":true}]}}