{"id":181,"date":"2013-05-03T10:46:59","date_gmt":"2013-05-03T10:46:59","guid":{"rendered":"http:\/\/localhost\/pruebaweb\/?p=181"},"modified":"2023-04-28T12:26:37","modified_gmt":"2023-04-28T11:26:37","slug":"caleras-y-hornos","status":"publish","type":"page","link":"https:\/\/www.mijas.es\/portal\/patrimonio-historico\/caleras-y-hornos\/","title":{"rendered":"Caleras y Hornos"},"content":{"rendered":"\n<p>La abundancia de una materia prima pr\u00e1cticamente inagotable, hizo que en Mijas proliferasen una serie de infraestructuras que se dedicaron a la obtenci\u00f3n de tejas y ladrillos y, sobre todo, para la obtenci\u00f3n de la cal; nos referimos a los hornos de cocci\u00f3n y a las caleras.<\/p>\n\n\n\n<p>Ambos se basaban en el mismo principio: la obtenci\u00f3n de temperaturas muy elevadas que en el caso de los hornos serv\u00eda para la cocci\u00f3n de la arcilla con la que se fabricaban tejas o ladrillos y en el caso de las caleras calentar hasta su deshidrataci\u00f3n piedras calizas como el m\u00e1rmol para convertirlas en cal viva.<\/p>\n\n\n\n<p>La materia prima que se utilizaba para la fabricaci\u00f3n de tejas, ladrillos o baldosas era la arcilla, muy abundante tanto en la zona de Las Lagunas como en La Cala, que se extra\u00eda y se preparaba en las cercan\u00edas de los hornos.<\/p>\n\n\n\n<p>Las caleras, abundant\u00edsimas en Mijas hasta hace pocos a\u00f1os, se excavaban en las laderas de taludes con el fin de aprovechar uno de sus lados y en las cercan\u00edas de vaguadas, arroyos y r\u00edos donde se pod\u00edan localizar con facilidad cantos de m\u00e1rmol (caliza). De forma circular y de una cierta profundidad, sus paredes se formaban con muro de piedra y en su interior se depositaba la piedra y grandes cantidades de madera y arbustos y se cubr\u00edan por encima con piedras que formaban como una peque\u00f1a c\u00fapula. En la base de la calera se sol\u00eda dejar una peque\u00f1a apertura para poder avivar el fuego. Despu\u00e9s de varios d\u00edas ardiendo la las piedras se hab\u00edan convertido en cal viva, que tras ser extra\u00edda de la calera se usaba para \u201cencalar\u201d los muros y fachadas de edificios, como conglomerante en la construcci\u00f3n e incluso como desinfectante.<\/p>\n\n\n\n<h3 class=\"wp-block-heading\">Horno de La Cala<\/h3>\n\n\n\n<figure class=\"wp-block-image size-large\"><img decoding=\"async\" src=\"https:\/\/www.mijas.es\/wp-content\/uploads\/2012\/05\/HornodeLaCala.jpg\" alt=\"Horno de La Cala\"\/><\/figure>\n\n\n\n<p>Este horno, ubicado junto a la carretera que une La Cala con Entrerr\u00edos, form\u00f3 parte de un peque\u00f1o complejo industrial dedicado a la fabricaci\u00f3n de ladrillos y del que solo se ha conservado esta estructura, cuya finalidad era la cocci\u00f3n y endurecimiento de las piezas de arcilla que previamente se hab\u00edan fabricado a mano.<\/p>\n\n\n\n<p>Su estructura cuadrada acog\u00eda en su interior la c\u00e1mara de incineraci\u00f3n con su acceso en el lado sur y la c\u00e1mara de cocci\u00f3n con acceso en el lado norte.<\/p>\n\n\n\n<p>Este horno data de comienzos o mediados del siglo XX, pues no se encuentra rese\u00f1ado en la cartograf\u00eda de esa zona de finales del siglo XIX, donde si aparece el llamado \u201cTejar de ladrillos de La Cala\u201d, pero ubicado en la zona que ahora ocupa la urbanizaci\u00f3n Arraijanal.<\/p>\n\n\n\n<iframe src=\"https:\/\/www.google.com\/maps\/embed?pb=!1m18!1m12!1m3!1d2264.2936250934627!2d-4.68844328370127!3d36.51046463819674!2m3!1f0!2f0!3f0!3m2!1i1024!2i768!4f13.1!3m3!1m2!1s0x0%3A0x0!2zMzbCsDMwJzM1LjkiTiA0wrA0MScxNC43Ilc!5e0!3m2!1ses!2ses!4v1547722816329\" style=\"border:0; margin-bottom: 20px\" allowfullscreen=\"\" width=\"100%\" height=\"450\" frameborder=\"0\"><\/iframe>\n\n\n\n<h3 class=\"wp-block-heading\">Caleras de Mijas<\/h3>\n\n\n\n<p>Como se ha dicho, son numeros\u00edsimos los restos de caleras que existen en Mijas, la gran mayor\u00eda de peque\u00f1o tama\u00f1o y en la actualidad muy arruinadas. Por su tama\u00f1o y actual estado de conservaci\u00f3n destacan algunas como la calera de Las Trochas, ubicada junto al Arroyo de Don Pedro y a la carretera de Benalm\u00e1dena, o el grupo de caleras de Los Pilones, junto al arroyo del mismo nombre.<\/p>\n\n\n\n<figure class=\"wp-block-image size-large\"><img decoding=\"async\" src=\"https:\/\/www.mijas.es\/wp-content\/uploads\/2012\/05\/CaleradeHorcaperros.jpg\" alt=\"Calera de Horcaperros\"\/><figcaption class=\"wp-element-caption\"> Calera de Horcaperros <\/figcaption><\/figure>\n\n\n\n<figure class=\"wp-block-image size-large\"><img decoding=\"async\" src=\"https:\/\/www.mijas.es\/wp-content\/uploads\/2012\/05\/CaleradeArroyoDonPedro.jpg\" alt=\"Calera de Arroyo Don Pedro\"\/><figcaption class=\"wp-element-caption\">Calera de Arroyo Don Pedro<\/figcaption><\/figure>\n","protected":false},"excerpt":{"rendered":"<p>La abundancia de una materia prima pr\u00e1cticamente inagotable, hizo que en Mijas proliferasen una serie de infraestructuras que se dedicaron a la obtenci\u00f3n de tejas y ladrillos y, sobre todo, para la obtenci\u00f3n de la cal; nos referimos a los hornos de cocci\u00f3n y a las caleras. Ambos se basaban en el mismo principio: la [&hellip;]<\/p>\n","protected":false},"author":1,"featured_media":13852,"parent":172,"menu_order":0,"comment_status":"closed","ping_status":"open","template":"page-departamental.php","meta":[],"_links":{"self":[{"href":"https:\/\/www.mijas.es\/portal\/wp-json\/wp\/v2\/pages\/181"}],"collection":[{"href":"https:\/\/www.mijas.es\/portal\/wp-json\/wp\/v2\/pages"}],"about":[{"href":"https:\/\/www.mijas.es\/portal\/wp-json\/wp\/v2\/types\/page"}],"author":[{"embeddable":true,"href":"https:\/\/www.mijas.es\/portal\/wp-json\/wp\/v2\/users\/1"}],"replies":[{"embeddable":true,"href":"https:\/\/www.mijas.es\/portal\/wp-json\/wp\/v2\/comments?post=181"}],"version-history":[{"count":4,"href":"https:\/\/www.mijas.es\/portal\/wp-json\/wp\/v2\/pages\/181\/revisions"}],"predecessor-version":[{"id":50246,"href":"https:\/\/www.mijas.es\/portal\/wp-json\/wp\/v2\/pages\/181\/revisions\/50246"}],"up":[{"embeddable":true,"href":"https:\/\/www.mijas.es\/portal\/wp-json\/wp\/v2\/pages\/172"}],"wp:featuredmedia":[{"embeddable":true,"href":"https:\/\/www.mijas.es\/portal\/wp-json\/wp\/v2\/media\/13852"}],"wp:attachment":[{"href":"https:\/\/www.mijas.es\/portal\/wp-json\/wp\/v2\/media?parent=181"}],"curies":[{"name":"wp","href":"https:\/\/api.w.org\/{rel}","templated":true}]}}