{"id":180,"date":"2013-05-03T10:37:28","date_gmt":"2013-05-03T10:37:28","guid":{"rendered":"http:\/\/localhost\/pruebaweb\/?p=180"},"modified":"2023-04-28T09:17:36","modified_gmt":"2023-04-28T08:17:36","slug":"casas-y-lagares","status":"publish","type":"page","link":"https:\/\/www.mijas.es\/portal\/patrimonio-historico\/casas-y-lagares\/","title":{"rendered":"Casas y Lagares"},"content":{"rendered":"\n<p>La arquitectura dom\u00e9stica tradicional no presenta un \u00fanico modelo constructivo, diferenci\u00e1ndose principalmente en la clase social y el poder econ\u00f3mico de las familias que las habitan o habitaban. La imagen de cuidados patios, hermosas rejas, presencia de azulejos, etc., se aleja de la tipolog\u00eda de las casas de las clases sociales m\u00e1s humildes que habitaban en casas m\u00e1s sencillas y que representan una tipolog\u00eda m\u00e1s unificada y simple.<\/p>\n\n\n\n<p>Estas \u00faltimas las podemos encontrar tanto en el \u00e1mbito urbano como en el rural y el modelo m\u00e1s com\u00fan est\u00e1 representado por una casa elaborada con muros de mamposter\u00eda o tapial que son encalados cada a\u00f1o, techos de vigas de madera y ca\u00f1izo, la mayor\u00eda de las veces tambi\u00e9n encalados con colores suaves (azules, verdes, etc.), y cubiertas de teja.<\/p>\n\n\n\n<p>Estas viviendas generalmente estaban constituidas por dos plantas, la baja formada por dos piezas: una sala que serv\u00eda de cocina-comedor y de estar a la que se acced\u00eda directamente por la puerta de la vivienda y que contaba con una ventana que daba a la calle y una habitaci\u00f3n lateral que serv\u00eda de dormitorio, y la planta alta de escasa altura que serv\u00eda de almac\u00e9n o desv\u00e1n y que se abr\u00eda al exterior por una peque\u00f1a ventana.<\/p>\n\n\n\n<p>Frente a la puerta de entrada a la vivienda se encontraba otra puerta por la que se acced\u00eda a los establos, lugar donde se recog\u00edan los animales de tiro (asnos o mulas) que ten\u00edan que atravesar la sala de estar-comedor para acceder a los mismos. La soler\u00eda de ese pasillo para el paso de los animales estaba formada por cantos, mientras que en el resto de la casa la formaban piezas de barro cocido.<\/p>\n\n\n\n<p>En las viviendas de personas con mayor poder econ\u00f3mico se a\u00f1ad\u00edan m\u00e1s dependencias y habitaciones, separ\u00e1ndose generalmente el espacio dedicado a cocina del de comedor o estar.<\/p>\n\n\n\n<p>En el \u00e1mbito rural las casas contaban con un porche en su entrada formado por dos columnas sobre las que se apoyaba un entramado de vigas o ca\u00f1as y que estaba cubierto con una parra. Tambi\u00e9n dispon\u00edan de un horno adosado a su pared lateral donde se elaboraba el pan y otros alimentos.<\/p>\n\n\n\n<p>Otra tipolog\u00eda de viviendas prolifer\u00f3 en nuestra tierra desde comienzos del siglo XIX, cuando la actividad agr\u00edcola se deriv\u00f3 casi en exclusiva al cultivo de la vid; se trata de los llamados \u201clagares\u201d, la mayor\u00eda de ellos de peque\u00f1as dimensiones, que adem\u00e1s de vivienda sirvieron para la producci\u00f3n de vino.<\/p>\n\n\n\n<p>Con una estructura similar en lo que se refiere a la zona de vivienda, a estas se a\u00f1adi\u00f3 otra dependencia donde se ubicaba una prensa y una zona de almacenamiento para el mosto extra\u00eddo de las uvas. La proliferaci\u00f3n de estos en Mijas durante el siglo XIX fue de tal magnitud, que solo en la zona occidental del municipio exist\u00edan cerca de 90 lagares en 1880.<\/p>\n\n\n\n<p>Despu\u00e9s de esa fecha y debido a la destrucci\u00f3n de las vi\u00f1as por la plaga de filoxera, estos comenzaron a decaer y sus espacios dedicados a la actividad industrial relacionada con la uva se transformaron o desaparecieron.<\/p>\n\n\n\n<h3 class=\"wp-block-heading\">Casa en calle Algarrobo<\/h3>\n\n\n\n<figure class=\"wp-block-image size-large\"><img decoding=\"async\" src=\"https:\/\/www.mijas.es\/wp-content\/uploads\/2012\/05\/CasatradicionalencalleAlgarrobo.jpg\" alt=\"Casa en calle Algarrobo\"\/><\/figure>\n\n\n\n<p>Esta casa que se ha mantenido intacta en Mijas pueblo, presenta todas las caracter\u00edsticas de la arquitectura tradicional, contando en este caso con un patio interior.<\/p>\n\n\n\n<iframe src=\"https:\/\/www.google.com\/maps\/embed?pb=!1m18!1m12!1m3!1d800.8117853457743!2d-4.638305711885902!3d36.5963563754566!2m3!1f0!2f0!3f0!3m2!1i1024!2i768!4f13.1!3m3!1m2!1s0xd72e3fb185d8ff9%3A0xe2eaf334763568b7!2sCalle+Algarrobo%2C+29650+Mijas%2C+M%C3%A1laga!5e0!3m2!1ses!2ses!4v1547720694313\" style=\"border:0; margin-bottom: 20px\" allowfullscreen=\"\" width=\"100%\" height=\"450\" frameborder=\"0\"><\/iframe>\n\n\n\n<h3 class=\"wp-block-heading\">Caser\u00f3n de Zaragoza<\/h3>\n\n\n\n<figure class=\"wp-block-image size-large\"><img decoding=\"async\" src=\"https:\/\/www.mijas.es\/wp-content\/uploads\/2012\/05\/CaserondeZaragoza.jpg\" alt=\"Caser\u00f3n de Zaragoza\"\/><\/figure>\n\n\n\n<p>Ubicado junto a la carretera que une Mijas con Benalm\u00e1dena (antiguo  camino Real para M\u00e1laga), se trata de una casa de grandes dimensiones  construida, seg\u00fan consta en una de sus fachadas laterales, en 1815. <\/p>\n\n\n\n<iframe src=\"https:\/\/www.google.com\/maps\/embed?pb=!1m18!1m12!1m3!1d3637.542471796105!2d-4.606341012021927!3d36.589915770291626!2m3!1f0!2f0!3f0!3m2!1i1024!2i768!4f13.1!3m3!1m2!1s0x0%3A0x0!2zMzbCsDM1JzIyLjciTiA0wrAzNicxNS4wIlc!5e0!3m2!1ses!2ses!4v1547721006861\" style=\"border:0; margin-bottom: 20px\" allowfullscreen=\"\" width=\"100%\" height=\"450\" frameborder=\"0\"><\/iframe>\n\n\n\n<h3 class=\"wp-block-heading\">Casa de Horcaperros<\/h3>\n\n\n\n<figure class=\"wp-block-image size-large\"><img decoding=\"async\" src=\"https:\/\/www.mijas.es\/wp-content\/uploads\/2012\/05\/CasadeHorcaperros.jpg\" alt=\"Casa de Horcaperros\"\/><\/figure>\n\n\n\n<p>Al igual que la anterior y de menores dimensiones, se ubica junto a la  carretera que une Mijas con Benalm\u00e1dena y mantiene la estructura t\u00edpica  de las casas de campo. En una de sus fachadas laterales aparece la fecha  de su construcci\u00f3n y aunque est\u00e1 algo deteriorada, pensamos que se  trata de 1818 pues la casa ya aparece en la cartograf\u00eda de finales del  siglo XIX. <\/p>\n\n\n\n<iframe src=\"https:\/\/www.google.com\/maps\/embed?pb=!1m18!1m12!1m3!1d2669.77441670772!2d-4.61214478983747!3d36.597287278394056!2m3!1f0!2f0!3f0!3m2!1i1024!2i768!4f13.1!3m3!1m2!1s0x0%3A0x0!2zMzbCsDM1JzUwLjIiTiA0wrAzNic0MC4zIlc!5e0!3m2!1ses!2ses!4v1547721493551\" style=\"border:0; margin-bottom: 20px\" allowfullscreen=\"\" width=\"100%\" height=\"450\" frameborder=\"0\"><\/iframe>\n\n\n\n<h3 class=\"wp-block-heading\">Lagar del Rombo<\/h3>\n\n\n\n<figure class=\"wp-block-image size-large\"><img decoding=\"async\" src=\"https:\/\/www.mijas.es\/wp-content\/uploads\/2012\/05\/LagardelRombo.jpg\" alt=\"Lagar del Rombo\"\/><\/figure>\n\n\n\n<p>Ubicado en La Alquer\u00eda, actualmente es usado como vivienda. Mantiene la tipolog\u00eda constructiva original a excepci\u00f3n de la infraestructura del antiguo lagar. Tambi\u00e9n es conocido como Lagar de Juanito.<\/p>\n\n\n\n<iframe src=\"https:\/\/www.google.com\/maps\/embed?pb=!1m18!1m12!1m3!1d801.0628797348253!2d-4.664333511885873!3d36.572156275794484!2m3!1f0!2f0!3f0!3m2!1i1024!2i768!4f13.1!3m3!1m2!1s0xd72e1729cc855ef%3A0xe1dd3b1558441e28!2sLagar+del+Rombo%2C+29651+Mijas%2C+M%C3%A1laga!5e0!3m2!1ses!2ses!4v1547721728437\" style=\"border:0; margin-bottom: 20px\" allowfullscreen=\"\" width=\"100%\" height=\"450\" frameborder=\"0\"><\/iframe>\n\n\n\n<h3 class=\"wp-block-heading\">Casas Tradicionales en Mijas en 1963<\/h3>\n\n\n\n<figure class=\"wp-block-image size-large\"><img decoding=\"async\" src=\"https:\/\/www.mijas.es\/wp-content\/uploads\/2012\/05\/CasastradicionalesenMijasen1963.jpg\" alt=\"Casas tradicionales\"\/><\/figure>\n","protected":false},"excerpt":{"rendered":"<p>La arquitectura dom\u00e9stica tradicional no presenta un \u00fanico modelo constructivo, diferenci\u00e1ndose principalmente en la clase social y el poder econ\u00f3mico de las familias que las habitan o habitaban. La imagen de cuidados patios, hermosas rejas, presencia de azulejos, etc., se aleja de la tipolog\u00eda de las casas de las clases sociales m\u00e1s humildes que habitaban [&hellip;]<\/p>\n","protected":false},"author":1,"featured_media":14654,"parent":172,"menu_order":0,"comment_status":"closed","ping_status":"open","template":"page-departamental.php","meta":[],"_links":{"self":[{"href":"https:\/\/www.mijas.es\/portal\/wp-json\/wp\/v2\/pages\/180"}],"collection":[{"href":"https:\/\/www.mijas.es\/portal\/wp-json\/wp\/v2\/pages"}],"about":[{"href":"https:\/\/www.mijas.es\/portal\/wp-json\/wp\/v2\/types\/page"}],"author":[{"embeddable":true,"href":"https:\/\/www.mijas.es\/portal\/wp-json\/wp\/v2\/users\/1"}],"replies":[{"embeddable":true,"href":"https:\/\/www.mijas.es\/portal\/wp-json\/wp\/v2\/comments?post=180"}],"version-history":[{"count":4,"href":"https:\/\/www.mijas.es\/portal\/wp-json\/wp\/v2\/pages\/180\/revisions"}],"predecessor-version":[{"id":50224,"href":"https:\/\/www.mijas.es\/portal\/wp-json\/wp\/v2\/pages\/180\/revisions\/50224"}],"up":[{"embeddable":true,"href":"https:\/\/www.mijas.es\/portal\/wp-json\/wp\/v2\/pages\/172"}],"wp:featuredmedia":[{"embeddable":true,"href":"https:\/\/www.mijas.es\/portal\/wp-json\/wp\/v2\/media\/14654"}],"wp:attachment":[{"href":"https:\/\/www.mijas.es\/portal\/wp-json\/wp\/v2\/media?parent=180"}],"curies":[{"name":"wp","href":"https:\/\/api.w.org\/{rel}","templated":true}]}}