{"id":17927,"date":"2019-04-29T06:03:07","date_gmt":"2019-04-29T06:03:07","guid":{"rendered":"http:\/\/192.168.0.42\/?page_id=17927"},"modified":"2019-04-29T07:31:11","modified_gmt":"2019-04-29T07:31:11","slug":"administracion","status":"publish","type":"page","link":"https:\/\/www.mijas.es\/portal\/tu-ayuntamiento\/departamentos-servicios\/administracion\/","title":{"rendered":"Administraci\u00f3n"},"content":{"rendered":"\n<div class=\"row\">\n\n\n<div class=\"col-sm-4\">\n    <div class=\"card\">\n      <div class=\"card-body\" style=\"text-align:center\">\n<span>\n                <a href=\"\"><i class=\"fas fa-wallet fa-2x\" ><\/i><\/a>\n            \t<\/span>\n        <h3 class=\"card-title\"><a href=\"http:\/\/192.168.0.42\/servicios-municipales\/intervencion-general\/\">Intervenci\u00f3n General<\/a><\/h3>\n<ul style=\"list-style:circle; text-align:left; margin-left:10px;  padding:0px;\">\n<li>Negociado de Gastos<\/li>\n<li>Negociado de Ingresos<\/li>\n<li>Negociado de Contrataci\u00f3n<\/li>\n<\/ul>\n       <a href=\"http:\/\/192.168.0.42\/servicios-municipales\/intervencion-general\/\" class=\"btn btn-orange\">Acceder<\/a>\n      <\/div>\n    <\/div>\n  <\/div>\n\n\n<div class=\"col-sm-4\">\n    <div class=\"card\">\n      <div class=\"card-body\" style=\"text-align:center\">\n<span>\n <a href=\"http:\/\/192.168.0.42\/servicios-municipales\/secretaria-general\/\"><i class=\"fas fa-book-open fa-2x\" ><\/i><\/a>\n<\/span>\n        <h3 class=\"card-title\"><a href=\"\">Secretar\u00eda General<\/a><\/h3>\n\n       \n<ul style=\"list-style:circle; text-align:left; margin-left:10px;  padding:0px;\">\n<li>Plenos Municipales<\/li>\n<li>Convocatorias otras Comisiones<\/li>\n<li>\u2026<\/li>\n<\/ul>\n       <a href=\"http:\/\/192.168.0.42\/servicios-municipales\/secretaria-general\/\" class=\"btn btn-orange\">Acceder<\/a>\n      <\/div>\n    <\/div>\n  <\/div>\n\n\n\n<div class=\"col-sm-4\">\n    <div class=\"card\">\n      <div class=\"card-body\" style=\"text-align:center\">\n<span>\n                <a href=\"\"><i class=\"fas fa-money-check-alt fa-2x\" ><\/i><\/a>\n            \t<\/span>\n        <h3 class=\"card-title\"><a href=\"\">Presupuestos e Indicadores<\/a><\/h3>\n\n       \n<ul style=\"list-style:circle; text-align:left; margin-left:10px;  padding:0px;\">\n<li>Indicadores Econ\u00f3micos<\/li>\n<li>Detalle De Presupuestos<\/li>\n<li>\u2026<\/li>\n<\/ul>\n       <a href=\"http:\/\/192.168.0.42\/servicios-municipales\/presupuestos-e-indicadores-economicos\/\" class=\"btn btn-orange\">Acceder<\/a>\n      <\/div>\n    <\/div>\n  <\/div>\n\n\n\n<div class=\"col-sm-4\">\n    <div class=\"card\">\n      <div class=\"card-body\" style=\"text-align:center\">\n<span>\n                <a href=\"\"><i class=\"fas fa-satellite-dish fa-2x\" ><\/i><\/a>\n            \t<\/span>\n        <h3 class=\"card-title\"><a href=\"http:\/\/192.168.0.42\/servicios-municipales\/comunicaciones\/\">Comunicaciones<\/a><\/h3>\n\n       \n<ul style=\"list-style:circle; text-align:left; margin-left:10px;  padding:0px;\">\n<li>Mijas 3.40 Televisi\u00f3n<\/li>\n<li>Mijas Semanal<\/li>\n<li>Mijas Comunicaci\u00f3n S.A.<\/li>\n<\/ul>\n       <a href=\"http:\/\/192.168.0.42\/servicios-municipales\/presupuestos-e-indicadores-economicos\/\" class=\"btn btn-orange\">Acceder<\/a>\n      <\/div>\n    <\/div>\n  <\/div>\n\n\n<div class=\"col-sm-4\">\n    <div class=\"card\">\n      <div class=\"card-body\" style=\"text-align:center\">\n<span>\n                <a href=\"\"><i class=\"fas fa-gavel fa-2x\"><\/i><\/a>\n            \t<\/span>\n        <h3 class=\"card-title\"><a href=\"http:\/\/192.168.0.42\/servicios-municipales\/resoluciones-judiciales\/\">Asesor\u00eda Jur\u00eddica<\/a><\/h3>\n\n       \n<ul style=\"list-style:circle; text-align:left; margin-left:10px;  padding:0px;\">\n<li>Resoluciones Judiciales<\/li>\n<li>&#8230;<\/li>\n\n<\/ul>\n       <a href=\"http:\/\/192.168.0.42\/servicios-municipales\/resoluciones-judiciales\/\" class=\"btn btn-orange\">Acceder<\/a>\n      <\/div>\n    <\/div>\n  <\/div>\n\n\n\n<div class=\"col-sm-4\">\n    <div class=\"card\">\n      <div class=\"card-body\" style=\"text-align:center\">\n<span>\n                <a href=\"\"><i class=\"fas fa-car  fa-2x\"><\/i><\/a>\n            \t<\/span>\n        <h3 class=\"card-title\"><a href=\"http:\/\/192.168.0.42\/servicios-municipales\/parque-movil\/\">Parque M\u00f3vil<\/a><\/h3>\n\n       \n<ul style=\"list-style:circle; text-align:left; margin-left:10px;  padding:0px;\">\n<li>Parque M\u00f3vil<\/li>\n<li>&#8230;<\/li>\n\n<\/ul>\n       <a href=\"http:\/\/192.168.0.42\/servicios-municipales\/parque-movil\/\" class=\"btn btn-orange\">Acceder<\/a>\n      <\/div>\n    <\/div>\n  <\/div>\n\n\n\n\n<\/div>\n","protected":false},"excerpt":{"rendered":"<p>Intervenci\u00f3n General Negociado de Gastos Negociado de Ingresos Negociado de Contrataci\u00f3n Acceder Secretar\u00eda General Plenos Municipales Convocatorias otras Comisiones \u2026 Acceder Presupuestos e Indicadores Indicadores Econ\u00f3micos Detalle De Presupuestos \u2026 Acceder Comunicaciones Mijas 3.40 Televisi\u00f3n Mijas Semanal Mijas Comunicaci\u00f3n S.A. Acceder Asesor\u00eda Jur\u00eddica Resoluciones Judiciales &#8230; Acceder Parque M\u00f3vil Parque M\u00f3vil &#8230; Acceder<\/p>\n","protected":false},"author":1,"featured_media":0,"parent":13849,"menu_order":0,"comment_status":"closed","ping_status":"closed","template":"page-departamental.php","meta":[],"_links":{"self":[{"href":"https:\/\/www.mijas.es\/portal\/wp-json\/wp\/v2\/pages\/17927"}],"collection":[{"href":"https:\/\/www.mijas.es\/portal\/wp-json\/wp\/v2\/pages"}],"about":[{"href":"https:\/\/www.mijas.es\/portal\/wp-json\/wp\/v2\/types\/page"}],"author":[{"embeddable":true,"href":"https:\/\/www.mijas.es\/portal\/wp-json\/wp\/v2\/users\/1"}],"replies":[{"embeddable":true,"href":"https:\/\/www.mijas.es\/portal\/wp-json\/wp\/v2\/comments?post=17927"}],"version-history":[{"count":16,"href":"https:\/\/www.mijas.es\/portal\/wp-json\/wp\/v2\/pages\/17927\/revisions"}],"predecessor-version":[{"id":17943,"href":"https:\/\/www.mijas.es\/portal\/wp-json\/wp\/v2\/pages\/17927\/revisions\/17943"}],"up":[{"embeddable":true,"href":"https:\/\/www.mijas.es\/portal\/wp-json\/wp\/v2\/pages\/13849"}],"wp:attachment":[{"href":"https:\/\/www.mijas.es\/portal\/wp-json\/wp\/v2\/media?parent=17927"}],"curies":[{"name":"wp","href":"https:\/\/api.w.org\/{rel}","templated":true}]}}