{"id":17903,"date":"2019-04-26T13:19:43","date_gmt":"2019-04-26T13:19:43","guid":{"rendered":"http:\/\/192.168.0.42\/?page_id=17903"},"modified":"2019-04-26T13:22:49","modified_gmt":"2019-04-26T13:22:49","slug":"transportes-turismo","status":"publish","type":"page","link":"https:\/\/www.mijas.es\/portal\/tu-ayuntamiento\/departamentos-servicios\/transportes-turismo\/","title":{"rendered":"Transportes &#8211; Turismo"},"content":{"rendered":"\n<h2 class=\"wp-block-heading\">Solicitudes<\/h2>\n\n\n\n<ul><li><a href=\"https:\/\/www.mijas.es\/portal\/files\/adjuntos\/transportes\/Solicitud_cambio_VEHICULO.pdf\" target=\"_blank\" rel=\"noreferrer noopener\">Solicitud Cambio Veh\u00edculo<\/a><\/li><li><a href=\"https:\/\/www.mijas.es\/portal\/files\/adjuntos\/transportes\/Solicitud_carnet_ASALARIADO.pdf\" target=\"_blank\" rel=\"noreferrer noopener\">Solicitud Carnet Asalariado<\/a><\/li><li><a href=\"https:\/\/www.mijas.es\/portal\/files\/adjuntos\/transportes\/Renovacin_carnet_ASALARIADO.pdf\" target=\"_blank\" rel=\"noreferrer noopener\">Solicitud Renovaci\u00f3n Carnet Asalariado<\/a><\/li><li><a href=\"https:\/\/www.mijas.es\/portal\/files\/adjuntos\/transportes\/Transmisin_INTER_VIVOS.pdf\" target=\"_blank\" rel=\"noreferrer noopener\">Solicitud Transmisi\u00f3n Inter Vivos<\/a><\/li><li><a href=\"https:\/\/www.mijas.es\/portal\/files\/adjuntos\/transportes\/Transmisin_MORTIS_CAUSA.pdf\" target=\"_blank\" rel=\"noreferrer noopener\">Solicitud Transmisi\u00f3n mortis causa<\/a><\/li><\/ul>\n","protected":false},"excerpt":{"rendered":"<p>Solicitudes Solicitud Cambio Veh\u00edculo Solicitud Carnet Asalariado Solicitud Renovaci\u00f3n Carnet Asalariado Solicitud Transmisi\u00f3n Inter Vivos Solicitud Transmisi\u00f3n mortis causa<\/p>\n","protected":false},"author":1,"featured_media":0,"parent":13849,"menu_order":0,"comment_status":"closed","ping_status":"closed","template":"page-departamental.php","meta":[],"_links":{"self":[{"href":"https:\/\/www.mijas.es\/portal\/wp-json\/wp\/v2\/pages\/17903"}],"collection":[{"href":"https:\/\/www.mijas.es\/portal\/wp-json\/wp\/v2\/pages"}],"about":[{"href":"https:\/\/www.mijas.es\/portal\/wp-json\/wp\/v2\/types\/page"}],"author":[{"embeddable":true,"href":"https:\/\/www.mijas.es\/portal\/wp-json\/wp\/v2\/users\/1"}],"replies":[{"embeddable":true,"href":"https:\/\/www.mijas.es\/portal\/wp-json\/wp\/v2\/comments?post=17903"}],"version-history":[{"count":2,"href":"https:\/\/www.mijas.es\/portal\/wp-json\/wp\/v2\/pages\/17903\/revisions"}],"predecessor-version":[{"id":17908,"href":"https:\/\/www.mijas.es\/portal\/wp-json\/wp\/v2\/pages\/17903\/revisions\/17908"}],"up":[{"embeddable":true,"href":"https:\/\/www.mijas.es\/portal\/wp-json\/wp\/v2\/pages\/13849"}],"wp:attachment":[{"href":"https:\/\/www.mijas.es\/portal\/wp-json\/wp\/v2\/media?parent=17903"}],"curies":[{"name":"wp","href":"https:\/\/api.w.org\/{rel}","templated":true}]}}