{"id":179,"date":"2013-05-03T10:30:41","date_gmt":"2013-05-03T10:30:41","guid":{"rendered":"http:\/\/localhost\/pruebaweb\/?p=179"},"modified":"2023-04-28T09:12:48","modified_gmt":"2023-04-28T08:12:48","slug":"cortijos","status":"publish","type":"page","link":"https:\/\/www.mijas.es\/portal\/patrimonio-historico\/cortijos\/","title":{"rendered":"Cortijos"},"content":{"rendered":"\n<p>El vocablo cortijo sirve, a un tiempo, para denominar tanto a una explotaci\u00f3n agr\u00edcola como al conjunto de construcciones y edificaciones rurales que sustenta: casa, cuadras, edificios auxiliares, graneros, etc. Generalmente se usa ese nombre para referirse a una gran explotaci\u00f3n cuyos ejemplos m\u00e1s significativos los tenemos en las tierras andaluzas de C\u00f3rdoba o Sevilla, aunque en el caso de Mijas tambi\u00e9n se ha usado el nombre de \u201ccortijo\u201d para referirse a explotaciones de menor tama\u00f1o. Su origen lo encontramos en \u00e9poca romana en las \u201cvillae\u201d rusticas.<\/p>\n\n\n\n<h3 class=\"wp-block-heading\">Cortijo de la Alberquilla<\/h3>\n\n\n\n<figure class=\"wp-block-image is-resized\"><img decoding=\"async\" src=\"https:\/\/www.mijas.es\/wp-content\/uploads\/2012\/05\/CortijodelaAlberquilla.jpg\" alt=\"\" width=\"489%\" height=\"324%\"\/><\/figure>\n\n\n\n<p>Situado en una loma en la margen derecha del r\u00edo Fuengirola, ya aparece mencionado en documentos del siglo XVIII. Consta de dos plantas y numerosas dependencias anejas, encontr\u00e1ndose abandonado en la actualidad.<\/p>\n\n\n\n<iframe src=\"https:\/\/www.google.com\/maps\/embed?pb=!1m18!1m12!1m3!1d3782.4061675370594!2d-4.6612482903662595!3d36.5376588043162!2m3!1f0!2f0!3f0!3m2!1i1024!2i768!4f13.1!3m3!1m2!1s0x0%3A0x0!2zMzbCsDMyJzE4LjQiTiA0wrAzOSczMy41Ilc!5e0!3m2!1ses!2ses!4v1547555767488\" style=\"border:0; margin-bottom: 20px\" allowfullscreen=\"\" width=\"100%\" height=\"450\" frameborder=\"0\"><\/iframe>\n\n\n\n<h3 class=\"wp-block-heading\">Cortijo del Campillo<\/h3>\n\n\n\n<figure class=\"wp-block-image is-resized\"><img decoding=\"async\" src=\"https:\/\/www.mijas.es\/wp-content\/uploads\/2012\/05\/CortijodelCampillo.jpg\" alt=\"\" width=\"479%\" height=\"317%\"\/><\/figure>\n\n\n\n<p>Antiguo cortijo situado en Entrerr\u00edos citado en textos de mediados del siglo XVIII y cuya construcci\u00f3n pudo ser muy anterior, pues las tierras de este cortijo fueron donadas por los Reyes Cat\u00f3licos en 1492, cinco a\u00f1os despu\u00e9s de la conquista, al Hospital y a la Iglesia de Mijas, por partes iguales, para que con sus rentas se pudiese mantener el primero y para poder efectuar la construcci\u00f3n de la segunda, la actual Parroquia de la Inmaculada Concepci\u00f3n de Mijas. Su estructura original est\u00e1 muy modificada en la actualidad.<\/p>\n\n\n\n<iframe src=\"https:\/\/www.google.com\/maps\/embed?pb=!1m18!1m12!1m3!1d5517.61876183684!2d-4.711695929644131!3d36.55076657217951!2m3!1f0!2f0!3f0!3m2!1i1024!2i768!4f13.1!3m3!1m2!1s0x0%3A0x0!2zMzbCsDMzJzAwLjkiTiA0wrA0MiczMi4zIlc!5e0!3m2!1ses!2ses!4v1547715830644\" style=\"border:0; margin-bottom: 20px\" allowfullscreen=\"\" width=\"100%\" height=\"450\" frameborder=\"0\"><\/iframe>\n\n\n\n<h3 class=\"wp-block-heading\">Cortijo del Esparragal<\/h3>\n\n\n\n<figure class=\"wp-block-image is-resized\"><img decoding=\"async\" src=\"https:\/\/www.mijas.es\/wp-content\/uploads\/2012\/05\/CortijodelEsparragal.jp\" alt=\"\" width=\"473%\" height=\"313%\"\/><\/figure>\n\n\n\n<p>Antiguo cortijo situado en el margen izquierdo del r\u00edo Fuengirola y que en la actualidad forma parte de la casa-club de Mijas Golf. Mantiene parte de su estructura original a la que se han a\u00f1adido diversas dependencias relacionadas con la nueva actividad a la que se ha destinado.<\/p>\n\n\n\n<iframe src=\"https:\/\/www.google.com\/maps\/embed?pb=!1m18!1m12!1m3!1d3205.191885939392!2d-4.670184141285281!3d36.54948599176994!2m3!1f0!2f0!3f0!3m2!1i1024!2i768!4f13.1!3m3!1m2!1s0x0%3A0x0!2zMzbCsDMyJzU4LjEiTiA0wrA0MCcwNy4yIlc!5e0!3m2!1ses!2ses!4v1547716300037\" style=\"border:0; margin-bottom: 20px\" allowfullscreen=\"\" width=\"100%\" height=\"450\" frameborder=\"0\"><\/iframe>\n\n\n\n<h3 class=\"wp-block-heading\">El Cortijuelo<\/h3>\n\n\n\n<figure class=\"wp-block-image is-resized\"><img decoding=\"async\" src=\"https:\/\/www.mijas.es\/wp-content\/uploads\/2012\/05\/ElCortijuelo.jpg\" alt=\"\" width=\"479%\" height=\"329%\"\/><\/figure>\n\n\n\n<p>Ubicado en Valtocado, esta casa-cortijo que consta de dos plantas y una estructura anexa formada por una arcada corrida, se encuentra arruinada en la actualidad, pero que por su tipolog\u00eda podr\u00eda corresponder a una construcci\u00f3n de \u00e9poca medieval. Se encuentra abandonado en la actualidad.<\/p>\n\n\n\n<iframe src=\"https:\/\/www.google.com\/maps\/embed?pb=!1m18!1m12!1m3!1d10774.776065977601!2d-4.688765946981616!3d36.593635606721556!2m3!1f0!2f0!3f0!3m2!1i1024!2i768!4f13.1!3m3!1m2!1s0x0%3A0x0!2zMzbCsDM1JzM2LjgiTiA0wrA0MScwMi4yIlc!5e0!3m2!1ses!2ses!4v1547717492651\" style=\"border:0; margin-bottom: 20px\" allowfullscreen=\"\" width=\"100%\" height=\"450\" frameborder=\"0\"><\/iframe>\n\n\n\n<h3 class=\"wp-block-heading\">Cortijo de Calahonda<\/h3>\n\n\n\n<figure class=\"wp-block-image is-resized\"><img decoding=\"async\" src=\"https:\/\/www.mijas.es\/wp-content\/uploads\/2012\/05\/CortijodeCalahonda.jpg\" alt=\"\" width=\"475%\" height=\"314%\"\/><\/figure>\n\n\n\n<p>Este cortijo, ubicado en la actual Urbanizaci\u00f3n Calahonda, era la construcci\u00f3n de mayor tama\u00f1o de las existentes en la zona occidental de Mijas hasta la primera mitad del pasado siglo. En el siglo XIX viene se\u00f1alado en los mapas como \u201ccortijo-lagar\u201d y fue transformado para su uso hotelero en los a\u00f1os setenta del pasado siglo, conoci\u00e9ndose desde entonces con el nombre de \u201cEl Campanario\u201d. A pesar de que se ha asociado con una estructura defensiva, un fuerte, la realidad es que este \u00faltimo estaba situado junto a la costa en la cala Carb\u00f3n. En la actualidad se encuentra muy reformado.<\/p>\n\n\n\n<iframe src=\"https:\/\/www.google.com\/maps\/embed?pb=!1m18!1m12!1m3!1d2917.688476097618!2d-4.7249569330646!3d36.496083297899965!2m3!1f0!2f0!3f0!3m2!1i1024!2i768!4f13.1!3m3!1m2!1s0x0%3A0x0!2zMzbCsDI5JzQ1LjYiTiA0wrA0MycyMy4zIlc!5e0!3m2!1ses!2ses!4v1547718558589\" style=\"border:0; margin-bottom: 20px\" allowfullscreen=\"\" width=\"100%\" height=\"450\" frameborder=\"0\"><\/iframe>\n\n\n\n<h3 class=\"wp-block-heading\">Cortijo de la Torre<\/h3>\n\n\n\n<figure class=\"wp-block-image is-resized\"><img decoding=\"async\" src=\"https:\/\/www.mijas.es\/wp-content\/uploads\/2012\/05\/CortijodelaTorre.jpg\" alt=\"\" width=\"477%\" height=\"316%\"\/><\/figure>\n\n\n\n<p>Se trata de uno de los m\u00e1s antiguos cortijos de Mijas que tambi\u00e9n se sit\u00faa en la margen izquierda del r\u00edo Fuengirola. La existencia de una torre que le dio su nombre, se ha asociado por algunos investigadores a una torre de vigilancia medieval, pero lo m\u00e1s probable es que se tratase de un antiguo lagar cuya torre de contrapeso para sustentar la viga de la prensa, dio nombre al cortijo. En sus cercan\u00edas existe la tradici\u00f3n de que exist\u00eda un antiguo embarcadero. En la actualidad es usado como vivienda con numerosas modificaciones.<\/p>\n\n\n\n<iframe src=\"https:\/\/www.google.com\/maps\/embed?pb=!1m18!1m12!1m3!1d3319.948338660458!2d-4.6815988628211!3d36.54965918907!2m3!1f0!2f0!3f0!3m2!1i1024!2i768!4f13.1!3m3!1m2!1s0x0%3A0x0!2zMzbCsDMyJzU2LjMiTiA0wrA0MCc0OC4zIlc!5e0!3m2!1ses!2ses!4v1547720178977\" style=\"border:0; margin-bottom: 20px\" allowfullscreen=\"\" width=\"100%\" height=\"450\" frameborder=\"0\"><\/iframe>\n","protected":false},"excerpt":{"rendered":"<p>El vocablo cortijo sirve, a un tiempo, para denominar tanto a una explotaci\u00f3n agr\u00edcola como al conjunto de construcciones y edificaciones rurales que sustenta: casa, cuadras, edificios auxiliares, graneros, etc. Generalmente se usa ese nombre para referirse a una gran explotaci\u00f3n cuyos ejemplos m\u00e1s significativos los tenemos en las tierras andaluzas de C\u00f3rdoba o Sevilla, [&hellip;]<\/p>\n","protected":false},"author":1,"featured_media":14654,"parent":172,"menu_order":0,"comment_status":"closed","ping_status":"open","template":"page-departamental.php","meta":[],"_links":{"self":[{"href":"https:\/\/www.mijas.es\/portal\/wp-json\/wp\/v2\/pages\/179"}],"collection":[{"href":"https:\/\/www.mijas.es\/portal\/wp-json\/wp\/v2\/pages"}],"about":[{"href":"https:\/\/www.mijas.es\/portal\/wp-json\/wp\/v2\/types\/page"}],"author":[{"embeddable":true,"href":"https:\/\/www.mijas.es\/portal\/wp-json\/wp\/v2\/users\/1"}],"replies":[{"embeddable":true,"href":"https:\/\/www.mijas.es\/portal\/wp-json\/wp\/v2\/comments?post=179"}],"version-history":[{"count":6,"href":"https:\/\/www.mijas.es\/portal\/wp-json\/wp\/v2\/pages\/179\/revisions"}],"predecessor-version":[{"id":50222,"href":"https:\/\/www.mijas.es\/portal\/wp-json\/wp\/v2\/pages\/179\/revisions\/50222"}],"up":[{"embeddable":true,"href":"https:\/\/www.mijas.es\/portal\/wp-json\/wp\/v2\/pages\/172"}],"wp:featuredmedia":[{"embeddable":true,"href":"https:\/\/www.mijas.es\/portal\/wp-json\/wp\/v2\/media\/14654"}],"wp:attachment":[{"href":"https:\/\/www.mijas.es\/portal\/wp-json\/wp\/v2\/media?parent=179"}],"curies":[{"name":"wp","href":"https:\/\/api.w.org\/{rel}","templated":true}]}}