{"id":178,"date":"2013-05-03T10:26:46","date_gmt":"2013-05-03T10:26:46","guid":{"rendered":"http:\/\/localhost\/pruebaweb\/?p=178"},"modified":"2019-04-09T09:54:22","modified_gmt":"2019-04-09T09:54:22","slug":"arquitectura-tradicional","status":"publish","type":"page","link":"https:\/\/www.mijas.es\/portal\/patrimonio-historico\/arquitectura-tradicional\/","title":{"rendered":"Arquitectura Tradicional"},"content":{"rendered":"\n<p>La Arquitectura Tradicional comprende el conjunto de edificaciones que responden a la identidad cultural y social de una comunidad. Esa arquitectura constituye una parte sustancial de nuestro patrimonio cultural, pues forma parte de la memoria colectiva de la comunidad que la cre\u00f3 y que la habita.<\/p>\n\n\n\n<p>Casas, cortijos, caserones, lagares, etc., forman parte de ese Patrimonio que es una parte sustancial de nuestro paisaje, pero los procesos de globalizaci\u00f3n surgidos a mediados del siglo pasado en el \u00e1mbito de la arquitectura, han supuesto una importante p\u00e9rdida de la tipolog\u00eda arquitect\u00f3nica tradicional, que en el caso de Mijas se ha visto agravada por el paulatino abandono de las formas de vida tradicionales relacionadas con las actividades agr\u00edcolas.<\/p>\n\n\n\n<p>Ese abandono f\u00edsico del campo provoc\u00f3 el abandono de las construcciones con el relacionadas y la p\u00e9rdida irreversible del conocimiento para su explotaci\u00f3n, con lo que hoy son pr\u00e1cticamente inexistentes las edificaciones que a\u00fan conservan su actividad agr\u00edcola tradicional, mientras que en el \u00e1mbito urbano se ha producido un efecto similar.<\/p>\n\n\n\n<p>Ello hace necesaria la protecci\u00f3n de ese tipo de construcciones que son memoria de nuestro pasado y de una forma de vida que, aunque persiste plenamente vigente en municipios de nuestro entorno, ha ido desapareciendo en el nuestro tras la llegada del turismo y sus nuevas demandas<\/p>\n","protected":false},"excerpt":{"rendered":"<p>La Arquitectura Tradicional comprende el conjunto de edificaciones que responden a la identidad cultural y social de una comunidad. Esa arquitectura constituye una parte sustancial de nuestro patrimonio cultural, pues forma parte de la memoria colectiva de la comunidad que la cre\u00f3 y que la habita. Casas, cortijos, caserones, lagares, etc., forman parte de ese [&hellip;]<\/p>\n","protected":false},"author":1,"featured_media":14654,"parent":172,"menu_order":0,"comment_status":"closed","ping_status":"open","template":"page-departamental.php","meta":[],"_links":{"self":[{"href":"https:\/\/www.mijas.es\/portal\/wp-json\/wp\/v2\/pages\/178"}],"collection":[{"href":"https:\/\/www.mijas.es\/portal\/wp-json\/wp\/v2\/pages"}],"about":[{"href":"https:\/\/www.mijas.es\/portal\/wp-json\/wp\/v2\/types\/page"}],"author":[{"embeddable":true,"href":"https:\/\/www.mijas.es\/portal\/wp-json\/wp\/v2\/users\/1"}],"replies":[{"embeddable":true,"href":"https:\/\/www.mijas.es\/portal\/wp-json\/wp\/v2\/comments?post=178"}],"version-history":[{"count":3,"href":"https:\/\/www.mijas.es\/portal\/wp-json\/wp\/v2\/pages\/178\/revisions"}],"predecessor-version":[{"id":14668,"href":"https:\/\/www.mijas.es\/portal\/wp-json\/wp\/v2\/pages\/178\/revisions\/14668"}],"up":[{"embeddable":true,"href":"https:\/\/www.mijas.es\/portal\/wp-json\/wp\/v2\/pages\/172"}],"wp:featuredmedia":[{"embeddable":true,"href":"https:\/\/www.mijas.es\/portal\/wp-json\/wp\/v2\/media\/14654"}],"wp:attachment":[{"href":"https:\/\/www.mijas.es\/portal\/wp-json\/wp\/v2\/media?parent=178"}],"curies":[{"name":"wp","href":"https:\/\/api.w.org\/{rel}","templated":true}]}}