{"id":177,"date":"2013-05-03T09:05:54","date_gmt":"2013-05-03T09:05:54","guid":{"rendered":"http:\/\/localhost\/pruebaweb\/?p=177"},"modified":"2023-04-28T08:10:30","modified_gmt":"2023-04-28T07:10:30","slug":"travertinos","status":"publish","type":"page","link":"https:\/\/www.mijas.es\/portal\/patrimonio-historico\/travertinos\/","title":{"rendered":"Travertinos"},"content":{"rendered":"\n<p>Los travertinos son formaciones de calcita en las proximidades de los manantiales. Al variar las caracter\u00edsticas f\u00edsico-qu\u00edmicas del agua al salir por esos manantiales al exterior, el anh\u00eddrido carb\u00f3nico abandona el agua y provoca la precipitaci\u00f3n de la calcita, sobre todo si hay saltos de agua y presencia de vegetales (por ello el travertino contiene f\u00f3siles de las plantas sobre las que se deposita).<\/p>\n\n\n\n<p>Los travertinos forman plataformas que en muchos casos se van superponiendo formando escalonamientos. Una de las formas del travertino es la conocida como \u201cfalsa \u00e1gata\u201d por su semejanza con esa piedra semipreciosa.<\/p>\n\n\n\n<figure class=\"wp-block-image size-large\"><img decoding=\"async\" src=\"https:\/\/www.mijas.es\/wp-content\/uploads\/2012\/05\/TravertinodeOsunilla.jpg\" alt=\"Travertinos\"\/><\/figure>\n\n\n\n<p>Los travertinos est\u00e1n muy relacionados con el ser humano y han sido aprovechados por este desde hace miles de a\u00f1os debido a la presencia de agua en su entorno, desde la prehistoria cuando los seres humanos aprovechaban sus oquedades y abrigos como h\u00e1bitat, hasta la actualidad donde fueron lugares elegidos para establecer sus poblaciones. De hecho, todos los pueblos que rodean la Sierra de Mijas se hayan situados sobre plataformas travert\u00ednicas.<\/p>\n\n\n\n<p>Las principales formaciones de travertino en Mijas son los travertinos de La Muralla, los del Barrio de Santa Ana y los travertinos de Osunilla. En La Muralla se encuentran los travertinos m\u00e1s antiguos de la Sierra de Mijas, con una edad estimada de un mill\u00f3n de a\u00f1os y est\u00e1n formados principalmente por la conocida como \u201cfalsa \u00e1gata\u201d, la cual fue explotada desde la Edad Media hasta mediados del siglo XX. Esta formaci\u00f3n travert\u00ednica fue el lugar de origen de la ciudad de Mijas. Muy cercanos a estos se encuentran los travertinos del Barrio de Santa Ana que, aunque de una menor entidad, tambi\u00e9n fueron aprovechados como h\u00e1bitat desde la prehistoria.<\/p>\n\n\n\n<p>Los travertinos m\u00e1s espectaculares se encuentran en Osunilla, donde adem\u00e1s se conservan los \u00fanicos intactos de la Sierra de Mijas. Estos forman una serie de plataformas escalonadas, desde la de mayor altura y m\u00e1s antigua en la que se encuentra la Ermita de San Ant\u00f3n, lugar donde se situ\u00f3 la desaparecida poblaci\u00f3n medieval de Oznar, que dio origen al nombre de Osunilla, hasta las situadas en una cota m\u00e1s baja como los de La Batana y Las Chorreras, que pertenecen a los que se conoce como \u201ctravertinos en cascada\u201d, que se formaron asociados a un salto de agua y que presentan forma de visera; el agua, al recorrer la plataforma que hab\u00eda creado el travertino, ca\u00eda al final de ella por una catarata en la que crec\u00eda y colgaba abundante vegetaci\u00f3n que era cubierta por la calcita, dando lugar a formaciones en visera que nos muestran una imagen petrificada de aquellas antiguas cascadas.<\/p>\n\n\n\n<p>Los travertinos de Mijas solo se encuentran el las laderas de la Sierra de Mijas y no en la Sierra Alpujata o Bermeja, pues esta \u00faltima no est\u00e1 formada por rocas carbonatadas.<\/p>\n\n\n\n<figure class=\"wp-block-image size-large\"><img decoding=\"async\" src=\"https:\/\/www.mijas.es\/wp-content\/uploads\/2012\/05\/TravertinodeOsunilla2.jpg\" alt=\"\"\/><\/figure>\n","protected":false},"excerpt":{"rendered":"<p>Los travertinos son formaciones de calcita en las proximidades de los manantiales. Al variar las caracter\u00edsticas f\u00edsico-qu\u00edmicas del agua al salir por esos manantiales al exterior, el anh\u00eddrido carb\u00f3nico abandona el agua y provoca la precipitaci\u00f3n de la calcita, sobre todo si hay saltos de agua y presencia de vegetales (por ello el travertino contiene [&hellip;]<\/p>\n","protected":false},"author":1,"featured_media":14654,"parent":172,"menu_order":0,"comment_status":"closed","ping_status":"open","template":"page-departamental.php","meta":[],"_links":{"self":[{"href":"https:\/\/www.mijas.es\/portal\/wp-json\/wp\/v2\/pages\/177"}],"collection":[{"href":"https:\/\/www.mijas.es\/portal\/wp-json\/wp\/v2\/pages"}],"about":[{"href":"https:\/\/www.mijas.es\/portal\/wp-json\/wp\/v2\/types\/page"}],"author":[{"embeddable":true,"href":"https:\/\/www.mijas.es\/portal\/wp-json\/wp\/v2\/users\/1"}],"replies":[{"embeddable":true,"href":"https:\/\/www.mijas.es\/portal\/wp-json\/wp\/v2\/comments?post=177"}],"version-history":[{"count":4,"href":"https:\/\/www.mijas.es\/portal\/wp-json\/wp\/v2\/pages\/177\/revisions"}],"predecessor-version":[{"id":50203,"href":"https:\/\/www.mijas.es\/portal\/wp-json\/wp\/v2\/pages\/177\/revisions\/50203"}],"up":[{"embeddable":true,"href":"https:\/\/www.mijas.es\/portal\/wp-json\/wp\/v2\/pages\/172"}],"wp:featuredmedia":[{"embeddable":true,"href":"https:\/\/www.mijas.es\/portal\/wp-json\/wp\/v2\/media\/14654"}],"wp:attachment":[{"href":"https:\/\/www.mijas.es\/portal\/wp-json\/wp\/v2\/media?parent=177"}],"curies":[{"name":"wp","href":"https:\/\/api.w.org\/{rel}","templated":true}]}}