{"id":176,"date":"2013-05-03T08:54:21","date_gmt":"2013-05-03T08:54:21","guid":{"rendered":"http:\/\/localhost\/pruebaweb\/?p=176"},"modified":"2023-04-28T10:10:58","modified_gmt":"2023-04-28T09:10:58","slug":"fuentes-y-manantiales","status":"publish","type":"page","link":"https:\/\/www.mijas.es\/portal\/patrimonio-historico\/fuentes-y-manantiales\/","title":{"rendered":"Fuentes y Manantiales"},"content":{"rendered":"\n<p>Una vez que el agua de la lluvia penetra en la Sierra de Mijas pasa a formar parte del circuito subterr\u00e1neo formado por los acu\u00edferos. Tras su recorrido bajo tierra el agua aflora al exterior por las fuentes y manantiales. En nuestro caso podemos decir que la villa de Mijas existe gracias al agua al igual que ocurri\u00f3 con la despoblada Oznar (Osunilla), pues fue el agua la que form\u00f3 las plataformas travert\u00ednicas que sirvieron de asentamiento a sus pobladores y son los manantiales que surg\u00edan en sus cercan\u00edas los que sirvieron para sustentar a dichas poblaciones, bien us\u00e1ndolos para su propio consumo, para el riego de sus huertas o como energ\u00eda para los molinos que se levantaron en su entorno. Es por ello que las fuentes y manantiales forman parte de nuestro Patrimonio Hist\u00f3rico y es necesaria su protecci\u00f3n.<\/p>\n\n\n\n<p>Esos manantiales y fuentes que a\u00fan surg\u00edan no hace muchos a\u00f1os y que ahora, la mayor parte del tiempo, se encuentran agotados por el descenso de los niveles de los acu\u00edferos por su sobreexplotaci\u00f3n, brotaban directamente del suelo o se localizaron mediante la construcci\u00f3n de galer\u00edas o minas de las que a\u00fan nos quedan varios ejemplos como la Mina del Nacimiento en Osunilla (tambi\u00e9n conocida como Nacimiento Nuevo o Andaluvio) o las Minas del Barrio y Nueva del Barrio en Mijas, todas ellas ejemplos importantes de nuestro Patrimonio Etnol\u00f3gico.<\/p>\n\n\n\n<p>Ha sido tal la importancia de estas surgencias de agua que desde hace siglos se ha llevado un gran control sobre ellas y se les dio cualidades distintas a las aguas que de ellas manaban. Reproducimos aqu\u00ed lo que sobre algunos de nuestros manantiales de la Sierra de Mijas dec\u00eda hace 240 a\u00f1os, en 1773, Francisco de la Torre Arg\u00fcelles, cura p\u00e1rroco de Mijas, en su informe para el \u201cSuplemento al Diccionario Geogr\u00e1fico Malacitano\u201d:<\/p>\n\n\n\n<p>\u201cHay una fuente en la plaza principal del pueblo, de especial disposici\u00f3n para hacer las digestiones, pues de su uso se experimenta satisfacci\u00f3n y asiento en el est\u00f3mago, es delgada y de dulce paladar. Hay otra en la calle del Hospicio, buena y delgada, pero con alguna crudeza. Del mismo nacimiento hay otra en la calle de M\u00e1laga, otra en el barrio que llaman de Portugal, en la plaza de la Ermita de Ntra. Se\u00f1ora de los Remedios, de paladar dulce pero algo gruesa y con alguna crudeza por el poco viaje que hace desde su nacimiento, que estar\u00e1 unas 40 varas. Cr\u00eda alguna piedra y a los no hechos a su pasto produce algunos dolores con fluxi\u00f3n en el vientre.<\/p>\n\n\n\n<p>Otra hay a la salida del pueblo para el partido de Huertas que llaman del Jard\u00edn y Alcar\u00eda [Alquer\u00eda] y llaman la fuente del Algarrobo y aunque hoy est\u00e1 viciada por la introducci\u00f3n de ra\u00edces de higueras y otros \u00e1rboles en sus conductos, es de efectos admirables porque abre el apetito al desganado, destruye las crudezas y rebalsas del est\u00f3mago, bien que hoy no est\u00e1 usada por la introducci\u00f3n dicha de las ra\u00edces.<\/p>\n\n\n\n<p>Otra que llaman del Mimbr\u00f3n, que es una poza en la cerca de un olivar de la Ermita de la Pe\u00f1a, que es de gusto algo agria y bebida a pasto destruye cuanto el natural calor no hace cuando por lo craso y exceso de alimento, sofoca los \u00e1cidos al completar su oficio.<\/p>\n\n\n\n<figure class=\"wp-block-image size-large\"><img decoding=\"async\" src=\"https:\/\/www.mijas.es\/wp-content\/uploads\/2012\/05\/fuenteavenidadelCompas.jpg\" alt=\"Antigua fuente en la confluencia de la avenida del Compas y calle de los Ca\u00f1os\"\/><figcaption class=\"wp-element-caption\">Antigua fuente en la confluencia de la avenida del Compas y calle de los Ca\u00f1os<\/figcaption><\/figure>\n\n\n\n<p>Otra fuente que llaman de la Seda que est\u00e1 a la salida del pueblo camino de La Loma y playa, distante un tiro de escopeta de la poblaci\u00f3n, que es de suave y dulce paladar de gran delgadez y templada en todo tiempo, es de menos peso que las dem\u00e1s aguas y de pronto efecto de la digesti\u00f3n.<\/p>\n\n\n\n<p>Otros nacimientos hay en el partido de huertas de Osunilla, las que son delgadas y gustosas y de pronto y admirables efectos para suspender los flatos y detener obstrucciones, y de ellos han usado muchos sujetos de M\u00e1laga a pasto, con conocida mejor\u00eda de sus enfermedades de que han adolecido.\u201d<\/p>\n\n\n\n<figure class=\"wp-block-image size-large\"><img decoding=\"async\" src=\"https:\/\/www.mijas.es\/wp-content\/uploads\/2012\/05\/FuenteSanta.jpg\" alt=\"Fuente Santa\"\/><figcaption class=\"wp-element-caption\">Fuente Santa<\/figcaption><\/figure>\n\n\n\n<p>Pero adem\u00e1s tambi\u00e9n se refer\u00eda a otros nacimientos de aguas en la Sierra Bermeja o Alpujata, aunque de otra naturaleza bien distinta que los anteriores, pues en este caso se trataba de aguas termales, manantiales que en alguno de los casos a\u00fan podemos observar, aunque otros han desaparecido a causa de la actividad minera de la zona. Esto dec\u00eda Francisco de la Torre:<\/p>\n\n\n\n<p>\u201cHay en el partido que llaman de los R\u00edos un pago de huertas, en jurisdicci\u00f3n de \u00e9sta a dos leguas de distancia de ella un nacimiento de aguas gerrumbrosas que tomadas en ba\u00f1os y bebidas (que son delgadas pero de paladar humoso y agrio) sanan toda enfermedad cut\u00e1nea.<\/p>\n\n\n\n<p>Hay tambi\u00e9n en Sierra Bermeja distante dos leguas al poniente de este pueblo y de sus desmer\u00edas, otros dos nacimientos, uno que llaman el Arroyo de los Toros y all\u00ed inmediato en el Arroyo de los Laureles, que son de aguas agrias y termales, gruesas al paladar y en sus brotes salen te\u00f1idos de blanco como agua de cal, que ba\u00f1ados los pacientes de humores cut\u00e1neos, calor de h\u00edgado y g\u00e1lico y a\u00fan de otras enfermedades de esta naturaleza consiguen con su continuaci\u00f3n, su primitiva salud.\u201d<\/p>\n\n\n\n<p>Son muchos m\u00e1s los existentes, algunos de ellos poco conocidos como es el caso de la Fuente Santa, en la zona de los Ba\u00f1os del Puerto, junto al arroyo de las Piedras.<\/p>\n","protected":false},"excerpt":{"rendered":"<p>Una vez que el agua de la lluvia penetra en la Sierra de Mijas pasa a formar parte del circuito subterr\u00e1neo formado por los acu\u00edferos. Tras su recorrido bajo tierra el agua aflora al exterior por las fuentes y manantiales. En nuestro caso podemos decir que la villa de Mijas existe gracias al agua al [&hellip;]<\/p>\n","protected":false},"author":1,"featured_media":14654,"parent":172,"menu_order":0,"comment_status":"closed","ping_status":"open","template":"page-departamental.php","meta":[],"_links":{"self":[{"href":"https:\/\/www.mijas.es\/portal\/wp-json\/wp\/v2\/pages\/176"}],"collection":[{"href":"https:\/\/www.mijas.es\/portal\/wp-json\/wp\/v2\/pages"}],"about":[{"href":"https:\/\/www.mijas.es\/portal\/wp-json\/wp\/v2\/types\/page"}],"author":[{"embeddable":true,"href":"https:\/\/www.mijas.es\/portal\/wp-json\/wp\/v2\/users\/1"}],"replies":[{"embeddable":true,"href":"https:\/\/www.mijas.es\/portal\/wp-json\/wp\/v2\/comments?post=176"}],"version-history":[{"count":4,"href":"https:\/\/www.mijas.es\/portal\/wp-json\/wp\/v2\/pages\/176\/revisions"}],"predecessor-version":[{"id":50234,"href":"https:\/\/www.mijas.es\/portal\/wp-json\/wp\/v2\/pages\/176\/revisions\/50234"}],"up":[{"embeddable":true,"href":"https:\/\/www.mijas.es\/portal\/wp-json\/wp\/v2\/pages\/172"}],"wp:featuredmedia":[{"embeddable":true,"href":"https:\/\/www.mijas.es\/portal\/wp-json\/wp\/v2\/media\/14654"}],"wp:attachment":[{"href":"https:\/\/www.mijas.es\/portal\/wp-json\/wp\/v2\/media?parent=176"}],"curies":[{"name":"wp","href":"https:\/\/api.w.org\/{rel}","templated":true}]}}