{"id":175,"date":"2013-05-03T08:53:59","date_gmt":"2013-05-03T08:53:59","guid":{"rendered":"http:\/\/localhost\/pruebaweb\/?p=175"},"modified":"2019-04-09T10:04:53","modified_gmt":"2019-04-09T10:04:53","slug":"cuevas","status":"publish","type":"page","link":"https:\/\/www.mijas.es\/portal\/patrimonio-historico\/cuevas\/","title":{"rendered":"Cuevas"},"content":{"rendered":"\n<p>El agua de lluvia al caer a la tierra y cargarse del anh\u00eddrido carb\u00f3nico de las plantas de la superficie, act\u00faa sobre los m\u00e1rmoles y otras rocas carbonatadas disolvi\u00e9ndolas y al penetrar en el interior del macizo rocoso forma las cuevas.<\/p>\n\n\n\n<p>En el caso de Mijas, la estructura geol\u00f3gica de los m\u00e1rmoles de nuestra sierra no es la m\u00e1s apropiada para la formaci\u00f3n de cuevas, por lo que no existen (o no se han localizado) cavernamientos de importancia, a pesar de que las grandes cantidades de travertino existentes entre Osunilla y Mijas son resultado de la \u201cexcavaci\u00f3n\u201d que el agua a producido en el interior de la sierra. No obstante, si existen numerosas cuevas, abrigos y simas de peque\u00f1o desarrollo (estas \u00faltimas son cavidades de desarrollo vertical que generalmente se forman en las zonas cercanas a la entrada del agua en la sierra).<\/p>\n\n\n\n<p>Al igual que ocurre con la formaci\u00f3n de los travertinos en el exterior de la sierra como consecuencia de la precipitaci\u00f3n del carbonato c\u00e1lcico, el mismo agua que erosiona y produce las cavidades que forman las cuevas, una vez que las ha producido vuelve a cerrarlas poco a poco con formaciones carbonatadas como las estalactitas, estalagmitas, columnas, coladas, goures y una larga lista de formaciones conocidas como espeleotemas, que en ocasiones adquieren una gran espectacularidad como las que podemos ver en nuestra provincia en cuevas como la de Nerja.<\/p>\n\n\n\n<p>Las cuevas fueron uno de los primeros lugares utilizados por los seres humanos como lugares de h\u00e1bitat y refugio y adem\u00e1s fueron lugares de manifestaci\u00f3n de sus expresiones art\u00edsticas y\/o espirituales a trav\u00e9s de lo que conocemos como \u201carte rupestre\u201d. No se han localizado en nuestro t\u00e9rmino municipal muestras de ese arte rupestre, aunque si existen ejemplos en la Sierra de Mijas como es el caso de la Cueva del Toro en nuestro municipio vecino de Benalm\u00e1dena, que por desgracia ha sido objeto de un atentado por parte de v\u00e1ndalos grafiteros. Es por ello que las cuevas, adem\u00e1s de su valor como Patrimonio Geol\u00f3gico, son parte fundamental de nuestro patrimonio hist\u00f3rico y es necesaria su protecci\u00f3n.<\/p>\n\n\n\n<p>En nuestro t\u00e9rmino municipal, seg\u00fan el \u201cCat\u00e1logo de Cavidades de la Sierra de Mijas\u201d publicado por la Sociedad Espeleo-Excursionista Mainake y el Ayuntamiento de Mijas, existen las siguientes cavidades: cuevas de La Molinilla y Medialuna, abrigos de La Ermita y del Pobre, simas de Los Arenales, de La Molinilla, Raja Mont\u00e9s y Perd\u00eda, y una formaci\u00f3n en la que se mezclan la cueva y la actividad extractiva humana: la cueva\/mina de La Muralla, explotada para la extracci\u00f3n de \u201cfalsa \u00e1gata\u201d desde \u00e9poca medieval hasta mediados del pasado siglo XX.<\/p>\n\n\n\n<p>Estas formaciones se encuentran situadas en los m\u00e1rmoles y travertinos de la Sierra de Mijas y no existen en la Sierra Alpujata al no estar formada por rocas carbonatadas, sino por peridotitas que no se disuelven por la acci\u00f3n del agua. A pesar de ello, a los pies de esa \u00faltima sierra existen algunos abrigos entre los que destaca el conocido como \u201cCueva de la Caparrosa\u201d, la cual est\u00e1 vinculada a una explotaci\u00f3n minera documentada desde finales del siglo XVII. Hay que se\u00f1alar que el nombre de \u201ccaparrosa\u201d es el nombre de varios sulfatos de cobre, hierro o cinc.<\/p>\n","protected":false},"excerpt":{"rendered":"<p>El agua de lluvia al caer a la tierra y cargarse del anh\u00eddrido carb\u00f3nico de las plantas de la superficie, act\u00faa sobre los m\u00e1rmoles y otras rocas carbonatadas disolvi\u00e9ndolas y al penetrar en el interior del macizo rocoso forma las cuevas. En el caso de Mijas, la estructura geol\u00f3gica de los m\u00e1rmoles de nuestra sierra [&hellip;]<\/p>\n","protected":false},"author":1,"featured_media":14654,"parent":172,"menu_order":0,"comment_status":"closed","ping_status":"open","template":"page-departamental.php","meta":[],"_links":{"self":[{"href":"https:\/\/www.mijas.es\/portal\/wp-json\/wp\/v2\/pages\/175"}],"collection":[{"href":"https:\/\/www.mijas.es\/portal\/wp-json\/wp\/v2\/pages"}],"about":[{"href":"https:\/\/www.mijas.es\/portal\/wp-json\/wp\/v2\/types\/page"}],"author":[{"embeddable":true,"href":"https:\/\/www.mijas.es\/portal\/wp-json\/wp\/v2\/users\/1"}],"replies":[{"embeddable":true,"href":"https:\/\/www.mijas.es\/portal\/wp-json\/wp\/v2\/comments?post=175"}],"version-history":[{"count":1,"href":"https:\/\/www.mijas.es\/portal\/wp-json\/wp\/v2\/pages\/175\/revisions"}],"predecessor-version":[{"id":10497,"href":"https:\/\/www.mijas.es\/portal\/wp-json\/wp\/v2\/pages\/175\/revisions\/10497"}],"up":[{"embeddable":true,"href":"https:\/\/www.mijas.es\/portal\/wp-json\/wp\/v2\/pages\/172"}],"wp:featuredmedia":[{"embeddable":true,"href":"https:\/\/www.mijas.es\/portal\/wp-json\/wp\/v2\/media\/14654"}],"wp:attachment":[{"href":"https:\/\/www.mijas.es\/portal\/wp-json\/wp\/v2\/media?parent=175"}],"curies":[{"name":"wp","href":"https:\/\/api.w.org\/{rel}","templated":true}]}}