{"id":174,"date":"2013-05-03T08:53:20","date_gmt":"2013-05-03T08:53:20","guid":{"rendered":"http:\/\/localhost\/pruebaweb\/?p=174"},"modified":"2019-04-09T10:04:23","modified_gmt":"2019-04-09T10:04:23","slug":"patrimonio-geologico","status":"publish","type":"page","link":"https:\/\/www.mijas.es\/portal\/patrimonio-historico\/patrimonio-geologico\/","title":{"rendered":"Patrimonio Geol\u00f3gico"},"content":{"rendered":"\n<p>El Patrimonio Geol\u00f3gico est\u00e1 formado por aquellos lugares cuyo valor geol\u00f3gico les hace destacar del entorno circundante, por su inter\u00e9s cient\u00edfico y\/o educativo y adem\u00e1s, en los tipos que repasaremos, por su vinculaci\u00f3n con las actividades y la historia del ser humano.<\/p>\n\n\n\n<p>La riqueza geol\u00f3gica de Mijas ha estado hist\u00f3ricamente ligada a la explotaci\u00f3n de numerosos minerales y a la riqueza de sus acu\u00edferos. Minerales como la plata, el hierro, el amianto, el plomo, el talco, el cobre, etc. y rocas como la peridotita, el m\u00e1rmol, la falsa \u00e1gata y la serpentina, se explotaron de forma habitual desde \u00e9poca antigua hasta mediados del pasado siglo XX, generalmente en peque\u00f1as explotaciones que alcanzaron casi la centena y que tuvieron nombres como Pepe (en La Muralla), La Rescatada, La Salvaora, La Volc\u00e1nica, Buenaventura, El Descuido, De Guillot, La Caparrosa, La Pr\u00f3diga, etc.<\/p>\n\n\n\n<p>Pero son las formaciones geol\u00f3gicas creadas por el agua las que conforman el principal patrimonio geol\u00f3gico mije\u00f1o, en concreto las cuevas y los travertinos, ambas consecuencia de la acci\u00f3n del agua sobre los m\u00e1rmoles (rocas carbonatadas) de la Sierra de Mijas y una de ellas consecuencia de la otra. El agua de lluvia al caer a la tierra y cargarse del anh\u00eddrido carb\u00f3nico de las plantas de la superficie, act\u00faa sobre los m\u00e1rmoles y otras rocas carbonatadas disolvi\u00e9ndolas y al penetrar en el interior del macizo rocoso forma cuevas y se carga del material que ha disuelto, la calcita (carbonato c\u00e1lcico); al alcanzar en su viaje una capa de rocas impermeables busca una salida al exterior por las fuentes y manantiales y en ese momento expulsa el carbonato c\u00e1lcico que transporta (proceso que se denomina \u201cprecipitar\u201d) formando los travertinos. Se puede decir que los travertinos son las escombreras de los materiales que el agua ha arrastrado al formar las cuevas.<\/p>\n","protected":false},"excerpt":{"rendered":"<p>El Patrimonio Geol\u00f3gico est\u00e1 formado por aquellos lugares cuyo valor geol\u00f3gico les hace destacar del entorno circundante, por su inter\u00e9s cient\u00edfico y\/o educativo y adem\u00e1s, en los tipos que repasaremos, por su vinculaci\u00f3n con las actividades y la historia del ser humano. La riqueza geol\u00f3gica de Mijas ha estado hist\u00f3ricamente ligada a la explotaci\u00f3n de [&hellip;]<\/p>\n","protected":false},"author":1,"featured_media":14654,"parent":172,"menu_order":0,"comment_status":"closed","ping_status":"open","template":"page-departamental.php","meta":[],"_links":{"self":[{"href":"https:\/\/www.mijas.es\/portal\/wp-json\/wp\/v2\/pages\/174"}],"collection":[{"href":"https:\/\/www.mijas.es\/portal\/wp-json\/wp\/v2\/pages"}],"about":[{"href":"https:\/\/www.mijas.es\/portal\/wp-json\/wp\/v2\/types\/page"}],"author":[{"embeddable":true,"href":"https:\/\/www.mijas.es\/portal\/wp-json\/wp\/v2\/users\/1"}],"replies":[{"embeddable":true,"href":"https:\/\/www.mijas.es\/portal\/wp-json\/wp\/v2\/comments?post=174"}],"version-history":[{"count":2,"href":"https:\/\/www.mijas.es\/portal\/wp-json\/wp\/v2\/pages\/174\/revisions"}],"predecessor-version":[{"id":12100,"href":"https:\/\/www.mijas.es\/portal\/wp-json\/wp\/v2\/pages\/174\/revisions\/12100"}],"up":[{"embeddable":true,"href":"https:\/\/www.mijas.es\/portal\/wp-json\/wp\/v2\/pages\/172"}],"wp:featuredmedia":[{"embeddable":true,"href":"https:\/\/www.mijas.es\/portal\/wp-json\/wp\/v2\/media\/14654"}],"wp:attachment":[{"href":"https:\/\/www.mijas.es\/portal\/wp-json\/wp\/v2\/media?parent=174"}],"curies":[{"name":"wp","href":"https:\/\/api.w.org\/{rel}","templated":true}]}}